{"id":2426,"date":"2021-02-25T19:34:24","date_gmt":"2021-02-25T17:34:24","guid":{"rendered":"https:\/\/sachviet.eu\/shop\/dung-treu-bo-cau\/"},"modified":"2025-03-19T16:03:51","modified_gmt":"2025-03-19T14:03:51","slug":"dung-treu-bo-cau","status":"publish","type":"product","link":"https:\/\/sachviet.eu\/en\/shop\/dung-treu-bo-cau\/","title":{"rendered":"\u0110\u1eebng Tr\u00eau B\u1ed3 C\u00e2u"},"content":{"rendered":"<p>\u0110\u1eeaNG TR\u00caU B\u1ed2 C\u00c2U &#8220;\u0110\u1eebng tr\u00eau b\u1ed3 c\u00e2u&#8221;, m\u1ed9t c\u00e2u chuy\u1ec7n r\u1ea5t d\u1ec5 th\u01b0\u01a1ng m\u00e0 em b\u00e9 n\u00e0o c\u0169ng s\u1ebd th\u1ea5y h\u00ecnh \u1ea3nh c\u1ee7a m\u00ecnh trong \u0111\u00f3, c\u00e1c b\u00e9 kh\u00f4ng ch\u1ec9 gi\u1edf t\u1eebng trang s\u00e1ch \u0111\u1ec3 \u0111\u1ecdc m\u00e0 c\u00f2n \u0111\u01b0\u1ee3c g\u00f5, ch\u1ea1m, th\u1eadm ch\u00ed h\u00e9t to \u0111\u1ec3 \u0111\u00f3n nh\u1eadn ph\u1ea3n \u1ee9ng c\u1ee7a nh\u00e2n v\u1eadt trong c\u00e2u chuy\u1ec7n m\u00e0 kh\u00f4ng kh\u1ecfi ng\u1ea1c nhi\u00ean v\u00e0 th\u00edch th\u00fa. Quy\u1ec3n s\u00e1ch \u0111\u01b0\u1ee3c vi\u1ebft b\u1edfi t\u00e1c gi\u1ea3 tr\u1ebb nh\u01b0ng \u0111\u1ea7y t\u00e0i n\u0103ng &#8211; Linh L\u01b0\u01a1ng &#8211; m\u1ed9t ch\u00e0ng trai c\u1ee7a nh\u00f3m Sunbox v\u1eeba \u0111\u01b0\u1ee3c nh\u1eadn gi\u1ea3i th\u01b0\u1edfng &#8221; We choice award 2017&#8243;, ng\u01b0\u1eddi \u0111i &#8220;Gom g\u00f3p nh\u1eefng m\u1ea3nh ni\u1ec1m vui nh\u1ecf th\u00e0nh m\u1ed9t ni\u1ec1m h\u1ea1nh ph\u00fac l\u1edbn&#8221; th\u00f4ng qua r\u1ea5t nhi\u1ec1u d\u1ef1 \u00e1n c\u1ed9ng \u0111\u1ed3ng \u0111\u1ea7y \u00fd ngh\u0129a.S\u00e1ch 52 trang, k\u00edch th\u01b0\u1edbc 220x240mm.<br \/>\nGi\u1ea5y in \u0111\u1eb9p, c\u00f3 tay g\u1ea5p xinh x\u1eafn S\u00e1ch ph\u00f9 h\u1ee3p cho b\u1ea1n nh\u1ecf t\u1eeb 3 tu\u1ed5i tr\u1edf l\u00ean<\/p>\n  <div class=\"banner-grid-wrapper\">\n  <div id=\"banner-grid-67390614\" class=\"banner-grid row row-grid row-small\" data-packery-options=\"\">\n                      \n<div class=\"col grid-col large-5 grid-col-1\" ><div class=\"col-inner\">\n\t<div class=\"img has-hover x md-x lg-x y md-y lg-y\" id=\"image_1060314314\">\n\t\t\t\t\t\t\t\t<div class=\"img-inner dark\" >\n\t\t\t<img loading=\"lazy\" decoding=\"async\" width=\"600\" height=\"600\" src=\"https:\/\/sachviet.eu\/wp-content\/uploads\/2021\/02\/dung_treu_bo_cau_600x600.png\" class=\"attachment-large size-large\" alt=\"\" srcset=\"https:\/\/sachviet.eu\/wp-content\/uploads\/2021\/02\/dung_treu_bo_cau_600x600.png 600w, https:\/\/sachviet.eu\/wp-content\/uploads\/2021\/02\/dung_treu_bo_cau_600x600-300x300.png 300w, https:\/\/sachviet.eu\/wp-content\/uploads\/2021\/02\/dung_treu_bo_cau_600x600-150x150.png 150w, https:\/\/sachviet.eu\/wp-content\/uploads\/2021\/02\/dung_treu_bo_cau_600x600-100x100.png 100w\" sizes=\"auto, (max-width: 600px) 100vw, 600px\" \/>\t\t\t\t\t\t\n\t\t\t\t\t<\/div>\n\t\t\t\t\t\t\t\t\n<style>\n#image_1060314314 {\n  width: 100%;\n}\n<\/style>\n\t<\/div>\n\t\n<\/div><\/div>\n<div class=\"col grid-col large-7 grid-col-1\" ><div class=\"col-inner\">\n\t<div class=\"img has-hover x md-x lg-x y md-y lg-y\" id=\"image_1347238619\">\n\t\t\t\t\t\t\t\t<div class=\"img-inner dark\" >\n\t\t\t<img loading=\"lazy\" decoding=\"async\" width=\"398\" height=\"398\" src=\"https:\/\/sachviet.eu\/wp-content\/uploads\/2021\/02\/dung_treu_bo_cau_trong_398x398.png\" class=\"attachment-large size-large\" alt=\"\" srcset=\"https:\/\/sachviet.eu\/wp-content\/uploads\/2021\/02\/dung_treu_bo_cau_trong_398x398.png 398w, https:\/\/sachviet.eu\/wp-content\/uploads\/2021\/02\/dung_treu_bo_cau_trong_398x398-300x300.png 300w, https:\/\/sachviet.eu\/wp-content\/uploads\/2021\/02\/dung_treu_bo_cau_trong_398x398-150x150.png 150w, https:\/\/sachviet.eu\/wp-content\/uploads\/2021\/02\/dung_treu_bo_cau_trong_398x398-100x100.png 100w\" sizes=\"auto, (max-width: 398px) 100vw, 398px\" \/>\t\t\t\t\t\t\n\t\t\t\t\t<\/div>\n\t\t\t\t\t\t\t\t\n<style>\n#image_1347238619 {\n  width: 100%;\n}\n<\/style>\n\t<\/div>\n\t\n<\/div><\/div>\n            <\/div>\n    <style>\n    #banner-grid-67390614 .grid-col-1{height: 600px}\n    #banner-grid-67390614 .grid-col-1-2{height: 300px}\n    #banner-grid-67390614 .grid-col-1-3{height:200px}\n    #banner-grid-67390614 .grid-col-2-3{height: 400px}\n    #banner-grid-67390614 .grid-col-1-4{height: 150px}\n    #banner-grid-67390614 .grid-col-3-4{height: 450px}\n\n\n    \n    \n\n  <\/style>\n    <\/div>\n  \n","protected":false},"excerpt":{"rendered":"<p>\u0110\u1eeaNG TR\u00caU B\u1ed2 C\u00c2U\u00a0&#8220;\u0110\u1eebng tr\u00eau b\u1ed3 c\u00e2u&#8221;, m\u1ed9t c\u00e2u chuy\u1ec7n r\u1ea5t d\u1ec5 th\u01b0\u01a1ng m\u00e0 em b\u00e9 n\u00e0o c\u0169ng s\u1ebd th\u1ea5y h\u00ecnh \u1ea3nh c\u1ee7a m\u00ecnh trong \u0111\u00f3, c\u00e1c b\u00e9 kh\u00f4ng ch\u1ec9 gi\u1edf t\u1eebng trang s\u00e1ch \u0111\u1ec3 \u0111\u1ecdc m\u00e0 c\u00f2n \u0111\u01b0\u1ee3c g\u00f5, ch\u1ea1m, th\u1eadm ch\u00ed h\u00e9t to \u0111\u1ec3 \u0111\u00f3n nh\u1eadn ph\u1ea3n \u1ee9ng c\u1ee7a nh\u00e2n v\u1eadt trong c\u00e2u chuy\u1ec7n m\u00e0 kh\u00f4ng kh\u1ecfi ng\u1ea1c nhi\u00ean v\u00e0 th\u00edch th\u00fa.\u00a0Quy\u1ec3n s\u00e1ch \u0111\u01b0\u1ee3c vi\u1ebft b\u1edfi t\u00e1c gi\u1ea3 tr\u1ebb nh\u01b0ng \u0111\u1ea7y t\u00e0i n\u0103ng &#8211; Linh L\u01b0\u01a1ng &#8211; m\u1ed9t ch\u00e0ng trai c\u1ee7a nh\u00f3m Sunbox v\u1eeba \u0111\u01b0\u1ee3c nh\u1eadn gi\u1ea3i th\u01b0\u1edfng &#8221; We choice award 2017&#8243;, ng\u01b0\u1eddi \u0111i &#8220;Gom g\u00f3p nh\u1eefng m\u1ea3nh ni\u1ec1m vui nh\u1ecf th\u00e0nh m\u1ed9t ni\u1ec1m h\u1ea1nh ph\u00fac l\u1edbn&#8221; th\u00f4ng qua r\u1ea5t nhi\u1ec1u d\u1ef1 \u00e1n c\u1ed9ng \u0111\u1ed3ng \u0111\u1ea7y \u00fd ngh\u0129a.<\/p>\n","protected":false},"featured_media":2423,"template":"","meta":{"_acf_changed":false},"product_brand":[],"product_cat":[25,17,26],"product_tag":[],"class_list":{"0":"post-2426","1":"product","2":"type-product","3":"status-publish","4":"has-post-thumbnail","6":"product_cat-nhi-dong-6-tuoi-12-tuoi","7":"product_cat-sach-danh-cho-cac-be","8":"product_cat-thieu-nien-11-tuoi-18-tuoi","10":"first","11":"instock","12":"taxable","13":"shipping-taxable","14":"purchasable","15":"product-type-simple"},"supplier_id":null,"supplier_sku":"","barcode":null,"atum_controlled":true,"out_stock_date":null,"out_stock_threshold":null,"inheritable":false,"inbound_stock":0,"stock_on_hold":0,"sold_today":0,"sales_last_days":0,"reserved_stock":0,"customer_returns":0,"warehouse_damage":0,"lost_in_post":0,"other_logs":0,"out_stock_days":0,"lost_sales":0,"has_location":false,"update_date":"2026-01-28T23:11:27","atum_locations":[],"atum_stock_status":"instock","restock_status":false,"low_stock_amount":"","sales_update_date":"2026-01-28T23:11:27","calc_backorders":null,"acf":{"publisher":{"ID":1458,"post_author":"1","post_date":"2021-02-17 01:12:22","post_date_gmt":"2021-02-16 23:12:22","post_content":"<!-- wp:flatsome\/uxbuilder -->\n<h1 style=\"text-align: center\"><strong>Crabit Kidbooks<\/strong><\/h1>\n[row]\n\n[col span=\"8\" span__sm=\"12\"]\n\n<p>Crabit Kidbooks l\u00e0 nh\u00e0 ph\u00e1t h\u00e0nh s\u00e1ch thi\u1ebfu nhi thu\u1ed9c C\u00f4ng ty CPTM &amp; XNK Ng\u1ecdc \u00c1nh \u2013 \u0111\u01a1n v\u1ecb h\u01a1n 20 n\u0103m kinh nghi\u1ec7m trong ng\u00e0nh in \u1ea5n v\u00e0 l\u00e0 \u0111\u1ed1i t\u00e1c uy t\u00edn cung c\u1ea5p h\u1ecdc li\u1ec7u, s\u00e1ch v\u1edf h\u1ecdc sinh cho h\u01a1n 5000 kh\u00e1ch h\u00e0ng kh\u1eafp 28 t\u1ec9nh th\u00e0nh ph\u00eda B\u1eafc Vi\u1ec7t Nam H\u1ec7 th\u1ed1ng s\u1ea3n ph\u1ea9m Crabit Kidbooks<\/p>\n<p>Theo s\u1ef1 t\u00ecm hi\u1ec3u c\u1ee7a <strong>SACHVIET.EU<\/strong><strong>\u00a0<\/strong>tuy Crabit Kidbooks l\u00e0 m\u1ed9t nh\u00e0 ph\u00e1t h\u00e0nh tr\u1ebb t\u1ea1i Vi\u1ec7t Nam nh\u01b0ng l\u1ea1i mang \u0111\u1ebfn s\u1ef1 ch\u1ec9n chu qua t\u1eebng trang s\u00e1ch, t\u1eeb ch\u1ea5t li\u1ec7u gi\u1ea5y cao c\u1ea5p, b\u00eca c\u1ee9ng gi\u1eef g\u00ecn s\u00e1ch \u0111\u01b0\u1ee3c b\u1ec1n l\u00e2u \u0111\u1ebfn l\u1eddi v\u0103n c\u00e2u ch\u1eef \u0111\u01b0\u1ee3c ch\u1ecdn l\u1ecdc ch\u1ec9nh s\u1eeda sao cho ti\u1ebfp c\u1eadn th\u00e2n thi\u1ec7n nh\u1ea5t v\u1edbi tr\u1ebb em. <strong>SACHVIET.EU<\/strong> th\u1ef1c s\u1ef1 \u1ea5n t\u01b0\u1ee3ng b\u1edfi t\u1ea7m nh\u00ecn v\u00e0 s\u1ef1 c\u1ed1 g\u1eafng ho\u00e0n thi\u1ec7n nh\u1eefng t\u00e1c ph\u1ea9m c\u00f3 gi\u00e1 tr\u1ecb tuy\u1ec7t v\u1eddi m\u00e0 Crabit Kidbooks mang l\u1ea1i. \u0110\u00e2y c\u0169ng l\u00e0 nh\u00e0 ph\u00e1t h\u00e0nh duy nh\u1ea5t t\u1edbi th\u1eddi \u0111i\u1ec3m n\u00e0y m\u00e0 <strong>SACHVIET.EU<\/strong> quy\u1ebft t\u00e2m h\u1ee3p t\u00e1c mang h\u1ebft t\u1ea5t c\u1ea3 c\u00e1c \u0111\u1ea7u s\u00e1ch m\u00e0 Crabit Kidbooks c\u00f3 \u0111\u1ec3 \u0111em \u0111\u1ebfn Ch\u00e2u \u00c2u ph\u1ee5c v\u1ee5 m\u1ecdi ng\u01b0\u1eddi. \u0110\u00e2y th\u1ef1c s\u1ef1 l\u00e0 m\u1ed9t s\u1ef1 li\u1ec1u l\u0129nh c\u1ee7a <strong>SACHVIET.EU<\/strong>, tuy nhi\u00ean ch\u00fang m\u00ecnh tin t\u01b0\u1edfng v\u00e0 t\u1ef1 tin r\u1eb1ng t\u1eebng cu\u1ed1n s\u00e1ch m\u00e0 ch\u00fang m\u00ecnh gi\u1edbi thi\u1ec7u x\u1ee9ng \u0111\u00e1ng v\u1edbi nh\u1eefng g\u00ec ch\u00fang m\u00ecnh theo \u0111u\u1ed5i.<\/p>\n\n[\/col]\n[col span=\"4\" span__sm=\"12\"]\n\n[ux_image id=\"1701\" image_size=\"medium\"]\n\n\n[\/col]\n\n[\/row]\n\n<!-- \/wp:flatsome\/uxbuilder -->","post_title":"Crabit Kidbooks","post_excerpt":"","post_status":"publish","comment_status":"closed","ping_status":"closed","post_password":"","post_name":"crabit-kidbooks","to_ping":"","pinged":"","post_modified":"2022-12-19 23:12:10","post_modified_gmt":"2022-12-19 21:12:10","post_content_filtered":"","post_parent":0,"guid":"https:\/\/sachviet.eu\/nha-phat-hanh\/crabitkidbooks\/","menu_order":0,"post_type":"publisher","post_mime_type":"","comment_count":"0","filter":"raw"}},"_links":{"self":[{"href":"https:\/\/sachviet.eu\/en\/wp-json\/wp\/v2\/product\/2426","targetHints":{"allow":["GET"]}}],"collection":[{"href":"https:\/\/sachviet.eu\/en\/wp-json\/wp\/v2\/product"}],"about":[{"href":"https:\/\/sachviet.eu\/en\/wp-json\/wp\/v2\/types\/product"}],"wp:featuredmedia":[{"embeddable":true,"href":"https:\/\/sachviet.eu\/en\/wp-json\/wp\/v2\/media\/2423"}],"wp:attachment":[{"href":"https:\/\/sachviet.eu\/en\/wp-json\/wp\/v2\/media?parent=2426"}],"wp:term":[{"taxonomy":"product_brand","embeddable":true,"href":"https:\/\/sachviet.eu\/en\/wp-json\/wp\/v2\/product_brand?post=2426"},{"taxonomy":"product_cat","embeddable":true,"href":"https:\/\/sachviet.eu\/en\/wp-json\/wp\/v2\/product_cat?post=2426"},{"taxonomy":"product_tag","embeddable":true,"href":"https:\/\/sachviet.eu\/en\/wp-json\/wp\/v2\/product_tag?post=2426"}],"curies":[{"name":"wp","href":"https:\/\/api.w.org\/{rel}","templated":true}]}}