{"id":24254,"date":"2023-08-26T18:17:29","date_gmt":"2023-08-26T15:17:29","guid":{"rendered":"https:\/\/sachviet.eu\/shop\/bo-sach-chang-co-gi-dang-so\/"},"modified":"2023-09-13T22:02:28","modified_gmt":"2023-09-13T19:02:28","slug":"bo-sach-chang-co-gi-dang-so","status":"publish","type":"product","link":"https:\/\/sachviet.eu\/en\/shop\/bo-sach-chang-co-gi-dang-so\/","title":{"rendered":"B\u1ed9 S\u00e1ch Ch\u1eb3ng C\u00f3 G\u00ec \u0110\u00e1ng S\u1ee3"},"content":{"rendered":"<p>TR\u1eccN B\u1ed8 6 CU\u1ed0N:<\/p>\n<p>Cu\u1ed1n Ch\u1ec9 l\u00e0 chu\u1ed9t nh\u1ecf th\u00f4i m\u00e0!: Cu\u1ed1n s\u00e1ch k\u1ec3 v\u1ec1 c\u00e2u chuy\u1ec7n c\u1ee7a voi b\u1ed1 to l\u1edbn, m\u1ea1nh m\u1ebd nh\u01b0 m\u1ed9t chi\u1ebfc m\u00e1y k\u00e9o. Voi con c\u00f3 h\u00f9 do\u1ea1 th\u1ebf n\u00e0o b\u1ed1 c\u0169ng kh\u00f4ng bao gi\u1edd s\u1ee3. V\u1eady m\u00e0 m\u1ed9t chi\u1ec1u n\u1ecd, khi con chu\u1ed9t nh\u1ecf \u0111\u1ebfn c\u01b0\u1edbp ph\u00f4 mai c\u1ee7a gia \u0111\u00ecnh, voi b\u1ed1 run c\u1ea7m c\u1eadp, kh\u00f4ng bi\u1ebft ph\u1ea3i l\u00e0m g\u00ec. May m\u00e0 c\u00f3 voi m\u1eb9 v\u1ec1 gi\u1ea3i c\u1ee9u k\u1ecbp th\u1eddi.<br \/>\nCu\u1ed1n Chu\u1ed9t nh\u1ecf t\u00f3m g\u1ecdn m\u00e8o m\u1eadp: Cu\u1ed1n s\u00e1ch k\u1ec3 v\u1ec1 c\u00e2u chuy\u1ec7n c\u1ee7a chu\u1ed9t Ch\u00edp nh\u00fat nh\u00e1t, s\u1ee3 h\u00e3i, ch\u1eb3ng bao gi\u1edd d\u00e1m \u0111i \u0111\u00e2u. \u1ea4y th\u1ebf m\u00e0, m\u1ed9t ng\u00e0y n\u1ecd ch\u1ecb g\u00e1i r\u1ee7 Ch\u00edp v\u00e0o b\u1ebfp l\u1ea5y tr\u1ed9m b\u00e1nh s\u00f4-c\u00f4-la. B\u1eb1ng m\u1ed9t c\u00e1ch th\u00f4ng minh, ch\u1ecb em Ch\u00edp kh\u00f4ng ch\u1ec9 v\u01b0\u1ee3t qua qu\u00e3ng \u0111\u01b0\u1eddng \u0111\u1ea7y nguy hi\u1ec3m t\u1eeb nh\u00e0 ra b\u1ebfp m\u00e0 c\u00f2n b\u1eaft \u0111\u01b0\u1ee3c c\u1ea3 l\u00e3o m\u00e8o cam m\u1eadp \u00fa, \u0111\u00e1ng s\u1ee3.<br \/>\nCu\u1ed1n G\u00e3 kh\u1ed5ng l\u1ed3 l\u00f4ng l\u00e1 nh\u00fat nh\u00e1t: Cu\u1ed1n s\u00e1ch k\u1ec3 v\u1ec1 c\u00e2u chuy\u1ec7n c\u1ee7a b\u00e9 th\u1ecf quy\u1ebft t\u00e2m v\u00e0o r\u1eebng \u0111\u1ec3 t\u00ecm g\u00e3 qu\u00e1i v\u1eadt kh\u1ed5ng l\u1ed3 l\u00f4ng l\u00e1. Nh\u01b0ng thay v\u00ec t\u00ecm ra qu\u00e1i v\u1eadt, b\u00e9 th\u1ecf l\u1ea1i ph\u00e1t hi\u1ec7n ra g\u00e3 kh\u1ed5ng l\u1ed3 l\u00f4ng l\u00e1 l\u1ea1i ch\u00ednh l\u00e0 b\u1ea1n g\u1ea5u b\u1ef1 nh\u00fat nh\u00e1t h\u1eb1ng ng\u00e0y. B\u1ea1n \u1ea5y \u0111\u00e3 tr\u1edf n\u00ean m\u1ea1nh m\u1ebd khi \u0111\u1ee9ng ra b\u1ea3o v\u1ec7 cho b\u00e9 th\u1ecf tho\u00e1t kh\u1ecfi nguy hi\u1ec3m.<br \/>\nCu\u1ed1n Kh\u1ee7ng long nh\u1ecf kh\u00f4ng c\u00f2n lo xa: Cu\u1ed1n s\u00e1ch k\u1ec3 v\u1ec1 bu\u1ed5i s\u00e1ng m\u00f9a h\u00e8, tr\u1eddi trong xanh, kh\u1ee7ng long nh\u1ecf h\u00e0o h\u1ee9ng \u0111i d\u00e3 ngo\u1ea1i. Nh\u01b0ng \u0111i ch\u01b0a \u0111\u01b0\u1ee3c bao xa th\u00ec \u201ccon b\u01b0\u1edbm s\u1ee3 h\u00e3i\u201d b\u1eaft \u0111\u1ea7u xu\u1ea5t hi\u1ec7n, bay ch\u1ea5p ch\u1edbi trong \u0111\u1ea7u c\u1eadu. Th\u1ebf n\u00ean c\u1eadu lo \u0111\u1ee7 th\u1ee9. N\u00e0o l\u00e0 li\u1ec7u c\u1eadu c\u00f3 mang \u0111\u1ee7 \u0111\u1ed3 \u0103n, n\u01b0\u1edbc u\u1ed1ng kh\u00f4ng, n\u1ebfu c\u1eadu b\u1ecb l\u1ea1c th\u00ec sao, n\u1ebfu tr\u1eddi m\u01b0a th\u00ec s\u1ebd th\u1ebf n\u00e0o\u2026 Chuy\u1ebfn d\u00e3 ngo\u1ea1i \u0111\u1ea7y h\u00e0o h\u1ee9c c\u1ee7a c\u1eadu b\u1ed7ng ch\u1ed1c tr\u1edf th\u00e0nh chuy\u1ebfn \u0111i \u0111\u1ea7y lo l\u1eafng. Nh\u1edd c\u00f3 b\u1ea3o b\u1ed1i c\u1ee7a m\u1eb9 trong t\u00fai, kh\u1ee7ng long nh\u1ecf \u0111\u00e3 \u0111u\u1ed5i \u0111\u01b0\u1ee3c \u201ccon b\u01b0\u1edbm s\u1ee3 h\u00e3i\u201d ra kh\u1ecfi \u0111\u1ea7u v\u00e0 t\u1eadn h\u01b0\u1edfng chuy\u1ebfn \u0111i ch\u01a1i vui v\u1ebb.<br \/>\nCu\u1ed1n L\u00e0m g\u00ec c\u00f3 qu\u00e1i v\u1eadt!: Cu\u1ed1n s\u00e1ch k\u1ec3 v\u1ec1 ti\u1ebfng k\u00eau l\u1ea1 d\u01b0\u1edbi g\u1ea7m gi\u01b0\u1eddng c\u1ee7a v\u1ecbt: \u201cP\u1ecbp p\u1ecbp, su\u1ef5t su\u1ef5t\u201d\u2026 V\u1ecbt s\u1ee3 h\u00e3i, v\u1ed9i v\u00e0ng \u0111i t\u00ecm l\u1ee3n. L\u1ee3n cu\u1ed1ng cu\u1ed3ng \u0111i t\u00ecm g\u1ea5u r\u1ed3i c\u1ea3 hai ch\u1ea1y nh\u01b0 bay \u0111i t\u00ecm s\u00f3i v\u00e0 c\u00fa. C\u00fa th\u00f4ng th\u00e1i kh\u1eb3ng \u0111\u1ecbnh \u0111\u00f3 l\u00e0 qu\u00e1i v\u1eadt. T\u1ea5t c\u1ea3 c\u00e1c b\u1ea1n k\u00e9o nhau \u0111i t\u00ecm v\u00e0 b\u1eaby qu\u00e1i v\u1eadt nh\u01b0ng khi \u0111\u1ebfn n\u01a1i m\u1edbi ph\u00e1t hi\u1ec7n ra \u0111\u00f3 ch\u1ec9 l\u00e0 m\u1ed9t ch\u00fa chu\u1ed9t nh\u1ecf \u0111ang n\u1eb1m ng\u1ee7 ngon l\u00e0nh.<br \/>\nCu\u1ed1n Ti\u1ebfng k\u00eau c\u1ee7a ai th\u1ebf nh\u1ec9?: Cu\u1ed1n \u201cTi\u1ebfng k\u00eau c\u1ee7a ai th\u1ebf nh\u1ec9?\u201d k\u1ec3 v\u1ec1 ti\u1ebfng k\u00eau gh\u00ea r\u1ee3n vang l\u00ean gi\u1eefa khu r\u1eebng t\u1ed1i om khi\u1ebfn chu\u1ed9t v\u00e0 c\u00e1c b\u1ea1n s\u1ee3 h\u00e3i, nh\u00e1o nh\u00e1c h\u1ebft c\u1ea3 l\u00ean. L\u00e0 ti\u1ebfng k\u00eau c\u1ee7a ai v\u1eady? Chu\u1ed9t kh\u00f4ng ph\u1ea3i, c\u00fa kh\u00f4ng ph\u1ea3i, g\u1ea5u kh\u00f4ng ph\u1ea3i\u2026 Li\u1ec7u c\u00f3 ph\u1ea3i qu\u00e1i v\u1eadt kh\u00f4ng? T\u1ea5t c\u1ea3 c\u00e1c b\u1ea1n \u0111\u1ec1u s\u1ee3 h\u00e3i, c\u1ed1 g\u1eafng tr\u00e8o l\u00ean c\u00e0nh c\u00e2y cao \u0111\u1ec3 tr\u1ed1n. Kh\u00f4ng ch\u1ecbu n\u1ed5i s\u1ee9c n\u1eb7ng c\u1ee7a c\u00e1c con v\u1eadt, c\u00e0nh c\u00e2y g\u00e3y \u201ct\u1ea1ch\u201d m\u1ed9t c\u00e1i. B\u1ecb ng\u00e3 b\u1ea5t ng\u1edd, c\u00e1c con v\u1eadt \u0111\u1ec1u h\u1ed1t ho\u1ea3ng k\u00eau l\u00ean. V\u00e0 ch\u1ec9 khi \u1ea5y, \u201ct\u00e1c gi\u1ea3\u201d ti\u1ebfng k\u00eau k\u00ec qu\u00e1i kia m\u1edbi l\u1ed9 ra.<\/p>\n","protected":false},"excerpt":{"rendered":"<p>Ai c\u0169ng c\u00f3 nh\u1eefng n\u1ed7i s\u1ee3 ri\u00eang nh\u01b0ng vi\u1ec7c ch\u00fang ta c\u1ea7n l\u00e0m \u0111\u00f3 l\u00e0 bi\u1ebft c\u00e1ch v\u01b0\u1ee3t qua nh\u1eefng c\u1ea3m x\u00fac \u0111\u00f3. B\u1ed9 s\u00e1ch Ch\u1eb3ng c\u00f3 g\u00ec \u0111\u00e1ng s\u1ee3! g\u1ed3m 06 cu\u1ed1n v\u1edbi nh\u1eefng c\u00e2u chuy\u1ec7n nh\u1ecf, pha ch\u00fat h\u00e0i h\u01b0\u1edbc, gi\u00fap b\u00e9 3 \u2013 7 tu\u1ed5i v\u01b0\u1ee3t qua n\u1ed7i s\u1ee3 h\u00e3i, lo l\u1eafng c\u1ee7a b\u1ea3n th\u00e2n.<\/p>\n","protected":false},"featured_media":24253,"template":"","meta":{"_acf_changed":false},"product_brand":[],"product_cat":[25,17,26],"product_tag":[83],"class_list":{"0":"post-24254","1":"product","2":"type-product","3":"status-publish","4":"has-post-thumbnail","6":"product_cat-nhi-dong-6-tuoi-12-tuoi","7":"product_cat-sach-danh-cho-cac-be","8":"product_cat-thieu-nien-11-tuoi-18-tuoi","9":"product_tag-sach-moi-xuat-ban","11":"first","12":"outofstock","13":"taxable","14":"shipping-taxable","15":"purchasable","16":"product-type-simple"},"supplier_id":null,"supplier_sku":"","barcode":null,"atum_controlled":true,"out_stock_date":"2023-09-13 19:02:28","out_stock_threshold":null,"inheritable":false,"inbound_stock":0,"stock_on_hold":0,"sold_today":0,"sales_last_days":0,"reserved_stock":0,"customer_returns":0,"warehouse_damage":0,"lost_in_post":0,"other_logs":0,"out_stock_days":868,"lost_sales":0,"has_location":true,"update_date":"2026-01-28T23:11:17","atum_locations":[{"id":32,"name":"Helsinki","slug":"helsinki"}],"atum_stock_status":"outofstock","restock_status":false,"low_stock_amount":"","sales_update_date":"2026-01-28T23:11:17","calc_backorders":null,"acf":{"publisher":{"ID":23454,"post_author":"1","post_date":"2023-04-04 22:50:39","post_date_gmt":"2023-04-04 19:50:39","post_content":"","post_title":"Gi\u00e1o D\u1ee5c Vi\u1ec7t Nam","post_excerpt":"","post_status":"publish","comment_status":"closed","ping_status":"closed","post_password":"","post_name":"giao-duc-viet-nam","to_ping":"","pinged":"","post_modified":"2023-04-04 22:50:39","post_modified_gmt":"2023-04-04 19:50:39","post_content_filtered":"","post_parent":0,"guid":"https:\/\/sachviet.eu\/nha-phat-hanh\/giao-duc-viet-nam\/","menu_order":0,"post_type":"publisher","post_mime_type":"","comment_count":"0","filter":"raw"}},"_links":{"self":[{"href":"https:\/\/sachviet.eu\/en\/wp-json\/wp\/v2\/product\/24254","targetHints":{"allow":["GET"]}}],"collection":[{"href":"https:\/\/sachviet.eu\/en\/wp-json\/wp\/v2\/product"}],"about":[{"href":"https:\/\/sachviet.eu\/en\/wp-json\/wp\/v2\/types\/product"}],"wp:featuredmedia":[{"embeddable":true,"href":"https:\/\/sachviet.eu\/en\/wp-json\/wp\/v2\/media\/24253"}],"wp:attachment":[{"href":"https:\/\/sachviet.eu\/en\/wp-json\/wp\/v2\/media?parent=24254"}],"wp:term":[{"taxonomy":"product_brand","embeddable":true,"href":"https:\/\/sachviet.eu\/en\/wp-json\/wp\/v2\/product_brand?post=24254"},{"taxonomy":"product_cat","embeddable":true,"href":"https:\/\/sachviet.eu\/en\/wp-json\/wp\/v2\/product_cat?post=24254"},{"taxonomy":"product_tag","embeddable":true,"href":"https:\/\/sachviet.eu\/en\/wp-json\/wp\/v2\/product_tag?post=24254"}],"curies":[{"name":"wp","href":"https:\/\/api.w.org\/{rel}","templated":true}]}}