{"id":24250,"date":"2023-08-26T18:17:17","date_gmt":"2023-08-26T15:17:17","guid":{"rendered":"https:\/\/sachviet.eu\/shop\/du-an-dau-voi-duoi-chuot\/"},"modified":"2023-11-27T21:06:01","modified_gmt":"2023-11-27T19:06:01","slug":"du-an-dau-voi-duoi-chuot","status":"publish","type":"product","link":"https:\/\/sachviet.eu\/en\/shop\/du-an-dau-voi-duoi-chuot\/","title":{"rendered":"D\u1ef1 \u00c1n \u0110\u1ea7u Voi \u0110u\u00f4i Chu\u1ed9t"},"content":{"rendered":"<p>Trong th\u1ebf gi\u1edbi th\u00fa c\u01b0ng ho\u00e0n h\u1ea3o, nh\u00f3c \u0110\u1ea7u Voi \u0110u\u00f4i Chu\u1ed9t l\u00e0 m\u1ed9t d\u1ef1 \u00e1n l\u1ed7i d\u01b0\u1edbi t\u1ea7ng h\u1ea7m t\u0103m t\u1ed1i. B\u1ed7ng m\u1ed9t ng\u00e0y, voi chu\u1ed9t b\u00e9 nh\u1ecf v\u00e0 \u0111\u00e1m b\u1ea1n nh\u1eadn \u0111\u01b0\u1ee3c tin d\u1eef: t\u1ea5t c\u1ea3 s\u1eafp b\u1ecb \u0111\u00eam \u0111i t\u00e1i ch\u1ebf. L\u00e0m sao \u0111\u1ec3 b\u1ea3o to\u00e0n t\u1ea5m th\u00e2n \u0111\u00e2y? Ch\u1ec9 c\u00f2n n\u01b0\u1edbc ch\u1ea1y tr\u1ed1n th\u00f4i!<br \/>\nD\u1ef1 \u00e1n \u0110\u1ea7u Voi \u0110u\u00f4i Chu\u1ed9t: Cu\u1ed9c t\u1ea9u tho\u00e1t l\u00e0 c\u00e2u chuy\u1ec7n ng\u1ee3i ca t\u00ecnh b\u1ea1n v\u00e0 v\u1ebb \u0111\u1eb9p ri\u00eang c\u1ee7a m\u1ed7i con ng\u01b0\u1eddi. Cu\u1ed1n s\u00e1ch \u0111\u00e3 gi\u00e0nh \u0111\u01b0\u1ee3c h\u01a1n 25 gi\u1ea3i th\u01b0\u1edfng v\u00e0 \u0111\u1ec1 c\u1eed qu\u1ed1c t\u1ebf. Trong \u0111\u00f3 c\u00f3 gi\u1ea3i th\u01b0\u1edfng s\u00e1ch tranh do thi\u1ebfu nhi tuy\u1ec3n ch\u1ecdn Washington n\u0103m 2022<\/p>\n","protected":false},"excerpt":{"rendered":"<p>Trong th\u1ebf gi\u1edbi th\u00fa c\u01b0ng ho\u00e0n h\u1ea3o, nh\u00f3c \u0110\u1ea7u Voi \u0110u\u00f4i Chu\u1ed9t l\u00e0 m\u1ed9t d\u1ef1 \u00e1n l\u1ed7i d\u01b0\u1edbi t\u1ea7ng h\u1ea7m t\u0103m t\u1ed1i. B\u1ed7ng m\u1ed9t ng\u00e0y, voi chu\u1ed9t b\u00e9 nh\u1ecf v\u00e0 \u0111\u00e1m b\u1ea1n nh\u1eadn \u0111\u01b0\u1ee3c tin d\u1eef: t\u1ea5t c\u1ea3 s\u1eafp b\u1ecb \u0111\u00eam \u0111i t\u00e1i ch\u1ebf. L\u00e0m sao \u0111\u1ec3 b\u1ea3o to\u00e0n t\u1ea5m th\u00e2n \u0111\u00e2y? Ch\u1ec9 c\u00f2n n\u01b0\u1edbc ch\u1ea1y tr\u1ed1n th\u00f4i!<br \/>\nD\u1ef1 \u00e1n \u0110\u1ea7u Voi \u0110u\u00f4i Chu\u1ed9t: Cu\u1ed9c t\u1ea9u tho\u00e1t l\u00e0 c\u00e2u chuy\u1ec7n ng\u1ee3i ca t\u00ecnh b\u1ea1n v\u00e0 v\u1ebb \u0111\u1eb9p ri\u00eang c\u1ee7a m\u1ed7i con ng\u01b0\u1eddi. Cu\u1ed1n s\u00e1ch \u0111\u00e3 gi\u00e0nh \u0111\u01b0\u1ee3c h\u01a1n 25 gi\u1ea3i th\u01b0\u1edfng v\u00e0 \u0111\u1ec1 c\u1eed qu\u1ed1c t\u1ebf. Trong \u0111\u00f3 c\u00f3 gi\u1ea3i th\u01b0\u1edfng s\u00e1ch tranh do thi\u1ebfu nhi tuy\u1ec3n ch\u1ecdn Washington n\u0103m 2022<\/p>\n","protected":false},"featured_media":24249,"template":"","meta":{"_acf_changed":false},"product_brand":[],"product_cat":[25,17,26],"product_tag":[83],"class_list":{"0":"post-24250","1":"product","2":"type-product","3":"status-publish","4":"has-post-thumbnail","6":"product_cat-nhi-dong-6-tuoi-12-tuoi","7":"product_cat-sach-danh-cho-cac-be","8":"product_cat-thieu-nien-11-tuoi-18-tuoi","9":"product_tag-sach-moi-xuat-ban","11":"first","12":"outofstock","13":"taxable","14":"shipping-taxable","15":"purchasable","16":"product-type-simple"},"supplier_id":null,"supplier_sku":"","barcode":null,"atum_controlled":true,"out_stock_date":"2023-11-27 19:06:01","out_stock_threshold":null,"inheritable":false,"inbound_stock":0,"stock_on_hold":0,"sold_today":0,"sales_last_days":0,"reserved_stock":0,"customer_returns":0,"warehouse_damage":0,"lost_in_post":0,"other_logs":0,"out_stock_days":793,"lost_sales":0,"has_location":true,"update_date":"2026-01-28T23:11:16","atum_locations":[{"id":32,"name":"Helsinki","slug":"helsinki"}],"atum_stock_status":"outofstock","restock_status":false,"low_stock_amount":"","sales_update_date":"2026-01-28T23:11:16","calc_backorders":null,"acf":{"publisher":{"ID":17607,"post_author":"1","post_date":"2022-04-04 17:25:58","post_date_gmt":"2022-04-04 14:25:58","post_content":"","post_title":"Sanhobooks","post_excerpt":"","post_status":"publish","comment_status":"closed","ping_status":"closed","post_password":"","post_name":"sanhobooks","to_ping":"","pinged":"","post_modified":"2022-04-04 17:25:58","post_modified_gmt":"2022-04-04 14:25:58","post_content_filtered":"","post_parent":0,"guid":"https:\/\/sachviet.eu\/nha-phat-hanh\/sanhobooks\/","menu_order":0,"post_type":"publisher","post_mime_type":"","comment_count":"0","filter":"raw"}},"_links":{"self":[{"href":"https:\/\/sachviet.eu\/en\/wp-json\/wp\/v2\/product\/24250","targetHints":{"allow":["GET"]}}],"collection":[{"href":"https:\/\/sachviet.eu\/en\/wp-json\/wp\/v2\/product"}],"about":[{"href":"https:\/\/sachviet.eu\/en\/wp-json\/wp\/v2\/types\/product"}],"wp:featuredmedia":[{"embeddable":true,"href":"https:\/\/sachviet.eu\/en\/wp-json\/wp\/v2\/media\/24249"}],"wp:attachment":[{"href":"https:\/\/sachviet.eu\/en\/wp-json\/wp\/v2\/media?parent=24250"}],"wp:term":[{"taxonomy":"product_brand","embeddable":true,"href":"https:\/\/sachviet.eu\/en\/wp-json\/wp\/v2\/product_brand?post=24250"},{"taxonomy":"product_cat","embeddable":true,"href":"https:\/\/sachviet.eu\/en\/wp-json\/wp\/v2\/product_cat?post=24250"},{"taxonomy":"product_tag","embeddable":true,"href":"https:\/\/sachviet.eu\/en\/wp-json\/wp\/v2\/product_tag?post=24250"}],"curies":[{"name":"wp","href":"https:\/\/api.w.org\/{rel}","templated":true}]}}