{"id":2412,"date":"2021-02-25T19:33:56","date_gmt":"2021-02-25T17:33:56","guid":{"rendered":"https:\/\/sachviet.eu\/shop\/hoc-viet-so-cung-bac-ben\/"},"modified":"2021-05-24T16:52:22","modified_gmt":"2021-05-24T13:52:22","slug":"hoc-viet-so-cung-bac-ben","status":"publish","type":"product","link":"https:\/\/sachviet.eu\/en\/shop\/hoc-viet-so-cung-bac-ben\/","title":{"rendered":"H\u1ecdc Vi\u1ebft S\u1ed1 C\u00f9ng B\u00e1c Ben"},"content":{"rendered":"<p>V\u1ede T\u1eacP VI\u1ebeT S\u1ed0 B\u1eb0NG B\u00daT D\u1ea0 &#8211; T\u1ea8Y X\u00d3A D\u1ec4 D\u00c0NG &#8211; D\u00d9NG NHI\u1ec0U L\u1ea6N KH\u00d4NG NG\u1ea0I B\u1ea8N<br \/>\nB\u00e9 \u0111ang trong giai \u0111o\u1ea1n h\u1ecdc vi\u1ebft s\u1ed1 v\u00e0 nh\u1eadn di\u1ec7n ch\u1eef s\u1ed1 t\u1eeb 1 &#8211; 10? V\u1edf t\u1eadp vi\u1ebft s\u1ed1 c\u00f9ng b\u00e1c Ben v\u1edbi nh\u1eefng h\u00ecnh v\u1ebd t\u01b0\u01a1ng t\u00e1c ng\u1ed9 ngh\u0129nh, s\u1ebd gi\u00fap b\u00e9 h\u1ecdc nh\u1eadn di\u1ec7n ch\u1eef s\u1ed1 c\u00f9ng m\u1ed9t s\u1ed1 game th\u1ef1c h\u00e0nh nh\u1edb s\u1ed1 d\u1ec5 d\u00e0ng.<br \/>\nS\u1ea3n ph\u1ea9m thu\u1ed9c d\u00f2ng &#8220;wipe clean &#8211; t\u1ea9y xo\u00e1 d\u1ec5 d\u00e0ng&#8221; &#8211; vi\u1ebft b\u1eb1ng b\u00fat d\u1ea1 tr\u00ean b\u00eca c\u1ee9ng c\u00e1n b\u00f3ng; gi\u00fap b\u00e9 t\u1ea9y x\u00f3a l\u1ed7i sai v\u00e0 ch\u01a1i l\u1ea1i nhi\u1ec1u l\u1ea7n ch\u1ec9 b\u1eb1ng gi\u1ea5y\/ kh\u0103n m\u1ec1m. S\u1ea3n ph\u1ea9m gi\u00fap b\u00e9 h\u1ecdc v\u00e0 nh\u1eadn di\u1ec7n ch\u1eef s\u1ed1 t\u1eeb 1 &#8211; 10 c\u00f9ng m\u1ed9t s\u1ed1 tr\u00f2 ch\u01a1i th\u1ef1c hi\u1ec7n nh\u1edb s\u1ed1 d\u1ec5 d\u00e0ng<br \/>\n&#8211; Kh\u00f4ng lo v\u1edf b\u1ea9n v\u00e0 lem m\u1ef1c nh\u01b0 v\u1edf t\u1eadp vi\u1ebft truy\u1ec1n th\u1ed1ng<br \/>\n&#8211; Kh\u00f4ng lo n\u01b0\u1edbc &amp; \u0111\u1ed3 \u0103n d\u00ednh tr\u00ean b\u1ec1 m\u1eb7t. V\u1edf kh\u00f4ng ng\u1ea5m n\u01b0\u1edbc v\u00e0 d\u1ec5 d\u00e0ng lau ch\u00f9i tr\u00ean b\u1ec1 m\u1eb7t<br \/>\n&#8211; Thi\u1ebft k\u1ebf \u0111\u1eb9p, b\u1eaft m\u1eaft, ch\u1ea5t l\u01b0\u1ee3ng gi\u1ea5y in cao c\u1ea5p, c\u1ee9ng c\u00e1p<br \/>\n&#8211; \u0110\u1ea7u t\u01b0 1 l\u1ea7n &#8211; d\u00f9ng \u0111\u01b0\u1ee3c r\u1ea5t nhi\u1ec1u l\u1ea7n. Ch\u1ec9 c\u1ea7n lau b\u1eb1ng kh\u0103n\/ gi\u1ea5y m\u1ec1m &#8211; b\u00e9 l\u1ea1i c\u00f3 m\u1ed9t quy\u1ec3n v\u1edf nh\u01b0 m\u1edbi v\u00e0 ch\u01a1i l\u1ea1i t\u1eeb \u0111\u1ea7u<br \/>\nD\u00e0nh cho tr\u1ebb em t\u1eeb 4 tu\u1ed5i tr\u1edf l\u00ean<br \/>\nK\u00edch th\u01b0\u1edbc: 215x279mm &#8211; 32 trang &#8211; B\u00eca c\u1ee9ng c\u00e1n b\u00f3ng &#8211; Ph\u00e1t tri\u1ec3n k\u1ef9 n\u0103ng: Ph\u00e1t tri\u1ec3n &amp; nh\u1eadn di\u1ec7n ng\u00f4n ng\u1eef<\/p>\n","protected":false},"excerpt":{"rendered":"<p>V\u1edbi c\u00e1c h\u00ecnh minh h\u1ecda s\u1ed1ng \u0111\u1ed9ng, ng\u1ed9 ngh\u0129nh kh\u00f4ng ch\u1ec9 l\u00e0 k\u1ec3 v\u1ec1 ti\u1ec7m b\u00e1nh c\u1ee7a b\u00e1c Ben m\u00e0 c\u00f2n l\u00e0 m\u1ed9t cu\u1ed1n t\u1eadp t\u00f4 vui nh\u1ed9n.<br \/>\nTrong cu\u1ed1n s\u00e1ch n\u00e0y, c\u00e1c em v\u1eeba r\u00e8n luy\u1ec7n \u0111\u01b0\u1ee3c c\u00e1ch ki\u1ec3m so\u00e1t b\u00fat d\u1ec5 d\u00e0ng, v\u1eeba h\u1ecdc \u0111\u01b0\u1ee3c c\u00e1c s\u1ed1 \u0111\u1ebfm t\u1eeb 1 \u0111\u1ebfn 10 c\u00f9ng c\u00e1c m\u1eabu c\u00e2u \u0111\u01a1n gi\u1ea3n m\u1ed9t c\u00e1ch hi\u1ec7u qu\u1ea3.<br \/>\nS\u1ea3n ph\u1ea9m thu\u1ed9c d\u00f2ng &#8220;wipe clean &#8211; t\u1ea9y xo\u00e1 d\u1ec5 d\u00e0ng&#8221; &#8211; vi\u1ebft b\u1eb1ng b\u00fat d\u1ea1 tr\u00ean b\u00eca c\u1ee9ng c\u00e1n b\u00f3ng; gi\u00fap b\u00e9 t\u1ea9y x\u00f3a l\u1ed7i sai v\u00e0 ch\u01a1i l\u1ea1i nhi\u1ec1u l\u1ea7n ch\u1ec9 b\u1eb1ng gi\u1ea5y\/ kh\u0103n m\u1ec1m. S\u1ea3n ph\u1ea9m gi\u00fap b\u00e9 h\u1ecdc v\u00e0 nh\u1eadn di\u1ec7n ch\u1eef s\u1ed1 t\u1eeb 1 &#8211; 10 c\u00f9ng m\u1ed9t s\u1ed1 tr\u00f2 ch\u01a1i th\u1ef1c hi\u1ec7n nh\u1edb s\u1ed1 d\u1ec5 d\u00e0ng<br \/>\n&#8211;\u00a0Kh\u00f4ng lo v\u1edf b\u1ea9n v\u00e0 lem m\u1ef1c nh\u01b0 v\u1edf t\u1eadp vi\u1ebft truy\u1ec1n th\u1ed1ng<br \/>\n&#8211; Kh\u00f4ng lo n\u01b0\u1edbc &amp; \u0111\u1ed3 \u0103n d\u00ednh tr\u00ean b\u1ec1 m\u1eb7t. V\u1edf kh\u00f4ng ng\u1ea5m n\u01b0\u1edbc v\u00e0 d\u1ec5 d\u00e0ng lau ch\u00f9i tr\u00ean b\u1ec1 m\u1eb7t<br \/>\n&#8211; Thi\u1ebft k\u1ebf \u0111\u1eb9p, b\u1eaft m\u1eaft, ch\u1ea5t l\u01b0\u1ee3ng gi\u1ea5y in cao c\u1ea5p, c\u1ee9ng c\u00e1p<br \/>\n&#8211; \u0110\u1ea7u t\u01b0 1 l\u1ea7n &#8211; d\u00f9ng \u0111\u01b0\u1ee3c r\u1ea5t nhi\u1ec1u l\u1ea7n. Ch\u1ec9 c\u1ea7n lau b\u1eb1ng kh\u0103n\/ gi\u1ea5y m\u1ec1m &#8211; b\u00e9 l\u1ea1i c\u00f3 m\u1ed9t quy\u1ec3n v\u1edf nh\u01b0 m\u1edbi v\u00e0 ch\u01a1i l\u1ea1i t\u1eeb \u0111\u1ea7u<\/p>\n","protected":false},"featured_media":2409,"template":"","meta":{"_acf_changed":false},"product_brand":[],"product_cat":[20,24,25,17],"product_tag":[],"class_list":{"0":"post-2412","1":"product","2":"type-product","3":"status-publish","4":"has-post-thumbnail","6":"product_cat-be-vua-hoc-vua-choi","7":"product_cat-nha-tre-mau-giao-0-tuoi-6-tuoi","8":"product_cat-nhi-dong-6-tuoi-12-tuoi","9":"product_cat-sach-danh-cho-cac-be","11":"first","12":"outofstock","13":"taxable","14":"shipping-taxable","15":"purchasable","16":"product-type-simple"},"supplier_id":null,"supplier_sku":"","barcode":null,"atum_controlled":true,"out_stock_date":"2021-05-24 13:52:22","out_stock_threshold":null,"inheritable":false,"inbound_stock":0,"stock_on_hold":0,"sold_today":0,"sales_last_days":0,"reserved_stock":0,"customer_returns":0,"warehouse_damage":0,"lost_in_post":0,"other_logs":0,"out_stock_days":1710,"lost_sales":0,"has_location":false,"update_date":"2026-01-28T23:10:31","atum_locations":[],"atum_stock_status":"outofstock","restock_status":false,"low_stock_amount":"","sales_update_date":"2026-01-28T23:10:31","calc_backorders":null,"acf":{"publisher":{"ID":1458,"post_author":"1","post_date":"2021-02-17 01:12:22","post_date_gmt":"2021-02-16 23:12:22","post_content":"<!-- wp:flatsome\/uxbuilder -->\n<h1 style=\"text-align: center\"><strong>Crabit Kidbooks<\/strong><\/h1>\n[row]\n\n[col span=\"8\" span__sm=\"12\"]\n\n<p>Crabit Kidbooks l\u00e0 nh\u00e0 ph\u00e1t h\u00e0nh s\u00e1ch thi\u1ebfu nhi thu\u1ed9c C\u00f4ng ty CPTM &amp; XNK Ng\u1ecdc \u00c1nh \u2013 \u0111\u01a1n v\u1ecb h\u01a1n 20 n\u0103m kinh nghi\u1ec7m trong ng\u00e0nh in \u1ea5n v\u00e0 l\u00e0 \u0111\u1ed1i t\u00e1c uy t\u00edn cung c\u1ea5p h\u1ecdc li\u1ec7u, s\u00e1ch v\u1edf h\u1ecdc sinh cho h\u01a1n 5000 kh\u00e1ch h\u00e0ng kh\u1eafp 28 t\u1ec9nh th\u00e0nh ph\u00eda B\u1eafc Vi\u1ec7t Nam H\u1ec7 th\u1ed1ng s\u1ea3n ph\u1ea9m Crabit Kidbooks<\/p>\n<p>Theo s\u1ef1 t\u00ecm hi\u1ec3u c\u1ee7a <strong>SACHVIET.EU<\/strong><strong>\u00a0<\/strong>tuy Crabit Kidbooks l\u00e0 m\u1ed9t nh\u00e0 ph\u00e1t h\u00e0nh tr\u1ebb t\u1ea1i Vi\u1ec7t Nam nh\u01b0ng l\u1ea1i mang \u0111\u1ebfn s\u1ef1 ch\u1ec9n chu qua t\u1eebng trang s\u00e1ch, t\u1eeb ch\u1ea5t li\u1ec7u gi\u1ea5y cao c\u1ea5p, b\u00eca c\u1ee9ng gi\u1eef g\u00ecn s\u00e1ch \u0111\u01b0\u1ee3c b\u1ec1n l\u00e2u \u0111\u1ebfn l\u1eddi v\u0103n c\u00e2u ch\u1eef \u0111\u01b0\u1ee3c ch\u1ecdn l\u1ecdc ch\u1ec9nh s\u1eeda sao cho ti\u1ebfp c\u1eadn th\u00e2n thi\u1ec7n nh\u1ea5t v\u1edbi tr\u1ebb em. <strong>SACHVIET.EU<\/strong> th\u1ef1c s\u1ef1 \u1ea5n t\u01b0\u1ee3ng b\u1edfi t\u1ea7m nh\u00ecn v\u00e0 s\u1ef1 c\u1ed1 g\u1eafng ho\u00e0n thi\u1ec7n nh\u1eefng t\u00e1c ph\u1ea9m c\u00f3 gi\u00e1 tr\u1ecb tuy\u1ec7t v\u1eddi m\u00e0 Crabit Kidbooks mang l\u1ea1i. \u0110\u00e2y c\u0169ng l\u00e0 nh\u00e0 ph\u00e1t h\u00e0nh duy nh\u1ea5t t\u1edbi th\u1eddi \u0111i\u1ec3m n\u00e0y m\u00e0 <strong>SACHVIET.EU<\/strong> quy\u1ebft t\u00e2m h\u1ee3p t\u00e1c mang h\u1ebft t\u1ea5t c\u1ea3 c\u00e1c \u0111\u1ea7u s\u00e1ch m\u00e0 Crabit Kidbooks c\u00f3 \u0111\u1ec3 \u0111em \u0111\u1ebfn Ch\u00e2u \u00c2u ph\u1ee5c v\u1ee5 m\u1ecdi ng\u01b0\u1eddi. \u0110\u00e2y th\u1ef1c s\u1ef1 l\u00e0 m\u1ed9t s\u1ef1 li\u1ec1u l\u0129nh c\u1ee7a <strong>SACHVIET.EU<\/strong>, tuy nhi\u00ean ch\u00fang m\u00ecnh tin t\u01b0\u1edfng v\u00e0 t\u1ef1 tin r\u1eb1ng t\u1eebng cu\u1ed1n s\u00e1ch m\u00e0 ch\u00fang m\u00ecnh gi\u1edbi thi\u1ec7u x\u1ee9ng \u0111\u00e1ng v\u1edbi nh\u1eefng g\u00ec ch\u00fang m\u00ecnh theo \u0111u\u1ed5i.<\/p>\n\n[\/col]\n[col span=\"4\" span__sm=\"12\"]\n\n[ux_image id=\"1701\" image_size=\"medium\"]\n\n\n[\/col]\n\n[\/row]\n\n<!-- \/wp:flatsome\/uxbuilder -->","post_title":"Crabit Kidbooks","post_excerpt":"","post_status":"publish","comment_status":"closed","ping_status":"closed","post_password":"","post_name":"crabit-kidbooks","to_ping":"","pinged":"","post_modified":"2022-12-19 23:12:10","post_modified_gmt":"2022-12-19 21:12:10","post_content_filtered":"","post_parent":0,"guid":"https:\/\/sachviet.eu\/nha-phat-hanh\/crabitkidbooks\/","menu_order":0,"post_type":"publisher","post_mime_type":"","comment_count":"0","filter":"raw"}},"_links":{"self":[{"href":"https:\/\/sachviet.eu\/en\/wp-json\/wp\/v2\/product\/2412","targetHints":{"allow":["GET"]}}],"collection":[{"href":"https:\/\/sachviet.eu\/en\/wp-json\/wp\/v2\/product"}],"about":[{"href":"https:\/\/sachviet.eu\/en\/wp-json\/wp\/v2\/types\/product"}],"wp:featuredmedia":[{"embeddable":true,"href":"https:\/\/sachviet.eu\/en\/wp-json\/wp\/v2\/media\/2409"}],"wp:attachment":[{"href":"https:\/\/sachviet.eu\/en\/wp-json\/wp\/v2\/media?parent=2412"}],"wp:term":[{"taxonomy":"product_brand","embeddable":true,"href":"https:\/\/sachviet.eu\/en\/wp-json\/wp\/v2\/product_brand?post=2412"},{"taxonomy":"product_cat","embeddable":true,"href":"https:\/\/sachviet.eu\/en\/wp-json\/wp\/v2\/product_cat?post=2412"},{"taxonomy":"product_tag","embeddable":true,"href":"https:\/\/sachviet.eu\/en\/wp-json\/wp\/v2\/product_tag?post=2412"}],"curies":[{"name":"wp","href":"https:\/\/api.w.org\/{rel}","templated":true}]}}