{"id":24070,"date":"2023-06-28T22:53:57","date_gmt":"2023-06-28T19:53:57","guid":{"rendered":"https:\/\/sachviet.eu\/shop\/ung-thu-tin-don-va-su-that\/"},"modified":"2025-09-12T19:29:00","modified_gmt":"2025-09-12T16:29:00","slug":"ung-thu-tin-don-va-su-that","status":"publish","type":"product","link":"https:\/\/sachviet.eu\/en\/shop\/ung-thu-tin-don-va-su-that\/","title":{"rendered":"Ung Th\u01b0: Tin \u0110\u1ed3n V\u00e0 S\u1ef1 Th\u1eadt"},"content":{"rendered":"<p>Ung th\u01b0 c\u00f3 l\u1ebd l\u00e0 m\u1ed9t c\u0103n b\u1ec7nh &#8220;kh\u00e9t ti\u1ebfng&#8221; trong gi\u1edbi &#8221; giang h\u1ed3&#8221; b\u1ec7nh t\u1eadt. Th\u1eadm ch\u00ed n\u00f3 c\u00f2n l\u00e0 vua c\u1ee7a c\u00e1c v\u1ecb vua. M\u1ed9t khi n\u00f3 \u0111\u00e3 n\u1ea3y n\u1edf th\u00ec s\u1edbm mu\u1ed9n n\u00f3 c\u0169ng c\u00f3 &#8220;tay ch\u00e2n&#8221; v\u00e0 &#8220;\u0111\u00e0n em&#8221; \u1edf kh\u1eafp c\u01a1 th\u1ec3 b\u1ea1n. V\u00e0 \u0111\u1eb7c bi\u1ec7t n\u00f3 r\u1ea5t kh\u00f3 ch\u1eefa. Cu\u1ed1n s\u00e1ch n\u00e0y l\u00e0 t\u1eadp h\u1ee3p nh\u1eefng th\u00f4ng tin h\u1eefu \u00edch v\u1edbi m\u1ecdi ng\u01b0\u1eddi. 45 tin \u0111\u1ed3n v\u1ec1 b\u1ec7nh ung th\u01b0 \u0111\u01b0\u1ee3c t\u00e1c gi\u1ea3 tr\u00ecnh b\u00e0y m\u1ed9t c\u00e1ch khoa h\u1ecdc d\u1ec5 hi\u1ec3u. M\u1ed7i 1 tin \u0111\u1ed3n s\u1ebd l\u00e0 nh\u1eefng d\u1eabn ch\u1ee9ng khoa h\u1ecdc \u0111\u1ed3ng \u00fd ho\u1eb7c ph\u1ea3n bi\u1ec7n v\u1edbi tin \u0111\u1ed3n \u0111\u00f3. \u1ede cu\u1ed1i m\u1ed7i m\u1ed9t tin \u0111\u1ed3n s\u1ebd l\u00e0 s\u1ef1 th\u1eadt. H\u00ecnh \u1ea3nh minh h\u1ecda r\u1ea5t \u0111\u1eb9p.<\/p>\n","protected":false},"excerpt":{"rendered":"<p>Ung th\u01b0 c\u00f3 l\u1ebd l\u00e0 m\u1ed9t c\u0103n b\u1ec7nh &#8220;kh\u00e9t ti\u1ebfng&#8221; trong gi\u1edbi &#8221; giang h\u1ed3&#8221; b\u1ec7nh t\u1eadt. Th\u1eadm ch\u00ed n\u00f3 c\u00f2n l\u00e0 vua c\u1ee7a c\u00e1c v\u1ecb vua. M\u1ed9t khi n\u00f3 \u0111\u00e3 n\u1ea3y n\u1edf th\u00ec s\u1edbm mu\u1ed9n n\u00f3 c\u0169ng c\u00f3 &#8220;tay ch\u00e2n&#8221; v\u00e0 &#8220;\u0111\u00e0n em&#8221; \u1edf kh\u1eafp c\u01a1 th\u1ec3 b\u1ea1n. V\u00e0 \u0111\u1eb7c bi\u1ec7t n\u00f3 r\u1ea5t kh\u00f3 ch\u1eefa. Cu\u1ed1n s\u00e1ch n\u00e0y l\u00e0 t\u1eadp h\u1ee3p nh\u1eefng th\u00f4ng tin h\u1eefu \u00edch v\u1edbi m\u1ecdi ng\u01b0\u1eddi. 45 tin \u0111\u1ed3n v\u1ec1 b\u1ec7nh ung th\u01b0 \u0111\u01b0\u1ee3c t\u00e1c gi\u1ea3 tr\u00ecnh b\u00e0y m\u1ed9t c\u00e1ch khoa h\u1ecdc d\u1ec5 hi\u1ec3u. M\u1ed7i 1 tin \u0111\u1ed3n s\u1ebd l\u00e0 nh\u1eefng d\u1eabn ch\u1ee9ng khoa h\u1ecdc \u0111\u1ed3ng \u00fd ho\u1eb7c ph\u1ea3n bi\u1ec7n v\u1edbi tin \u0111\u1ed3n \u0111\u00f3. \u1ede cu\u1ed1i m\u1ed7i m\u1ed9t tin \u0111\u1ed3n s\u1ebd l\u00e0 s\u1ef1 th\u1eadt. H\u00ecnh \u1ea3nh minh h\u1ecda r\u1ea5t \u0111\u1eb9p.<\/p>\n","protected":false},"featured_media":24069,"template":"","meta":{"_acf_changed":false},"product_brand":[],"product_cat":[18],"product_tag":[83],"class_list":{"0":"post-24070","1":"product","2":"type-product","3":"status-publish","4":"has-post-thumbnail","6":"product_cat-kinh-te","7":"product_tag-sach-moi-xuat-ban","9":"first","10":"instock","11":"taxable","12":"shipping-taxable","13":"purchasable","14":"product-type-simple"},"supplier_id":null,"supplier_sku":"","barcode":null,"atum_controlled":true,"out_stock_date":null,"out_stock_threshold":null,"inheritable":false,"inbound_stock":0,"stock_on_hold":0,"sold_today":0,"sales_last_days":0,"reserved_stock":0,"customer_returns":0,"warehouse_damage":0,"lost_in_post":0,"other_logs":0,"out_stock_days":0,"lost_sales":0,"has_location":false,"update_date":"2026-01-28T23:11:30","atum_locations":[],"atum_stock_status":"instock","restock_status":false,"low_stock_amount":"","sales_update_date":"2026-01-28T23:11:30","calc_backorders":null,"acf":{"publisher":{"ID":2817,"post_author":"1","post_date":"2021-02-27 00:00:35","post_date_gmt":"2021-02-26 22:00:35","post_content":"","post_title":"Alpha Books","post_excerpt":"","post_status":"publish","comment_status":"closed","ping_status":"closed","post_password":"","post_name":"alpha-books","to_ping":"","pinged":"","post_modified":"2021-02-27 00:00:35","post_modified_gmt":"2021-02-26 22:00:35","post_content_filtered":"","post_parent":0,"guid":"https:\/\/sachviet.eu\/nha-phat-hanh\/alpha-books\/","menu_order":0,"post_type":"publisher","post_mime_type":"","comment_count":"0","filter":"raw"}},"_links":{"self":[{"href":"https:\/\/sachviet.eu\/en\/wp-json\/wp\/v2\/product\/24070","targetHints":{"allow":["GET"]}}],"collection":[{"href":"https:\/\/sachviet.eu\/en\/wp-json\/wp\/v2\/product"}],"about":[{"href":"https:\/\/sachviet.eu\/en\/wp-json\/wp\/v2\/types\/product"}],"wp:featuredmedia":[{"embeddable":true,"href":"https:\/\/sachviet.eu\/en\/wp-json\/wp\/v2\/media\/24069"}],"wp:attachment":[{"href":"https:\/\/sachviet.eu\/en\/wp-json\/wp\/v2\/media?parent=24070"}],"wp:term":[{"taxonomy":"product_brand","embeddable":true,"href":"https:\/\/sachviet.eu\/en\/wp-json\/wp\/v2\/product_brand?post=24070"},{"taxonomy":"product_cat","embeddable":true,"href":"https:\/\/sachviet.eu\/en\/wp-json\/wp\/v2\/product_cat?post=24070"},{"taxonomy":"product_tag","embeddable":true,"href":"https:\/\/sachviet.eu\/en\/wp-json\/wp\/v2\/product_tag?post=24070"}],"curies":[{"name":"wp","href":"https:\/\/api.w.org\/{rel}","templated":true}]}}