{"id":24066,"date":"2023-06-28T22:53:45","date_gmt":"2023-06-28T19:53:45","guid":{"rendered":"https:\/\/sachviet.eu\/shop\/chuyen-con-meo-lap-keo-cuu-sach\/"},"modified":"2023-07-28T21:02:54","modified_gmt":"2023-07-28T18:02:54","slug":"chuyen-con-meo-lap-keo-cuu-sach","status":"publish","type":"product","link":"https:\/\/sachviet.eu\/en\/shop\/chuyen-con-meo-lap-keo-cuu-sach\/","title":{"rendered":"Chuy\u1ec7n Con M\u00e8o L\u1eadp K\u00e8o C\u1ee9u S\u00e1ch"},"content":{"rendered":"<p>H\u00ecnh nh\u01b0 anh Ho\u00e0ng H\u1ed1i H\u1eadn vi\u1ebft tr\u1ecdc ph\u00fa tri th\u1ee9c sau khi \u0111\u1ecdc quy\u1ec3n CHUY\u1ec6N CON M\u00c8O L\u1eacP K\u00c8O C\u1ee8U S\u00c1CH \u00fd, m\u00e0 b\u1eadn ch\u01b0a k\u1ecbp \u0111\u1ecdc ch\u01b0\u01a1ng cu\u1ed1i \ud83d\ude06\ud83d\ude06\ud83d\ude06. Em \u0111o\u00e1n ch\u1eafc ph\u1ea3i \u0111\u1ebfn 90% lu\u00f4n. Kh\u00f4ng tin c\u00e1c ch\u1ecb \u0111\u1ecdc m\u00e0 xem. Nh\u1ea5t l\u00e0 anh ch\u1ecb n\u00e0o \u0111\u00e3 tham gia c\u00e2u chuy\u1ec7n v\u1edbi anh HHH, d\u00f9 l\u00e0 \u0111\u1ed3ng t\u00ecnh hay ph\u1ea3n \u0111\u1ed1i. \u0110\u1ecdc \u0111\u1ebfn \u0111o\u1ea1n N\u00edt v\u1edbi C\u0103ng v\u1edbi Zarathustra \u0111\u00e3 n\u00f3i nh\u01b0 th\u1ebf em c\u01b0\u1eddi s\u1eb7c lu\u00f4n. \u0110\u1eb7c bi\u1ec7t l\u00e0 trong s\u00e1ch c\u00f3 1 \u0111\u1ed1ng nh\u1eefng cu\u1ed1n s\u00e1ch b\u1ecb giam c\u1ea7m b\u1edfi nh\u1eefng ng\u01b0\u1eddi \u0111\u00fang nh\u01b0 ki\u1ec3u tr\u1ecdc ph\u00fa tri th\u1ee9c m\u00e0 anh 3H n\u00f3i. V\u1ee5 th\u1ee9 nh\u1ea5t l\u00e0 gi\u1ea3i c\u1ee9u s\u00e1ch kh\u1ecfi 1 \u00f4ng x\u01b0ng l\u00e0 nh\u00e0 ph\u00ea b\u00ecnh, khoe th\u00e0nh t\u00edch \u0111\u1ecdc m\u1ea5y v\u1ea1n ngh\u00ecn quy\u1ec3n, to\u00e0n s\u00e1ch \u0111\u1eb9p \u01a1i l\u00e0 \u0111\u1eb9p, nh\u01b0ng b\u1ecb kho\u00e1 k\u0129 trong t\u1ee7, m\u1edbi k\u00ednh coong, ch\u1ea3 bi\u1ebft \u0111\u00e3 \u0111\u01b0\u1ee3c m\u1edf ra bao gi\u1edd ch\u01b0a. L\u1ea1i c\u00f3 nh\u1eefng b\u1ed9 s\u00e1ch m\u1edbi tinh nh\u01b0ng thi\u1ebfu \u0111\u1ea7u h\u1ee5t \u0111u\u00f4i m\u00e0 \u00f4ng \u0111\u00f3 c\u0169ng kh\u00f4ng nh\u1eadn ra, ch\u1ee9ng t\u1ecf ch\u01b0a \u0111\u1ecdc, ho\u1eb7c ch\u01b0a \u0111\u1ecdc h\u1ebft. N\u00f3i chung \u00f4ng n\u00e0y thu\u1ed9c lo\u1ea1i \u0111\u1ebfm s\u1ed1 l\u01b0\u1ee3ng m\u00ecnh \u0111\u1ecdc r\u1ed3i l\u00ean tivi l\u00ean \u0111\u00e0i b\u00e1o khoe \u0111\u1ec3 \u0111\u00e1nh b\u00f3ng t\u00ean tu\u1ed5i. \u0110o\u1ea1n n\u00e0y c\u00f3 v\u1ebb h\u1ee3p v\u1edbi c\u00e1c \u0111\u1ea1i gia ch\u01a1i s\u00e1ch S \u1edf Vi\u1ec7t Nam \ud83e\udd23 \u0110\u00f9a th\u1ebf th\u00f4i ch\u1ee9 em m\u00e0 c\u00f3 ti\u1ec1n em c\u0169ng mua s\u00e1ch S<\/p>\n<p>V\u1ee5 c\u1ee9u s\u00e1ch th\u1ee9 hai l\u00e0 c\u1ee9u kh\u1ecfi \u00f4ng gi\u00e1o s\u01b0 vi\u1ec7n s\u0129 g\u00ec m\u00e0 s\u00e1ng t\u1ea1o ra ph\u01b0\u01a1ng ph\u00e1p \u0111\u1ecdc nhanh, \u0111\u1ecdc nh\u01b0 \u0103n c\u01b0\u1edbp, m\u1ed7i quy\u1ec3n ch\u1ec9 thu l\u1ea1i c\u00f2n 1 d\u00f2ng. \u00d4ng n\u00e0y \u0111\u01b0\u1ee3c m\u00f4 t\u1ea3 nh\u01b0 1 k\u1ebb chuy\u00ean c\u1eaft x\u00e9n, c\u1eaft tan t\u00e0nh nh\u1eefng quy\u1ec3n s\u00e1ch c\u1ee7a ng\u01b0\u1eddi ta. Sau khi \u0111\u01b0\u1ee3c gi\u1ea3i th\u00edch l\u00e0 \u0111\u1ecdc s\u00e1ch c\u0169ng nh\u01b0 leo n\u00fai, kh\u00f4ng ch\u1ec9 t\u00f3m 1 c\u00e2u l\u00e0 xong \u0111\u01b0\u1ee3c, c\u0169ng nh\u01b0 ki\u1ec3u kh\u00f4ng \u0111i c\u00e1p treo ro\u1eb9t 1 c\u00e1i l\u00ean \u0111\u1ebfn \u0111\u1ec9nh n\u00fai \u0111\u01b0\u1ee3c, m\u00e0 \u0111\u1ecdc s\u00e1ch l\u00e0 c\u1ea3m gi\u00e1c h\u1ea1nh ph\u00fac tr\u00ean t\u1eebng b\u01b0\u1edbc ch\u00e2n \u0111i, th\u00ec c\u00e1c cu\u1ed1n s\u00e1ch \u1edf \u0111\u00e2y \u0111\u01b0\u1ee3c gi\u1ea3i c\u1ee9u. Ph\u01b0\u01a1ng ph\u00e1p \u0111\u1ecdc nhanh n\u00e0y h\u00ecnh nh\u01b0 VN c\u0169ng c\u00f3 r\u1ed3i, m\u00e0 kh\u00f4ng bi\u1ebft \u0111\u00e3 ai gi\u1ea3i c\u1ee9u ch\u01b0a \ud83e\udd23<\/p>\n<p>V\u1ee5 gi\u1ea3i c\u1ee9u th\u1ee9 3 l\u00e0 gi\u1ea3i c\u1ee9u s\u00e1ch kh\u1ecfi m\u1ed9t \u201ccon bu\u00f4n s\u00e1ch\u201d, m\u1ed9t k\u1ebb coi s\u00e1ch \u0111\u01a1n thu\u1ea7n l\u00e0 ph\u01b0\u01a1ng th\u1ee9c l\u00e0m gi\u00e0u, c\u1ee9 s\u00e1ch g\u00ec hot l\u00e0 b\u00e1n, \u0111\u00e1nh \u0111\u1ea5m \u0111\u00e2m ch\u00e9m s\u1ebfch si\u1ebfc c\u00e1c ki\u1ec3u, b\u00e1n tu\u1ed1t, mi\u1ec5n mang v\u1ec1 l\u1ee3i nhu\u1eadn l\u00e0 \u0111\u01b0\u1ee3c. <\/p>\n<p>Nh\u01b0ng hay nh\u1ea5t l\u00e0 v\u1ee5 gi\u1ea3i c\u1ee9u cu\u1ed1i c\u00f9ng, gi\u1ea3i c\u1ee9u nh\u1eefng cu\u1ed1n s\u00e1ch trong ch\u00ednh ti\u1ec7m c\u1ee7a ng\u01b0\u1eddi \u0111i gi\u1ea3i c\u1ee9u. C\u1eadu ch\u1ee7 ti\u1ec7m s\u00e1ch \u0111\u1eddi th\u1ee9 2 n\u00e0y, tuy kh\u00f4ng d\u00f9ng \u0111\u00fang c\u1ee5m t\u1eeb \u201ctr\u1ecdc ph\u00fa tri th\u1ee9c\u201d nh\u01b0ng n\u00f3i chung l\u00e0 c\u1eadu \u0111\u00e3 \u201cd\u1ea1y d\u1ed7\u201d 3 anh tr\u1ecdc ph\u00fa tr\u01b0\u1edbc \u0111\u00f3 r\u1ea5t nhi\u1ec1u, nh\u01b0ng cu\u1ed1i c\u00f9ng, ch\u00ednh nh\u1eefng cu\u1ed1n s\u00e1ch \u1edf ti\u1ec7m c\u1ee7a c\u1eadu c\u0169ng c\u1ea7n ph\u1ea3i gi\u1ea3i c\u1ee9u. N\u00f3i chung l\u00e0 m\u1eafng c\u1ea3 l\u00e0ng V\u0169 \u0110\u1ea1i, kh\u00f4ng t\u1eeb ai ra h\u1ebft, \u201cb\u1ee9c x\u00fac kh\u00f4ng l\u00e0m ta v\u00f4 can\u201d \ud83d\ude06<\/p>\n","protected":false},"excerpt":{"rendered":"<p>H\u00ecnh nh\u01b0 anh Ho\u00e0ng H\u1ed1i H\u1eadn vi\u1ebft tr\u1ecdc ph\u00fa tri th\u1ee9c sau khi \u0111\u1ecdc quy\u1ec3n CHUY\u1ec6N CON M\u00c8O L\u1eacP K\u00c8O C\u1ee8U S\u00c1CH \u00fd, m\u00e0 b\u1eadn ch\u01b0a k\u1ecbp \u0111\u1ecdc ch\u01b0\u01a1ng cu\u1ed1i \ud83d\ude06\ud83d\ude06\ud83d\ude06. Em \u0111o\u00e1n ch\u1eafc ph\u1ea3i \u0111\u1ebfn 90% lu\u00f4n. Kh\u00f4ng tin c\u00e1c ch\u1ecb \u0111\u1ecdc m\u00e0 xem. Nh\u1ea5t l\u00e0 anh ch\u1ecb n\u00e0o \u0111\u00e3 tham gia c\u00e2u chuy\u1ec7n v\u1edbi anh HHH, d\u00f9 l\u00e0 \u0111\u1ed3ng t\u00ecnh hay ph\u1ea3n \u0111\u1ed1i. \u0110\u1ecdc \u0111\u1ebfn \u0111o\u1ea1n N\u00edt v\u1edbi C\u0103ng v\u1edbi Zarathustra \u0111\u00e3 n\u00f3i nh\u01b0 th\u1ebf em c\u01b0\u1eddi s\u1eb7c lu\u00f4n. \u0110\u1eb7c bi\u1ec7t l\u00e0 trong s\u00e1ch c\u00f3 1 \u0111\u1ed1ng nh\u1eefng cu\u1ed1n s\u00e1ch b\u1ecb giam c\u1ea7m b\u1edfi nh\u1eefng ng\u01b0\u1eddi \u0111\u00fang nh\u01b0 ki\u1ec3u tr\u1ecdc ph\u00fa tri th\u1ee9c m\u00e0 anh 3H n\u00f3i. V\u1ee5 th\u1ee9 nh\u1ea5t l\u00e0 gi\u1ea3i c\u1ee9u s\u00e1ch kh\u1ecfi 1 \u00f4ng x\u01b0ng l\u00e0 nh\u00e0 ph\u00ea b\u00ecnh, khoe th\u00e0nh t\u00edch \u0111\u1ecdc m\u1ea5y v\u1ea1n ngh\u00ecn quy\u1ec3n, to\u00e0n s\u00e1ch \u0111\u1eb9p \u01a1i l\u00e0 \u0111\u1eb9p, nh\u01b0ng b\u1ecb kho\u00e1 k\u0129 trong t\u1ee7, m\u1edbi k\u00ednh coong, ch\u1ea3 bi\u1ebft \u0111\u00e3 \u0111\u01b0\u1ee3c m\u1edf ra bao gi\u1edd ch\u01b0a. L\u1ea1i c\u00f3 nh\u1eefng b\u1ed9 s\u00e1ch m\u1edbi tinh nh\u01b0ng thi\u1ebfu \u0111\u1ea7u h\u1ee5t \u0111u\u00f4i m\u00e0 \u00f4ng \u0111\u00f3 c\u0169ng kh\u00f4ng nh\u1eadn ra, ch\u1ee9ng t\u1ecf ch\u01b0a \u0111\u1ecdc, ho\u1eb7c ch\u01b0a \u0111\u1ecdc h\u1ebft. N\u00f3i chung \u00f4ng n\u00e0y thu\u1ed9c lo\u1ea1i \u0111\u1ebfm s\u1ed1 l\u01b0\u1ee3ng m\u00ecnh \u0111\u1ecdc r\u1ed3i l\u00ean tivi l\u00ean \u0111\u00e0i b\u00e1o khoe \u0111\u1ec3 \u0111\u00e1nh b\u00f3ng t\u00ean tu\u1ed5i. \u0110o\u1ea1n n\u00e0y c\u00f3 v\u1ebb h\u1ee3p v\u1edbi c\u00e1c \u0111\u1ea1i gia ch\u01a1i s\u00e1ch S \u1edf Vi\u1ec7t Nam \ud83e\udd23 \u0110\u00f9a th\u1ebf th\u00f4i ch\u1ee9 em m\u00e0 c\u00f3 ti\u1ec1n em c\u0169ng mua s\u00e1ch S<\/p>\n<p>V\u1ee5 c\u1ee9u s\u00e1ch th\u1ee9 hai l\u00e0 c\u1ee9u kh\u1ecfi \u00f4ng gi\u00e1o s\u01b0 vi\u1ec7n s\u0129 g\u00ec m\u00e0 s\u00e1ng t\u1ea1o ra ph\u01b0\u01a1ng ph\u00e1p \u0111\u1ecdc nhanh, \u0111\u1ecdc nh\u01b0 \u0103n c\u01b0\u1edbp, m\u1ed7i quy\u1ec3n ch\u1ec9 thu l\u1ea1i c\u00f2n 1 d\u00f2ng. \u00d4ng n\u00e0y \u0111\u01b0\u1ee3c m\u00f4 t\u1ea3 nh\u01b0 1 k\u1ebb chuy\u00ean c\u1eaft x\u00e9n, c\u1eaft tan t\u00e0nh nh\u1eefng quy\u1ec3n s\u00e1ch c\u1ee7a ng\u01b0\u1eddi ta. Sau khi \u0111\u01b0\u1ee3c gi\u1ea3i th\u00edch l\u00e0 \u0111\u1ecdc s\u00e1ch c\u0169ng nh\u01b0 leo n\u00fai, kh\u00f4ng ch\u1ec9 t\u00f3m 1 c\u00e2u l\u00e0 xong \u0111\u01b0\u1ee3c, c\u0169ng nh\u01b0 ki\u1ec3u kh\u00f4ng \u0111i c\u00e1p treo ro\u1eb9t 1 c\u00e1i l\u00ean \u0111\u1ebfn \u0111\u1ec9nh n\u00fai \u0111\u01b0\u1ee3c, m\u00e0 \u0111\u1ecdc s\u00e1ch l\u00e0 c\u1ea3m gi\u00e1c h\u1ea1nh ph\u00fac tr\u00ean t\u1eebng b\u01b0\u1edbc ch\u00e2n \u0111i, th\u00ec c\u00e1c cu\u1ed1n s\u00e1ch \u1edf \u0111\u00e2y \u0111\u01b0\u1ee3c gi\u1ea3i c\u1ee9u. Ph\u01b0\u01a1ng ph\u00e1p \u0111\u1ecdc nhanh n\u00e0y h\u00ecnh nh\u01b0 VN c\u0169ng c\u00f3 r\u1ed3i, m\u00e0 kh\u00f4ng bi\u1ebft \u0111\u00e3 ai gi\u1ea3i c\u1ee9u ch\u01b0a \ud83e\udd23<\/p>\n<p>V\u1ee5 gi\u1ea3i c\u1ee9u th\u1ee9 3 l\u00e0 gi\u1ea3i c\u1ee9u s\u00e1ch kh\u1ecfi m\u1ed9t \u201ccon bu\u00f4n s\u00e1ch\u201d, m\u1ed9t k\u1ebb coi s\u00e1ch \u0111\u01a1n thu\u1ea7n l\u00e0 ph\u01b0\u01a1ng th\u1ee9c l\u00e0m gi\u00e0u, c\u1ee9 s\u00e1ch g\u00ec hot l\u00e0 b\u00e1n, \u0111\u00e1nh \u0111\u1ea5m \u0111\u00e2m ch\u00e9m s\u1ebfch si\u1ebfc c\u00e1c ki\u1ec3u, b\u00e1n tu\u1ed1t, mi\u1ec5n mang v\u1ec1 l\u1ee3i nhu\u1eadn l\u00e0 \u0111\u01b0\u1ee3c. <\/p>\n<p>Nh\u01b0ng hay nh\u1ea5t l\u00e0 v\u1ee5 gi\u1ea3i c\u1ee9u cu\u1ed1i c\u00f9ng, gi\u1ea3i c\u1ee9u nh\u1eefng cu\u1ed1n s\u00e1ch trong ch\u00ednh ti\u1ec7m c\u1ee7a ng\u01b0\u1eddi \u0111i gi\u1ea3i c\u1ee9u. C\u1eadu ch\u1ee7 ti\u1ec7m s\u00e1ch \u0111\u1eddi th\u1ee9 2 n\u00e0y, tuy kh\u00f4ng d\u00f9ng \u0111\u00fang c\u1ee5m t\u1eeb \u201ctr\u1ecdc ph\u00fa tri th\u1ee9c\u201d nh\u01b0ng n\u00f3i chung l\u00e0 c\u1eadu \u0111\u00e3 \u201cd\u1ea1y d\u1ed7\u201d 3 anh tr\u1ecdc ph\u00fa tr\u01b0\u1edbc \u0111\u00f3 r\u1ea5t nhi\u1ec1u, nh\u01b0ng cu\u1ed1i c\u00f9ng, ch\u00ednh nh\u1eefng cu\u1ed1n s\u00e1ch \u1edf ti\u1ec7m c\u1ee7a c\u1eadu c\u0169ng c\u1ea7n ph\u1ea3i gi\u1ea3i c\u1ee9u. N\u00f3i chung l\u00e0 m\u1eafng c\u1ea3 l\u00e0ng V\u0169 \u0110\u1ea1i, kh\u00f4ng t\u1eeb ai ra h\u1ebft, \u201cb\u1ee9c x\u00fac kh\u00f4ng l\u00e0m ta v\u00f4 can\u201d \ud83d\ude06<\/p>\n","protected":false},"featured_media":24065,"template":"","meta":{"_acf_changed":false},"product_brand":[],"product_cat":[17,15,26,45],"product_tag":[83],"class_list":{"0":"post-24066","1":"product","2":"type-product","3":"status-publish","4":"has-post-thumbnail","6":"product_cat-sach-danh-cho-cac-be","7":"product_cat-sach-danh-cho-nguoi-lon","8":"product_cat-thieu-nien-11-tuoi-18-tuoi","9":"product_cat-tieu-thuyet","10":"product_tag-sach-moi-xuat-ban","12":"first","13":"outofstock","14":"taxable","15":"shipping-taxable","16":"purchasable","17":"product-type-simple"},"supplier_id":null,"supplier_sku":"","barcode":null,"atum_controlled":true,"out_stock_date":"2023-07-28 18:02:54","out_stock_threshold":null,"inheritable":false,"inbound_stock":0,"stock_on_hold":0,"sold_today":0,"sales_last_days":0,"reserved_stock":0,"customer_returns":0,"warehouse_damage":0,"lost_in_post":0,"other_logs":0,"out_stock_days":915,"lost_sales":0,"has_location":false,"update_date":"2026-01-28T23:11:16","atum_locations":[],"atum_stock_status":"outofstock","restock_status":false,"low_stock_amount":"","sales_update_date":"2026-01-28T23:11:16","calc_backorders":null,"acf":{"publisher":{"ID":1424,"post_author":"1","post_date":"2021-02-17 00:02:29","post_date_gmt":"2021-02-16 22:02:29","post_content":"<!-- wp:flatsome\/uxbuilder -->\n<h1 style=\"text-align: center\"><strong>Nh\u00e3 Nam<\/strong><\/h1>\n[row]\n\n[col span=\"6\" span__sm=\"12\"]\n\n[ux_image id=\"1438\" image_size=\"medium\"]\n\n\n[\/col]\n[col span=\"6\" span__sm=\"12\"]\n\n<p><strong>C\u00f4ng ty c\u1ed5 ph\u1ea7n V\u0103n h\u00f3a v\u00e0 Truy\u1ec1n th\u00f4ng Nh\u00e3 Nam<\/strong><\/p>\n<p>Th\u00e1ng 2 n\u0103m 2005, Nh\u00e3 Nam, t\u00ean \u0111\u1ea7y \u0111\u1ee7 l\u00e0 C\u00f4ng ty C\u1ed5 ph\u1ea7n V\u0103n h\u00f3a v\u00e0 Truy\u1ec1n th\u00f4ng Nh\u00e3 Nam \u0111\u00e3 gia nh\u1eadp th\u1ecb tr\u01b0\u1eddng s\u00e1ch. T\u00e1c ph\u1ea9m \"Balzac v\u00e0 c\u00f4 b\u00e9 th\u1ee3 may Trung hoa\" c\u1ee7a \u0110\u1edbi T\u01b0 Ki\u1ec7t l\u00e0 cu\u1ed1n s\u00e1ch \u0111\u1ea7u ti\u00ean \u0111\u01b0\u1ee3c nh\u1eefng ng\u01b0\u1eddi s\u00e1ng l\u1eadp Nh\u00e3 Nam xu\u1ea5t b\u1ea3n c\u1ea3 tr\u01b0\u1edbc khi c\u00f4ng ty ra \u0111\u1eddi. Ngay l\u1eadp t\u1ee9c t\u1eeb cu\u1ed1n s\u00e1ch \u0111\u1ea7u ti\u00ean, \u0111\u1ed9c gi\u1ea3 \u0111\u00e3 d\u00e0nh s\u1ef1 quan t\u00e2m v\u00e0 y\u00eau m\u1ebfn cho m\u1ed9t th\u01b0\u01a1ng hi\u1ec7u s\u00e1ch m\u1edbi m\u1ebb mang trong m\u00ecnh kh\u00e1t v\u1ecdng g\u00f3p ph\u1ea7n t\u1ea1o l\u1eadp di\u1ec7n m\u1ea1o m\u1edbi cho xu\u1ea5t b\u1ea3n v\u0103n h\u1ecdc t\u1ea1i Vi\u1ec7t Nam.<\/p>\n<p>L\u00f2ng say m\u00ea c\u1ee7a \u0111\u1ed9i ng\u0169 l\u00e0 vi\u00ean \u0111\u00e1 \u0111\u1ea7u ti\u00ean. Tr\u1ea3i qua m\u1ea5y n\u0103m ph\u00e1t tri\u1ec3n, Nh\u00e3 Nam \u0111\u00e3 \u0111\u01b0\u1ee3c x\u00e2y d\u1ef1ng d\u1ea7n l\u00ean trong di\u1ec7n m\u1ea1o m\u1ed9t nh\u00e0 xu\u1ea5t b\u1ea3n v\u1eefng ch\u00e3i v\u00e0 chuy\u00ean nghi\u1ec7p. S\u00e1u th\u00e1ng sau khi th\u00e0nh l\u1eadp c\u00f4ng ty, Nh\u1eadt k\u00fd \u0110\u1eb7ng Th\u00f9y Tr\u00e2m ra \u0111\u1eddi, t\u1ea1o n\u00ean m\u1ed9t c\u01a1n s\u1ed1t trong x\u00e3 h\u1ed9i, v\u1edbi g\u1ea7n 500,000 b\u1ea3n s\u00e1ch \u0111\u01b0\u1ee3c ph\u00e1t h\u00e0nh, ph\u00e1 m\u1ecdi k\u1ef7 l\u1ee5c v\u1ec1 xu\u1ea5t b\u1ea3n tr\u01b0\u1edbc \u0111\u00f3, k\u00e9o theo m\u1ed9t lo\u1ea1t nh\u1eefng hi\u1ec7u \u1ee9ng x\u00e3 h\u1ed9i v\u00e0 d\u01b0 lu\u1eadn c\u00f3 \u00fd ngh\u0129a. T\u1eeb \u0111\u00f3 tr\u1edf \u0111i, th\u00f4ng qua Nh\u00e3 Nam, c\u00e1c cu\u1ed1n s\u00e1ch v\u0103n h\u1ecdc n\u01b0\u1edbc ngo\u00e0i c\u00f3 gi\u00e1 tr\u1ecb \u0111\u01b0\u1ee3c li\u00ean t\u1ee5c mua b\u1ea3n quy\u1ec1n v\u00e0 xu\u1ea5t b\u1ea3n t\u1ea1i Vi\u1ec7t Nam, thu h\u00fat nhi\u1ec1u t\u1ea7ng l\u1edbp \u0111\u1ed9c gi\u1ea3. S\u00e1ch c\u1ee7a Nh\u00e3 Nam n\u1ed5i b\u1eadt b\u1edfi n\u1ed9i dung v\u0103n h\u1ecdc tinh t\u1ebf, b\u1edfi v\u1ebb \u0111\u1eb9p c\u1ee7a thi\u1ebft k\u1ebf hi\u1ec7n \u0111\u1ea1i \u1edf h\u00ecnh th\u1ee9c, b\u1edfi s\u1ef1 ch\u0103m ch\u00fat k\u1ef9 l\u01b0\u1ee1ng cho m\u1ed7i cu\u1ed1n s\u00e1ch nh\u01b0 m\u1ed9t con thuy\u1ec1n mang t\u1edbi ni\u1ec1m vui, tri th\u1ee9c, ng\u1ea1c nhi\u00ean, v\u00e0 \u0111\u1ed3ng c\u1ea3m.<\/p>\n\n[\/col]\n\n[\/row]\n<p style=\"text-align: left\">Hi\u1ec3u th\u1eddi \u0111\u1ea1i \u0111ang s\u1ed1ng th\u00f4ng qua s\u00e1ch, song h\u00e0nh v\u1edbi nh\u1eefng bi\u1ebfn chuy\u1ec3n s\u00e2u s\u1eafc trong l\u00f2ng x\u00e3 h\u1ed9i b\u1eb1ng nh\u1eefng ho\u1ea1t \u0111\u1ed9ng xu\u1ea5t b\u1ea3n mi\u1ec7t m\u00e0i v\u00e0 qu\u1ea3 c\u1ea3m, con \u0111\u01b0\u1eddng Nh\u00e3 Nam \u0111\u00e3 ch\u1ecdn \u0111\u1ec3 \u0111i s\u1ebd c\u00f2n d\u00e0i. Nhi\u1ec1u kh\u00f3 kh\u0103n, th\u1eed th\u00e1ch \u0111ang \u1edf ph\u00eda tr\u01b0\u1edbc. B\u01b0\u1edbc qua th\u1eddi k\u1ef3 s\u01a1 khai v\u1edbi nh\u1eefng b\u00e0i h\u1ecdc v\u00e0 nh\u1eefng kinh nghi\u1ec7m \u0111\u1ea7u ti\u00ean, Nh\u00e3 Nam gi\u1edd \u0111\u00e3 s\u1eb5n s\u00e0ng cho m\u1ed9t ch\u1eb7ng \u0111\u01b0\u1eddng ph\u00e1t tri\u1ec3n m\u1edbi. V\u00e0 ch\u00fang t\u00f4i mu\u1ed1n ho\u00e0n thi\u1ec7n m\u00ecnh trong s\u1ef1 c\u1ea7u th\u1ecb v\u00e0 c\u1ea9n tr\u1ecdng. T\u1ea5t c\u1ea3 v\u00ec m\u1ed9t gia s\u1ea3n s\u00e1ch to l\u1edbn, c\u00f3 s\u1ee9c s\u1ed1ng d\u00e0i l\u00e2u, c\u00f3 \u00fd ngh\u0129a v\u1edbi nhi\u1ec1u th\u1ebf h\u1ec7 b\u1ea1n \u0111\u1ecdc.<br \/>B\u1edfi v\u00ec s\u00e1ch l\u00e0 th\u1ebf gi\u1edbi.<\/p>\n<p><strong>\u0110\u00e2y l\u00e0 m\u1ed9t nh\u00e0 ph\u00e1t h\u00e0nh s\u00e1ch m\u00e0 SACHVIET.EU r\u1ea5t y\u00eau th\u00edch v\u00e0 tin t\u01b0\u1edfng. Nh\u00ecn \u0111\u01b0\u1ee3c t\u1ea7m \u1ea3nh h\u01b0\u1edfng c\u1ee7a Nh\u00e3 Nam qua t\u1eebng cu\u1ed1n s\u00e1ch, SACHVIET.EU li\u00ean h\u1ec7 h\u1ee3p t\u00e1c ngay v\u1edbi Nh\u00e3 Nam \u0111\u1ec3 \u0111em to\u00e0n b\u1ed9 nh\u1eefng t\u00e1c ph\u1ea9m m\u1edbi, hay nh\u1ea5t m\u00e0 Nh\u00e3 Nam c\u00f3 sang Ch\u00e2u \u00c2u, \u0111\u01b0a \u0111\u1ebfn cho \u0111\u1ed9c gi\u1ea3 c\u00f3 nhi\u1ec1u s\u1ef1 l\u1ef1a ch\u1ecdn phong ph\u00fa h\u01a1n c\u1ea3 s\u00e1ch cho tr\u1ebb em l\u1eabn ng\u01b0\u1eddi l\u1edbn.\u00a0<\/strong><\/p>\n\n<!-- \/wp:flatsome\/uxbuilder -->","post_title":"Nh\u00e3 Nam","post_excerpt":"","post_status":"publish","comment_status":"closed","ping_status":"closed","post_password":"","post_name":"nha-nam","to_ping":"","pinged":"","post_modified":"2022-12-19 23:15:33","post_modified_gmt":"2022-12-19 21:15:33","post_content_filtered":"","post_parent":0,"guid":"https:\/\/sachviet.eu\/?post_type=publisher&#038;p=1424","menu_order":0,"post_type":"publisher","post_mime_type":"","comment_count":"0","filter":"raw"}},"_links":{"self":[{"href":"https:\/\/sachviet.eu\/en\/wp-json\/wp\/v2\/product\/24066","targetHints":{"allow":["GET"]}}],"collection":[{"href":"https:\/\/sachviet.eu\/en\/wp-json\/wp\/v2\/product"}],"about":[{"href":"https:\/\/sachviet.eu\/en\/wp-json\/wp\/v2\/types\/product"}],"wp:featuredmedia":[{"embeddable":true,"href":"https:\/\/sachviet.eu\/en\/wp-json\/wp\/v2\/media\/24065"}],"wp:attachment":[{"href":"https:\/\/sachviet.eu\/en\/wp-json\/wp\/v2\/media?parent=24066"}],"wp:term":[{"taxonomy":"product_brand","embeddable":true,"href":"https:\/\/sachviet.eu\/en\/wp-json\/wp\/v2\/product_brand?post=24066"},{"taxonomy":"product_cat","embeddable":true,"href":"https:\/\/sachviet.eu\/en\/wp-json\/wp\/v2\/product_cat?post=24066"},{"taxonomy":"product_tag","embeddable":true,"href":"https:\/\/sachviet.eu\/en\/wp-json\/wp\/v2\/product_tag?post=24066"}],"curies":[{"name":"wp","href":"https:\/\/api.w.org\/{rel}","templated":true}]}}