{"id":24064,"date":"2023-06-28T22:53:39","date_gmt":"2023-06-28T19:53:39","guid":{"rendered":"https:\/\/sachviet.eu\/shop\/thuat-thao-tung-goc-toi-an-sau-moi-cau-noi\/"},"modified":"2025-04-13T12:20:17","modified_gmt":"2025-04-13T09:20:17","slug":"thuat-thao-tung-goc-toi-an-sau-moi-cau-noi","status":"publish","type":"product","link":"https:\/\/sachviet.eu\/en\/shop\/thuat-thao-tung-goc-toi-an-sau-moi-cau-noi\/","title":{"rendered":"Thu\u1eadt Thao T\u00fang &#8211; G\u00f3c T\u1ed1i \u1ea8n Sau M\u1ed7i C\u00e2u N\u00f3i"},"content":{"rendered":"<p>\u0110\u00e2y l\u00e0 quy\u1ec3n s\u00e1ch ch\u1ee9a \u0111\u1ef1ng \u0111\u00e1p \u00e1n m\u00e0 b\u1ea1n mong mu\u1ed1n. Thu\u1eadt thao t\u00fang s\u1ebd gi\u00fap b\u1ea1n thu\u1ea7n th\u1ee5c c\u00e1c k\u1ef9 n\u0103ng thu\u1ed9c b\u1ed9 m\u00f4n \u201cngh\u1ec7 thu\u1eadt\u201d l\u00e0m ch\u1ee7 c\u1ea3m x\u00fac, l\u00e0m ch\u1ee7 v\u1eadn m\u1ec7nh, \u0111i\u1ec1u ch\u1ec9nh t\u00e2m l\u00fd v\u00e0 \u0111\u1ea1t \u0111\u01b0\u1ee3c th\u1ee9 b\u1ea1n mu\u1ed1n m\u1ed9t c\u00e1ch tinh vi: thao t\u00fang t\u00e2m l\u00fd ng\u01b0\u1eddi \u0111\u1ed1i di\u1ec7n, khi\u1ebfn h\u1ecd h\u00e0nh \u0111\u1ed9ng theo h\u01b0\u1edbng ta mong \u0111\u1ee3i. Kh\u00f4ng nh\u1eefng v\u1eady, quy\u1ec3n s\u00e1ch c\u00f2n gi\u00fap b\u1ea1n nh\u00ecn nh\u1eadn l\u1ea1i v\u1ec1 \u0111\u1ecbnh ngh\u0129a thao t\u00fang, nh\u1eefng t\u1ed1t-x\u1ea5u \u1ea9n gi\u1ea5u \u0111\u1eb1ng sau v\u00e0 gi\u1ea3i \u0111\u00e1p v\u1ea5n \u0111\u1ec1 \u0111\u1ea1o \u0111\u1ee9c con ng\u01b0\u1eddi m\u00e0 b\u1ea1n lu\u00f4n tr\u0103n tr\u1edf khi th\u1ef1c hi\u1ec7n nh\u1eefng h\u00e0nh vi n\u00e0y. B\u1eadt m\u00ed, con ng\u01b0\u1eddi khi v\u1eeba sinh ra \u0111\u00e3 l\u00e0m m\u1ed9t thao t\u00e1c thao t\u00fang t\u00e2m l\u00fd ng\u01b0\u1eddi kh\u00e1c r\u1ed3i \u0111\u1ea5y!<\/p>\n<p>C\u00f3 th\u1ec3 b\u1ea1n ch\u01b0a bi\u1ebft, b\u1ea1n \u0111\u00e3 v\u00e0 \u0111ang thao t\u00fang ng\u01b0\u1eddi kh\u00e1c ho\u1eb7c b\u1ecb ng\u01b0\u1eddi kh\u00e1c thao t\u00fang th\u00f4ng qua c\u1eed ch\u1ec9 ng\u00f4n h\u00e0nh m\u1ed7i ng\u00e0y, nh\u01b0-m\u1ed9t-tr\u00f2-\u0111\u00f9a.<\/p>\n<p>C\u00f3 th\u1ec3 b\u1ea1n ch\u01b0a bi\u1ebft, n\u1ea1n nh\u00e2n b\u1ecb thao t\u00fang ch\u01b0a ch\u1eafc \u0111\u00e3 r\u01a1i v\u00e0o t\u00ecnh th\u1ebf b\u1ea5t l\u1ee3i, nh\u01b0ng r\u01a1i v\u00e0o t\u00ecnh th\u1ebf b\u1ea5t l\u1ee3i ch\u1eafc ch\u1eafn \u0111\u00e3 b\u1ecb thao t\u00fang.<\/p>\n<p>C\u00f3 th\u1ec3 b\u1ea1n ch\u01b0a bi\u1ebft, ng\u01b0\u1eddi c\u00f3 \u0111\u1ea1o \u0111\u1ee9c ch\u1eafc ch\u1eafn kh\u00f4ng thao t\u00fang ng\u01b0\u1eddi kh\u00e1c, nh\u01b0ng k\u1ebb thao t\u00fang ng\u01b0\u1eddi kh\u00e1c ch\u01b0a ch\u1eafc \u0111\u00e3 v\u00f4 \u0111\u1ea1o \u0111\u1ee9c.<\/p>\n<p>V\u1edbi 10 k\u1ef9 n\u0103ng v\u00e0 37 th\u1ee7 thu\u1eadt, Thu\u1eadt thao t\u00fang s\u1ebd gi\u00fap b\u1ea1n nh\u1eadn ra v\u00e0 tho\u00e1t kh\u1ecfi nh\u1eefng suy ngh\u0129 x\u1ea5u xa n\u01a1i ti\u1ec1m th\u1ee9c c\u1ee7a ch\u00ednh m\u00ecnh, \u0111\u1ed3ng th\u1eddi v\u1ea1ch tr\u1ea7n g\u00f3c t\u1ed1i \u1ea9n gi\u1ea5u sau m\u1ed7i c\u00e2u n\u00f3i c\u1ee7a \u0111\u1ed1i ph\u01b0\u01a1ng, \u0111\u01b0a nh\u1eefng chi\u00eau tr\u00f2 thao t\u00fang \u1ea5y ra \u00e1nh s\u00e1ng \u0111\u1ec3 m\u1ecdi ng\u01b0\u1eddi kh\u00f4ng l\u1ea7n n\u1eefa r\u01a1i v\u00e0o c\u1ea1m b\u1eaby. H\u01a1n c\u1ea3, quy\u1ec3n s\u00e1ch n\u00e0y s\u1ebd d\u1eabn l\u1ed1i b\u1ea1n tr\u1edf th\u00e0nh m\u1ed9t \u201cngh\u1ec7 nh\u00e2n\u201d thao t\u00fang c\u00f3 \u0111\u1ea1o \u0111\u1ee9c.<\/p>\n","protected":false},"excerpt":{"rendered":"<p>\u0110\u00e2y l\u00e0 quy\u1ec3n s\u00e1ch ch\u1ee9a \u0111\u1ef1ng \u0111\u00e1p \u00e1n m\u00e0 b\u1ea1n mong mu\u1ed1n. Thu\u1eadt thao t\u00fang s\u1ebd gi\u00fap b\u1ea1n thu\u1ea7n th\u1ee5c c\u00e1c k\u1ef9 n\u0103ng thu\u1ed9c b\u1ed9 m\u00f4n \u201cngh\u1ec7 thu\u1eadt\u201d l\u00e0m ch\u1ee7 c\u1ea3m x\u00fac, l\u00e0m ch\u1ee7 v\u1eadn m\u1ec7nh, \u0111i\u1ec1u ch\u1ec9nh t\u00e2m l\u00fd v\u00e0 \u0111\u1ea1t \u0111\u01b0\u1ee3c th\u1ee9 b\u1ea1n mu\u1ed1n m\u1ed9t c\u00e1ch tinh vi: thao t\u00fang t\u00e2m l\u00fd ng\u01b0\u1eddi \u0111\u1ed1i di\u1ec7n, khi\u1ebfn h\u1ecd h\u00e0nh \u0111\u1ed9ng theo h\u01b0\u1edbng ta mong \u0111\u1ee3i. Kh\u00f4ng nh\u1eefng v\u1eady, quy\u1ec3n s\u00e1ch c\u00f2n gi\u00fap b\u1ea1n nh\u00ecn nh\u1eadn l\u1ea1i v\u1ec1 \u0111\u1ecbnh ngh\u0129a thao t\u00fang, nh\u1eefng t\u1ed1t-x\u1ea5u \u1ea9n gi\u1ea5u \u0111\u1eb1ng sau v\u00e0 gi\u1ea3i \u0111\u00e1p v\u1ea5n \u0111\u1ec1 \u0111\u1ea1o \u0111\u1ee9c con ng\u01b0\u1eddi m\u00e0 b\u1ea1n lu\u00f4n tr\u0103n tr\u1edf khi th\u1ef1c hi\u1ec7n nh\u1eefng h\u00e0nh vi n\u00e0y. B\u1eadt m\u00ed, con ng\u01b0\u1eddi khi v\u1eeba sinh ra \u0111\u00e3 l\u00e0m m\u1ed9t thao t\u00e1c thao t\u00fang t\u00e2m l\u00fd ng\u01b0\u1eddi kh\u00e1c r\u1ed3i \u0111\u1ea5y!<\/p>\n<p>C\u00f3 th\u1ec3 b\u1ea1n ch\u01b0a bi\u1ebft, b\u1ea1n \u0111\u00e3 v\u00e0 \u0111ang thao t\u00fang ng\u01b0\u1eddi kh\u00e1c ho\u1eb7c b\u1ecb ng\u01b0\u1eddi kh\u00e1c thao t\u00fang th\u00f4ng qua c\u1eed ch\u1ec9 ng\u00f4n h\u00e0nh m\u1ed7i ng\u00e0y, nh\u01b0-m\u1ed9t-tr\u00f2-\u0111\u00f9a.<\/p>\n<p>C\u00f3 th\u1ec3 b\u1ea1n ch\u01b0a bi\u1ebft, n\u1ea1n nh\u00e2n b\u1ecb thao t\u00fang ch\u01b0a ch\u1eafc \u0111\u00e3 r\u01a1i v\u00e0o t\u00ecnh th\u1ebf b\u1ea5t l\u1ee3i, nh\u01b0ng r\u01a1i v\u00e0o t\u00ecnh th\u1ebf b\u1ea5t l\u1ee3i ch\u1eafc ch\u1eafn \u0111\u00e3 b\u1ecb thao t\u00fang.<\/p>\n<p>C\u00f3 th\u1ec3 b\u1ea1n ch\u01b0a bi\u1ebft, ng\u01b0\u1eddi c\u00f3 \u0111\u1ea1o \u0111\u1ee9c ch\u1eafc ch\u1eafn kh\u00f4ng thao t\u00fang ng\u01b0\u1eddi kh\u00e1c, nh\u01b0ng k\u1ebb thao t\u00fang ng\u01b0\u1eddi kh\u00e1c ch\u01b0a ch\u1eafc \u0111\u00e3 v\u00f4 \u0111\u1ea1o \u0111\u1ee9c.<\/p>\n<p>V\u1edbi 10 k\u1ef9 n\u0103ng v\u00e0 37 th\u1ee7 thu\u1eadt, Thu\u1eadt thao t\u00fang s\u1ebd gi\u00fap b\u1ea1n nh\u1eadn ra v\u00e0 tho\u00e1t kh\u1ecfi nh\u1eefng suy ngh\u0129 x\u1ea5u xa n\u01a1i ti\u1ec1m th\u1ee9c c\u1ee7a ch\u00ednh m\u00ecnh, \u0111\u1ed3ng th\u1eddi v\u1ea1ch tr\u1ea7n g\u00f3c t\u1ed1i \u1ea9n gi\u1ea5u sau m\u1ed7i c\u00e2u n\u00f3i c\u1ee7a \u0111\u1ed1i ph\u01b0\u01a1ng, \u0111\u01b0a nh\u1eefng chi\u00eau tr\u00f2 thao t\u00fang \u1ea5y ra \u00e1nh s\u00e1ng \u0111\u1ec3 m\u1ecdi ng\u01b0\u1eddi kh\u00f4ng l\u1ea7n n\u1eefa r\u01a1i v\u00e0o c\u1ea1m b\u1eaby. H\u01a1n c\u1ea3, quy\u1ec3n s\u00e1ch n\u00e0y s\u1ebd d\u1eabn l\u1ed1i b\u1ea1n tr\u1edf th\u00e0nh m\u1ed9t \u201cngh\u1ec7 nh\u00e2n\u201d thao t\u00fang c\u00f3 \u0111\u1ea1o \u0111\u1ee9c.<\/p>\n","protected":false},"featured_media":24063,"template":"","meta":{"_acf_changed":false},"product_brand":[],"product_cat":[18,15,46],"product_tag":[83],"class_list":{"0":"post-24064","1":"product","2":"type-product","3":"status-publish","4":"has-post-thumbnail","6":"product_cat-kinh-te","7":"product_cat-sach-danh-cho-nguoi-lon","8":"product_cat-ky-nang-song","9":"product_tag-sach-moi-xuat-ban","11":"first","12":"outofstock","13":"taxable","14":"shipping-taxable","15":"purchasable","16":"product-type-simple"},"supplier_id":null,"supplier_sku":"","barcode":null,"atum_controlled":true,"out_stock_date":"2023-10-22 19:07:15","out_stock_threshold":null,"inheritable":false,"inbound_stock":0,"stock_on_hold":0,"sold_today":0,"sales_last_days":0,"reserved_stock":0,"customer_returns":0,"warehouse_damage":0,"lost_in_post":0,"other_logs":0,"out_stock_days":829,"lost_sales":0,"has_location":false,"update_date":"2026-01-28T23:11:28","atum_locations":[],"atum_stock_status":"outofstock","restock_status":false,"low_stock_amount":"","sales_update_date":"2026-01-28T23:11:28","calc_backorders":null,"acf":{"publisher":{"ID":1785,"post_author":"1","post_date":"2021-02-17 01:54:46","post_date_gmt":"2021-02-16 23:54:46","post_content":"<!-- wp:flatsome\/uxbuilder -->\n<h1 style=\"text-align: center;\"><strong>AZ VIETNAM<\/strong><\/h1>\n[row]\n\n[col span=\"8\" span__sm=\"12\"]\n\n<p>Th\u00e0nh l\u1eadp n\u0103m: 2015<br \/>V\u1ed1n \u0111\u1ea7u t\u01b0: 4,000,000,000 \u0111\u1ed3ng<br \/><strong>L\u0129nh v\u1ef1c:<\/strong><br \/>- Xu\u1ea5t b\u1ea3n v\u00e0 ph\u00e1t h\u00e0nh v\u0103n h\u00f3a ph\u1ea9m<br \/>- Cung c\u1ea5p v\u0103n h\u00f3a ph\u1ea9m, c\u00e1c s\u1ea3n ph\u1ea9m cho in \u1ea5n, trang thi\u1ebft b\u1ecb cho c\u00e1c th\u01b0 vi\u1ec7n v\u00e0 trung t\u00e2m s\u00e1ch tr\u00ean c\u1ea3 n\u01b0\u1edbc.<br \/>- Th\u1eddi trang v\u00e0 c\u00e1c s\u1ea3n ph\u1ea9m li\u00ean quan \u0111\u1ebfn l\u0129nh v\u1ef1c th\u1eddi trang<br \/>- Xu\u1ea5t nh\u1eadp kh\u1ea9u c\u00e1c s\u1ea3n ph\u1ea9m v\u0103n h\u00f3a<\/p>\n<p><strong>Quy m\u00f4:<\/strong> 60 nh\u00e2n vi\u00ean<br \/>Kh\u1edfi ngu\u1ed3n c\u1ee7a AZ Vi\u1ec7t Nam ng\u00e0y nay l\u00e0 C\u00f4ng ty TNHH Trung t\u00e2m S\u00e1ch v\u00e0 Thi\u1ebft b\u1ecb Th\u01b0 vi\u1ec7n, v\u1edbi ho\u1ea1t \u0111\u1ed9ng \u0111\u1ea7u ti\u00ean l\u00e0 cung c\u1ea5p s\u00e1ch, trang thi\u1ebft b\u1ecb, v\u0103n h\u00f3a ph\u1ea9m cho c\u00e1c th\u01b0 vi\u1ec7n v\u00e0 trung t\u00e2m s\u00e1ch tr\u00ean c\u1ea3 n\u01b0\u1edbc. T\u1eeb cu\u1ed1i n\u0103m 2010 \u0111\u1ebfn nay, ch\u00fang t\u00f4i \u0111\u00e3 kh\u00f4ng ng\u1eebng n\u1ed7 l\u1ef1c khai ph\u00e1 v\u00e0 ph\u00e1t tri\u1ec3n c\u00e1c d\u00f2ng s\u1ea3n ph\u1ea9m m\u1edbi v\u1edbi 8 th\u01b0\u01a1ng hi\u1ec7u uy t\u00edn. \u0110\u1ec3 \u0111\u00e1p \u1ee9ng nhu c\u1ea7u ph\u00e1t tri\u1ec3n ng\u00e0y m\u1ed9t l\u1edbn m\u1ea1nh v\u00e0 t\u1eadp h\u1ee3p c\u00e1c th\u01b0\u01a1ng hi\u1ec7u \u0111\u00e3 \u0111\u01b0\u1ee3c ch\u00fang t\u00f4i x\u00e2y d\u1ef1ng, 2015 C\u00f4ng ty TNHH AZ Vi\u1ec7t Nam \u0111\u00e3 ra \u0111\u1eddi v\u1edbi s\u1ee9 m\u1ec7nh mang \u0111\u1ebfn nhi\u1ec1u h\u01a1n n\u1eefa nh\u1eefng gi\u00e1 tr\u1ecb tinh th\u1ea7n, tri th\u1ee9c ti\u00ean ti\u1ebfn cho ng\u01b0\u1eddi ti\u00eau d\u00f9ng b\u1eb1ng vi\u1ec7c cung c\u1ea5p nh\u1eefng s\u1ea3n ph\u1ea9m c\u00f3 ch\u1ea5t l\u01b0\u1ee3ng.<\/p>\n\n[\/col]\n[col span=\"4\" span__sm=\"12\"]\n\n[ux_image id=\"1836\" image_size=\"medium\"]\n\n\n[\/col]\n\n[\/row]\n\n<!-- \/wp:flatsome\/uxbuilder -->","post_title":"AZ Vi\u1ec7t Nam","post_excerpt":"","post_status":"publish","comment_status":"closed","ping_status":"closed","post_password":"","post_name":"az-viet-nam","to_ping":"","pinged":"","post_modified":"2021-02-17 22:07:10","post_modified_gmt":"2021-02-17 20:07:10","post_content_filtered":"","post_parent":0,"guid":"https:\/\/sachviet.eu\/nha-phat-hanh\/az-viet-nam\/","menu_order":0,"post_type":"publisher","post_mime_type":"","comment_count":"0","filter":"raw"}},"_links":{"self":[{"href":"https:\/\/sachviet.eu\/en\/wp-json\/wp\/v2\/product\/24064","targetHints":{"allow":["GET"]}}],"collection":[{"href":"https:\/\/sachviet.eu\/en\/wp-json\/wp\/v2\/product"}],"about":[{"href":"https:\/\/sachviet.eu\/en\/wp-json\/wp\/v2\/types\/product"}],"wp:featuredmedia":[{"embeddable":true,"href":"https:\/\/sachviet.eu\/en\/wp-json\/wp\/v2\/media\/24063"}],"wp:attachment":[{"href":"https:\/\/sachviet.eu\/en\/wp-json\/wp\/v2\/media?parent=24064"}],"wp:term":[{"taxonomy":"product_brand","embeddable":true,"href":"https:\/\/sachviet.eu\/en\/wp-json\/wp\/v2\/product_brand?post=24064"},{"taxonomy":"product_cat","embeddable":true,"href":"https:\/\/sachviet.eu\/en\/wp-json\/wp\/v2\/product_cat?post=24064"},{"taxonomy":"product_tag","embeddable":true,"href":"https:\/\/sachviet.eu\/en\/wp-json\/wp\/v2\/product_tag?post=24064"}],"curies":[{"name":"wp","href":"https:\/\/api.w.org\/{rel}","templated":true}]}}