{"id":24058,"date":"2023-06-28T22:53:19","date_gmt":"2023-06-28T19:53:19","guid":{"rendered":"https:\/\/sachviet.eu\/shop\/giai-phong-bo-nao-khoi-tu-duy-doc-hai\/"},"modified":"2023-09-28T06:37:43","modified_gmt":"2023-09-28T03:37:43","slug":"giai-phong-bo-nao-khoi-tu-duy-doc-hai","status":"publish","type":"product","link":"https:\/\/sachviet.eu\/en\/shop\/giai-phong-bo-nao-khoi-tu-duy-doc-hai\/","title":{"rendered":"Gi\u1ea3i Ph\u00f3ng B\u1ed9 N\u00e3o Kh\u1ecfi T\u01b0 Duy \u0110\u1ed9c H\u1ea1i"},"content":{"rendered":"<p>Gi\u1ea3i ph\u00f3ng b\u1ed9 n\u00e3o kh\u1ecfi t\u01b0 duy \u0111\u1ed9c h\u1ea1i s\u1ebd gi\u00fap b\u1ea1n t\u1eadp trung v\u00e0o vi\u1ec7c khai th\u00e1c ngu\u1ed3n g\u1ed1c g\u00e2y ra n\u1ed7i s\u1ee3 \u0111\u1ec3 ch\u1ea5p nh\u1eadn v\u00e0 kh\u1eafc ph\u1ee5c ch\u00fang, gi\u00fap b\u1ea1n ki\u1ec3m so\u00e1t c\u00e1c suy ngh\u0129 ti\u00eau c\u1ef1c v\u00e0 c\u1ea3i thi\u1ec7n c\u00e1c m\u1ed1i quan h\u1ec7 x\u00e3 h\u1ed9i. Kh\u00f4ng l\u00fd thuy\u1ebft kh\u00f4 khan, cu\u1ed1n s\u00e1ch s\u1eed d\u1ee5ng ch\u00ednh nh\u1eefng t\u00ecnh hu\u1ed1ng \u0111\u1eddi th\u01b0\u1eddng \u0111\u1ec3 h\u01b0\u1edbng d\u1eabn b\u1ea1n c\u00e1ch gi\u1ea3i ph\u00f3ng t\u00e2m tr\u00ed kh\u1ecfi n\u1ed7i s\u1ee3 h\u00e3i v\u00e0 cho th\u1ea5y m\u1ed9t c\u00e1ch ti\u1ebfp c\u1eadn cu\u1ed9c s\u1ed1ng kh\u00e1c. H\u00e3y c\u00f9ng kh\u00e1m ph\u00e1 cu\u1ed1n s\u00e1ch v\u00e0 b\u1eaft \u0111\u1ea7u thay \u0111\u1ed5i t\u01b0 duy c\u1ee7a b\u1ea1n ngay b\u00e2y gi\u1edd!<\/p>\n","protected":false},"excerpt":{"rendered":"<p>Gi\u1ea3i ph\u00f3ng b\u1ed9 n\u00e3o kh\u1ecfi t\u01b0 duy \u0111\u1ed9c h\u1ea1i s\u1ebd gi\u00fap b\u1ea1n t\u1eadp trung v\u00e0o vi\u1ec7c khai th\u00e1c ngu\u1ed3n g\u1ed1c g\u00e2y ra n\u1ed7i s\u1ee3 \u0111\u1ec3 ch\u1ea5p nh\u1eadn v\u00e0 kh\u1eafc ph\u1ee5c ch\u00fang, gi\u00fap b\u1ea1n ki\u1ec3m so\u00e1t c\u00e1c suy ngh\u0129 ti\u00eau c\u1ef1c v\u00e0 c\u1ea3i thi\u1ec7n c\u00e1c m\u1ed1i quan h\u1ec7 x\u00e3 h\u1ed9i. Kh\u00f4ng l\u00fd thuy\u1ebft kh\u00f4 khan, cu\u1ed1n s\u00e1ch s\u1eed d\u1ee5ng ch\u00ednh nh\u1eefng t\u00ecnh hu\u1ed1ng \u0111\u1eddi th\u01b0\u1eddng \u0111\u1ec3 h\u01b0\u1edbng d\u1eabn b\u1ea1n c\u00e1ch gi\u1ea3i ph\u00f3ng t\u00e2m tr\u00ed kh\u1ecfi n\u1ed7i s\u1ee3 h\u00e3i v\u00e0 cho th\u1ea5y m\u1ed9t c\u00e1ch ti\u1ebfp c\u1eadn cu\u1ed9c s\u1ed1ng kh\u00e1c. H\u00e3y c\u00f9ng kh\u00e1m ph\u00e1 cu\u1ed1n s\u00e1ch v\u00e0 b\u1eaft \u0111\u1ea7u thay \u0111\u1ed5i t\u01b0 duy c\u1ee7a b\u1ea1n ngay b\u00e2y gi\u1edd!<\/p>\n","protected":false},"featured_media":24057,"template":"","meta":{"_acf_changed":false},"product_brand":[],"product_cat":[15,46],"product_tag":[83],"class_list":{"0":"post-24058","1":"product","2":"type-product","3":"status-publish","4":"has-post-thumbnail","6":"product_cat-sach-danh-cho-nguoi-lon","7":"product_cat-ky-nang-song","8":"product_tag-sach-moi-xuat-ban","10":"first","11":"outofstock","12":"taxable","13":"shipping-taxable","14":"purchasable","15":"product-type-simple"},"supplier_id":null,"supplier_sku":"","barcode":null,"atum_controlled":true,"out_stock_date":"2023-09-28 03:37:43","out_stock_threshold":null,"inheritable":false,"inbound_stock":0,"stock_on_hold":0,"sold_today":0,"sales_last_days":0,"reserved_stock":0,"customer_returns":0,"warehouse_damage":0,"lost_in_post":0,"other_logs":0,"out_stock_days":853,"lost_sales":0,"has_location":false,"update_date":"2026-01-28T23:11:16","atum_locations":[],"atum_stock_status":"outofstock","restock_status":false,"low_stock_amount":"","sales_update_date":"2026-01-28T23:11:16","calc_backorders":null,"acf":{"publisher":{"ID":4030,"post_author":"1","post_date":"2021-03-02 03:51:27","post_date_gmt":"2021-03-02 01:51:27","post_content":"","post_title":"1980 Books","post_excerpt":"","post_status":"publish","comment_status":"closed","ping_status":"closed","post_password":"","post_name":"1980-books","to_ping":"","pinged":"","post_modified":"2021-03-02 03:51:27","post_modified_gmt":"2021-03-02 01:51:27","post_content_filtered":"","post_parent":0,"guid":"https:\/\/sachviet.eu\/nha-phat-hanh\/1980-books\/","menu_order":0,"post_type":"publisher","post_mime_type":"","comment_count":"0","filter":"raw"}},"_links":{"self":[{"href":"https:\/\/sachviet.eu\/en\/wp-json\/wp\/v2\/product\/24058","targetHints":{"allow":["GET"]}}],"collection":[{"href":"https:\/\/sachviet.eu\/en\/wp-json\/wp\/v2\/product"}],"about":[{"href":"https:\/\/sachviet.eu\/en\/wp-json\/wp\/v2\/types\/product"}],"wp:featuredmedia":[{"embeddable":true,"href":"https:\/\/sachviet.eu\/en\/wp-json\/wp\/v2\/media\/24057"}],"wp:attachment":[{"href":"https:\/\/sachviet.eu\/en\/wp-json\/wp\/v2\/media?parent=24058"}],"wp:term":[{"taxonomy":"product_brand","embeddable":true,"href":"https:\/\/sachviet.eu\/en\/wp-json\/wp\/v2\/product_brand?post=24058"},{"taxonomy":"product_cat","embeddable":true,"href":"https:\/\/sachviet.eu\/en\/wp-json\/wp\/v2\/product_cat?post=24058"},{"taxonomy":"product_tag","embeddable":true,"href":"https:\/\/sachviet.eu\/en\/wp-json\/wp\/v2\/product_tag?post=24058"}],"curies":[{"name":"wp","href":"https:\/\/api.w.org\/{rel}","templated":true}]}}