{"id":24047,"date":"2023-06-28T22:52:49","date_gmt":"2023-06-28T19:52:49","guid":{"rendered":"https:\/\/sachviet.eu\/shop\/combo-05-cuon-soi-xam-soi-xam-sot-sang-san-soi-xam-xoay-xo-song-soi-xam-suc-son-xanh-soi-xam-xon-xang-soi-xam-sieu-xui-xeo\/"},"modified":"2023-11-27T21:06:01","modified_gmt":"2023-11-27T19:06:01","slug":"combo-05-cuon-soi-xam-soi-xam-sot-sang-san-soi-xam-xoay-xo-song-soi-xam-suc-son-xanh-soi-xam-xon-xang-soi-xam-sieu-xui-xeo","status":"publish","type":"product","link":"https:\/\/sachviet.eu\/en\/shop\/combo-05-cuon-soi-xam-soi-xam-sot-sang-san-soi-xam-xoay-xo-song-soi-xam-suc-son-xanh-soi-xam-xon-xang-soi-xam-sieu-xui-xeo\/","title":{"rendered":"Combo 05 cu\u1ed1n S\u00f3i X\u00e1m: S\u00f3i X\u00e1m s\u1ed1t s\u1eafng s\u0103n, S\u00f3i X\u00e1m xoay x\u1edf s\u1ed1ng, S\u00f3i X\u00e1m s\u1ee5c s\u01a1n xanh, S\u00f3i X\u00e1m x\u1ed1n xang, S\u00f3i X\u00e1m si\u00eau xui x\u1ebbo"},"content":{"rendered":"<p>Lo\u00e0i s\u00f3i th\u00f4ng minh, tinh qu\u00e1i v\u00e0 ki\u1ebfm m\u1ed3i r\u1ea5t gi\u1ecfi \u01b0? V\u1eady th\u00ec ch\u00fa S\u00f3i X\u00e1m trong series s\u00e1ch tranh n\u00e0y s\u1ebd khi\u1ebfn b\u1ea1n ph\u1ea3i ngh\u0129 l\u1ea1i \u0111\u1ea5y! B\u1edfi \u0111\u00f3 l\u00e0 con s\u00f3i XUI X\u1ebaO \u2013 V\u1ee4NG V\u1ec0 &#8211; NG\u1ed0C NGH\u1ebeCH v\u00e0 \u0111\u1ed3ng th\u1eddi c\u0169ng \u0110\u00c1NG TH\u01af\u01a0NG nh\u1ea5t tr\u1ea7n \u0111\u1eddi! 5 c\u00e2u chuy\u1ec7n h\u00e0i h\u01b0\u1edbc, d\u00ed d\u1ecfm v\u1ec1 nh\u1eefng ng\u00e0y th\u00e1ng \u0111en \u0111\u1ee7i c\u1ee7a S\u00f3i X\u00e1m s\u1ebd mang t\u1edbi cho c\u00e1c b\u1ea1n \u0111\u1ecdc nh\u1eefng tr\u00e0ng c\u01b0\u1eddi x\u1ea3 l\u00e1ng, v\u00e0 ch\u1eafc ch\u1eafn b\u1ea1n s\u1ebd y\u00eau m\u1ebfn c\u00e1i xui x\u1ebbo, ng\u1edd ngh\u1ec7ch r\u1ea5t d\u1ec5 th\u01b0\u01a1ng c\u1ee7a S\u00f3i ta l\u00fac n\u00e0o kh\u00f4ng hay \u0111\u1ea5y nh\u00e9!<br \/>\nM\u1eddi c\u00e1c b\u1ea1n \u0111\u00f3n \u0111\u1ecdc tr\u1ecdn b\u1ed9:<br \/>\n\u2022    S\u00f3i X\u00e1m si\u00eau xui x\u1ebbo<br \/>\n\u2022    S\u00f3i X\u00e1m s\u1ed1t s\u1eafng s\u0103n<br \/>\n\u2022    S\u00f3i X\u00e1m s\u1ee5c s\u01a1n xanh<br \/>\n\u2022    S\u00f3i X\u00e1m xoay x\u1edf s\u1ed1ng<br \/>\n\u2022    S\u00f3i X\u00e1m x\u1ed1n xang<\/p>\n","protected":false},"excerpt":{"rendered":"<p>Lo\u00e0i s\u00f3i th\u00f4ng minh, tinh qu\u00e1i v\u00e0 ki\u1ebfm m\u1ed3i r\u1ea5t gi\u1ecfi \u01b0? V\u1eady th\u00ec ch\u00fa S\u00f3i X\u00e1m trong series s\u00e1ch tranh n\u00e0y s\u1ebd khi\u1ebfn b\u1ea1n ph\u1ea3i ngh\u0129 l\u1ea1i \u0111\u1ea5y! B\u1edfi \u0111\u00f3 l\u00e0 con s\u00f3i XUI X\u1ebaO \u2013 V\u1ee4NG V\u1ec0 &#8211; NG\u1ed0C NGH\u1ebeCH v\u00e0 \u0111\u1ed3ng th\u1eddi c\u0169ng \u0110\u00c1NG TH\u01af\u01a0NG nh\u1ea5t tr\u1ea7n \u0111\u1eddi! 5 c\u00e2u chuy\u1ec7n h\u00e0i h\u01b0\u1edbc, d\u00ed d\u1ecfm v\u1ec1 nh\u1eefng ng\u00e0y th\u00e1ng \u0111en \u0111\u1ee7i c\u1ee7a S\u00f3i X\u00e1m s\u1ebd mang t\u1edbi cho c\u00e1c b\u1ea1n \u0111\u1ecdc nh\u1eefng tr\u00e0ng c\u01b0\u1eddi x\u1ea3 l\u00e1ng, v\u00e0 ch\u1eafc ch\u1eafn b\u1ea1n s\u1ebd y\u00eau m\u1ebfn c\u00e1i xui x\u1ebbo, ng\u1edd ngh\u1ec7ch r\u1ea5t d\u1ec5 th\u01b0\u01a1ng c\u1ee7a S\u00f3i ta l\u00fac n\u00e0o kh\u00f4ng hay \u0111\u1ea5y nh\u00e9!<br \/>\nM\u1eddi c\u00e1c b\u1ea1n \u0111\u00f3n \u0111\u1ecdc tr\u1ecdn b\u1ed9:<br \/>\n\u2022    S\u00f3i X\u00e1m si\u00eau xui x\u1ebbo<br \/>\n\u2022    S\u00f3i X\u00e1m s\u1ed1t s\u1eafng s\u0103n<br \/>\n\u2022    S\u00f3i X\u00e1m s\u1ee5c s\u01a1n xanh<br \/>\n\u2022    S\u00f3i X\u00e1m xoay x\u1edf s\u1ed1ng<br \/>\n\u2022    S\u00f3i X\u00e1m x\u1ed1n xang<\/p>\n","protected":false},"featured_media":24046,"template":"","meta":{"_acf_changed":false},"product_brand":[],"product_cat":[25,17,26],"product_tag":[83],"class_list":{"0":"post-24047","1":"product","2":"type-product","3":"status-publish","4":"has-post-thumbnail","6":"product_cat-nhi-dong-6-tuoi-12-tuoi","7":"product_cat-sach-danh-cho-cac-be","8":"product_cat-thieu-nien-11-tuoi-18-tuoi","9":"product_tag-sach-moi-xuat-ban","11":"first","12":"outofstock","13":"taxable","14":"shipping-taxable","15":"purchasable","16":"product-type-simple"},"supplier_id":null,"supplier_sku":"","barcode":null,"atum_controlled":true,"out_stock_date":"2023-11-27 19:06:01","out_stock_threshold":null,"inheritable":false,"inbound_stock":0,"stock_on_hold":0,"sold_today":0,"sales_last_days":0,"reserved_stock":0,"customer_returns":0,"warehouse_damage":0,"lost_in_post":0,"other_logs":0,"out_stock_days":793,"lost_sales":0,"has_location":false,"update_date":"2026-01-28T23:11:16","atum_locations":[],"atum_stock_status":"outofstock","restock_status":false,"low_stock_amount":"","sales_update_date":"2026-01-28T23:11:16","calc_backorders":null,"acf":{"publisher":{"ID":1454,"post_author":"1","post_date":"2021-02-17 01:11:34","post_date_gmt":"2021-02-16 23:11:34","post_content":"<!-- wp:flatsome\/uxbuilder -->\n<h1 style=\"text-align: center;\"><strong>Kim \u0110\u1ed3ng<\/strong><\/h1>\n[row]\n\n[col span=\"3\" span__sm=\"12\"]\n\n[ux_image id=\"1534\" image_size=\"medium\"]\n\n\n[\/col]\n[col span=\"9\" span__sm=\"12\"]\n\n<p>Nh\u00e0 xu\u1ea5t b\u1ea3n Kim \u0110\u1ed3ng tr\u1ef1c thu\u1ed9c Trung \u01b0\u01a1ng \u0110o\u00e0n TNCS H\u1ed3 Ch\u00ed Minh l\u00e0 Nh\u00e0 xu\u1ea5t b\u1ea3n t\u1ed5ng h\u1ee3p c\u00f3 ch\u1ee9c n\u0103ng xu\u1ea5t b\u1ea3n s\u00e1ch v\u00e0 v\u0103n h\u00f3a ph\u1ea9m ph\u1ee5c v\u1ee5 thi\u1ebfu nhi v\u00e0 c\u00e1c b\u1eadc ph\u1ee5 huynh trong c\u1ea3 n\u01b0\u1edbc, qu\u1ea3ng b\u00e1 v\u00e0 gi\u1edbi thi\u1ec7u v\u0103n h\u00f3a Vi\u1ec7t Nam ra th\u1ebf gi\u1edbi.<br \/>Nh\u00e0 xu\u1ea5t b\u1ea3n c\u00f3 nhi\u1ec7m v\u1ee5 t\u1ed5 ch\u1ee9c b\u1ea3n th\u1ea3o, bi\u00ean so\u1ea1n, bi\u00ean d\u1ecbch, xu\u1ea5t b\u1ea3n v\u00e0 ph\u00e1t h\u00e0nh c\u00e1c xu\u1ea5t b\u1ea3n ph\u1ea9m c\u00f3 n\u1ed9i dung: gi\u00e1o d\u1ee5c truy\u1ec1n th\u1ed1ng d\u00e2n t\u1ed9c, gi\u00e1o d\u1ee5c v\u1ec1 tri th\u1ee9c, ki\u1ebfn th\u1ee9c\u2026 tr\u00ean c\u00e1c l\u0129nh v\u1ef1c v\u0103n h\u1ecdc, ngh\u1ec7 thu\u1eadt, khoa h\u1ecdc k\u1ef9 thu\u1eadt nh\u1eb1m cung c\u1ea5p cho c\u00e1c em thi\u1ebfu nhi c\u0169ng nh\u01b0 c\u00e1c b\u1eadc ph\u1ee5 huynh c\u00e1c ki\u1ebfn th\u1ee9c c\u1ea7n thi\u1ebft trong cu\u1ed9c s\u1ed1ng, nh\u1eefng tinh hoa c\u1ee7a tri th\u1ee9c nh\u00e2n lo\u1ea1i nh\u1eb1m g\u00f3p ph\u1ea7n gi\u00e1o d\u1ee5c v\u00e0 h\u00ecnh th\u00e0nh nh\u00e2n c\u00e1ch th\u1ebf h\u1ec7 tr\u1ebb.<br \/>\u0110\u1ed1i t\u01b0\u1ee3ng ph\u1ee5c v\u1ee5 c\u1ee7a Nh\u00e0 xu\u1ea5t b\u1ea3n l\u00e0 c\u00e1c em t\u1eeb tu\u1ed5i nh\u00e0 tr\u1ebb m\u1eabu gi\u00e1o (1 \u0111\u1ebfn 5 tu\u1ed5i), nhi \u0111\u1ed3ng (6 \u0111\u1ebfn 9 tu\u1ed5i), thi\u1ebfu ni\u00ean (10 \u0111\u1ebfn 15 tu\u1ed5i) \u0111\u1ebfn c\u00e1c em tu\u1ed5i m\u1edbi l\u1edbn (16 \u0111\u1ebfn 18 tu\u1ed5i) v\u00e0 c\u00e1c b\u1eadc ph\u1ee5 huynh.<\/p>\n\n[\/col]\n\n[\/row]\n\n<!-- \/wp:flatsome\/uxbuilder -->","post_title":"Kim \u0110\u1ed3ng","post_excerpt":"","post_status":"publish","comment_status":"closed","ping_status":"closed","post_password":"","post_name":"kim-dong","to_ping":"","pinged":"","post_modified":"2021-02-17 01:31:56","post_modified_gmt":"2021-02-16 23:31:56","post_content_filtered":"","post_parent":0,"guid":"https:\/\/sachviet.eu\/nha-phat-hanh\/kim-dong\/","menu_order":0,"post_type":"publisher","post_mime_type":"","comment_count":"0","filter":"raw"}},"_links":{"self":[{"href":"https:\/\/sachviet.eu\/en\/wp-json\/wp\/v2\/product\/24047","targetHints":{"allow":["GET"]}}],"collection":[{"href":"https:\/\/sachviet.eu\/en\/wp-json\/wp\/v2\/product"}],"about":[{"href":"https:\/\/sachviet.eu\/en\/wp-json\/wp\/v2\/types\/product"}],"wp:featuredmedia":[{"embeddable":true,"href":"https:\/\/sachviet.eu\/en\/wp-json\/wp\/v2\/media\/24046"}],"wp:attachment":[{"href":"https:\/\/sachviet.eu\/en\/wp-json\/wp\/v2\/media?parent=24047"}],"wp:term":[{"taxonomy":"product_brand","embeddable":true,"href":"https:\/\/sachviet.eu\/en\/wp-json\/wp\/v2\/product_brand?post=24047"},{"taxonomy":"product_cat","embeddable":true,"href":"https:\/\/sachviet.eu\/en\/wp-json\/wp\/v2\/product_cat?post=24047"},{"taxonomy":"product_tag","embeddable":true,"href":"https:\/\/sachviet.eu\/en\/wp-json\/wp\/v2\/product_tag?post=24047"}],"curies":[{"name":"wp","href":"https:\/\/api.w.org\/{rel}","templated":true}]}}