{"id":24045,"date":"2023-06-28T22:52:43","date_gmt":"2023-06-28T19:52:43","guid":{"rendered":"https:\/\/sachviet.eu\/shop\/luoc-su-vu-tru-bang-hinh-hanh-trinh-vuot-khong-gian-va-thoi-gian\/"},"modified":"2024-04-18T14:29:38","modified_gmt":"2024-04-18T11:29:38","slug":"luoc-su-vu-tru-bang-hinh-hanh-trinh-vuot-khong-gian-va-thoi-gian","status":"publish","type":"product","link":"https:\/\/sachviet.eu\/en\/shop\/luoc-su-vu-tru-bang-hinh-hanh-trinh-vuot-khong-gian-va-thoi-gian\/","title":{"rendered":"L\u01af\u1ee2C S\u1eec V\u0168 TR\u1ee4 B\u1eb0NG H\u00ccNH &#8211; H\u00c0NH TR\u00ccNH V\u01af\u1ee2T KH\u00d4NG GIAN V\u00c0 TH\u1edcI GIAN"},"content":{"rendered":"<p>\u201cV\u1ee5 N\u1ed5 L\u1edbn\u201d l\u1edbn \u0111\u1ebfn m\u1ee9c n\u00e0o? M\u1eb7t Tr\u1eddi, M\u1eb7t Tr\u0103ng v\u00e0 c\u00e1c h\u00e0nh tinh trong h\u1ec7 M\u1eb7t Tr\u1eddi c\u1ee7a ch\u00fang ta \u0111\u1ebfn t\u1eeb \u0111\u00e2u? Li\u1ec7u nh\u00e2n lo\u1ea1i c\u00f3 \u0111\u01a1n \u0111\u1ed9c trong v\u0169 tr\u1ee5 n\u00e0y?<br \/>\nC\u00e2u chuy\u1ec7n v\u0129 \u0111\u1ea1i nh\u1ea5t ch\u00ednh l\u00e0 c\u00e2u chuy\u1ec7n v\u1ec1 to\u00e0n b\u1ed9 v\u0169 tr\u1ee5. V\u0169 tr\u1ee5 l\u00e0 t\u1ea5t c\u1ea3 nh\u1eefng g\u00ec t\u1ed3n t\u1ea1i trong kh\u00f4ng gian, v\u00e0 theo nh\u01b0 ch\u00fang ta bi\u1ebft, l\u00e0 t\u1ea5t c\u1ea3 nh\u1eefng g\u00ec \u0111\u00e3 t\u1eebng t\u1ed3n t\u1ea1i trong th\u1eddi gian. N\u00f3 bao la r\u1ed9ng l\u1edbn kh\u00f4ng th\u1ec3 t\u01b0\u1edfng t\u01b0\u1ee3ng \u0111\u01b0\u1ee3c, \u0111\u1ea7y \u1eafp nh\u1eefng \u0111i\u1ec1u k\u00ec th\u00fa v\u00e0 b\u00ed \u1ea9n \u0111\u00e3 m\u00ea ho\u1eb7c con ng\u01b0\u1eddi t\u1eeb h\u00e0ng ngh\u00ecn n\u0103m nay.<br \/>\nL\u01b0\u1ee3c S\u1eed V\u0169 Tr\u1ee5 B\u1eb1ng H\u00ecnh &#8211; H\u00e0nh Tr\u00ecnh V\u01b0\u1ee3t Kh\u00f4ng Gian V\u00e0 Th\u1eddi Gian k\u1ec3 l\u1ea1i cho b\u1ea1n \u0111\u1ecdc c\u00e2u chuy\u1ec7n v\u1ec1 v\u0169 tr\u1ee5 c\u1ee7a ch\u00fang ta, t\u1eeb ngu\u1ed3n g\u1ed1c c\u1ee7a v\u1eadt ch\u1ea5t v\u00e0 n\u0103ng l\u01b0\u1ee3ng cho \u0111\u1ebfn nh\u1eefng \u0111i\u1ec1u k\u00ec di\u1ec7u kh\u00e1c. Th\u00f4ng qua nh\u1eefng b\u1ee9c tranh minh h\u1ecda k\u00ec v\u0129 v\u1ec1 kh\u00f4ng gian v\u0169 tr\u1ee5 v\u00e0 n\u1ed9i dung ki\u1ebfn th\u1ee9c khoa h\u1ecdc m\u1edbi m\u1ebb, ch\u00fang ta s\u1ebd \u0111\u01b0\u1ee3c kh\u00e1m ph\u00e1 nguy\u00ean l\u00ed khoa h\u1ecdc ph\u00eda sau m\u1ecdi th\u1ee9, t\u1eeb h\u1ea1t quark nh\u1ecf b\u00e9 \u0111\u1ebfn c\u00e1c si\u00eau t\u00e2n tinh \u0111\u1ed3 s\u1ed9, v\u00e0 nh\u00ecn s\u00e2u h\u01a1n v\u00e0o nh\u1eefng b\u00ed \u1ea9n v\u1eabn ch\u01b0a \u0111\u01b0\u1ee3c gi\u1ea3i \u0111\u00e1p. <\/p>\n","protected":false},"excerpt":{"rendered":"<p>\u201cV\u1ee5 N\u1ed5 L\u1edbn\u201d l\u1edbn \u0111\u1ebfn m\u1ee9c n\u00e0o? M\u1eb7t Tr\u1eddi, M\u1eb7t Tr\u0103ng v\u00e0 c\u00e1c h\u00e0nh tinh trong h\u1ec7 M\u1eb7t Tr\u1eddi c\u1ee7a ch\u00fang ta \u0111\u1ebfn t\u1eeb \u0111\u00e2u? Li\u1ec7u nh\u00e2n lo\u1ea1i c\u00f3 \u0111\u01a1n \u0111\u1ed9c trong v\u0169 tr\u1ee5 n\u00e0y?<br \/>\nC\u00e2u chuy\u1ec7n v\u0129 \u0111\u1ea1i nh\u1ea5t ch\u00ednh l\u00e0 c\u00e2u chuy\u1ec7n v\u1ec1 to\u00e0n b\u1ed9 v\u0169 tr\u1ee5. V\u0169 tr\u1ee5 l\u00e0 t\u1ea5t c\u1ea3 nh\u1eefng g\u00ec t\u1ed3n t\u1ea1i trong kh\u00f4ng gian, v\u00e0 theo nh\u01b0 ch\u00fang ta bi\u1ebft, l\u00e0 t\u1ea5t c\u1ea3 nh\u1eefng g\u00ec \u0111\u00e3 t\u1eebng t\u1ed3n t\u1ea1i trong th\u1eddi gian. N\u00f3 bao la r\u1ed9ng l\u1edbn kh\u00f4ng th\u1ec3 t\u01b0\u1edfng t\u01b0\u1ee3ng \u0111\u01b0\u1ee3c, \u0111\u1ea7y \u1eafp nh\u1eefng \u0111i\u1ec1u k\u00ec th\u00fa v\u00e0 b\u00ed \u1ea9n \u0111\u00e3 m\u00ea ho\u1eb7c con ng\u01b0\u1eddi t\u1eeb h\u00e0ng ngh\u00ecn n\u0103m nay.<br \/>\nL\u01b0\u1ee3c S\u1eed V\u0169 Tr\u1ee5 B\u1eb1ng H\u00ecnh &#8211; H\u00e0nh Tr\u00ecnh V\u01b0\u1ee3t Kh\u00f4ng Gian V\u00e0 Th\u1eddi Gian k\u1ec3 l\u1ea1i cho b\u1ea1n \u0111\u1ecdc c\u00e2u chuy\u1ec7n v\u1ec1 v\u0169 tr\u1ee5 c\u1ee7a ch\u00fang ta, t\u1eeb ngu\u1ed3n g\u1ed1c c\u1ee7a v\u1eadt ch\u1ea5t v\u00e0 n\u0103ng l\u01b0\u1ee3ng cho \u0111\u1ebfn nh\u1eefng \u0111i\u1ec1u k\u00ec di\u1ec7u kh\u00e1c. Th\u00f4ng qua nh\u1eefng b\u1ee9c tranh minh h\u1ecda k\u00ec v\u0129 v\u1ec1 kh\u00f4ng gian v\u0169 tr\u1ee5 v\u00e0 n\u1ed9i dung ki\u1ebfn th\u1ee9c khoa h\u1ecdc m\u1edbi m\u1ebb, ch\u00fang ta s\u1ebd \u0111\u01b0\u1ee3c kh\u00e1m ph\u00e1 nguy\u00ean l\u00ed khoa h\u1ecdc ph\u00eda sau m\u1ecdi th\u1ee9, t\u1eeb h\u1ea1t quark nh\u1ecf b\u00e9 \u0111\u1ebfn c\u00e1c si\u00eau t\u00e2n tinh \u0111\u1ed3 s\u1ed9, v\u00e0 nh\u00ecn s\u00e2u h\u01a1n v\u00e0o nh\u1eefng b\u00ed \u1ea9n v\u1eabn ch\u01b0a \u0111\u01b0\u1ee3c gi\u1ea3i \u0111\u00e1p.<\/p>\n","protected":false},"featured_media":24044,"template":"","meta":{"_acf_changed":false},"product_brand":[],"product_cat":[20,18,25,17,26],"product_tag":[83],"class_list":{"0":"post-24045","1":"product","2":"type-product","3":"status-publish","4":"has-post-thumbnail","6":"product_cat-be-vua-hoc-vua-choi","7":"product_cat-kinh-te","8":"product_cat-nhi-dong-6-tuoi-12-tuoi","9":"product_cat-sach-danh-cho-cac-be","10":"product_cat-thieu-nien-11-tuoi-18-tuoi","11":"product_tag-sach-moi-xuat-ban","13":"first","14":"outofstock","15":"taxable","16":"shipping-taxable","17":"purchasable","18":"product-type-simple"},"supplier_id":null,"supplier_sku":"","barcode":null,"atum_controlled":true,"out_stock_date":"2024-04-18 11:29:39","out_stock_threshold":null,"inheritable":false,"inbound_stock":0,"stock_on_hold":0,"sold_today":0,"sales_last_days":0,"reserved_stock":0,"customer_returns":0,"warehouse_damage":0,"lost_in_post":0,"other_logs":0,"out_stock_days":650,"lost_sales":0,"has_location":false,"update_date":"2026-01-28T23:11:16","atum_locations":[],"atum_stock_status":"outofstock","restock_status":false,"low_stock_amount":"","sales_update_date":"2026-01-28T23:11:16","calc_backorders":null,"acf":{"publisher":{"ID":1454,"post_author":"1","post_date":"2021-02-17 01:11:34","post_date_gmt":"2021-02-16 23:11:34","post_content":"<!-- wp:flatsome\/uxbuilder -->\n<h1 style=\"text-align: center;\"><strong>Kim \u0110\u1ed3ng<\/strong><\/h1>\n[row]\n\n[col span=\"3\" span__sm=\"12\"]\n\n[ux_image id=\"1534\" image_size=\"medium\"]\n\n\n[\/col]\n[col span=\"9\" span__sm=\"12\"]\n\n<p>Nh\u00e0 xu\u1ea5t b\u1ea3n Kim \u0110\u1ed3ng tr\u1ef1c thu\u1ed9c Trung \u01b0\u01a1ng \u0110o\u00e0n TNCS H\u1ed3 Ch\u00ed Minh l\u00e0 Nh\u00e0 xu\u1ea5t b\u1ea3n t\u1ed5ng h\u1ee3p c\u00f3 ch\u1ee9c n\u0103ng xu\u1ea5t b\u1ea3n s\u00e1ch v\u00e0 v\u0103n h\u00f3a ph\u1ea9m ph\u1ee5c v\u1ee5 thi\u1ebfu nhi v\u00e0 c\u00e1c b\u1eadc ph\u1ee5 huynh trong c\u1ea3 n\u01b0\u1edbc, qu\u1ea3ng b\u00e1 v\u00e0 gi\u1edbi thi\u1ec7u v\u0103n h\u00f3a Vi\u1ec7t Nam ra th\u1ebf gi\u1edbi.<br \/>Nh\u00e0 xu\u1ea5t b\u1ea3n c\u00f3 nhi\u1ec7m v\u1ee5 t\u1ed5 ch\u1ee9c b\u1ea3n th\u1ea3o, bi\u00ean so\u1ea1n, bi\u00ean d\u1ecbch, xu\u1ea5t b\u1ea3n v\u00e0 ph\u00e1t h\u00e0nh c\u00e1c xu\u1ea5t b\u1ea3n ph\u1ea9m c\u00f3 n\u1ed9i dung: gi\u00e1o d\u1ee5c truy\u1ec1n th\u1ed1ng d\u00e2n t\u1ed9c, gi\u00e1o d\u1ee5c v\u1ec1 tri th\u1ee9c, ki\u1ebfn th\u1ee9c\u2026 tr\u00ean c\u00e1c l\u0129nh v\u1ef1c v\u0103n h\u1ecdc, ngh\u1ec7 thu\u1eadt, khoa h\u1ecdc k\u1ef9 thu\u1eadt nh\u1eb1m cung c\u1ea5p cho c\u00e1c em thi\u1ebfu nhi c\u0169ng nh\u01b0 c\u00e1c b\u1eadc ph\u1ee5 huynh c\u00e1c ki\u1ebfn th\u1ee9c c\u1ea7n thi\u1ebft trong cu\u1ed9c s\u1ed1ng, nh\u1eefng tinh hoa c\u1ee7a tri th\u1ee9c nh\u00e2n lo\u1ea1i nh\u1eb1m g\u00f3p ph\u1ea7n gi\u00e1o d\u1ee5c v\u00e0 h\u00ecnh th\u00e0nh nh\u00e2n c\u00e1ch th\u1ebf h\u1ec7 tr\u1ebb.<br \/>\u0110\u1ed1i t\u01b0\u1ee3ng ph\u1ee5c v\u1ee5 c\u1ee7a Nh\u00e0 xu\u1ea5t b\u1ea3n l\u00e0 c\u00e1c em t\u1eeb tu\u1ed5i nh\u00e0 tr\u1ebb m\u1eabu gi\u00e1o (1 \u0111\u1ebfn 5 tu\u1ed5i), nhi \u0111\u1ed3ng (6 \u0111\u1ebfn 9 tu\u1ed5i), thi\u1ebfu ni\u00ean (10 \u0111\u1ebfn 15 tu\u1ed5i) \u0111\u1ebfn c\u00e1c em tu\u1ed5i m\u1edbi l\u1edbn (16 \u0111\u1ebfn 18 tu\u1ed5i) v\u00e0 c\u00e1c b\u1eadc ph\u1ee5 huynh.<\/p>\n\n[\/col]\n\n[\/row]\n\n<!-- \/wp:flatsome\/uxbuilder -->","post_title":"Kim \u0110\u1ed3ng","post_excerpt":"","post_status":"publish","comment_status":"closed","ping_status":"closed","post_password":"","post_name":"kim-dong","to_ping":"","pinged":"","post_modified":"2021-02-17 01:31:56","post_modified_gmt":"2021-02-16 23:31:56","post_content_filtered":"","post_parent":0,"guid":"https:\/\/sachviet.eu\/nha-phat-hanh\/kim-dong\/","menu_order":0,"post_type":"publisher","post_mime_type":"","comment_count":"0","filter":"raw"}},"_links":{"self":[{"href":"https:\/\/sachviet.eu\/en\/wp-json\/wp\/v2\/product\/24045","targetHints":{"allow":["GET"]}}],"collection":[{"href":"https:\/\/sachviet.eu\/en\/wp-json\/wp\/v2\/product"}],"about":[{"href":"https:\/\/sachviet.eu\/en\/wp-json\/wp\/v2\/types\/product"}],"wp:featuredmedia":[{"embeddable":true,"href":"https:\/\/sachviet.eu\/en\/wp-json\/wp\/v2\/media\/24044"}],"wp:attachment":[{"href":"https:\/\/sachviet.eu\/en\/wp-json\/wp\/v2\/media?parent=24045"}],"wp:term":[{"taxonomy":"product_brand","embeddable":true,"href":"https:\/\/sachviet.eu\/en\/wp-json\/wp\/v2\/product_brand?post=24045"},{"taxonomy":"product_cat","embeddable":true,"href":"https:\/\/sachviet.eu\/en\/wp-json\/wp\/v2\/product_cat?post=24045"},{"taxonomy":"product_tag","embeddable":true,"href":"https:\/\/sachviet.eu\/en\/wp-json\/wp\/v2\/product_tag?post=24045"}],"curies":[{"name":"wp","href":"https:\/\/api.w.org\/{rel}","templated":true}]}}