{"id":24039,"date":"2023-06-28T22:52:30","date_gmt":"2023-06-28T19:52:30","guid":{"rendered":"https:\/\/sachviet.eu\/shop\/combo-vui-suot-ca-bon-mua-4-quyen\/"},"modified":"2025-04-24T12:28:52","modified_gmt":"2025-04-24T09:28:52","slug":"combo-vui-suot-ca-bon-mua-4-quyen","status":"publish","type":"product","link":"https:\/\/sachviet.eu\/en\/shop\/combo-vui-suot-ca-bon-mua-4-quyen\/","title":{"rendered":"COMBO VUI SU\u1ed0T C\u1ea2 B\u1ed0N M\u00d9A (4 QUY\u1ec2N)"},"content":{"rendered":"<p>\u2022    Vui su\u1ed1t c\u1ea3 b\u1ed1n m\u00f9a: B\u1eefa ti\u1ec7c m\u00f9a xu\u00e2n<br \/>\nTh\u1eddi ti\u1ebft \u0111ang \u1ea5m d\u1ea7n, c\u00e2y c\u1ed1i \u0111\u00e2m ch\u1ed3i n\u1ea3y l\u1ed9c xanh m\u01a1n m\u1edfn. S\u1eafc m\u00e0u c\u1ee7a m\u00f9a xu\u00e2n len l\u1ecfi \u00f9a v\u1ec1 kh\u1eafp m\u1ecdi n\u01a1i. Hoa \u0111ang \u0103n s\u00e1ng trong nh\u00e0, nh\u01b0ng tr\u00e1i tim c\u00f4 b\u00e9 v\u1ed1n \u0111\u00e3 nh\u1ea3y nh\u00f3t ngo\u00e0i c\u1eeda s\u1ed5 t\u1eeb bao gi\u1edd. Th\u1eddi ti\u1ebft \u0111\u1eb9p, n\u1eafng \u1ea5m v\u00e0 \u0111\u1ed3 \u0103n ngon, b\u00e9 mu\u1ed1n r\u1ee7 ai \u0111i d\u00e3 ngo\u1ea1i?<br \/>\n\u2022    Vui su\u1ed1t c\u1ea3 b\u1ed1n m\u00f9a: Ti\u1ec7c d\u01b0a h\u1ea5u m\u00f9a h\u00e8<br \/>\nB\u00e9 th\u00edch l\u00e0m g\u00ec nh\u1ea5t v\u00e0o m\u00f9a h\u00e8? L\u00e0n n\u01b0\u1edbc su\u1ed1i tr\u00f4ng th\u1eadt m\u00e1t, Hoa mu\u1ed1n ra ngo\u00e0i d\u1ea1o ch\u01a1i. Ch\u00fa th\u1ecf Xu\u00e2n \u00f4m m\u1ed9t qu\u1ea3 c\u1ea7u m\u00e0u xanh b\u00f3ng lo\u00e1ng l\u1ea1i g\u1ea7n, h\u00f3a ra \u0111\u00f3 ch\u00ednh l\u00e0 tr\u00e1i d\u01b0a h\u1ea5u r\u00f5 to. Hai b\u1ea1n c\u00f9ng nhau vui \u0111\u00f9a b\u00ean d\u00f2ng su\u1ed1i v\u00e0 ng\u00e2m d\u01b0a trong l\u00e0n n\u01b0\u1edbc, \u0111\u1ecbnh b\u1ee5ng khi n\u00e0o ch\u01a1i m\u1ec7t s\u1ebd th\u01b0\u1edfng th\u1ee9c nh\u1eefng mi\u1ebfng d\u01b0a m\u00e1t l\u1ea1nh. Ai d\u00e8, qu\u1ea3 d\u01b0a l\u1ea1i tr\u00f4i \u0111i m\u1ea5t&#8230; Ph\u1ea3i l\u00e0m sao b\u00e2y gi\u1edd?<br \/>\n\u2022    Vui su\u1ed1t c\u1ea3 b\u1ed1n m\u00f9a: M\u00f9a thu ph\u00e9p thu\u1eadt<br \/>\nB\u1ea7u tr\u1eddi b\u1ed7ng cao v\u1eddi v\u1ee3i, nh\u1eefng l\u00e0n gi\u00f3 m\u00e1t l\u1ea1nh th\u1ed5i \u0111\u1ebfn, l\u00e1 v\u00e0ng ph\u1ee7 k\u00edn m\u1eb7t \u0111\u1ea5t&#8230; M\u00f9a thu \u0111\u00e3 \u0111\u1ebfn r\u1ed3i! N\u00fai r\u1eebng thay m\u00e0u \u00e1o m\u1edbi. B\u00e9 Hoa v\u00e0 ch\u00fa th\u1ecf Xu\u00e2n \u0111\u00e3 c\u00f3 m\u1ed9t cu\u1ed9c phi\u00eau l\u01b0u nho nh\u1ecf \u0111\u1ec3 kh\u00e1m ph\u00e1 xem m\u00f9a thu th\u1ea7n k\u00ec \u0111\u1ebfn nh\u01b0\u1eddng n\u00e0o!<br \/>\n\u2022    Vui su\u1ed1t c\u1ea3 b\u1ed1n m\u00f9a: M\u00f9a \u0111\u00f4ng \u1ea5m \u00e1p s\u1ebb chia<br \/>\nM\u00f9a \u0111\u00f4ng \u0111\u1ebfn r\u1ed3i, c\u1ea3 khu r\u1eebng tr\u1edf n\u00ean tr\u1ea7m l\u1eafng h\u01a1n. M\u1eb7t tr\u1eddi thi tho\u1ea3ng m\u1edbi l\u00f3 r\u1ea1ng. N\u1ec1n tr\u1eddi x\u00e1m x\u1ecbt c\u1ee7a m\u00f9a \u0111\u00f4ng khi\u1ebfn ng\u01b0\u1eddi ta c\u00e0ng mong t\u1ee5 h\u1ecdp b\u1ea1n b\u00e8. Hoa \u0111eo chi\u1ebfc kh\u0103n qu\u00e0ng c\u1ed5 \u0111\u1eb9p \u01a1i l\u00e0 \u0111\u1eb9p, Xu\u00e2n c\u0169ng mu\u1ed1n c\u00f3 m\u1ed9t chi\u1ebfc nh\u01b0 th\u1ebf. V\u00ec v\u1eady, hai b\u1ea1n d\u00e1n th\u01b0 m\u1eddi b\u1ea1n b\u00e8 trong r\u1eebng t\u1edbi nh\u00e0 b\u00e0 \u0111\u1ec3 tham gia l\u1ec5 h\u1ed9i \u0111\u1ed5i qu\u00e0. C\u00e1c b\u1ea1n nh\u1ecf \u0111\u1ec1u h\u00e1o h\u1ee9c mu\u1ed1n \u0111\u1ed5i \u0111\u01b0\u1ee3c m\u00f3n qu\u00e0 tuy\u1ec7t nh\u1ea5t. Nh\u01b0ng m\u00f3n qu\u00e0 tuy\u1ec7t nh\u1ea5t l\u00e0 g\u00ec nh\u1ec9? Mang th\u1ee9 m\u00ecnh th\u00edch nh\u1ea5t t\u1eb7ng b\u1ea1n ch\u00ednh l\u00e0 m\u00f3n qu\u00e0 tuy\u1ec7t nh\u1ea5t sao?<br \/>\nM\u1ed9t n\u0103m c\u00f3 b\u1ed1n m\u00f9a, v\u00e0 m\u1ed7i m\u00f9a l\u1ea1i c\u00f3 nh\u1eefng di\u1ec7n m\u1ea1o, nh\u1eefng m\u00e0u s\u1eafc, nh\u1eefng c\u00e2u chuy\u1ec7n kh\u00e1c nhau. Em h\u00e3y c\u00f9ng t\u00ecm hi\u1ec3u trong b\u1ed9 s\u00e1ch d\u1ec5 th\u01b0\u01a1ng, ng\u1eadp tr\u00e0n s\u1eafc m\u00e0u n\u00e0y c\u00f9ng b\u00e9 Hoa v\u00e0 b\u1ea1n th\u1ecf Xu\u00e2n nh\u00e9!<br \/>\nCombo Vui Su\u1ed1t C\u1ea3 B\u1ed1n M\u00f9a (4 Cu\u1ed1n) g\u1ed3m:<br \/>\n\u2022    Vui su\u1ed1t c\u1ea3 b\u1ed1n m\u00f9a: B\u1eefa ti\u1ec7c m\u00f9a xu\u00e2n<br \/>\n\u2022    Vui su\u1ed1t c\u1ea3 b\u1ed1n m\u00f9a: Ti\u1ec7c d\u01b0a h\u1ea5u m\u00f9a h\u00e8<br \/>\n\u2022    Vui su\u1ed1t c\u1ea3 b\u1ed1n m\u00f9a: M\u00f9a thu ph\u00e9p thu\u1eadt<br \/>\n\u2022    Vui su\u1ed1t c\u1ea3 b\u1ed1n m\u00f9a: M\u00f9a \u0111\u00f4ng \u1ea5m \u00e1p s\u1ebb chia<\/p>\n","protected":false},"excerpt":{"rendered":"<p>\u2022    Vui su\u1ed1t c\u1ea3 b\u1ed1n m\u00f9a: B\u1eefa ti\u1ec7c m\u00f9a xu\u00e2n<br \/>\nTh\u1eddi ti\u1ebft \u0111ang \u1ea5m d\u1ea7n, c\u00e2y c\u1ed1i \u0111\u00e2m ch\u1ed3i n\u1ea3y l\u1ed9c xanh m\u01a1n m\u1edfn. S\u1eafc m\u00e0u c\u1ee7a m\u00f9a xu\u00e2n len l\u1ecfi \u00f9a v\u1ec1 kh\u1eafp m\u1ecdi n\u01a1i. Hoa \u0111ang \u0103n s\u00e1ng trong nh\u00e0, nh\u01b0ng tr\u00e1i tim c\u00f4 b\u00e9 v\u1ed1n \u0111\u00e3 nh\u1ea3y nh\u00f3t ngo\u00e0i c\u1eeda s\u1ed5 t\u1eeb bao gi\u1edd. Th\u1eddi ti\u1ebft \u0111\u1eb9p, n\u1eafng \u1ea5m v\u00e0 \u0111\u1ed3 \u0103n ngon, b\u00e9 mu\u1ed1n r\u1ee7 ai \u0111i d\u00e3 ngo\u1ea1i?<br \/>\n\u2022    Vui su\u1ed1t c\u1ea3 b\u1ed1n m\u00f9a: Ti\u1ec7c d\u01b0a h\u1ea5u m\u00f9a h\u00e8<br \/>\nB\u00e9 th\u00edch l\u00e0m g\u00ec nh\u1ea5t v\u00e0o m\u00f9a h\u00e8? L\u00e0n n\u01b0\u1edbc su\u1ed1i tr\u00f4ng th\u1eadt m\u00e1t, Hoa mu\u1ed1n ra ngo\u00e0i d\u1ea1o ch\u01a1i. Ch\u00fa th\u1ecf Xu\u00e2n \u00f4m m\u1ed9t qu\u1ea3 c\u1ea7u m\u00e0u xanh b\u00f3ng lo\u00e1ng l\u1ea1i g\u1ea7n, h\u00f3a ra \u0111\u00f3 ch\u00ednh l\u00e0 tr\u00e1i d\u01b0a h\u1ea5u r\u00f5 to. Hai b\u1ea1n c\u00f9ng nhau vui \u0111\u00f9a b\u00ean d\u00f2ng su\u1ed1i v\u00e0 ng\u00e2m d\u01b0a trong l\u00e0n n\u01b0\u1edbc, \u0111\u1ecbnh b\u1ee5ng khi n\u00e0o ch\u01a1i m\u1ec7t s\u1ebd th\u01b0\u1edfng th\u1ee9c nh\u1eefng mi\u1ebfng d\u01b0a m\u00e1t l\u1ea1nh. Ai d\u00e8, qu\u1ea3 d\u01b0a l\u1ea1i tr\u00f4i \u0111i m\u1ea5t&#8230; Ph\u1ea3i l\u00e0m sao b\u00e2y gi\u1edd?<br \/>\n\u2022    Vui su\u1ed1t c\u1ea3 b\u1ed1n m\u00f9a: M\u00f9a thu ph\u00e9p thu\u1eadt<br \/>\nB\u1ea7u tr\u1eddi b\u1ed7ng cao v\u1eddi v\u1ee3i, nh\u1eefng l\u00e0n gi\u00f3 m\u00e1t l\u1ea1nh th\u1ed5i \u0111\u1ebfn, l\u00e1 v\u00e0ng ph\u1ee7 k\u00edn m\u1eb7t \u0111\u1ea5t&#8230; M\u00f9a thu \u0111\u00e3 \u0111\u1ebfn r\u1ed3i! N\u00fai r\u1eebng thay m\u00e0u \u00e1o m\u1edbi. B\u00e9 Hoa v\u00e0 ch\u00fa th\u1ecf Xu\u00e2n \u0111\u00e3 c\u00f3 m\u1ed9t cu\u1ed9c phi\u00eau l\u01b0u nho nh\u1ecf \u0111\u1ec3 kh\u00e1m ph\u00e1 xem m\u00f9a thu th\u1ea7n k\u00ec \u0111\u1ebfn nh\u01b0\u1eddng n\u00e0o!<br \/>\n\u2022    Vui su\u1ed1t c\u1ea3 b\u1ed1n m\u00f9a: M\u00f9a \u0111\u00f4ng \u1ea5m \u00e1p s\u1ebb chia<br \/>\nM\u00f9a \u0111\u00f4ng \u0111\u1ebfn r\u1ed3i, c\u1ea3 khu r\u1eebng tr\u1edf n\u00ean tr\u1ea7m l\u1eafng h\u01a1n. M\u1eb7t tr\u1eddi thi tho\u1ea3ng m\u1edbi l\u00f3 r\u1ea1ng. N\u1ec1n tr\u1eddi x\u00e1m x\u1ecbt c\u1ee7a m\u00f9a \u0111\u00f4ng khi\u1ebfn ng\u01b0\u1eddi ta c\u00e0ng mong t\u1ee5 h\u1ecdp b\u1ea1n b\u00e8. Hoa \u0111eo chi\u1ebfc kh\u0103n qu\u00e0ng c\u1ed5 \u0111\u1eb9p \u01a1i l\u00e0 \u0111\u1eb9p, Xu\u00e2n c\u0169ng mu\u1ed1n c\u00f3 m\u1ed9t chi\u1ebfc nh\u01b0 th\u1ebf. V\u00ec v\u1eady, hai b\u1ea1n d\u00e1n th\u01b0 m\u1eddi b\u1ea1n b\u00e8 trong r\u1eebng t\u1edbi nh\u00e0 b\u00e0 \u0111\u1ec3 tham gia l\u1ec5 h\u1ed9i \u0111\u1ed5i qu\u00e0. C\u00e1c b\u1ea1n nh\u1ecf \u0111\u1ec1u h\u00e1o h\u1ee9c mu\u1ed1n \u0111\u1ed5i \u0111\u01b0\u1ee3c m\u00f3n qu\u00e0 tuy\u1ec7t nh\u1ea5t. Nh\u01b0ng m\u00f3n qu\u00e0 tuy\u1ec7t nh\u1ea5t l\u00e0 g\u00ec nh\u1ec9? Mang th\u1ee9 m\u00ecnh th\u00edch nh\u1ea5t t\u1eb7ng b\u1ea1n ch\u00ednh l\u00e0 m\u00f3n qu\u00e0 tuy\u1ec7t nh\u1ea5t sao?<br \/>\nM\u1ed9t n\u0103m c\u00f3 b\u1ed1n m\u00f9a, v\u00e0 m\u1ed7i m\u00f9a l\u1ea1i c\u00f3 nh\u1eefng di\u1ec7n m\u1ea1o, nh\u1eefng m\u00e0u s\u1eafc, nh\u1eefng c\u00e2u chuy\u1ec7n kh\u00e1c nhau. Em h\u00e3y c\u00f9ng t\u00ecm hi\u1ec3u trong b\u1ed9 s\u00e1ch d\u1ec5 th\u01b0\u01a1ng, ng\u1eadp tr\u00e0n s\u1eafc m\u00e0u n\u00e0y c\u00f9ng b\u00e9 Hoa v\u00e0 b\u1ea1n th\u1ecf Xu\u00e2n nh\u00e9!<\/p>\n","protected":false},"featured_media":24038,"template":"","meta":{"_acf_changed":false},"product_brand":[],"product_cat":[25,17,26],"product_tag":[83],"class_list":{"0":"post-24039","1":"product","2":"type-product","3":"status-publish","4":"has-post-thumbnail","6":"product_cat-nhi-dong-6-tuoi-12-tuoi","7":"product_cat-sach-danh-cho-cac-be","8":"product_cat-thieu-nien-11-tuoi-18-tuoi","9":"product_tag-sach-moi-xuat-ban","11":"first","12":"outofstock","13":"taxable","14":"shipping-taxable","15":"purchasable","16":"product-type-simple"},"supplier_id":null,"supplier_sku":"","barcode":null,"atum_controlled":true,"out_stock_date":"2025-04-24 09:28:53","out_stock_threshold":null,"inheritable":false,"inbound_stock":0,"stock_on_hold":0,"sold_today":0,"sales_last_days":0,"reserved_stock":0,"customer_returns":0,"warehouse_damage":0,"lost_in_post":0,"other_logs":0,"out_stock_days":279,"lost_sales":0,"has_location":false,"update_date":"2026-01-28T23:11:28","atum_locations":[],"atum_stock_status":"outofstock","restock_status":false,"low_stock_amount":"","sales_update_date":"2026-01-28T23:11:28","calc_backorders":null,"acf":{"publisher":{"ID":1454,"post_author":"1","post_date":"2021-02-17 01:11:34","post_date_gmt":"2021-02-16 23:11:34","post_content":"<!-- wp:flatsome\/uxbuilder -->\n<h1 style=\"text-align: center;\"><strong>Kim \u0110\u1ed3ng<\/strong><\/h1>\n[row]\n\n[col span=\"3\" span__sm=\"12\"]\n\n[ux_image id=\"1534\" image_size=\"medium\"]\n\n\n[\/col]\n[col span=\"9\" span__sm=\"12\"]\n\n<p>Nh\u00e0 xu\u1ea5t b\u1ea3n Kim \u0110\u1ed3ng tr\u1ef1c thu\u1ed9c Trung \u01b0\u01a1ng \u0110o\u00e0n TNCS H\u1ed3 Ch\u00ed Minh l\u00e0 Nh\u00e0 xu\u1ea5t b\u1ea3n t\u1ed5ng h\u1ee3p c\u00f3 ch\u1ee9c n\u0103ng xu\u1ea5t b\u1ea3n s\u00e1ch v\u00e0 v\u0103n h\u00f3a ph\u1ea9m ph\u1ee5c v\u1ee5 thi\u1ebfu nhi v\u00e0 c\u00e1c b\u1eadc ph\u1ee5 huynh trong c\u1ea3 n\u01b0\u1edbc, qu\u1ea3ng b\u00e1 v\u00e0 gi\u1edbi thi\u1ec7u v\u0103n h\u00f3a Vi\u1ec7t Nam ra th\u1ebf gi\u1edbi.<br \/>Nh\u00e0 xu\u1ea5t b\u1ea3n c\u00f3 nhi\u1ec7m v\u1ee5 t\u1ed5 ch\u1ee9c b\u1ea3n th\u1ea3o, bi\u00ean so\u1ea1n, bi\u00ean d\u1ecbch, xu\u1ea5t b\u1ea3n v\u00e0 ph\u00e1t h\u00e0nh c\u00e1c xu\u1ea5t b\u1ea3n ph\u1ea9m c\u00f3 n\u1ed9i dung: gi\u00e1o d\u1ee5c truy\u1ec1n th\u1ed1ng d\u00e2n t\u1ed9c, gi\u00e1o d\u1ee5c v\u1ec1 tri th\u1ee9c, ki\u1ebfn th\u1ee9c\u2026 tr\u00ean c\u00e1c l\u0129nh v\u1ef1c v\u0103n h\u1ecdc, ngh\u1ec7 thu\u1eadt, khoa h\u1ecdc k\u1ef9 thu\u1eadt nh\u1eb1m cung c\u1ea5p cho c\u00e1c em thi\u1ebfu nhi c\u0169ng nh\u01b0 c\u00e1c b\u1eadc ph\u1ee5 huynh c\u00e1c ki\u1ebfn th\u1ee9c c\u1ea7n thi\u1ebft trong cu\u1ed9c s\u1ed1ng, nh\u1eefng tinh hoa c\u1ee7a tri th\u1ee9c nh\u00e2n lo\u1ea1i nh\u1eb1m g\u00f3p ph\u1ea7n gi\u00e1o d\u1ee5c v\u00e0 h\u00ecnh th\u00e0nh nh\u00e2n c\u00e1ch th\u1ebf h\u1ec7 tr\u1ebb.<br \/>\u0110\u1ed1i t\u01b0\u1ee3ng ph\u1ee5c v\u1ee5 c\u1ee7a Nh\u00e0 xu\u1ea5t b\u1ea3n l\u00e0 c\u00e1c em t\u1eeb tu\u1ed5i nh\u00e0 tr\u1ebb m\u1eabu gi\u00e1o (1 \u0111\u1ebfn 5 tu\u1ed5i), nhi \u0111\u1ed3ng (6 \u0111\u1ebfn 9 tu\u1ed5i), thi\u1ebfu ni\u00ean (10 \u0111\u1ebfn 15 tu\u1ed5i) \u0111\u1ebfn c\u00e1c em tu\u1ed5i m\u1edbi l\u1edbn (16 \u0111\u1ebfn 18 tu\u1ed5i) v\u00e0 c\u00e1c b\u1eadc ph\u1ee5 huynh.<\/p>\n\n[\/col]\n\n[\/row]\n\n<!-- \/wp:flatsome\/uxbuilder -->","post_title":"Kim \u0110\u1ed3ng","post_excerpt":"","post_status":"publish","comment_status":"closed","ping_status":"closed","post_password":"","post_name":"kim-dong","to_ping":"","pinged":"","post_modified":"2021-02-17 01:31:56","post_modified_gmt":"2021-02-16 23:31:56","post_content_filtered":"","post_parent":0,"guid":"https:\/\/sachviet.eu\/nha-phat-hanh\/kim-dong\/","menu_order":0,"post_type":"publisher","post_mime_type":"","comment_count":"0","filter":"raw"}},"_links":{"self":[{"href":"https:\/\/sachviet.eu\/en\/wp-json\/wp\/v2\/product\/24039","targetHints":{"allow":["GET"]}}],"collection":[{"href":"https:\/\/sachviet.eu\/en\/wp-json\/wp\/v2\/product"}],"about":[{"href":"https:\/\/sachviet.eu\/en\/wp-json\/wp\/v2\/types\/product"}],"wp:featuredmedia":[{"embeddable":true,"href":"https:\/\/sachviet.eu\/en\/wp-json\/wp\/v2\/media\/24038"}],"wp:attachment":[{"href":"https:\/\/sachviet.eu\/en\/wp-json\/wp\/v2\/media?parent=24039"}],"wp:term":[{"taxonomy":"product_brand","embeddable":true,"href":"https:\/\/sachviet.eu\/en\/wp-json\/wp\/v2\/product_brand?post=24039"},{"taxonomy":"product_cat","embeddable":true,"href":"https:\/\/sachviet.eu\/en\/wp-json\/wp\/v2\/product_cat?post=24039"},{"taxonomy":"product_tag","embeddable":true,"href":"https:\/\/sachviet.eu\/en\/wp-json\/wp\/v2\/product_tag?post=24039"}],"curies":[{"name":"wp","href":"https:\/\/api.w.org\/{rel}","templated":true}]}}