{"id":24030,"date":"2023-06-28T22:52:14","date_gmt":"2023-06-28T19:52:14","guid":{"rendered":"https:\/\/sachviet.eu\/shop\/combo-kham-pha-the-gioi-quanh-em-10-quyen\/"},"modified":"2025-09-13T10:03:09","modified_gmt":"2025-09-13T07:03:09","slug":"combo-kham-pha-the-gioi-quanh-em-10-quyen","status":"publish","type":"product","link":"https:\/\/sachviet.eu\/en\/shop\/combo-kham-pha-the-gioi-quanh-em-10-quyen\/","title":{"rendered":"COMBO KH\u00c1M PH\u00c1 TH\u1ebe GI\u1edaI QUANH EM (10 QUY\u1ec2N)"},"content":{"rendered":"<p>Combo Kh\u00e1m Ph\u00e1 Th\u1ebf Gi\u1edbi Quanh Em (10 Cu\u1ed1n) g\u1ed3m:<br \/>\n\u2022    Kh\u00e1m ph\u00e1 th\u1ebf gi\u1edbi quanh em &#8211; \u0110u\u1ed5i b\u1eaft b\u00f3ng c\u00e2y<br \/>\n\u2022    Kh\u00e1m ph\u00e1 th\u1ebf gi\u1edbi quanh em &#8211; Th\u1ea1ch s\u00f9ng m\u01b0\u1ee3n \u0111u\u00f4i<br \/>\n\u2022    Kh\u00e1m ph\u00e1 th\u1ebf gi\u1edbi quanh em &#8211; Anh M\u1eb7t Tr\u1eddi v\u00e0 em M\u1eb7t Tr\u0103ng<br \/>\n\u2022    Kh\u00e1m ph\u00e1 th\u1ebf gi\u1edbi quanh em &#8211; Nh\u1eefng chi\u1ebfc gi\u00e0y c\u1ee7a s\u00e2u<br \/>\n\u2022    Kh\u00e1m ph\u00e1 th\u1ebf gi\u1edbi quanh em &#8211; B\u1ed3 c\u00f4ng anh v\u00e0 k\u00e9 \u0111\u1ea7u ng\u1ef1a<br \/>\n\u2022    Kh\u00e1m ph\u00e1 th\u1ebf gi\u1edbi quanh em &#8211; &#8220;Nh\u00e2n vi\u00ean&#8221; kh\u00ed t\u01b0\u1ee3ng \u0111\u1eb7c bi\u1ec7t<br \/>\n\u2022    Kh\u00e1m ph\u00e1 th\u1ebf gi\u1edbi quanh em &#8211; M\u00f9a \u0110\u00f4ng c\u1ee7a c\u00e1 con<br \/>\n\u2022    Kh\u00e1m ph\u00e1 th\u1ebf gi\u1edbi quanh em &#8211; M\u1eb7t Tr\u0103ng may \u00e1o m\u1edbi<br \/>\n\u2022    Kh\u00e1m ph\u00e1 th\u1ebf gi\u1edbi quanh em &#8211; Lu\u1ed9c tr\u1ee9ng hay r\u00e1n tr\u1ee9ng?<br \/>\n\u2022    Kh\u00e1m ph\u00e1 th\u1ebf gi\u1edbi quanh em &#8211; H\u00e0nh tr\u00ecnh v\u1ec1 nh\u00e0 c\u1ee7a gi\u1ecdt n\u01b0\u1edbc<\/p>\n","protected":false},"excerpt":{"rendered":"<p>Kh\u00f4ng ch\u1ec9 gi\u1edbi thi\u1ec7u ki\u1ebfn th\u1ee9c khoa h\u1ecdc th\u00f4ng th\u01b0\u1eddng, b\u1ed9 s\u00e1ch Kh\u00e1m Ph\u00e1 Th\u1ebf Gi\u1edbi Quanh Em g\u1ed3m 10 cu\u1ed1n c\u00f2n g\u1ee3i m\u1edf ti\u1ec1m n\u0103ng khoa h\u1ecdc cho tr\u1ebb qua nh\u1eefng c\u00e2u chuy\u1ec7n gi\u00e0u c\u1ea3m x\u00fac. V\u1edbi ng\u00f4n ng\u1eef sinh \u0111\u1ed9ng, h\u00ecnh v\u1ebd \u0111\u1eb9p m\u1eaft, b\u1ed9 s\u00e1ch s\u1ebd \u0111em \u0111\u1ebfn nh\u1eefng ki\u1ebfn th\u1ee9c b\u1ed5 \u00edch v\u00e0 tr\u00f2 ch\u01a1i th\u00fa v\u1ecb, gi\u00fap tr\u1ebb t\u00ecm hi\u1ec3u v\u1ec1 nh\u1eefng hi\u1ec7n t\u01b0\u1ee3ng khoa h\u1ecdc \u0111\u01a1n gi\u1ea3n c\u0169ng nh\u01b0 nh\u1eadn bi\u1ebft th\u1ebf gi\u1edbi d\u1ec5 d\u00e0ng h\u01a1n, t\u1eeb \u0111\u00f3 k\u00edch th\u00edch tr\u1ebb t\u00f2 m\u00f2 v\u00e0 t\u00ecm t\u00f2i kh\u00e1m ph\u00e1.<\/p>\n","protected":false},"featured_media":24026,"template":"","meta":{"_acf_changed":false},"product_brand":[],"product_cat":[20,25,17,26],"product_tag":[83],"class_list":{"0":"post-24030","1":"product","2":"type-product","3":"status-publish","4":"has-post-thumbnail","6":"product_cat-be-vua-hoc-vua-choi","7":"product_cat-nhi-dong-6-tuoi-12-tuoi","8":"product_cat-sach-danh-cho-cac-be","9":"product_cat-thieu-nien-11-tuoi-18-tuoi","10":"product_tag-sach-moi-xuat-ban","12":"first","13":"instock","14":"taxable","15":"shipping-taxable","16":"purchasable","17":"product-type-simple"},"supplier_id":null,"supplier_sku":"","barcode":null,"atum_controlled":true,"out_stock_date":null,"out_stock_threshold":null,"inheritable":false,"inbound_stock":0,"stock_on_hold":0,"sold_today":0,"sales_last_days":0,"reserved_stock":0,"customer_returns":0,"warehouse_damage":0,"lost_in_post":0,"other_logs":0,"out_stock_days":0,"lost_sales":0,"has_location":false,"update_date":"2026-01-28T23:11:31","atum_locations":[],"atum_stock_status":"instock","restock_status":false,"low_stock_amount":"","sales_update_date":"2026-01-28T23:11:31","calc_backorders":null,"acf":{"publisher":{"ID":1454,"post_author":"1","post_date":"2021-02-17 01:11:34","post_date_gmt":"2021-02-16 23:11:34","post_content":"<!-- wp:flatsome\/uxbuilder -->\n<h1 style=\"text-align: center;\"><strong>Kim \u0110\u1ed3ng<\/strong><\/h1>\n[row]\n\n[col span=\"3\" span__sm=\"12\"]\n\n[ux_image id=\"1534\" image_size=\"medium\"]\n\n\n[\/col]\n[col span=\"9\" span__sm=\"12\"]\n\n<p>Nh\u00e0 xu\u1ea5t b\u1ea3n Kim \u0110\u1ed3ng tr\u1ef1c thu\u1ed9c Trung \u01b0\u01a1ng \u0110o\u00e0n TNCS H\u1ed3 Ch\u00ed Minh l\u00e0 Nh\u00e0 xu\u1ea5t b\u1ea3n t\u1ed5ng h\u1ee3p c\u00f3 ch\u1ee9c n\u0103ng xu\u1ea5t b\u1ea3n s\u00e1ch v\u00e0 v\u0103n h\u00f3a ph\u1ea9m ph\u1ee5c v\u1ee5 thi\u1ebfu nhi v\u00e0 c\u00e1c b\u1eadc ph\u1ee5 huynh trong c\u1ea3 n\u01b0\u1edbc, qu\u1ea3ng b\u00e1 v\u00e0 gi\u1edbi thi\u1ec7u v\u0103n h\u00f3a Vi\u1ec7t Nam ra th\u1ebf gi\u1edbi.<br \/>Nh\u00e0 xu\u1ea5t b\u1ea3n c\u00f3 nhi\u1ec7m v\u1ee5 t\u1ed5 ch\u1ee9c b\u1ea3n th\u1ea3o, bi\u00ean so\u1ea1n, bi\u00ean d\u1ecbch, xu\u1ea5t b\u1ea3n v\u00e0 ph\u00e1t h\u00e0nh c\u00e1c xu\u1ea5t b\u1ea3n ph\u1ea9m c\u00f3 n\u1ed9i dung: gi\u00e1o d\u1ee5c truy\u1ec1n th\u1ed1ng d\u00e2n t\u1ed9c, gi\u00e1o d\u1ee5c v\u1ec1 tri th\u1ee9c, ki\u1ebfn th\u1ee9c\u2026 tr\u00ean c\u00e1c l\u0129nh v\u1ef1c v\u0103n h\u1ecdc, ngh\u1ec7 thu\u1eadt, khoa h\u1ecdc k\u1ef9 thu\u1eadt nh\u1eb1m cung c\u1ea5p cho c\u00e1c em thi\u1ebfu nhi c\u0169ng nh\u01b0 c\u00e1c b\u1eadc ph\u1ee5 huynh c\u00e1c ki\u1ebfn th\u1ee9c c\u1ea7n thi\u1ebft trong cu\u1ed9c s\u1ed1ng, nh\u1eefng tinh hoa c\u1ee7a tri th\u1ee9c nh\u00e2n lo\u1ea1i nh\u1eb1m g\u00f3p ph\u1ea7n gi\u00e1o d\u1ee5c v\u00e0 h\u00ecnh th\u00e0nh nh\u00e2n c\u00e1ch th\u1ebf h\u1ec7 tr\u1ebb.<br \/>\u0110\u1ed1i t\u01b0\u1ee3ng ph\u1ee5c v\u1ee5 c\u1ee7a Nh\u00e0 xu\u1ea5t b\u1ea3n l\u00e0 c\u00e1c em t\u1eeb tu\u1ed5i nh\u00e0 tr\u1ebb m\u1eabu gi\u00e1o (1 \u0111\u1ebfn 5 tu\u1ed5i), nhi \u0111\u1ed3ng (6 \u0111\u1ebfn 9 tu\u1ed5i), thi\u1ebfu ni\u00ean (10 \u0111\u1ebfn 15 tu\u1ed5i) \u0111\u1ebfn c\u00e1c em tu\u1ed5i m\u1edbi l\u1edbn (16 \u0111\u1ebfn 18 tu\u1ed5i) v\u00e0 c\u00e1c b\u1eadc ph\u1ee5 huynh.<\/p>\n\n[\/col]\n\n[\/row]\n\n<!-- \/wp:flatsome\/uxbuilder -->","post_title":"Kim \u0110\u1ed3ng","post_excerpt":"","post_status":"publish","comment_status":"closed","ping_status":"closed","post_password":"","post_name":"kim-dong","to_ping":"","pinged":"","post_modified":"2021-02-17 01:31:56","post_modified_gmt":"2021-02-16 23:31:56","post_content_filtered":"","post_parent":0,"guid":"https:\/\/sachviet.eu\/nha-phat-hanh\/kim-dong\/","menu_order":0,"post_type":"publisher","post_mime_type":"","comment_count":"0","filter":"raw"}},"_links":{"self":[{"href":"https:\/\/sachviet.eu\/en\/wp-json\/wp\/v2\/product\/24030","targetHints":{"allow":["GET"]}}],"collection":[{"href":"https:\/\/sachviet.eu\/en\/wp-json\/wp\/v2\/product"}],"about":[{"href":"https:\/\/sachviet.eu\/en\/wp-json\/wp\/v2\/types\/product"}],"wp:featuredmedia":[{"embeddable":true,"href":"https:\/\/sachviet.eu\/en\/wp-json\/wp\/v2\/media\/24026"}],"wp:attachment":[{"href":"https:\/\/sachviet.eu\/en\/wp-json\/wp\/v2\/media?parent=24030"}],"wp:term":[{"taxonomy":"product_brand","embeddable":true,"href":"https:\/\/sachviet.eu\/en\/wp-json\/wp\/v2\/product_brand?post=24030"},{"taxonomy":"product_cat","embeddable":true,"href":"https:\/\/sachviet.eu\/en\/wp-json\/wp\/v2\/product_cat?post=24030"},{"taxonomy":"product_tag","embeddable":true,"href":"https:\/\/sachviet.eu\/en\/wp-json\/wp\/v2\/product_tag?post=24030"}],"curies":[{"name":"wp","href":"https:\/\/api.w.org\/{rel}","templated":true}]}}