{"id":24025,"date":"2023-06-28T22:52:03","date_gmt":"2023-06-28T19:52:03","guid":{"rendered":"https:\/\/sachviet.eu\/shop\/combo-meo-mog-map-5-quyen\/"},"modified":"2024-01-14T20:59:46","modified_gmt":"2024-01-14T18:59:46","slug":"combo-meo-mog-map-5-quyen","status":"publish","type":"product","link":"https:\/\/sachviet.eu\/en\/shop\/combo-meo-mog-map-5-quyen\/","title":{"rendered":"COMBO M\u00c8O MOG M\u1eacP (5 QUY\u1ec2N)"},"content":{"rendered":"<p>K\u1ec3 t\u1eeb l\u1ea7n \u0111\u1ea7u xu\u1ea5t hi\u1ec7n trong cu\u1ed1n &#8220;Mog, c\u00f4 m\u00e8o \u0111\u00e3ng tr\u00ed&#8221; v\u00e0o n\u0103m 1970, Mog M\u1eadp d\u1ea7n tr\u1edf th\u00e0nh n\u00e0ng m\u00e8o c\u1ee7a m\u1ecdi nh\u00e0, nh\u1eefng &#8220;chuy\u1ebfn phi\u00eau l\u01b0u&#8221; c\u1ee7a Mog \u0111\u00e3 mang l\u1ea1i ni\u1ec1m vui cho tr\u1ebb em tr\u00ean to\u00e0n th\u1ebf gi\u1edbi.<br \/>\nJudith Kerr sinh ng\u00e0y 14 th\u00e1ng 6 n\u0103m 1923, l\u00e0 m\u1ed9t nh\u00e0 v\u0103n v\u00e0 h\u1ecda s\u0129 minh h\u1ecda ng\u01b0\u1eddi Anh. B\u00e0 l\u00e0 ng\u01b0\u1eddi \u0111\u00e3 s\u00e1ng t\u1ea1o n\u00ean b\u1ed9 s\u00e1ch tranh d\u00e0i t\u1eadp \u0111\u01b0\u1ee3c nhi\u1ec1u th\u1ebf h\u1ec7 tr\u1ebb em th\u1ebf gi\u1edbi y\u00eau th\u00edch nh\u01b0 M\u00e8o Mog M\u1eadp (Mog). B\u00e0 c\u0169ng l\u00e0 t\u00e1c gi\u1ea3 c\u1ee7a cu\u1ed1n s\u00e1ch tranh V\u1ecb Kh\u00e1ch Kh\u00f4ng M\u1eddi (The Tiger Who Came to Tea \u2013 Ch\u00fa H\u1ed5 \u0110\u1ebfn U\u1ed1ng Tr\u00e0). L\u1ea5y c\u1ea3m h\u1ee9ng t\u1eeb c\u00e2u chuy\u1ec7n tu\u1ed5i th\u01a1 c\u1ee7a ch\u00ednh b\u00e0, Judith Kerr vi\u1ebft n\u00ean cu\u1ed1n ti\u1ec3u thuy\u1ebft k\u1ec3 v\u1ec1 Th\u1ebf chi\u1ebfn th\u1ee9 hai qua \u00e1nh nh\u00ecn ng\u00e2y th\u01a1 c\u1ee7a m\u1ed9t \u0111\u1ee9a tr\u1ebb -Khi Hitler \u0110\u00e1nh C\u1eafp B\u00e9 Th\u1ecf H\u1ed3ng (When Hitler Stole Pink Rabbit).<br \/>\nCombo M\u00e8o Mog M\u1eadp (5 Cu\u1ed1n) g\u1ed3m:<br \/>\n\u2022    M\u00e8o Mog M\u1eadp: C\u00f4 M\u00e8o C\u1ee9u Em B\u00e9<br \/>\n\u2022    M\u00e8o Mog M\u1eadp: Chuy\u1ec7n \u1ede Ph\u00f2ng Kh\u00e1m<br \/>\n\u2022    M\u00e8o Mog M\u1eadp: Gi\u00e1ng Sinh C\u1ee7a C\u00f4 M\u00e8o<br \/>\n\u2022    M\u00e8o Mog M\u1eadp: C\u00f4 M\u00e8o V\u00e0 B\u00e0<br \/>\n\u2022    M\u00e8o Mog M\u1eadp: C\u00f4 M\u00e8o \u0110\u00e3ng Tr\u00ed <\/p>\n","protected":false},"excerpt":{"rendered":"<p>K\u1ec3 t\u1eeb l\u1ea7n \u0111\u1ea7u xu\u1ea5t hi\u1ec7n trong cu\u1ed1n &#8220;Mog, c\u00f4 m\u00e8o \u0111\u00e3ng tr\u00ed&#8221; v\u00e0o n\u0103m 1970, Mog M\u1eadp d\u1ea7n tr\u1edf th\u00e0nh n\u00e0ng m\u00e8o c\u1ee7a m\u1ecdi nh\u00e0, nh\u1eefng &#8220;chuy\u1ebfn phi\u00eau l\u01b0u&#8221; c\u1ee7a Mog \u0111\u00e3 mang l\u1ea1i ni\u1ec1m vui cho tr\u1ebb em tr\u00ean to\u00e0n th\u1ebf gi\u1edbi.<br \/>\nJudith Kerr sinh ng\u00e0y 14 th\u00e1ng 6 n\u0103m 1923, l\u00e0 m\u1ed9t nh\u00e0 v\u0103n v\u00e0 h\u1ecda s\u0129 minh h\u1ecda ng\u01b0\u1eddi Anh. B\u00e0 l\u00e0 ng\u01b0\u1eddi \u0111\u00e3 s\u00e1ng t\u1ea1o n\u00ean b\u1ed9 s\u00e1ch tranh d\u00e0i t\u1eadp \u0111\u01b0\u1ee3c nhi\u1ec1u th\u1ebf h\u1ec7 tr\u1ebb em th\u1ebf gi\u1edbi y\u00eau th\u00edch nh\u01b0 M\u00e8o Mog M\u1eadp (Mog). B\u00e0 c\u0169ng l\u00e0 t\u00e1c gi\u1ea3 c\u1ee7a cu\u1ed1n s\u00e1ch tranh V\u1ecb Kh\u00e1ch Kh\u00f4ng M\u1eddi (The Tiger Who Came to Tea \u2013 Ch\u00fa H\u1ed5 \u0110\u1ebfn U\u1ed1ng Tr\u00e0). L\u1ea5y c\u1ea3m h\u1ee9ng t\u1eeb c\u00e2u chuy\u1ec7n tu\u1ed5i th\u01a1 c\u1ee7a ch\u00ednh b\u00e0, Judith Kerr vi\u1ebft n\u00ean cu\u1ed1n ti\u1ec3u thuy\u1ebft k\u1ec3 v\u1ec1 Th\u1ebf chi\u1ebfn th\u1ee9 hai qua \u00e1nh nh\u00ecn ng\u00e2y th\u01a1 c\u1ee7a m\u1ed9t \u0111\u1ee9a tr\u1ebb -Khi Hitler \u0110\u00e1nh C\u1eafp B\u00e9 Th\u1ecf H\u1ed3ng (When Hitler Stole Pink Rabbit).<br \/>\nCombo M\u00e8o Mog M\u1eadp (5 Cu\u1ed1n) g\u1ed3m:<br \/>\n\u2022    M\u00e8o Mog M\u1eadp: C\u00f4 M\u00e8o C\u1ee9u Em B\u00e9<br \/>\n\u2022    M\u00e8o Mog M\u1eadp: Chuy\u1ec7n \u1ede Ph\u00f2ng Kh\u00e1m<br \/>\n\u2022    M\u00e8o Mog M\u1eadp: Gi\u00e1ng Sinh C\u1ee7a C\u00f4 M\u00e8o<br \/>\n\u2022    M\u00e8o Mog M\u1eadp: C\u00f4 M\u00e8o V\u00e0 B\u00e0<br \/>\n\u2022    M\u00e8o Mog M\u1eadp: C\u00f4 M\u00e8o \u0110\u00e3ng Tr\u00ed<\/p>\n","protected":false},"featured_media":24024,"template":"","meta":{"_acf_changed":false},"product_brand":[],"product_cat":[25,17,26],"product_tag":[83],"class_list":{"0":"post-24025","1":"product","2":"type-product","3":"status-publish","4":"has-post-thumbnail","6":"product_cat-nhi-dong-6-tuoi-12-tuoi","7":"product_cat-sach-danh-cho-cac-be","8":"product_cat-thieu-nien-11-tuoi-18-tuoi","9":"product_tag-sach-moi-xuat-ban","11":"first","12":"outofstock","13":"taxable","14":"shipping-taxable","15":"purchasable","16":"product-type-simple"},"supplier_id":null,"supplier_sku":"","barcode":null,"atum_controlled":true,"out_stock_date":"2024-01-14 18:59:46","out_stock_threshold":null,"inheritable":false,"inbound_stock":0,"stock_on_hold":0,"sold_today":0,"sales_last_days":0,"reserved_stock":0,"customer_returns":0,"warehouse_damage":0,"lost_in_post":0,"other_logs":0,"out_stock_days":745,"lost_sales":0,"has_location":false,"update_date":"2026-01-28T23:11:16","atum_locations":[],"atum_stock_status":"outofstock","restock_status":false,"low_stock_amount":"","sales_update_date":"2026-01-28T23:11:16","calc_backorders":null,"acf":{"publisher":{"ID":1454,"post_author":"1","post_date":"2021-02-17 01:11:34","post_date_gmt":"2021-02-16 23:11:34","post_content":"<!-- wp:flatsome\/uxbuilder -->\n<h1 style=\"text-align: center;\"><strong>Kim \u0110\u1ed3ng<\/strong><\/h1>\n[row]\n\n[col span=\"3\" span__sm=\"12\"]\n\n[ux_image id=\"1534\" image_size=\"medium\"]\n\n\n[\/col]\n[col span=\"9\" span__sm=\"12\"]\n\n<p>Nh\u00e0 xu\u1ea5t b\u1ea3n Kim \u0110\u1ed3ng tr\u1ef1c thu\u1ed9c Trung \u01b0\u01a1ng \u0110o\u00e0n TNCS H\u1ed3 Ch\u00ed Minh l\u00e0 Nh\u00e0 xu\u1ea5t b\u1ea3n t\u1ed5ng h\u1ee3p c\u00f3 ch\u1ee9c n\u0103ng xu\u1ea5t b\u1ea3n s\u00e1ch v\u00e0 v\u0103n h\u00f3a ph\u1ea9m ph\u1ee5c v\u1ee5 thi\u1ebfu nhi v\u00e0 c\u00e1c b\u1eadc ph\u1ee5 huynh trong c\u1ea3 n\u01b0\u1edbc, qu\u1ea3ng b\u00e1 v\u00e0 gi\u1edbi thi\u1ec7u v\u0103n h\u00f3a Vi\u1ec7t Nam ra th\u1ebf gi\u1edbi.<br \/>Nh\u00e0 xu\u1ea5t b\u1ea3n c\u00f3 nhi\u1ec7m v\u1ee5 t\u1ed5 ch\u1ee9c b\u1ea3n th\u1ea3o, bi\u00ean so\u1ea1n, bi\u00ean d\u1ecbch, xu\u1ea5t b\u1ea3n v\u00e0 ph\u00e1t h\u00e0nh c\u00e1c xu\u1ea5t b\u1ea3n ph\u1ea9m c\u00f3 n\u1ed9i dung: gi\u00e1o d\u1ee5c truy\u1ec1n th\u1ed1ng d\u00e2n t\u1ed9c, gi\u00e1o d\u1ee5c v\u1ec1 tri th\u1ee9c, ki\u1ebfn th\u1ee9c\u2026 tr\u00ean c\u00e1c l\u0129nh v\u1ef1c v\u0103n h\u1ecdc, ngh\u1ec7 thu\u1eadt, khoa h\u1ecdc k\u1ef9 thu\u1eadt nh\u1eb1m cung c\u1ea5p cho c\u00e1c em thi\u1ebfu nhi c\u0169ng nh\u01b0 c\u00e1c b\u1eadc ph\u1ee5 huynh c\u00e1c ki\u1ebfn th\u1ee9c c\u1ea7n thi\u1ebft trong cu\u1ed9c s\u1ed1ng, nh\u1eefng tinh hoa c\u1ee7a tri th\u1ee9c nh\u00e2n lo\u1ea1i nh\u1eb1m g\u00f3p ph\u1ea7n gi\u00e1o d\u1ee5c v\u00e0 h\u00ecnh th\u00e0nh nh\u00e2n c\u00e1ch th\u1ebf h\u1ec7 tr\u1ebb.<br \/>\u0110\u1ed1i t\u01b0\u1ee3ng ph\u1ee5c v\u1ee5 c\u1ee7a Nh\u00e0 xu\u1ea5t b\u1ea3n l\u00e0 c\u00e1c em t\u1eeb tu\u1ed5i nh\u00e0 tr\u1ebb m\u1eabu gi\u00e1o (1 \u0111\u1ebfn 5 tu\u1ed5i), nhi \u0111\u1ed3ng (6 \u0111\u1ebfn 9 tu\u1ed5i), thi\u1ebfu ni\u00ean (10 \u0111\u1ebfn 15 tu\u1ed5i) \u0111\u1ebfn c\u00e1c em tu\u1ed5i m\u1edbi l\u1edbn (16 \u0111\u1ebfn 18 tu\u1ed5i) v\u00e0 c\u00e1c b\u1eadc ph\u1ee5 huynh.<\/p>\n\n[\/col]\n\n[\/row]\n\n<!-- \/wp:flatsome\/uxbuilder -->","post_title":"Kim \u0110\u1ed3ng","post_excerpt":"","post_status":"publish","comment_status":"closed","ping_status":"closed","post_password":"","post_name":"kim-dong","to_ping":"","pinged":"","post_modified":"2021-02-17 01:31:56","post_modified_gmt":"2021-02-16 23:31:56","post_content_filtered":"","post_parent":0,"guid":"https:\/\/sachviet.eu\/nha-phat-hanh\/kim-dong\/","menu_order":0,"post_type":"publisher","post_mime_type":"","comment_count":"0","filter":"raw"}},"_links":{"self":[{"href":"https:\/\/sachviet.eu\/en\/wp-json\/wp\/v2\/product\/24025","targetHints":{"allow":["GET"]}}],"collection":[{"href":"https:\/\/sachviet.eu\/en\/wp-json\/wp\/v2\/product"}],"about":[{"href":"https:\/\/sachviet.eu\/en\/wp-json\/wp\/v2\/types\/product"}],"wp:featuredmedia":[{"embeddable":true,"href":"https:\/\/sachviet.eu\/en\/wp-json\/wp\/v2\/media\/24024"}],"wp:attachment":[{"href":"https:\/\/sachviet.eu\/en\/wp-json\/wp\/v2\/media?parent=24025"}],"wp:term":[{"taxonomy":"product_brand","embeddable":true,"href":"https:\/\/sachviet.eu\/en\/wp-json\/wp\/v2\/product_brand?post=24025"},{"taxonomy":"product_cat","embeddable":true,"href":"https:\/\/sachviet.eu\/en\/wp-json\/wp\/v2\/product_cat?post=24025"},{"taxonomy":"product_tag","embeddable":true,"href":"https:\/\/sachviet.eu\/en\/wp-json\/wp\/v2\/product_tag?post=24025"}],"curies":[{"name":"wp","href":"https:\/\/api.w.org\/{rel}","templated":true}]}}