{"id":23898,"date":"2023-05-31T12:01:34","date_gmt":"2023-05-31T09:01:34","guid":{"rendered":"https:\/\/sachviet.eu\/shop\/truyen-co-tich-viet-nam-hay-nhat-bang-tranh-cho-be-bo-8-cuon\/"},"modified":"2023-11-27T21:06:01","modified_gmt":"2023-11-27T19:06:01","slug":"truyen-co-tich-viet-nam-hay-nhat-bang-tranh-cho-be-bo-8-cuon","status":"publish","type":"product","link":"https:\/\/sachviet.eu\/en\/shop\/truyen-co-tich-viet-nam-hay-nhat-bang-tranh-cho-be-bo-8-cuon\/","title":{"rendered":"Truy\u1ec7n c\u1ed5 t\u00edch Vi\u1ec7t Nam hay nh\u1ea5t b\u1eb1ng tranh cho b\u00e9 &#8211; B\u1ed9 8 cu\u1ed1n"},"content":{"rendered":"<p>Vi\u1ec7t Nam c\u00f3 kho t\u00e0ng truy\u1ec7n c\u1ed5 t\u00edch v\u00f4 c\u00f9ng \u0111a d\u1ea1ng v\u00e0 phong ph\u00fa. Nh\u1eefng c\u00e2u chuy\u1ec7n c\u1ed5 t\u00edch g\u1eafn li\u1ec1n v\u1edbi tu\u1ed5i th\u01a1 c\u1ee7a m\u1ed7i ng\u01b0\u1eddi qua l\u1eddi k\u1ec3 c\u1ee7a \u00f4ng b\u00e0, cha m\u1eb9. Truy\u1ec7n c\u1ed5 t\u00edch kh\u00f4ng ch\u1ec9 mang gi\u00e1 tr\u1ecb gi\u1ea3i tr\u00ed m\u00e0 c\u00f2n ch\u1ee9a \u0111\u1ef1ng nh\u1eefng b\u00e0i h\u1ecdc \u0111\u1ea1o \u0111\u1ee9c qu\u00fd gi\u00e1 c\u00f3 t\u00ednh gi\u00e1o d\u1ee5c cao.<\/p>\n","protected":false},"excerpt":{"rendered":"<p>Vi\u1ec7t Nam c\u00f3 kho t\u00e0ng truy\u1ec7n c\u1ed5 t\u00edch v\u00f4 c\u00f9ng \u0111a d\u1ea1ng v\u00e0 phong ph\u00fa. Nh\u1eefng c\u00e2u chuy\u1ec7n c\u1ed5 t\u00edch g\u1eafn li\u1ec1n v\u1edbi tu\u1ed5i th\u01a1 c\u1ee7a m\u1ed7i ng\u01b0\u1eddi qua l\u1eddi k\u1ec3 c\u1ee7a \u00f4ng b\u00e0, cha m\u1eb9. Truy\u1ec7n c\u1ed5 t\u00edch kh\u00f4ng ch\u1ec9 mang gi\u00e1 tr\u1ecb gi\u1ea3i tr\u00ed m\u00e0 c\u00f2n ch\u1ee9a \u0111\u1ef1ng nh\u1eefng b\u00e0i h\u1ecdc \u0111\u1ea1o \u0111\u1ee9c qu\u00fd gi\u00e1 c\u00f3 t\u00ednh gi\u00e1o d\u1ee5c cao.<\/p>\n","protected":false},"featured_media":23904,"template":"","meta":{"_acf_changed":false},"product_brand":[],"product_cat":[24,25,17,26],"product_tag":[83],"class_list":{"0":"post-23898","1":"product","2":"type-product","3":"status-publish","4":"has-post-thumbnail","6":"product_cat-nha-tre-mau-giao-0-tuoi-6-tuoi","7":"product_cat-nhi-dong-6-tuoi-12-tuoi","8":"product_cat-sach-danh-cho-cac-be","9":"product_cat-thieu-nien-11-tuoi-18-tuoi","10":"product_tag-sach-moi-xuat-ban","12":"first","13":"outofstock","14":"taxable","15":"shipping-taxable","16":"purchasable","17":"product-type-simple"},"supplier_id":null,"supplier_sku":"","barcode":null,"atum_controlled":true,"out_stock_date":"2023-11-27 19:06:02","out_stock_threshold":null,"inheritable":false,"inbound_stock":0,"stock_on_hold":0,"sold_today":0,"sales_last_days":0,"reserved_stock":0,"customer_returns":0,"warehouse_damage":0,"lost_in_post":0,"other_logs":0,"out_stock_days":793,"lost_sales":0,"has_location":false,"update_date":"2026-01-28T23:11:16","atum_locations":[],"atum_stock_status":"outofstock","restock_status":false,"low_stock_amount":"","sales_update_date":"2026-01-28T23:11:16","calc_backorders":null,"acf":{"publisher":{"ID":1471,"post_author":"1","post_date":"2021-02-17 01:12:48","post_date_gmt":"2021-02-16 23:12:48","post_content":"","post_title":"\u0110\u1ea1i Mai Books","post_excerpt":"","post_status":"publish","comment_status":"closed","ping_status":"closed","post_password":"","post_name":"dai-mai-books","to_ping":"","pinged":"","post_modified":"2021-02-17 01:12:48","post_modified_gmt":"2021-02-16 23:12:48","post_content_filtered":"","post_parent":0,"guid":"https:\/\/sachviet.eu\/nha-phat-hanh\/dai-mai-books\/","menu_order":0,"post_type":"publisher","post_mime_type":"","comment_count":"0","filter":"raw"}},"_links":{"self":[{"href":"https:\/\/sachviet.eu\/en\/wp-json\/wp\/v2\/product\/23898","targetHints":{"allow":["GET"]}}],"collection":[{"href":"https:\/\/sachviet.eu\/en\/wp-json\/wp\/v2\/product"}],"about":[{"href":"https:\/\/sachviet.eu\/en\/wp-json\/wp\/v2\/types\/product"}],"wp:featuredmedia":[{"embeddable":true,"href":"https:\/\/sachviet.eu\/en\/wp-json\/wp\/v2\/media\/23904"}],"wp:attachment":[{"href":"https:\/\/sachviet.eu\/en\/wp-json\/wp\/v2\/media?parent=23898"}],"wp:term":[{"taxonomy":"product_brand","embeddable":true,"href":"https:\/\/sachviet.eu\/en\/wp-json\/wp\/v2\/product_brand?post=23898"},{"taxonomy":"product_cat","embeddable":true,"href":"https:\/\/sachviet.eu\/en\/wp-json\/wp\/v2\/product_cat?post=23898"},{"taxonomy":"product_tag","embeddable":true,"href":"https:\/\/sachviet.eu\/en\/wp-json\/wp\/v2\/product_tag?post=23898"}],"curies":[{"name":"wp","href":"https:\/\/api.w.org\/{rel}","templated":true}]}}