{"id":23897,"date":"2023-05-31T12:01:30","date_gmt":"2023-05-31T09:01:30","guid":{"rendered":"https:\/\/sachviet.eu\/shop\/truyen-tieu-lam-dan-gian-viet-nam-bang-tranh-hay-nhat\/"},"modified":"2025-09-13T10:07:17","modified_gmt":"2025-09-13T07:07:17","slug":"truyen-tieu-lam-dan-gian-viet-nam-bang-tranh-hay-nhat","status":"publish","type":"product","link":"https:\/\/sachviet.eu\/en\/shop\/truyen-tieu-lam-dan-gian-viet-nam-bang-tranh-hay-nhat\/","title":{"rendered":"Truy\u1ec7n Ti\u1ebfu L\u00e2m D\u00e2n Gian Vi\u1ec7t Nam B\u1eb1ng Tranh Hay Nh\u1ea5t"},"content":{"rendered":"<p>&#8220;Truy\u1ec7n ti\u1ebfu l\u00e2m d\u00e2n gian Vi\u1ec7t Nam b\u1eb1ng tranh hay nh\u1ea5t&#8221; l\u00e0 tuy\u1ec3n t\u1eadp c\u00e1c c\u00e2u truy\u1ec7n ti\u00eau l\u00e2m ti\u00eau bi\u1ec3u mang l\u1ea1i ti\u1ebfng c\u01b0\u1eddi, s\u1ef1 h\u00e0i h\u01b0\u1edbc th\u00f4ng qua \u0111\u00f3 \u0111\u1ec3 mua vui hay c\u0169ng l\u00e0 \u0111\u1ec3 ph\u00ea ph\u00e1n, \u0111\u1ea3 k\u00edch m\u1ed9t v\u1ea5n \u0111\u1ec1 n\u00e0o \u0111\u00f3 trong x\u00e3 h\u1ed9i.<\/p>\n<p>Truy\u1ec7n ti\u1ebfu l\u00e2m( hay truy\u1ec7n c\u01b0\u1eddi) l\u00e0 th\u1ec3 lo\u1ea1i t\u1ef1 s\u1ef1 ti\u00eau bi\u1ec3u cho d\u00f2ng v\u0103n h\u00e0i h\u01b0\u1edbc d\u00e2n gian Vi\u1ec7t Nam. Truy\u1ec7n th\u1ec3 hi\u1ec7n t\u00ednh l\u1ea1c quan, s\u1ef1 h\u00f3m h\u1ec9nh, tr\u00ed th\u00f4ng minh v\u00e0 tinh th\u1ea7n \u0111\u1ea5u tranh ch\u1ed1ng c\u00e1i x\u1ea5u, c\u00e1i \u00e1c c\u1ee7a nh\u00e2n d\u00e2n lao \u0111\u1ed9ng.<\/p>\n<p>Truy\u1ec7n c\u01b0\u1eddi d\u00e2n gian Vi\u1ec7t Nam th\u01b0\u1eddng n\u1eb1m mua vui, gi\u1ea3i tr\u00ed ho\u1eb7c ph\u00ea ph\u00e1n, \u0111\u1ea3 k\u00edch. \u0110\u1eb7c \u0111i\u1ec3m c\u1ee7a truy\u1ec7n c\u01b0\u1eddi d\u00e2n gian l\u00e0 c\u00e1ch t\u1ea1o t\u00ecnh hu\u1ed1ng v\u00e0 k\u1ebft th\u00fac truy\u1ec7n r\u1ea5t th\u00f4ng m.\u00ecnh \u0111\u1ec3 l\u00e0m b\u1eadt ra ti\u1ebfng c\u01b0\u1eddi. D\u00f9 v\u1edbi n\u1ed9i dung g\u00ec, \u0111\u1ecdc truy\u1ec7n c\u01b0\u1eddi d\u00e2n gian. ta c\u0169ng th\u1ea5y \u0111\u01b0\u1ee3c ti\u1ebfng c\u01b0\u1eddi kh\u1ecfa m\u1ea1nh, l\u1ea1c quan y\u00eau \u0111\u1eddi, m\u1ed9t s\u1ef1 h\u00f3m h\u1ec9nh b\u00ecnh d\u1ecb<\/p>\n<p>&#8220;Truy\u1ec7n ti\u1ebfu l\u00e2m d\u00e2n gian Vi\u1ec7t Nam b\u1eb1ng tranh hay nh\u1ea5t&#8221; mang \u0111\u1ebfn cho ng\u01b0\u1eddi \u0111\u1ecdc 61 m\u1ea9u truy\u1ec7n c\u01b0\u1eddi v\u1edbi nhi\u1ec1u ch\u1ee7 \u0111\u1ec1 kh\u00e1c nhau k\u1ebft h\u1ee3p v\u1edbi nh\u1eefng n\u00e9t v\u1ebd minh h\u1ecda c\u00e2u truy\u1ec7n \u0111\u1eadm ch\u1ea5t d\u00e2n gian g\u1ea7n g\u0169i, c\u00f3 th\u1ec3 \u0111em \u0111\u1ebfn cho c\u00e1c b\u1ea1n nh\u1ecf g\u1ea7n h\u01a1n v\u1edbi nh\u1eefng n\u00e9t \u0111\u1eb9p d\u00e2n gian truy\u1ec1n th\u1ed1ng.<\/p>\n","protected":false},"excerpt":{"rendered":"<p>&#8220;Truy\u1ec7n ti\u1ebfu l\u00e2m d\u00e2n gian Vi\u1ec7t Nam b\u1eb1ng tranh hay nh\u1ea5t&#8221; l\u00e0 tuy\u1ec3n t\u1eadp c\u00e1c c\u00e2u truy\u1ec7n ti\u00eau l\u00e2m ti\u00eau bi\u1ec3u mang l\u1ea1i ti\u1ebfng c\u01b0\u1eddi, s\u1ef1 h\u00e0i h\u01b0\u1edbc th\u00f4ng qua \u0111\u00f3 \u0111\u1ec3 mua vui hay c\u0169ng l\u00e0 \u0111\u1ec3 ph\u00ea ph\u00e1n, \u0111\u1ea3 k\u00edch m\u1ed9t v\u1ea5n \u0111\u1ec1 n\u00e0o \u0111\u00f3 trong x\u00e3 h\u1ed9i.<\/p>\n<p>Truy\u1ec7n ti\u1ebfu l\u00e2m( hay truy\u1ec7n c\u01b0\u1eddi) l\u00e0 th\u1ec3 lo\u1ea1i t\u1ef1 s\u1ef1 ti\u00eau bi\u1ec3u cho d\u00f2ng v\u0103n h\u00e0i h\u01b0\u1edbc d\u00e2n gian Vi\u1ec7t Nam. Truy\u1ec7n th\u1ec3 hi\u1ec7n t\u00ednh l\u1ea1c quan, s\u1ef1 h\u00f3m h\u1ec9nh, tr\u00ed th\u00f4ng minh v\u00e0 tinh th\u1ea7n \u0111\u1ea5u tranh ch\u1ed1ng c\u00e1i x\u1ea5u, c\u00e1i \u00e1c c\u1ee7a nh\u00e2n d\u00e2n lao \u0111\u1ed9ng.<\/p>\n<p>Truy\u1ec7n c\u01b0\u1eddi d\u00e2n gian Vi\u1ec7t Nam th\u01b0\u1eddng n\u1eb1m mua vui, gi\u1ea3i tr\u00ed ho\u1eb7c ph\u00ea ph\u00e1n, \u0111\u1ea3 k\u00edch. \u0110\u1eb7c \u0111i\u1ec3m c\u1ee7a truy\u1ec7n c\u01b0\u1eddi d\u00e2n gian l\u00e0 c\u00e1ch t\u1ea1o t\u00ecnh hu\u1ed1ng v\u00e0 k\u1ebft th\u00fac truy\u1ec7n r\u1ea5t th\u00f4ng m.\u00ecnh \u0111\u1ec3 l\u00e0m b\u1eadt ra ti\u1ebfng c\u01b0\u1eddi. D\u00f9 v\u1edbi n\u1ed9i dung g\u00ec, \u0111\u1ecdc truy\u1ec7n c\u01b0\u1eddi d\u00e2n gian. ta c\u0169ng th\u1ea5y \u0111\u01b0\u1ee3c ti\u1ebfng c\u01b0\u1eddi kh\u1ecfa m\u1ea1nh, l\u1ea1c quan y\u00eau \u0111\u1eddi, m\u1ed9t s\u1ef1 h\u00f3m h\u1ec9nh b\u00ecnh d\u1ecb<\/p>\n<p>&#8220;Truy\u1ec7n ti\u1ebfu l\u00e2m d\u00e2n gian Vi\u1ec7t Nam b\u1eb1ng tranh hay nh\u1ea5t&#8221; mang \u0111\u1ebfn cho ng\u01b0\u1eddi \u0111\u1ecdc 61 m\u1ea9u truy\u1ec7n c\u01b0\u1eddi v\u1edbi nhi\u1ec1u ch\u1ee7 \u0111\u1ec1 kh\u00e1c nhau k\u1ebft h\u1ee3p v\u1edbi nh\u1eefng n\u00e9t v\u1ebd minh h\u1ecda c\u00e2u truy\u1ec7n \u0111\u1eadm ch\u1ea5t d\u00e2n gian g\u1ea7n g\u0169i, c\u00f3 th\u1ec3 \u0111em \u0111\u1ebfn cho c\u00e1c b\u1ea1n nh\u1ecf g\u1ea7n h\u01a1n v\u1edbi nh\u1eefng n\u00e9t \u0111\u1eb9p d\u00e2n gian truy\u1ec1n th\u1ed1ng.<\/p>\n","protected":false},"featured_media":23896,"template":"","meta":{"_acf_changed":false},"product_brand":[],"product_cat":[25,17,26],"product_tag":[],"class_list":{"0":"post-23897","1":"product","2":"type-product","3":"status-publish","4":"has-post-thumbnail","6":"product_cat-nhi-dong-6-tuoi-12-tuoi","7":"product_cat-sach-danh-cho-cac-be","8":"product_cat-thieu-nien-11-tuoi-18-tuoi","10":"first","11":"instock","12":"taxable","13":"shipping-taxable","14":"purchasable","15":"product-type-simple"},"supplier_id":null,"supplier_sku":"","barcode":null,"atum_controlled":true,"out_stock_date":null,"out_stock_threshold":null,"inheritable":false,"inbound_stock":0,"stock_on_hold":0,"sold_today":0,"sales_last_days":0,"reserved_stock":0,"customer_returns":0,"warehouse_damage":0,"lost_in_post":0,"other_logs":0,"out_stock_days":0,"lost_sales":0,"has_location":false,"update_date":"2026-01-28T23:11:30","atum_locations":[],"atum_stock_status":"instock","restock_status":false,"low_stock_amount":"","sales_update_date":"2026-01-28T23:11:30","calc_backorders":null,"acf":{"publisher":{"ID":1471,"post_author":"1","post_date":"2021-02-17 01:12:48","post_date_gmt":"2021-02-16 23:12:48","post_content":"","post_title":"\u0110\u1ea1i Mai Books","post_excerpt":"","post_status":"publish","comment_status":"closed","ping_status":"closed","post_password":"","post_name":"dai-mai-books","to_ping":"","pinged":"","post_modified":"2021-02-17 01:12:48","post_modified_gmt":"2021-02-16 23:12:48","post_content_filtered":"","post_parent":0,"guid":"https:\/\/sachviet.eu\/nha-phat-hanh\/dai-mai-books\/","menu_order":0,"post_type":"publisher","post_mime_type":"","comment_count":"0","filter":"raw"}},"_links":{"self":[{"href":"https:\/\/sachviet.eu\/en\/wp-json\/wp\/v2\/product\/23897","targetHints":{"allow":["GET"]}}],"collection":[{"href":"https:\/\/sachviet.eu\/en\/wp-json\/wp\/v2\/product"}],"about":[{"href":"https:\/\/sachviet.eu\/en\/wp-json\/wp\/v2\/types\/product"}],"wp:featuredmedia":[{"embeddable":true,"href":"https:\/\/sachviet.eu\/en\/wp-json\/wp\/v2\/media\/23896"}],"wp:attachment":[{"href":"https:\/\/sachviet.eu\/en\/wp-json\/wp\/v2\/media?parent=23897"}],"wp:term":[{"taxonomy":"product_brand","embeddable":true,"href":"https:\/\/sachviet.eu\/en\/wp-json\/wp\/v2\/product_brand?post=23897"},{"taxonomy":"product_cat","embeddable":true,"href":"https:\/\/sachviet.eu\/en\/wp-json\/wp\/v2\/product_cat?post=23897"},{"taxonomy":"product_tag","embeddable":true,"href":"https:\/\/sachviet.eu\/en\/wp-json\/wp\/v2\/product_tag?post=23897"}],"curies":[{"name":"wp","href":"https:\/\/api.w.org\/{rel}","templated":true}]}}