{"id":23886,"date":"2023-05-31T12:01:04","date_gmt":"2023-05-31T09:01:04","guid":{"rendered":"https:\/\/sachviet.eu\/shop\/truyen-co-tich-viet-nam-cho-be-tap-doc-truyen-co-tich-the-gioi-cho-be-tap-doc\/"},"modified":"2025-09-13T10:06:55","modified_gmt":"2025-09-13T07:06:55","slug":"truyen-co-tich-viet-nam-cho-be-tap-doc-truyen-co-tich-the-gioi-cho-be-tap-doc","status":"publish","type":"product","link":"https:\/\/sachviet.eu\/en\/shop\/truyen-co-tich-viet-nam-cho-be-tap-doc-truyen-co-tich-the-gioi-cho-be-tap-doc\/","title":{"rendered":"Truy\u1ec7n c\u1ed5 t\u00edch Vi\u1ec7t Nam cho b\u00e9 t\u1eadp \u0111\u1ecdc + Truy\u1ec7n c\u1ed5 t\u00edch th\u1ebf gi\u1edbi cho b\u00e9 t\u1eadp \u0111\u1ecdc"},"content":{"rendered":"<p>Truy\u1ec7n c\u1ed5 t\u00edch l\u00e0 m\u00f3n qu\u00e0 t\u1eb7ng tuy\u1ec7t v\u1eddi cho tu\u1ed5i th\u01a1 , nu\u1ed7i d\u01b0\u1ee1ng t\u00e2m h\u1ed3n c\u00e1c b\u00e9 t\u1eeb khi b\u1eaft \u0111\u1ea7u h\u00ecnh th\u00e0nh nh\u00e2n c\u00e1ch . \u0110\u00f3 l\u00e0 m\u1ed9t th\u1ebf gi\u1edbi th\u1ea7n ti\u00ean v\u1edbi nh\u1eefng B\u00e0 Ti\u00ean , \u00d4ng B\u1ee5t , C\u00f4 T\u1ea5m ,ch\u00e0ng Th\u1ea1ch Sanh\u2026\u2026 Nh\u1eefng c\u00e2u chuy\u1ec7n \u0111\u1eabm t\u00ednh nh\u00e2n v\u0103n , gieo m\u1ea7m thi\u1ec7n t\u1eeb nh\u1eefng b\u00e0i h\u1ecdc \u1edf hi\u1ec1n g\u1eb7p l\u00e0nh , thi\u1ec7n lu\u00f4n th\u1eafng \u00e1c \u2026\u2026<br \/>\nTruy\u1ec7n c\u1ed5 t\u00edch Vi\u1ec7t Nam cho b\u00e9 t\u1eadp \u0111\u1ecdc tuy\u1ec3n ch\u1ecdn nh\u1eefng c\u00e2u chuy\u1ec7n c\u1ed5 t\u00edch quen thu\u1ed9c g\u1eafn v\u1edbi bao th\u1ebf h\u1ec7 tu\u1ed5i th\u01a1 nh\u01b0 , C\u00e2y Kh\u1ebf, T\u1ea5m c\u00e1m, S\u1ecd D\u1eeba, S\u1ef1 t\u00edch d\u01b0a h\u1ea5u\u2026\u2026.N\u1ed9i dung truy\u1ec7n h\u1ea5p d\u1eabn , dung l\u01b0\u1ee3ng ch\u1eef v\u1eeba ph\u1ea3i ph\u00f9 h\u1ee3p v\u1edbi s\u1ef1 ti\u1ebfp nh\u1eadn c\u1ee7a c\u00e1c b\u00e9 , c\u00f9ng v\u1edbi k\u00eanh h\u00ecnh sinh \u0111\u1ed9ng ,s\u1eafc n\u00e9t \u0111em l\u1ea1i cho c\u00e1c b\u00e9 s\u1ef1 th\u00edch th\u00fa khi \u0111\u01b0\u1ee3c s\u1ed1ng trong th\u1ebf gi\u1edbi di\u1ec7u l\u00ec \u0111\u1ea7y m\u00e0u s\u1eafc .<\/p>\n","protected":false},"excerpt":{"rendered":"<p>Truy\u1ec7n c\u1ed5 t\u00edch l\u00e0 m\u00f3n qu\u00e0 t\u1eb7ng tuy\u1ec7t v\u1eddi cho tu\u1ed5i th\u01a1 , nu\u1ed7i d\u01b0\u1ee1ng t\u00e2m h\u1ed3n c\u00e1c b\u00e9 t\u1eeb khi b\u1eaft \u0111\u1ea7u h\u00ecnh th\u00e0nh nh\u00e2n c\u00e1ch . \u0110\u00f3 l\u00e0 m\u1ed9t th\u1ebf gi\u1edbi th\u1ea7n ti\u00ean v\u1edbi nh\u1eefng B\u00e0 Ti\u00ean , \u00d4ng B\u1ee5t , C\u00f4 T\u1ea5m ,ch\u00e0ng Th\u1ea1ch Sanh\u2026\u2026 Nh\u1eefng c\u00e2u chuy\u1ec7n \u0111\u1eabm t\u00ednh nh\u00e2n v\u0103n , gieo m\u1ea7m thi\u1ec7n t\u1eeb nh\u1eefng b\u00e0i h\u1ecdc \u1edf hi\u1ec1n g\u1eb7p l\u00e0nh , thi\u1ec7n lu\u00f4n th\u1eafng \u00e1c \u2026\u2026<br \/>\nTruy\u1ec7n c\u1ed5 t\u00edch Vi\u1ec7t Nam cho b\u00e9 t\u1eadp \u0111\u1ecdc tuy\u1ec3n ch\u1ecdn nh\u1eefng c\u00e2u chuy\u1ec7n c\u1ed5 t\u00edch quen thu\u1ed9c g\u1eafn v\u1edbi bao th\u1ebf h\u1ec7 tu\u1ed5i th\u01a1 nh\u01b0 , C\u00e2y Kh\u1ebf, T\u1ea5m c\u00e1m, S\u1ecd D\u1eeba, S\u1ef1 t\u00edch d\u01b0a h\u1ea5u\u2026\u2026.N\u1ed9i dung truy\u1ec7n h\u1ea5p d\u1eabn , dung l\u01b0\u1ee3ng ch\u1eef v\u1eeba ph\u1ea3i ph\u00f9 h\u1ee3p v\u1edbi s\u1ef1 ti\u1ebfp nh\u1eadn c\u1ee7a c\u00e1c b\u00e9 , c\u00f9ng v\u1edbi k\u00eanh h\u00ecnh sinh \u0111\u1ed9ng ,s\u1eafc n\u00e9t \u0111em l\u1ea1i cho c\u00e1c b\u00e9 s\u1ef1 th\u00edch th\u00fa khi \u0111\u01b0\u1ee3c s\u1ed1ng trong th\u1ebf gi\u1edbi di\u1ec7u l\u00ec \u0111\u1ea7y m\u00e0u s\u1eafc .<\/p>\n","protected":false},"featured_media":23885,"template":"","meta":{"_acf_changed":false},"product_brand":[],"product_cat":[25,17,26],"product_tag":[83],"class_list":{"0":"post-23886","1":"product","2":"type-product","3":"status-publish","4":"has-post-thumbnail","6":"product_cat-nhi-dong-6-tuoi-12-tuoi","7":"product_cat-sach-danh-cho-cac-be","8":"product_cat-thieu-nien-11-tuoi-18-tuoi","9":"product_tag-sach-moi-xuat-ban","11":"first","12":"instock","13":"taxable","14":"shipping-taxable","15":"purchasable","16":"product-type-simple"},"supplier_id":null,"supplier_sku":"","barcode":null,"atum_controlled":true,"out_stock_date":null,"out_stock_threshold":null,"inheritable":false,"inbound_stock":0,"stock_on_hold":0,"sold_today":0,"sales_last_days":0,"reserved_stock":0,"customer_returns":0,"warehouse_damage":0,"lost_in_post":0,"other_logs":0,"out_stock_days":0,"lost_sales":0,"has_location":false,"update_date":"2026-01-28T23:11:30","atum_locations":[],"atum_stock_status":"instock","restock_status":false,"low_stock_amount":"","sales_update_date":"2026-01-28T23:11:30","calc_backorders":null,"acf":{"publisher":{"ID":1471,"post_author":"1","post_date":"2021-02-17 01:12:48","post_date_gmt":"2021-02-16 23:12:48","post_content":"","post_title":"\u0110\u1ea1i Mai Books","post_excerpt":"","post_status":"publish","comment_status":"closed","ping_status":"closed","post_password":"","post_name":"dai-mai-books","to_ping":"","pinged":"","post_modified":"2021-02-17 01:12:48","post_modified_gmt":"2021-02-16 23:12:48","post_content_filtered":"","post_parent":0,"guid":"https:\/\/sachviet.eu\/nha-phat-hanh\/dai-mai-books\/","menu_order":0,"post_type":"publisher","post_mime_type":"","comment_count":"0","filter":"raw"}},"_links":{"self":[{"href":"https:\/\/sachviet.eu\/en\/wp-json\/wp\/v2\/product\/23886","targetHints":{"allow":["GET"]}}],"collection":[{"href":"https:\/\/sachviet.eu\/en\/wp-json\/wp\/v2\/product"}],"about":[{"href":"https:\/\/sachviet.eu\/en\/wp-json\/wp\/v2\/types\/product"}],"wp:featuredmedia":[{"embeddable":true,"href":"https:\/\/sachviet.eu\/en\/wp-json\/wp\/v2\/media\/23885"}],"wp:attachment":[{"href":"https:\/\/sachviet.eu\/en\/wp-json\/wp\/v2\/media?parent=23886"}],"wp:term":[{"taxonomy":"product_brand","embeddable":true,"href":"https:\/\/sachviet.eu\/en\/wp-json\/wp\/v2\/product_brand?post=23886"},{"taxonomy":"product_cat","embeddable":true,"href":"https:\/\/sachviet.eu\/en\/wp-json\/wp\/v2\/product_cat?post=23886"},{"taxonomy":"product_tag","embeddable":true,"href":"https:\/\/sachviet.eu\/en\/wp-json\/wp\/v2\/product_tag?post=23886"}],"curies":[{"name":"wp","href":"https:\/\/api.w.org\/{rel}","templated":true}]}}