{"id":23884,"date":"2023-05-31T12:00:59","date_gmt":"2023-05-31T09:00:59","guid":{"rendered":"https:\/\/sachviet.eu\/shop\/truyen-co-tich-chon-loc-ve-hoang-tu-cong-chua-cho-be-tap-doc\/"},"modified":"2025-09-12T19:27:34","modified_gmt":"2025-09-12T16:27:34","slug":"truyen-co-tich-chon-loc-ve-hoang-tu-cong-chua-cho-be-tap-doc","status":"publish","type":"product","link":"https:\/\/sachviet.eu\/en\/shop\/truyen-co-tich-chon-loc-ve-hoang-tu-cong-chua-cho-be-tap-doc\/","title":{"rendered":"TRUY\u1ec6N C\u1ed4 T\u00cdCH CH\u1eccN L\u1eccC V\u1ec0 HO\u00c0NG T\u1eec, C\u00d4NG CH\u00daA CHO B\u00c9 T\u1eacP \u0110\u1eccC"},"content":{"rendered":"<p>Th\u1ebf gi\u1edbi c\u1ed5 t\u00edch v\u1edbi nh\u1eefng b\u00e0 ti\u00ean, \u00f4ng b\u1ee5t, nh\u1eefng ch\u00e0ng d\u0169ng s\u0129, c\u00e1c con v\u1eadt bi\u1ebft n\u00f3i\u2026 lu\u00f4n l\u00e0 th\u1ebf gi\u1edbi huy\u1ec1n di\u1ec7u, l\u1ea5p l\u00e1nh s\u1eafc m\u00e0u h\u1ea5p d\u1eabn tu\u1ed5i th\u01a1. Trong th\u1ebf gi\u1edbi \u1ea5y, \u0111\u1eb7c bi\u1ec7t \u1ea5n t\u01b0\u1ee3ng v\u1edbi c\u00e1c b\u1ea1n nh\u1ecf l\u00e0 h\u00ecnh \u1ea3nh nh\u1eefng n\u00e0ng c\u00f4ng ch\u00faa xinh \u0111\u1eb9p, d\u1ecbu d\u00e0ng, th\u00f4ng minh nh\u00e2n h\u1eadu. B\u00ean c\u1ea1nh \u0111\u00f3 l\u00e0 c\u00e1c ch\u00e0ng ho\u00e0ng t\u1eed kh\u00f4i ng\u00f4, d\u0169ng c\u1ea3m, gi\u00e0u l\u00f2ng nh\u00e2n \u00e1i l\u00e0m say l\u00f2ng bao th\u1ebf h\u1ec7 tu\u1ed5i th\u01a1.<\/p>\n<p>Tuy\u1ec3n t\u1eadp \u201cTruy\u1ec7n c\u1ed5 t\u00edch ch\u1ecdn l\u1ecdc v\u1ec1 ho\u00e0ng t\u1eed, c\u00f4ng ch\u00faa cho b\u00e9 t\u1eadp \u0111\u1ecdc\u201d l\u00e0 m\u00f3n qu\u00e0 \u0111\u00e1ng y\u00eau g\u1eedi t\u1eb7ng c\u00e1c b\u1ea1n nh\u1ecf, \u0111\u01b0a c\u00e1c em \u0111\u1ebfn v\u1edbi th\u1ebf gi\u1edbi th\u1ea7n ti\u00ean. \u1ede th\u1ebf gi\u1edbi \u1ea5y, c\u00e1c em kh\u00f4ng ch\u1ec9 \u0111\u01b0\u1ee3c g\u1eb7p c\u00e1c ch\u00e0ng ho\u00e0ng t\u1eed, c\u00e1c n\u00e0ng c\u00f4ng ch\u00faa v\u00e0 nhi\u1ec1u nh\u00e2n v\u1eadt \u0111\u1eb7c bi\u1ec7t kh\u00e1c m\u00e0 c\u00f2n h\u1ecdc \u0111\u01b0\u1ee3c nhi\u1ec1u b\u00e0i h\u1ecdc qu\u00fd gi\u00e1 v\u1ec1 s\u1ef1 y\u00eau th\u01b0\u01a1ng, l\u00f2ng nh\u00e2n \u00e1i, nh\u1eefng b\u00e0i h\u1ecdc \u00fd ngh\u0129a gieo m\u1ea7m nh\u00e2n c\u00e1ch t\u1ed1t \u0111\u1eb9p cho c\u00e1c em.<\/p>\n<p>S\u00e1ch \u0111\u01b0\u1ee3c nh\u00e0 xu\u1ea5t b\u1ea3n Ph\u1ee5 N\u1eef Vi\u1ec7t Nam \u1ea5n h\u00e0nh n\u0103m 2021 do H\u1ea3i Minh bi\u00ean so\u1ea1n, g\u1ed3m 119 trang v\u00e0 h\u00ecnh v\u1ebd, gi\u00fap c\u00e1c b\u00e9 ph\u00e1t tri\u1ec3n ng\u00f4n ng\u1eef, tr\u00ed t\u01b0\u1edfng t\u01b0\u1ee3ng th\u00f4ng qua c\u00e1c c\u00e2u chuy\u1ec7n c\u1ed5 t\u00edch \u0111\u1ea7y s\u1eafc m\u00e0u v\u00e0 nh\u00e2n v\u0103n.<\/p>\n","protected":false},"excerpt":{"rendered":"<p>Th\u1ebf gi\u1edbi c\u1ed5 t\u00edch v\u1edbi nh\u1eefng b\u00e0 ti\u00ean, \u00f4ng b\u1ee5t, nh\u1eefng ch\u00e0ng d\u0169ng s\u0129, c\u00e1c con v\u1eadt bi\u1ebft n\u00f3i\u2026 lu\u00f4n l\u00e0 th\u1ebf gi\u1edbi huy\u1ec1n di\u1ec7u, l\u1ea5p l\u00e1nh s\u1eafc m\u00e0u h\u1ea5p d\u1eabn tu\u1ed5i th\u01a1. Trong th\u1ebf gi\u1edbi \u1ea5y, \u0111\u1eb7c bi\u1ec7t \u1ea5n t\u01b0\u1ee3ng v\u1edbi c\u00e1c b\u1ea1n nh\u1ecf l\u00e0 h\u00ecnh \u1ea3nh nh\u1eefng n\u00e0ng c\u00f4ng ch\u00faa xinh \u0111\u1eb9p, d\u1ecbu d\u00e0ng, th\u00f4ng minh nh\u00e2n h\u1eadu. B\u00ean c\u1ea1nh \u0111\u00f3 l\u00e0 c\u00e1c ch\u00e0ng ho\u00e0ng t\u1eed kh\u00f4i ng\u00f4, d\u0169ng c\u1ea3m, gi\u00e0u l\u00f2ng nh\u00e2n \u00e1i l\u00e0m say l\u00f2ng bao th\u1ebf h\u1ec7 tu\u1ed5i th\u01a1.<\/p>\n<p>Tuy\u1ec3n t\u1eadp \u201cTruy\u1ec7n c\u1ed5 t\u00edch ch\u1ecdn l\u1ecdc v\u1ec1 ho\u00e0ng t\u1eed, c\u00f4ng ch\u00faa cho b\u00e9 t\u1eadp \u0111\u1ecdc\u201d l\u00e0 m\u00f3n qu\u00e0 \u0111\u00e1ng y\u00eau g\u1eedi t\u1eb7ng c\u00e1c b\u1ea1n nh\u1ecf, \u0111\u01b0a c\u00e1c em \u0111\u1ebfn v\u1edbi th\u1ebf gi\u1edbi th\u1ea7n ti\u00ean. \u1ede th\u1ebf gi\u1edbi \u1ea5y, c\u00e1c em kh\u00f4ng ch\u1ec9 \u0111\u01b0\u1ee3c g\u1eb7p c\u00e1c ch\u00e0ng ho\u00e0ng t\u1eed, c\u00e1c n\u00e0ng c\u00f4ng ch\u00faa v\u00e0 nhi\u1ec1u nh\u00e2n v\u1eadt \u0111\u1eb7c bi\u1ec7t kh\u00e1c m\u00e0 c\u00f2n h\u1ecdc \u0111\u01b0\u1ee3c nhi\u1ec1u b\u00e0i h\u1ecdc qu\u00fd gi\u00e1 v\u1ec1 s\u1ef1 y\u00eau th\u01b0\u01a1ng, l\u00f2ng nh\u00e2n \u00e1i, nh\u1eefng b\u00e0i h\u1ecdc \u00fd ngh\u0129a gieo m\u1ea7m nh\u00e2n c\u00e1ch t\u1ed1t \u0111\u1eb9p cho c\u00e1c em.<\/p>\n<p>S\u00e1ch \u0111\u01b0\u1ee3c nh\u00e0 xu\u1ea5t b\u1ea3n Ph\u1ee5 N\u1eef Vi\u1ec7t Nam \u1ea5n h\u00e0nh n\u0103m 2021 do H\u1ea3i Minh bi\u00ean so\u1ea1n, g\u1ed3m 119 trang v\u00e0 h\u00ecnh v\u1ebd, gi\u00fap c\u00e1c b\u00e9 ph\u00e1t tri\u1ec3n ng\u00f4n ng\u1eef, tr\u00ed t\u01b0\u1edfng t\u01b0\u1ee3ng th\u00f4ng qua c\u00e1c c\u00e2u chuy\u1ec7n c\u1ed5 t\u00edch \u0111\u1ea7y s\u1eafc m\u00e0u v\u00e0 nh\u00e2n v\u0103n.<\/p>\n","protected":false},"featured_media":23883,"template":"","meta":{"_acf_changed":false},"product_brand":[],"product_cat":[25,17,26],"product_tag":[83],"class_list":{"0":"post-23884","1":"product","2":"type-product","3":"status-publish","4":"has-post-thumbnail","6":"product_cat-nhi-dong-6-tuoi-12-tuoi","7":"product_cat-sach-danh-cho-cac-be","8":"product_cat-thieu-nien-11-tuoi-18-tuoi","9":"product_tag-sach-moi-xuat-ban","11":"first","12":"instock","13":"taxable","14":"shipping-taxable","15":"purchasable","16":"product-type-simple"},"supplier_id":null,"supplier_sku":"","barcode":null,"atum_controlled":true,"out_stock_date":null,"out_stock_threshold":null,"inheritable":false,"inbound_stock":0,"stock_on_hold":0,"sold_today":0,"sales_last_days":0,"reserved_stock":0,"customer_returns":0,"warehouse_damage":0,"lost_in_post":0,"other_logs":0,"out_stock_days":0,"lost_sales":0,"has_location":false,"update_date":"2026-01-28T23:11:30","atum_locations":[],"atum_stock_status":"instock","restock_status":false,"low_stock_amount":"","sales_update_date":"2026-01-28T23:11:30","calc_backorders":null,"acf":{"publisher":{"ID":1471,"post_author":"1","post_date":"2021-02-17 01:12:48","post_date_gmt":"2021-02-16 23:12:48","post_content":"","post_title":"\u0110\u1ea1i Mai Books","post_excerpt":"","post_status":"publish","comment_status":"closed","ping_status":"closed","post_password":"","post_name":"dai-mai-books","to_ping":"","pinged":"","post_modified":"2021-02-17 01:12:48","post_modified_gmt":"2021-02-16 23:12:48","post_content_filtered":"","post_parent":0,"guid":"https:\/\/sachviet.eu\/nha-phat-hanh\/dai-mai-books\/","menu_order":0,"post_type":"publisher","post_mime_type":"","comment_count":"0","filter":"raw"}},"_links":{"self":[{"href":"https:\/\/sachviet.eu\/en\/wp-json\/wp\/v2\/product\/23884","targetHints":{"allow":["GET"]}}],"collection":[{"href":"https:\/\/sachviet.eu\/en\/wp-json\/wp\/v2\/product"}],"about":[{"href":"https:\/\/sachviet.eu\/en\/wp-json\/wp\/v2\/types\/product"}],"wp:featuredmedia":[{"embeddable":true,"href":"https:\/\/sachviet.eu\/en\/wp-json\/wp\/v2\/media\/23883"}],"wp:attachment":[{"href":"https:\/\/sachviet.eu\/en\/wp-json\/wp\/v2\/media?parent=23884"}],"wp:term":[{"taxonomy":"product_brand","embeddable":true,"href":"https:\/\/sachviet.eu\/en\/wp-json\/wp\/v2\/product_brand?post=23884"},{"taxonomy":"product_cat","embeddable":true,"href":"https:\/\/sachviet.eu\/en\/wp-json\/wp\/v2\/product_cat?post=23884"},{"taxonomy":"product_tag","embeddable":true,"href":"https:\/\/sachviet.eu\/en\/wp-json\/wp\/v2\/product_tag?post=23884"}],"curies":[{"name":"wp","href":"https:\/\/api.w.org\/{rel}","templated":true}]}}