{"id":23882,"date":"2023-05-31T12:00:52","date_gmt":"2023-05-31T09:00:52","guid":{"rendered":"https:\/\/sachviet.eu\/shop\/chao-tieng-viet-cap-do-2-kham-pha\/"},"modified":"2023-11-26T22:28:36","modified_gmt":"2023-11-26T20:28:36","slug":"chao-tieng-viet-cap-do-2-kham-pha","status":"publish","type":"product","link":"https:\/\/sachviet.eu\/en\/shop\/chao-tieng-viet-cap-do-2-kham-pha\/","title":{"rendered":"Ch\u00e0o Ti\u1ebfng Vi\u1ec7t C\u1ea5p \u0110\u1ed9 2 &#8211; Kh\u00e1m Ph\u00e1"},"content":{"rendered":"<p>V\u1edaI CH\u00c0O TI\u1ebeNG VI\u1ec6T, c\u00e1c b\u1ea1n \u0111\u00e3 \u201cra kh\u01a1i\u201d c\u00f9ng cu\u1ed1n s\u00e1ch c\u1ea5p \u0111\u1ed9 1 v\u00e0 ph\u00e1t hi\u1ec7n ra kho b\u00e1u ti\u1ebfng Vi\u1ec7t. \u0110\u00f3 l\u00e0 nh\u1eefng v\u1eadt b\u00e1u v\u00f4 c\u00f9ng kh\u00e1c bi\u1ec7t, gi\u00fap ch\u00fang ta nh\u00ecn r\u1ed9ng ra th\u1ebf gi\u1edbi, r\u1ed3i nh\u00ecn Vi\u1ec7t Nam c\u1ee7a m\u00ecnh \u1edf g\u00f3c \u0111\u1ed9 \u0111\u1ed9c \u0111\u00e1o, th\u00fa v\u1ecb.<\/p>\n<p>Cu\u1ed1n s\u00e1ch c\u1ea5p \u0111\u1ed9 2 s\u1ebd l\u00e0 nh\u1eefng g\u1ee3i \u00fd cho c\u00e1c b\u1ea1n ti\u1ebfp t\u1ee5c kh\u00e1m ph\u00e1 v\u1ebb \u0111\u1eb9p l\u1ea5p l\u00e1nh c\u1ee7a kho b\u00e1u ti\u1ebfng Vi\u1ec7t, \u0111\u1ec3 th\u1ea5y, ch\u00fang ta gi\u00e0u c\u00f3 th\u1ebf n\u00e0o.<\/p>\n<p>\u0110\u1ed1i t\u01b0\u1ee3ng h\u1ecdc m\u00e0 cu\u1ed1n s\u00e1ch h\u01b0\u1edbng \u0111\u1ebfn l\u00e0 c\u00e1c b\u1ea1n nh\u1ecf t\u1eeb 6 \u0111\u1ebfn 15 tu\u1ed5i \u0111ang sinh s\u1ed1ng \u1edf n\u01b0\u1edbc ngo\u00e0i. C\u00e1c em ti\u1ebfp c\u1eadn ti\u1ebfng Vi\u1ec7t nh\u01b0 m\u1ed9t ngo\u1ea1i ng\u1eef nh\u01b0ng l\u1ea1i c\u00f3 h\u1eadu thu\u1eabn ho\u1eb7c c\u00f3 th\u1ec3 g\u1ecdi l\u00e0 \u201cm\u00f4i tr\u01b0\u1eddng ng\u00f4n ng\u1eef nh\u1ecf\u201d \u0111\u1ec3 khai th\u00e1c \u2013 ch\u00ednh l\u00e0 m\u1ed9t ho\u1eb7c m\u1ed9t v\u00e0i ng\u01b0\u1eddi th\u00e2n n\u00f3i ti\u1ebfng Vi\u1ec7t, m\u1ed9t c\u1ed9ng \u0111\u1ed3ng ng\u01b0\u1eddi Vi\u1ec7t nho nh\u1ecf \u1edf n\u01a1i xa x\u1ee9.<\/p>\n<p>T\u00f4i tin t\u01b0\u1edfng r\u1eb1ng, m\u1ed7i ho\u1ea1t \u0111\u1ed9ng trong cu\u1ed1n CH\u00c0O TI\u1ebeNG VI\u1ec6T \u2013 c\u1ea5p \u0111\u1ed9 2: Kh\u00e1m ph\u00e1 n\u00e0y s\u1ebd l\u00e0 g\u1ee3i \u00fd \u0111\u1eafc d\u1ee5ng \u0111\u1ec3 c\u00e1c th\u1ea7y c\u00f4, c\u00e1c ph\u1ee5 huynh \u0111\u01b0a th\u00eam nh\u1eefng b\u00e0i t\u1eadp m\u1edbi m\u1ebb, s\u00e1ng t\u1ea1o cho h\u1ecdc sinh trong qu\u00e1 tr\u00ecnh h\u1ecdc ti\u1ebfng Vi\u1ec7t, ph\u00f9 h\u1ee3p v\u1edbi \u0111\u1eb7c \u0111i\u1ec3m v\u00f9ng mi\u1ec1n m\u00ecnh \u0111ang sinh s\u1ed1ng.<\/p>\n<p>Cu\u1ed1n 1 t\u1ea1o c\u1ea3m x\u00fac, g\u00e2y h\u00e0o h\u1ee9ng, t\u1ea1o \u0111\u1ed9ng l\u1ef1c \u0111\u1ebfn v\u1edbi ti\u1ebfng Vi\u1ec7t. C\u00f2n cu\u1ed1n 2, v\u1edbi c\u00e2u chuy\u1ec7n phi\u00eau l\u01b0u c\u1ee7a Miu Nguy\u1ec5n d\u1ecdc \u0111\u01b0\u1eddng b\u1edd bi\u1ec3n Vi\u1ec7t Nam, ch\u00fang ta s\u1ebd c\u00f9ng gi\u1eef cho \u0111\u1ed9ng l\u1ef1c h\u1ecdc ti\u1ebfng Vi\u1ec7t \u1edf l\u1ea1i b\u1ec1n b\u1ec9 c\u00f9ng ng\u01b0\u1eddi h\u1ecdc.<\/p>\n<p>Cu\u1ed1n s\u00e1ch Kh\u00e1m ph\u00e1 b\u1eaft \u0111\u1ea7u ch\u1ea1m \u0111\u1ebfn m\u1ea3ng \u0111\u1ea5t n\u01b0\u1edbc h\u1ecdc m\u1ed9t c\u00e1ch t\u1ef1 nhi\u00ean, ti\u1ebft ch\u1ebf qua c\u00e2u chuy\u1ec7n c\u1ee7a Miu Nguy\u1ec5n v\u1ec1 h\u00e0nh tr\u00ecnh \u0111i men b\u1edd bi\u1ec3n Vi\u1ec7t Nam. T\u00f4i k\u00ec v\u1ecdng c\u00f3 th\u1ec3 chia s\u1ebb \u0111\u01b0\u1ee3c nh\u1eefng \u0111i\u1ec3m th\u00fa v\u1ecb trong v\u0103n ho\u00e1 Vi\u1ec7t, con ng\u01b0\u1eddi v\u00e0 phong c\u1ea3nh \u0111\u1ea5t n\u01b0\u1edbc trong m\u1ed1i t\u01b0\u01a1ng quan hai chi\u1ec1u ho\u1eb7c \u0111a chi\u1ec1u v\u1edbi v\u0103n ho\u00e1 n\u01b0\u1edbc b\u1ea3n \u0111\u1ecba v\u00e0 v\u0103n ho\u00e1 th\u1ebf gi\u1edbi.<\/p>\n","protected":false},"excerpt":{"rendered":"<p>V\u1edaI CH\u00c0O TI\u1ebeNG VI\u1ec6T, c\u00e1c b\u1ea1n \u0111\u00e3 \u201cra kh\u01a1i\u201d c\u00f9ng cu\u1ed1n s\u00e1ch c\u1ea5p \u0111\u1ed9 1 v\u00e0 ph\u00e1t hi\u1ec7n ra kho b\u00e1u ti\u1ebfng Vi\u1ec7t. \u0110\u00f3 l\u00e0 nh\u1eefng v\u1eadt b\u00e1u v\u00f4 c\u00f9ng kh\u00e1c bi\u1ec7t, gi\u00fap ch\u00fang ta nh\u00ecn r\u1ed9ng ra th\u1ebf gi\u1edbi, r\u1ed3i nh\u00ecn Vi\u1ec7t Nam c\u1ee7a m\u00ecnh \u1edf g\u00f3c \u0111\u1ed9 \u0111\u1ed9c \u0111\u00e1o, th\u00fa v\u1ecb.<\/p>\n<p>Cu\u1ed1n s\u00e1ch c\u1ea5p \u0111\u1ed9 2 s\u1ebd l\u00e0 nh\u1eefng g\u1ee3i \u00fd cho c\u00e1c b\u1ea1n ti\u1ebfp t\u1ee5c kh\u00e1m ph\u00e1 v\u1ebb \u0111\u1eb9p l\u1ea5p l\u00e1nh c\u1ee7a kho b\u00e1u ti\u1ebfng Vi\u1ec7t, \u0111\u1ec3 th\u1ea5y, ch\u00fang ta gi\u00e0u c\u00f3 th\u1ebf n\u00e0o.<\/p>\n<p>\u0110\u1ed1i t\u01b0\u1ee3ng h\u1ecdc m\u00e0 cu\u1ed1n s\u00e1ch h\u01b0\u1edbng \u0111\u1ebfn l\u00e0 c\u00e1c b\u1ea1n nh\u1ecf t\u1eeb 6 \u0111\u1ebfn 15 tu\u1ed5i \u0111ang sinh s\u1ed1ng \u1edf n\u01b0\u1edbc ngo\u00e0i. C\u00e1c em ti\u1ebfp c\u1eadn ti\u1ebfng Vi\u1ec7t nh\u01b0 m\u1ed9t ngo\u1ea1i ng\u1eef nh\u01b0ng l\u1ea1i c\u00f3 h\u1eadu thu\u1eabn ho\u1eb7c c\u00f3 th\u1ec3 g\u1ecdi l\u00e0 \u201cm\u00f4i tr\u01b0\u1eddng ng\u00f4n ng\u1eef nh\u1ecf\u201d \u0111\u1ec3 khai th\u00e1c \u2013 ch\u00ednh l\u00e0 m\u1ed9t ho\u1eb7c m\u1ed9t v\u00e0i ng\u01b0\u1eddi th\u00e2n n\u00f3i ti\u1ebfng Vi\u1ec7t, m\u1ed9t c\u1ed9ng \u0111\u1ed3ng ng\u01b0\u1eddi Vi\u1ec7t nho nh\u1ecf \u1edf n\u01a1i xa x\u1ee9.<\/p>\n<p>T\u00f4i tin t\u01b0\u1edfng r\u1eb1ng, m\u1ed7i ho\u1ea1t \u0111\u1ed9ng trong cu\u1ed1n CH\u00c0O TI\u1ebeNG VI\u1ec6T \u2013 c\u1ea5p \u0111\u1ed9 2: Kh\u00e1m ph\u00e1 n\u00e0y s\u1ebd l\u00e0 g\u1ee3i \u00fd \u0111\u1eafc d\u1ee5ng \u0111\u1ec3 c\u00e1c th\u1ea7y c\u00f4, c\u00e1c ph\u1ee5 huynh \u0111\u01b0a th\u00eam nh\u1eefng b\u00e0i t\u1eadp m\u1edbi m\u1ebb, s\u00e1ng t\u1ea1o cho h\u1ecdc sinh trong qu\u00e1 tr\u00ecnh h\u1ecdc ti\u1ebfng Vi\u1ec7t, ph\u00f9 h\u1ee3p v\u1edbi \u0111\u1eb7c \u0111i\u1ec3m v\u00f9ng mi\u1ec1n m\u00ecnh \u0111ang sinh s\u1ed1ng.<\/p>\n<p>Cu\u1ed1n 1 t\u1ea1o c\u1ea3m x\u00fac, g\u00e2y h\u00e0o h\u1ee9ng, t\u1ea1o \u0111\u1ed9ng l\u1ef1c \u0111\u1ebfn v\u1edbi ti\u1ebfng Vi\u1ec7t. C\u00f2n cu\u1ed1n 2, v\u1edbi c\u00e2u chuy\u1ec7n phi\u00eau l\u01b0u c\u1ee7a Miu Nguy\u1ec5n d\u1ecdc \u0111\u01b0\u1eddng b\u1edd bi\u1ec3n Vi\u1ec7t Nam, ch\u00fang ta s\u1ebd c\u00f9ng gi\u1eef cho \u0111\u1ed9ng l\u1ef1c h\u1ecdc ti\u1ebfng Vi\u1ec7t \u1edf l\u1ea1i b\u1ec1n b\u1ec9 c\u00f9ng ng\u01b0\u1eddi h\u1ecdc.<\/p>\n<p>Cu\u1ed1n s\u00e1ch Kh\u00e1m ph\u00e1 b\u1eaft \u0111\u1ea7u ch\u1ea1m \u0111\u1ebfn m\u1ea3ng \u0111\u1ea5t n\u01b0\u1edbc h\u1ecdc m\u1ed9t c\u00e1ch t\u1ef1 nhi\u00ean, ti\u1ebft ch\u1ebf qua c\u00e2u chuy\u1ec7n c\u1ee7a Miu Nguy\u1ec5n v\u1ec1 h\u00e0nh tr\u00ecnh \u0111i men b\u1edd bi\u1ec3n Vi\u1ec7t Nam. T\u00f4i k\u00ec v\u1ecdng c\u00f3 th\u1ec3 chia s\u1ebb \u0111\u01b0\u1ee3c nh\u1eefng \u0111i\u1ec3m th\u00fa v\u1ecb trong v\u0103n ho\u00e1 Vi\u1ec7t, con ng\u01b0\u1eddi v\u00e0 phong c\u1ea3nh \u0111\u1ea5t n\u01b0\u1edbc trong m\u1ed1i t\u01b0\u01a1ng quan hai chi\u1ec1u ho\u1eb7c \u0111a chi\u1ec1u v\u1edbi v\u0103n ho\u00e1 n\u01b0\u1edbc b\u1ea3n \u0111\u1ecba v\u00e0 v\u0103n ho\u00e1 th\u1ebf gi\u1edbi.<\/p>\n","protected":false},"featured_media":23880,"template":"","meta":{"_acf_changed":false},"product_brand":[],"product_cat":[20,25,17,71,26],"product_tag":[83],"class_list":{"0":"post-23882","1":"product","2":"type-product","3":"status-publish","4":"has-post-thumbnail","6":"product_cat-be-vua-hoc-vua-choi","7":"product_cat-nhi-dong-6-tuoi-12-tuoi","8":"product_cat-sach-danh-cho-cac-be","9":"product_cat-sach-tre-em-thuan-viet","10":"product_cat-thieu-nien-11-tuoi-18-tuoi","11":"product_tag-sach-moi-xuat-ban","13":"first","14":"outofstock","15":"taxable","16":"shipping-taxable","17":"purchasable","18":"product-type-simple"},"supplier_id":null,"supplier_sku":"","barcode":null,"atum_controlled":true,"out_stock_date":"2023-11-26 20:28:36","out_stock_threshold":null,"inheritable":false,"inbound_stock":0,"stock_on_hold":0,"sold_today":0,"sales_last_days":0,"reserved_stock":0,"customer_returns":0,"warehouse_damage":0,"lost_in_post":0,"other_logs":0,"out_stock_days":794,"lost_sales":0,"has_location":false,"update_date":"2026-01-28T23:11:16","atum_locations":[],"atum_stock_status":"outofstock","restock_status":false,"low_stock_amount":"","sales_update_date":"2026-01-28T23:11:16","calc_backorders":null,"acf":{"publisher":{"ID":23454,"post_author":"1","post_date":"2023-04-04 22:50:39","post_date_gmt":"2023-04-04 19:50:39","post_content":"","post_title":"Gi\u00e1o D\u1ee5c Vi\u1ec7t Nam","post_excerpt":"","post_status":"publish","comment_status":"closed","ping_status":"closed","post_password":"","post_name":"giao-duc-viet-nam","to_ping":"","pinged":"","post_modified":"2023-04-04 22:50:39","post_modified_gmt":"2023-04-04 19:50:39","post_content_filtered":"","post_parent":0,"guid":"https:\/\/sachviet.eu\/nha-phat-hanh\/giao-duc-viet-nam\/","menu_order":0,"post_type":"publisher","post_mime_type":"","comment_count":"0","filter":"raw"}},"_links":{"self":[{"href":"https:\/\/sachviet.eu\/en\/wp-json\/wp\/v2\/product\/23882","targetHints":{"allow":["GET"]}}],"collection":[{"href":"https:\/\/sachviet.eu\/en\/wp-json\/wp\/v2\/product"}],"about":[{"href":"https:\/\/sachviet.eu\/en\/wp-json\/wp\/v2\/types\/product"}],"wp:featuredmedia":[{"embeddable":true,"href":"https:\/\/sachviet.eu\/en\/wp-json\/wp\/v2\/media\/23880"}],"wp:attachment":[{"href":"https:\/\/sachviet.eu\/en\/wp-json\/wp\/v2\/media?parent=23882"}],"wp:term":[{"taxonomy":"product_brand","embeddable":true,"href":"https:\/\/sachviet.eu\/en\/wp-json\/wp\/v2\/product_brand?post=23882"},{"taxonomy":"product_cat","embeddable":true,"href":"https:\/\/sachviet.eu\/en\/wp-json\/wp\/v2\/product_cat?post=23882"},{"taxonomy":"product_tag","embeddable":true,"href":"https:\/\/sachviet.eu\/en\/wp-json\/wp\/v2\/product_tag?post=23882"}],"curies":[{"name":"wp","href":"https:\/\/api.w.org\/{rel}","templated":true}]}}