{"id":23879,"date":"2023-05-31T12:00:46","date_gmt":"2023-05-31T09:00:46","guid":{"rendered":"https:\/\/sachviet.eu\/shop\/chao-tieng-viet-cap-do-1-ra-khoi\/"},"modified":"2023-11-26T22:28:36","modified_gmt":"2023-11-26T20:28:36","slug":"chao-tieng-viet-cap-do-1-ra-khoi","status":"publish","type":"product","link":"https:\/\/sachviet.eu\/en\/shop\/chao-tieng-viet-cap-do-1-ra-khoi\/","title":{"rendered":"Ch\u00e0o Ti\u1ebfng Vi\u1ec7t C\u1ea5p \u0110\u1ed9 1 &#8211; Ra Kh\u01a1i"},"content":{"rendered":"<p>Cu\u1ed1n s\u00e1ch g\u1ed3m 32 b\u00e0i h\u1ecdc, t\u01b0\u01a1ng \u0111\u01b0\u01a1ng v\u1edbi 220 ti\u1ebft h\u1ecdc. C\u1ea5u tr\u00fac b\u00e0i h\u1ecdc g\u1ed3m 3 m\u1ee5c l\u1edbn : C\u00e2u chuy\u1ec7n, Luy\u1ec7n \u00e2m &#8211; gh\u00e9p v\u1ea7n, Th\u1eed th\u00e1ch.<\/p>\n<p>M\u1ed7i m\u1ee5c l\u1edbn bao g\u1ed3m nhi\u1ec1u ho\u1ea1t \u0111\u1ecdng nh\u01b0 : H\u1ed9i tho\u1ea1i, Ghi nh\u1edb, Nghe-n\u00f3i, Nghe nh\u1ea1c, Tr\u1ea3i Nghi\u1ec7m, Tr\u00f2 ch\u01a1i, Luy\u1ec7n vi\u1ebft,<\/p>\n<p>V\u1edbi cu\u1ed1n s\u00e1ch n\u00e0y c\u00e1c b\u1ea1n nh\u1ecf s\u1ebd v\u01b0\u1ee3t qua b\u1eadc S\u01a1 c\u1ea5p c\u00f9ng c\u00e1c nh\u00e2n v\u1eadt trong c\u00e2u chuy\u1ec7n. C\u00e1c c\u00e2u chuy\u1ec7n phi\u00eau l\u01b0u kh\u00f4ng gi\u1edbi h\u1ea1n v\u1ec1 kh\u00f4ng gian s\u1ebd trang b\u1ecb v\u1ed1n t\u1eeb cho ng\u1eddi h\u1ecdc. C\u00e1c v\u1ea5n \u0111\u1ec1 kh\u00f3 v\u1ec1 \u00e2m, v\u1ea7n, thanh \u0111i\u1ec7u s\u1ebd \u0111\u01b0\u1ee3c gi\u1ea3i quy\u1ebft th\u00f4ng qua c\u00e1c nhi\u1ec7m v\u1ee5, tr\u00f2 ch\u01a1i h\u1ea5p d\u1eabn.<\/p>\n<p>Ph\u1ea7n nghe c\u1ee7a cu\u1ed1n s\u00e1ch s\u1ebd s\u1ed1 h\u00f3a tr\u00ean trang H\u00e0nh trang s\u1ed1 &#8211; n\u1ec1n t\u1ea3ng h\u1ecdc li\u1ec7u \u0111i\u1ec7n t\u1eed c\u1ee7a NXB Gi\u00e1o D\u1ee5c Vi\u1ec7t Nam.<\/p>\n","protected":false},"excerpt":{"rendered":"<p>Cu\u1ed1n s\u00e1ch g\u1ed3m 32 b\u00e0i h\u1ecdc, t\u01b0\u01a1ng \u0111\u01b0\u01a1ng v\u1edbi 220 ti\u1ebft h\u1ecdc. C\u1ea5u tr\u00fac b\u00e0i h\u1ecdc g\u1ed3m 3 m\u1ee5c l\u1edbn : C\u00e2u chuy\u1ec7n, Luy\u1ec7n \u00e2m &#8211; gh\u00e9p v\u1ea7n, Th\u1eed th\u00e1ch.<\/p>\n<p>M\u1ed7i m\u1ee5c l\u1edbn bao g\u1ed3m nhi\u1ec1u ho\u1ea1t \u0111\u1ecdng nh\u01b0 : H\u1ed9i tho\u1ea1i, Ghi nh\u1edb, Nghe-n\u00f3i, Nghe nh\u1ea1c, Tr\u1ea3i Nghi\u1ec7m, Tr\u00f2 ch\u01a1i, Luy\u1ec7n vi\u1ebft,<\/p>\n<p>V\u1edbi cu\u1ed1n s\u00e1ch n\u00e0y c\u00e1c b\u1ea1n nh\u1ecf s\u1ebd v\u01b0\u1ee3t qua b\u1eadc S\u01a1 c\u1ea5p c\u00f9ng c\u00e1c nh\u00e2n v\u1eadt trong c\u00e2u chuy\u1ec7n. C\u00e1c c\u00e2u chuy\u1ec7n phi\u00eau l\u01b0u kh\u00f4ng gi\u1edbi h\u1ea1n v\u1ec1 kh\u00f4ng gian s\u1ebd trang b\u1ecb v\u1ed1n t\u1eeb cho ng\u1eddi h\u1ecdc. C\u00e1c v\u1ea5n \u0111\u1ec1 kh\u00f3 v\u1ec1 \u00e2m, v\u1ea7n, thanh \u0111i\u1ec7u s\u1ebd \u0111\u01b0\u1ee3c gi\u1ea3i quy\u1ebft th\u00f4ng qua c\u00e1c nhi\u1ec7m v\u1ee5, tr\u00f2 ch\u01a1i h\u1ea5p d\u1eabn.<\/p>\n<p>Ph\u1ea7n nghe c\u1ee7a cu\u1ed1n s\u00e1ch s\u1ebd s\u1ed1 h\u00f3a tr\u00ean trang H\u00e0nh trang s\u1ed1 &#8211; n\u1ec1n t\u1ea3ng h\u1ecdc li\u1ec7u \u0111i\u1ec7n t\u1eed c\u1ee7a NXB Gi\u00e1o D\u1ee5c Vi\u1ec7t Nam.<\/p>\n","protected":false},"featured_media":23877,"template":"","meta":{"_acf_changed":false},"product_brand":[],"product_cat":[20,25,17,71,26],"product_tag":[83],"class_list":{"0":"post-23879","1":"product","2":"type-product","3":"status-publish","4":"has-post-thumbnail","6":"product_cat-be-vua-hoc-vua-choi","7":"product_cat-nhi-dong-6-tuoi-12-tuoi","8":"product_cat-sach-danh-cho-cac-be","9":"product_cat-sach-tre-em-thuan-viet","10":"product_cat-thieu-nien-11-tuoi-18-tuoi","11":"product_tag-sach-moi-xuat-ban","13":"first","14":"outofstock","15":"taxable","16":"shipping-taxable","17":"purchasable","18":"product-type-simple"},"supplier_id":null,"supplier_sku":"","barcode":null,"atum_controlled":true,"out_stock_date":"2023-11-26 20:28:36","out_stock_threshold":null,"inheritable":false,"inbound_stock":0,"stock_on_hold":0,"sold_today":0,"sales_last_days":0,"reserved_stock":0,"customer_returns":0,"warehouse_damage":0,"lost_in_post":0,"other_logs":0,"out_stock_days":794,"lost_sales":0,"has_location":false,"update_date":"2026-01-28T23:11:16","atum_locations":[],"atum_stock_status":"outofstock","restock_status":false,"low_stock_amount":"","sales_update_date":"2026-01-28T23:11:16","calc_backorders":null,"acf":{"publisher":{"ID":23454,"post_author":"1","post_date":"2023-04-04 22:50:39","post_date_gmt":"2023-04-04 19:50:39","post_content":"","post_title":"Gi\u00e1o D\u1ee5c Vi\u1ec7t Nam","post_excerpt":"","post_status":"publish","comment_status":"closed","ping_status":"closed","post_password":"","post_name":"giao-duc-viet-nam","to_ping":"","pinged":"","post_modified":"2023-04-04 22:50:39","post_modified_gmt":"2023-04-04 19:50:39","post_content_filtered":"","post_parent":0,"guid":"https:\/\/sachviet.eu\/nha-phat-hanh\/giao-duc-viet-nam\/","menu_order":0,"post_type":"publisher","post_mime_type":"","comment_count":"0","filter":"raw"}},"_links":{"self":[{"href":"https:\/\/sachviet.eu\/en\/wp-json\/wp\/v2\/product\/23879","targetHints":{"allow":["GET"]}}],"collection":[{"href":"https:\/\/sachviet.eu\/en\/wp-json\/wp\/v2\/product"}],"about":[{"href":"https:\/\/sachviet.eu\/en\/wp-json\/wp\/v2\/types\/product"}],"wp:featuredmedia":[{"embeddable":true,"href":"https:\/\/sachviet.eu\/en\/wp-json\/wp\/v2\/media\/23877"}],"wp:attachment":[{"href":"https:\/\/sachviet.eu\/en\/wp-json\/wp\/v2\/media?parent=23879"}],"wp:term":[{"taxonomy":"product_brand","embeddable":true,"href":"https:\/\/sachviet.eu\/en\/wp-json\/wp\/v2\/product_brand?post=23879"},{"taxonomy":"product_cat","embeddable":true,"href":"https:\/\/sachviet.eu\/en\/wp-json\/wp\/v2\/product_cat?post=23879"},{"taxonomy":"product_tag","embeddable":true,"href":"https:\/\/sachviet.eu\/en\/wp-json\/wp\/v2\/product_tag?post=23879"}],"curies":[{"name":"wp","href":"https:\/\/api.w.org\/{rel}","templated":true}]}}