{"id":23870,"date":"2023-05-31T12:00:23","date_gmt":"2023-05-31T09:00:23","guid":{"rendered":"https:\/\/sachviet.eu\/shop\/nguoi-ba-tai-gioi-vung-saga-tap-7\/"},"modified":"2023-05-31T16:53:53","modified_gmt":"2023-05-31T13:53:53","slug":"nguoi-ba-tai-gioi-vung-saga-tap-7","status":"publish","type":"product","link":"https:\/\/sachviet.eu\/en\/shop\/nguoi-ba-tai-gioi-vung-saga-tap-7\/","title":{"rendered":"Ng\u01b0\u1eddi B\u00e0 T\u00e0i Gi\u1ecfi V\u00f9ng Saga \u2013 T\u1eadp 7"},"content":{"rendered":"<p>NG\u01af\u1edcI B\u00c0 T\u00c0I GI\u1eceI V\u00d9NG SAGA \u2013 T\u1ea1m bi\u1ec7t Hiroshima, xin ch\u00e0o Saga!<\/p>\n<p>B\u1ed9 truy\u1ec7n \u0111\u01b0\u1ee3c h\u1ecda s\u0129 Saburo Ishikawa minh h\u1ecda d\u1ef1a tr\u00ean cu\u1ed1n h\u1ed3i k\u00fd c\u1ee7a ngh\u1ec7 s\u0129 h\u00e0i Yoshichi Shimada, k\u1ec3 v\u1ec1 tu\u1ed5i th\u01a1 b\u00ean ng\u01b0\u1eddi b\u00e0 t\u1ea1i v\u00f9ng \u0111\u1ea5t Saga c\u1eb1n c\u1ed7i, ngh\u00e8o kh\u00f3.<\/p>\n<p>C\u00e2u chuy\u1ec7n k\u1ec3 v\u1ec1 Akihiro, c\u1eadu con trai \u00fat trong gia \u0111\u00ecnh c\u00f3 hai anh em. B\u1ed1 m\u1ea5t s\u1edbm, m\u1eb9 c\u1eadu l\u00e0m vi\u1ec7c \u1edf m\u1ed9t qu\u00e1n r\u01b0\u1ee3u t\u1ea1i Hiroshima, v\u1ea5t v\u1ea3 trang tr\u1ea3i \u0111\u1ec3 nu\u00f4i l\u1edbn hai anh em. Th\u1ebf nh\u01b0ng Akihiro th\u01b0\u1eddng hay qu\u1ea5y kh\u00f3c v\u00e0 nh\u00f5ng nh\u1ebdo, khi\u1ebfn m\u1eb9 v\u00e0 anh trai bao phen kh\u1ed1n \u0111\u1ed1n. S\u1ee3 r\u1eb1ng c\u1ee9 \u0111\u1ec3 nh\u01b0 s\u1ebd kh\u00f4ng t\u1ed1t cho vi\u1ec7c d\u1ea1y d\u1ed7 c\u1eadu, m\u1eb9 c\u1ee7a Akihiro \u0111\u00e0nh g\u1eedi con trai v\u1ec1 qu\u00ea s\u1ed1ng v\u1edbi b\u00e0 ngo\u1ea1i.<\/p>\n<p>M\u1edbi \u0111\u1ea7u, ng\u01b0\u1eddi b\u00e0 trong m\u1eaft Akihiro v\u1eeba nghi\u00eam kh\u1eafc v\u1eeba \u0111\u00e1ng s\u1ee3, ch\u1eb3ng m\u1ea5y khi b\u1ed9c l\u1ed9 t\u00ecnh c\u1ea3m. Th\u1ebf r\u1ed3i c\u1eadu \u0111\u01b0\u1ee3c c\u00f9ng b\u00e0 tr\u1ea3i nghi\u1ec7m bao \u0111i\u1ec1u m\u1edbi m\u1ebb: nh\u1eb7t rau c\u1ee7 tr\u00f4i t\u1eeb th\u01b0\u1ee3ng ngu\u1ed3n v\u1ec1 ch\u1ebf bi\u1ebfn th\u00e0nh \u0111\u1ed3 \u0103n, k\u00e9o theo m\u1ed9t c\u1ee5c nam ch\u00e2m b\u00ean m\u00ecnh \u0111\u1ec3 gom s\u1eaft v\u1ee5n d\u1ecdc \u0111\u01b0\u1eddng, l\u1eafng tai nghe ti\u1ebfng nh\u00e0 d\u1ed9t h\u1ec7t nh\u01b0 ti\u1ebfng nh\u1ea1c c\u1ee7a thi\u00ean nhi\u00ea \u1ede v\u00f9ng qu\u00ea Saga ngh\u00e8o \u0111\u00f3i \u0111\u00f3, ng\u01b0\u1eddi b\u00e0 \u0111\u00e3 d\u1ea1y d\u1ed7 c\u1eadu qua t\u1eebng h\u00e0nh \u0111\u1ed9ng nh\u1ecf nh\u1eb7t nh\u1ea5t, kh\u00f4ng ph\u1ea3i qua gi\u1ea5y b\u00fat hay s\u00e1ch v\u1edf. B\u00e0 d\u1ea1y c\u1eadu ph\u1ea3i lu\u00f4n l\u1ea1c quan v\u00e0 tr\u00e2n tr\u1ecdng nh\u1eefng g\u00ec m\u00ecnh \u0111ang c\u00f3, d\u1ea1y c\u1eadu v\u1ec1 gi\u00e1 tr\u1ecb c\u1ee7a s\u1ee9c lao \u0111\u1ed9ng v\u00e0 r\u1eb1ng ki\u00ean nh\u1eabn r\u1ed3i s\u1ebd \u0111\u01b0\u1ee3c \u0111\u1ec1n \u0111\u00e1p. D\u00f9 ngh\u00e8o kh\u00f3, kh\u00f4ng \u0111\u1ee7 c\u01a1m \u0103n \u00e1o m\u1eb7c nh\u01b0ng hai b\u00e0 ch\u00e1u l\u00fac n\u00e0o c\u0169ng vui v\u1ebb v\u00e0 h\u1ea1nh ph\u00fac.<\/p>\n<p>\u1ede \u0111\u1ea5t Saga n\u00e0y, khi n\u00f3i \u0111\u1ebfn \u201cc\u1ef1c k\u00ec t\u00e0i gi\u1ecfi\u201d, ng\u01b0\u1eddi ta th\u01b0\u1eddng d\u00f9ng c\u1ee5m  \u201ct\u00e0i gi\u1ecfi d\u1eef th\u1ea7n\u201d. V\u1edbi Akihiro, b\u00e0 c\u1ee7a c\u1eadu ch\u00ednh l\u00e0 m\u1ed9t ng\u01b0\u1eddi b\u00e0 \u201ct\u00e0i gi\u1ecfi d\u1eef th\u1ea7n\u201d nh\u01b0 v\u1eady!<\/p>\n<p>Ng\u01b0\u1eddi b\u00e0 t\u1ea7n t\u1ea3o, nghi\u00eam kh\u1eafc nh\u01b0ng \u0111\u1ea7y l\u00f2ng th\u01b0\u01a1ng, c\u00f9ng v\u1edbi nh\u1eefng con ng\u01b0\u1eddi n\u1ed3ng h\u1eadu n\u01a1i v\u00f9ng qu\u00ea Saga \u0111\u00e3 \u0111em l\u1ea1i cho Akihiro tu\u1ed5i \u1ea5u th\u01a1 d\u00f9 thi\u1ebfu th\u1ed1n v\u1ec1 v\u1eadt ch\u1ea5t nh\u01b0ng lu\u00f4n \u1ea5m \u00e1p t\u00ecnh ng\u01b0\u1eddi v\u00e0 ng\u1eadp tr\u00e0n ni\u1ec1m vui.<\/p>\n<p>Qua nh\u1eefng m\u1ea9u chuy\u1ec7n nh\u1eb9 nh\u00e0ng xoay quanh c\u1eadu b\u00e9 Akihiro v\u00e0 ng\u01b0\u1eddi b\u00e0 \u201cd\u1eef th\u1ea7n\u201d, b\u1ed9 truy\u1ec7n \u201cNg\u01b0\u1eddi b\u00e0 t\u00e0i gi\u1ecfi v\u00f9ng Saga\u201d truy\u1ec1n t\u1ea3i \u0111\u1ebfn cho ng\u01b0\u1eddi \u0111\u1ecdc nh\u1eefng th\u00f4ng \u0111i\u1ec7p s\u00e2u s\u1eafc v\u00e0 \u0111\u1ea7y t\u00ednh nh\u00e2n v\u0103n v\u1ec1 t\u00ecnh th\u00e2n gia \u0111\u00ecnh, t\u00ecnh ng\u01b0\u1eddi c\u0169ng nh\u01b0 nh\u1eefng gi\u00e1 tr\u1ecb t\u1ed1t \u0111\u1eb9p c\u1ee7a cu\u1ed9c s\u1ed1ng. B\u1ed9 truy\u1ec7n n\u00e0y d\u00e0nh t\u1eb7ng b\u1ea1n, d\u00f9 b\u1ea1n l\u00e0 ai, d\u00f9 b\u1ea1n \u1edf l\u1ee9a tu\u1ed5i n\u00e0o, \u0111\u1ec3 kh\u00f4ng ng\u1eebng l\u1ea1c quan v\u00e0 v\u1eefng tin ti\u1ebfn v\u1ec1 ph\u00eda tr\u01b0\u1edbc!<\/p>\n","protected":false},"excerpt":{"rendered":"<p>NG\u01af\u1edcI B\u00c0 T\u00c0I GI\u1eceI V\u00d9NG SAGA \u2013 T\u1ea1m bi\u1ec7t Hiroshima, xin ch\u00e0o Saga!<\/p>\n<p>B\u1ed9 truy\u1ec7n \u0111\u01b0\u1ee3c h\u1ecda s\u0129 Saburo Ishikawa minh h\u1ecda d\u1ef1a tr\u00ean cu\u1ed1n h\u1ed3i k\u00fd c\u1ee7a ngh\u1ec7 s\u0129 h\u00e0i Yoshichi Shimada, k\u1ec3 v\u1ec1 tu\u1ed5i th\u01a1 b\u00ean ng\u01b0\u1eddi b\u00e0 t\u1ea1i v\u00f9ng \u0111\u1ea5t Saga c\u1eb1n c\u1ed7i, ngh\u00e8o kh\u00f3.<\/p>\n<p>C\u00e2u chuy\u1ec7n k\u1ec3 v\u1ec1 Akihiro, c\u1eadu con trai \u00fat trong gia \u0111\u00ecnh c\u00f3 hai anh em. B\u1ed1 m\u1ea5t s\u1edbm, m\u1eb9 c\u1eadu l\u00e0m vi\u1ec7c \u1edf m\u1ed9t qu\u00e1n r\u01b0\u1ee3u t\u1ea1i Hiroshima, v\u1ea5t v\u1ea3 trang tr\u1ea3i \u0111\u1ec3 nu\u00f4i l\u1edbn hai anh em. Th\u1ebf nh\u01b0ng Akihiro th\u01b0\u1eddng hay qu\u1ea5y kh\u00f3c v\u00e0 nh\u00f5ng nh\u1ebdo, khi\u1ebfn m\u1eb9 v\u00e0 anh trai bao phen kh\u1ed1n \u0111\u1ed1n. S\u1ee3 r\u1eb1ng c\u1ee9 \u0111\u1ec3 nh\u01b0 s\u1ebd kh\u00f4ng t\u1ed1t cho vi\u1ec7c d\u1ea1y d\u1ed7 c\u1eadu, m\u1eb9 c\u1ee7a Akihiro \u0111\u00e0nh g\u1eedi con trai v\u1ec1 qu\u00ea s\u1ed1ng v\u1edbi b\u00e0 ngo\u1ea1i.<\/p>\n<p>M\u1edbi \u0111\u1ea7u, ng\u01b0\u1eddi b\u00e0 trong m\u1eaft Akihiro v\u1eeba nghi\u00eam kh\u1eafc v\u1eeba \u0111\u00e1ng s\u1ee3, ch\u1eb3ng m\u1ea5y khi b\u1ed9c l\u1ed9 t\u00ecnh c\u1ea3m. Th\u1ebf r\u1ed3i c\u1eadu \u0111\u01b0\u1ee3c c\u00f9ng b\u00e0 tr\u1ea3i nghi\u1ec7m bao \u0111i\u1ec1u m\u1edbi m\u1ebb: nh\u1eb7t rau c\u1ee7 tr\u00f4i t\u1eeb th\u01b0\u1ee3ng ngu\u1ed3n v\u1ec1 ch\u1ebf bi\u1ebfn th\u00e0nh \u0111\u1ed3 \u0103n, k\u00e9o theo m\u1ed9t c\u1ee5c nam ch\u00e2m b\u00ean m\u00ecnh \u0111\u1ec3 gom s\u1eaft v\u1ee5n d\u1ecdc \u0111\u01b0\u1eddng, l\u1eafng tai nghe ti\u1ebfng nh\u00e0 d\u1ed9t h\u1ec7t nh\u01b0 ti\u1ebfng nh\u1ea1c c\u1ee7a thi\u00ean nhi\u00ea \u1ede v\u00f9ng qu\u00ea Saga ngh\u00e8o \u0111\u00f3i \u0111\u00f3, ng\u01b0\u1eddi b\u00e0 \u0111\u00e3 d\u1ea1y d\u1ed7 c\u1eadu qua t\u1eebng h\u00e0nh \u0111\u1ed9ng nh\u1ecf nh\u1eb7t nh\u1ea5t, kh\u00f4ng ph\u1ea3i qua gi\u1ea5y b\u00fat hay s\u00e1ch v\u1edf. B\u00e0 d\u1ea1y c\u1eadu ph\u1ea3i lu\u00f4n l\u1ea1c quan v\u00e0 tr\u00e2n tr\u1ecdng nh\u1eefng g\u00ec m\u00ecnh \u0111ang c\u00f3, d\u1ea1y c\u1eadu v\u1ec1 gi\u00e1 tr\u1ecb c\u1ee7a s\u1ee9c lao \u0111\u1ed9ng v\u00e0 r\u1eb1ng ki\u00ean nh\u1eabn r\u1ed3i s\u1ebd \u0111\u01b0\u1ee3c \u0111\u1ec1n \u0111\u00e1p. D\u00f9 ngh\u00e8o kh\u00f3, kh\u00f4ng \u0111\u1ee7 c\u01a1m \u0103n \u00e1o m\u1eb7c nh\u01b0ng hai b\u00e0 ch\u00e1u l\u00fac n\u00e0o c\u0169ng vui v\u1ebb v\u00e0 h\u1ea1nh ph\u00fac.<\/p>\n<p>\u1ede \u0111\u1ea5t Saga n\u00e0y, khi n\u00f3i \u0111\u1ebfn \u201cc\u1ef1c k\u00ec t\u00e0i gi\u1ecfi\u201d, ng\u01b0\u1eddi ta th\u01b0\u1eddng d\u00f9ng c\u1ee5m  \u201ct\u00e0i gi\u1ecfi d\u1eef th\u1ea7n\u201d. V\u1edbi Akihiro, b\u00e0 c\u1ee7a c\u1eadu ch\u00ednh l\u00e0 m\u1ed9t ng\u01b0\u1eddi b\u00e0 \u201ct\u00e0i gi\u1ecfi d\u1eef th\u1ea7n\u201d nh\u01b0 v\u1eady!<\/p>\n<p>Ng\u01b0\u1eddi b\u00e0 t\u1ea7n t\u1ea3o, nghi\u00eam kh\u1eafc nh\u01b0ng \u0111\u1ea7y l\u00f2ng th\u01b0\u01a1ng, c\u00f9ng v\u1edbi nh\u1eefng con ng\u01b0\u1eddi n\u1ed3ng h\u1eadu n\u01a1i v\u00f9ng qu\u00ea Saga \u0111\u00e3 \u0111em l\u1ea1i cho Akihiro tu\u1ed5i \u1ea5u th\u01a1 d\u00f9 thi\u1ebfu th\u1ed1n v\u1ec1 v\u1eadt ch\u1ea5t nh\u01b0ng lu\u00f4n \u1ea5m \u00e1p t\u00ecnh ng\u01b0\u1eddi v\u00e0 ng\u1eadp tr\u00e0n ni\u1ec1m vui.<\/p>\n<p>Qua nh\u1eefng m\u1ea9u chuy\u1ec7n nh\u1eb9 nh\u00e0ng xoay quanh c\u1eadu b\u00e9 Akihiro v\u00e0 ng\u01b0\u1eddi b\u00e0 \u201cd\u1eef th\u1ea7n\u201d, b\u1ed9 truy\u1ec7n \u201cNg\u01b0\u1eddi b\u00e0 t\u00e0i gi\u1ecfi v\u00f9ng Saga\u201d truy\u1ec1n t\u1ea3i \u0111\u1ebfn cho ng\u01b0\u1eddi \u0111\u1ecdc nh\u1eefng th\u00f4ng \u0111i\u1ec7p s\u00e2u s\u1eafc v\u00e0 \u0111\u1ea7y t\u00ednh nh\u00e2n v\u0103n v\u1ec1 t\u00ecnh th\u00e2n gia \u0111\u00ecnh, t\u00ecnh ng\u01b0\u1eddi c\u0169ng nh\u01b0 nh\u1eefng gi\u00e1 tr\u1ecb t\u1ed1t \u0111\u1eb9p c\u1ee7a cu\u1ed9c s\u1ed1ng. B\u1ed9 truy\u1ec7n n\u00e0y d\u00e0nh t\u1eb7ng b\u1ea1n, d\u00f9 b\u1ea1n l\u00e0 ai, d\u00f9 b\u1ea1n \u1edf l\u1ee9a tu\u1ed5i n\u00e0o, \u0111\u1ec3 kh\u00f4ng ng\u1eebng l\u1ea1c quan v\u00e0 v\u1eefng tin ti\u1ebfn v\u1ec1 ph\u00eda tr\u01b0\u1edbc!<\/p>\n","protected":false},"featured_media":23869,"template":"","meta":{"_acf_changed":false},"product_brand":[],"product_cat":[29],"product_tag":[],"class_list":{"0":"post-23870","1":"product","2":"type-product","3":"status-publish","4":"has-post-thumbnail","6":"product_cat-manga-comics","8":"first","9":"outofstock","10":"taxable","11":"shipping-taxable","12":"purchasable","13":"product-type-simple"},"supplier_id":null,"supplier_sku":"","barcode":null,"atum_controlled":true,"out_stock_date":"2023-05-31 13:53:53","out_stock_threshold":null,"inheritable":false,"inbound_stock":0,"stock_on_hold":0,"sold_today":0,"sales_last_days":0,"reserved_stock":0,"customer_returns":0,"warehouse_damage":0,"lost_in_post":0,"other_logs":0,"out_stock_days":973,"lost_sales":0,"has_location":false,"update_date":"2026-01-28T23:11:16","atum_locations":[],"atum_stock_status":"outofstock","restock_status":false,"low_stock_amount":"","sales_update_date":"2026-01-28T23:11:16","calc_backorders":null,"acf":{"publisher":{"ID":1460,"post_author":"1","post_date":"2021-02-17 01:12:24","post_date_gmt":"2021-02-16 23:12:24","post_content":"<!-- wp:flatsome\/uxbuilder -->\n<h1 style=\"text-align: center;\"><strong>Skybooks<\/strong><\/h1>\n[row]\n\n[col span=\"7\" span__sm=\"12\"]\n\n<p>C\u00f4ng ty ph\u00e1t h\u00e0nh s\u00e1ch Skybooks. \"T\u00f4i tr\u1ebb, t\u00f4i \u0111am m\u00ea\" v\u1edbi s\u1ee9 m\u1ec7nh lan to\u1ea3 c\u1ea3m x\u00fac v\u00e0 k\u1ebft n\u1ed1i t\u00e2m h\u1ed3n<\/p>\n<p><strong>Skybooks l\u00e0 c\u00e2u chuy\u1ec7n k\u1ec3 v\u1ec1:<\/strong><br \/>M\u1ed9t th\u1ebf h\u1ec7 ng\u01b0\u1eddi vi\u1ebft tr\u1ebb, \u0111am m\u00ea v\u0103n ch\u01b0\u01a1ng v\u00e0 t\u00f4n tr\u1ecdng, g\u00ecn gi\u1eef, s\u00e1ng t\u1ea1o Ti\u1ebfng Vi\u1ec7t. M\u1ed9t th\u1ebf h\u1ec7 \u0111\u1ed9c gi\u1ea3 tr\u1ebb, \u0111am m\u00ea kh\u00e1m ph\u00e1 ng\u00f4n ng\u1eef v\u00e0 say m\u00ea \u0111\u1ebfn v\u1edbi th\u1ebf gi\u1edbi c\u1ee7a nh\u1eefng quy\u1ec3n s\u00e1ch. M\u1ed9t th\u1ebf h\u1ec7 ng\u01b0\u1eddi l\u00e0m s\u00e1ch tr\u1ebb, \u0111am m\u00ea mang nh\u1eefng gi\u00e1 tr\u1ecb tinh th\u1ea7n l\u1ea1i g\u1ea7n ng\u01b0\u1eddi \u0111\u1ecdc.<br \/>Trong b\u1ed9 nh\u1eadn d\u1ea1ng th\u01b0\u01a1ng hi\u1ec7u:<br \/>Skybooks v\u1edbi ch\u1eef Sky m\u00e0u xanh da tr\u1eddi c\u00f3 \u00fd ngh\u0129a l\u00e0 c\u00f4ng ty B\u1ea7u Tr\u1eddi - n\u01a1i t\u1ea5t c\u1ea3 \u01b0\u1edbc m\u01a1 \u0111\u01b0\u1ee3c t\u1ef1 do tung c\u00e1nh.<br \/>V\u1edbi logo h\u00ecnh hoa b\u1ed3 c\u00f4ng anh \u0111ang bay t\u01b0\u1ee3ng tr\u01b0ng cho s\u1ef1 lan to\u1ea3 c\u1ea3m x\u00fac v\u00e0 kh\u00e1t v\u1ecdng bay cao.<br \/>K\u1ebb v\u1ea1ch logo c\u00f3 n\u1ec1n m\u00e0u ghi x\u00e1m xu\u1ea5t hi\u1ec7n tr\u00ean b\u00eca m\u1ecdi \u1ea5n ph\u1ea9m th\u1ec3 hi\u1ec7n con \u0111\u01b0\u1eddng b\u01b0\u1edbc v\u00e0o th\u1ecb tr\u01b0\u1eddng s\u00e1ch v\u00e0 chinh ph\u1ee5c \u0111\u1ed9c gi\u1ea3 l\u00e0 m\u1ed9t h\u00e0nh tr\u00ecnh d\u00e0i, \u0111\u1ea7y gian kh\u00f3, c\u00f3 nhi\u1ec1u b\u00e3o t\u1ed1, nh\u01b0ng ch\u1ec9 c\u1ea7n n\u1ed7 l\u1ef1c c\u1ed1 g\u1eafng nh\u1ea5t \u0111\u1ecbnh s\u1ebd ngo\u1ea1n m\u1ee5c v\u01b0\u1ee3t qua. \u0110\u1ec3 kh\u1eb3ng \u0111\u1ecbnh v\u00e0 ch\u1ee9ng minh ch\u00ednh m\u00ecnh!<\/p>\n\n[\/col]\n[col span=\"5\" span__sm=\"12\"]\n\n[ux_image id=\"1825\" image_size=\"medium\"]\n\n\n[\/col]\n\n[\/row]\n\n<!-- \/wp:flatsome\/uxbuilder -->","post_title":"Skybooks","post_excerpt":"","post_status":"publish","comment_status":"closed","ping_status":"closed","post_password":"","post_name":"skybooks","to_ping":"","pinged":"","post_modified":"2021-02-17 01:57:31","post_modified_gmt":"2021-02-16 23:57:31","post_content_filtered":"","post_parent":0,"guid":"https:\/\/sachviet.eu\/nha-phat-hanh\/skybooks\/","menu_order":0,"post_type":"publisher","post_mime_type":"","comment_count":"0","filter":"raw"}},"_links":{"self":[{"href":"https:\/\/sachviet.eu\/en\/wp-json\/wp\/v2\/product\/23870","targetHints":{"allow":["GET"]}}],"collection":[{"href":"https:\/\/sachviet.eu\/en\/wp-json\/wp\/v2\/product"}],"about":[{"href":"https:\/\/sachviet.eu\/en\/wp-json\/wp\/v2\/types\/product"}],"wp:featuredmedia":[{"embeddable":true,"href":"https:\/\/sachviet.eu\/en\/wp-json\/wp\/v2\/media\/23869"}],"wp:attachment":[{"href":"https:\/\/sachviet.eu\/en\/wp-json\/wp\/v2\/media?parent=23870"}],"wp:term":[{"taxonomy":"product_brand","embeddable":true,"href":"https:\/\/sachviet.eu\/en\/wp-json\/wp\/v2\/product_brand?post=23870"},{"taxonomy":"product_cat","embeddable":true,"href":"https:\/\/sachviet.eu\/en\/wp-json\/wp\/v2\/product_cat?post=23870"},{"taxonomy":"product_tag","embeddable":true,"href":"https:\/\/sachviet.eu\/en\/wp-json\/wp\/v2\/product_tag?post=23870"}],"curies":[{"name":"wp","href":"https:\/\/api.w.org\/{rel}","templated":true}]}}