{"id":23866,"date":"2023-05-31T12:00:11","date_gmt":"2023-05-31T09:00:11","guid":{"rendered":"https:\/\/sachviet.eu\/shop\/combo-3-quyen-choi-co-vua-cung-be\/"},"modified":"2023-05-31T23:53:36","modified_gmt":"2023-05-31T20:53:36","slug":"combo-3-quyen-choi-co-vua-cung-be","status":"publish","type":"product","link":"https:\/\/sachviet.eu\/en\/shop\/combo-3-quyen-choi-co-vua-cung-be\/","title":{"rendered":"Combo 3 Quy\u1ec3n Ch\u01a1i C\u1edd Vua C\u00f9ng B\u00e9"},"content":{"rendered":"<p>B\u1ea1n c\u00f3 bi\u1ebft?<\/p>\n<p>H\u01a1n 40 qu\u1ed1c gia tr\u00ean th\u1ebf gi\u1edbi \u0111\u00e3 \u0111\u01b0a c\u1edd vua v\u00e0o ch\u01b0\u01a1ng tr\u00ecnh chu\u1ea9n qu\u1ed1c gia v\u00e0 gi\u1ea3ng d\u1ea1y t\u1ea1i c\u00e1c tr\u01b0\u1eddng ti\u1ec3u h\u1ecdc.<\/p>\n<p>Vi\u1ec7c d\u1ea1y c\u1edd vua cho tr\u1ebb t\u1eeb 3 tu\u1ed5i c\u00f3 th\u1ec3 gi\u00fap c\u00e1c b\u00e9 r\u00e8n luy\u1ec7n kh\u1ea3 n\u0103ng t\u1eadp trung, k\u00edch th\u00edch n\u00e3o b\u1ed9, r\u00e8n luy\u1ec7n kh\u1ea3 n\u0103ng ghi nh\u1edb v\u00e0 b\u1ed3i d\u01b0\u1ee1ng kh\u1ea3 n\u0103ng ph\u00e1t tri\u1ec3n ng\u00f4n ng\u1eef. Th\u00f4ng qua vi\u1ec7c h\u1ecdc v\u00e0 ch\u01a1i c\u1edd vua, n\u00e3o b\u1ed9 c\u1ee7a b\u00e9 s\u1ebd t\u01b0\u01a1ng t\u00e1c v\u1edbi m\u00f4i tr\u01b0\u1eddng xung quanh v\u00e0 nh\u1ea1y c\u1ea3m h\u01a1n trong vi\u1ec7c k\u00edch ho\u1ea1t c\u00e1c k\u0129 n\u0103ng c\u1ea7n thi\u1ebft, h\u1ed7 tr\u1ee3 t\u00edch c\u1ef1c cho vi\u1ec7c ph\u00e1t tri\u1ec3n v\u00e0 h\u1ecdc t\u1eadp sau n\u00e0y.<\/p>\n<p>V\u1edbi thi\u1ebft k\u1ebf n\u1ed9i dung th\u00f4ng minh, cu\u1ed1n \u0111\u1ea7u ti\u00ean d\u00e0nh cho c\u00e1c b\u00e9 3 tu\u1ed5i b\u1eaft \u0111\u1ea7u l\u00e0m quen v\u1edbi m\u00f4n c\u1edd vua, cu\u1ed1n th\u1ee9 hai ph\u00e1t tri\u1ec3n s\u00e2u h\u01a1n c\u00e1c k\u0129 n\u0103ng b\u00e9 \u0111\u00e3 c\u00f3 v\u00e0 cu\u1ed1n th\u1ee9 3 nh\u01b0 m\u1ed9t cu\u1ed1n c\u1ea9m nang d\u00e0nh cho m\u1ecdi ng\u01b0\u1eddi t\u00ecm hi\u1ec3u s\u00e2u h\u01a1n v\u1ec1 m\u00f4n c\u1edd vua tr\u00ean n\u1ec1n ki\u1ebfn th\u1ee9c c\u01a1 b\u1ea3n s\u1eb5n c\u00f3.<\/p>\n","protected":false},"excerpt":{"rendered":"<p>B\u1ea1n c\u00f3 bi\u1ebft?<\/p>\n<p>H\u01a1n 40 qu\u1ed1c gia tr\u00ean th\u1ebf gi\u1edbi \u0111\u00e3 \u0111\u01b0a c\u1edd vua v\u00e0o ch\u01b0\u01a1ng tr\u00ecnh chu\u1ea9n qu\u1ed1c gia v\u00e0 gi\u1ea3ng d\u1ea1y t\u1ea1i c\u00e1c tr\u01b0\u1eddng ti\u1ec3u h\u1ecdc.<\/p>\n<p>Vi\u1ec7c d\u1ea1y c\u1edd vua cho tr\u1ebb t\u1eeb 3 tu\u1ed5i c\u00f3 th\u1ec3 gi\u00fap c\u00e1c b\u00e9 r\u00e8n luy\u1ec7n kh\u1ea3 n\u0103ng t\u1eadp trung, k\u00edch th\u00edch n\u00e3o b\u1ed9, r\u00e8n luy\u1ec7n kh\u1ea3 n\u0103ng ghi nh\u1edb v\u00e0 b\u1ed3i d\u01b0\u1ee1ng kh\u1ea3 n\u0103ng ph\u00e1t tri\u1ec3n ng\u00f4n ng\u1eef. Th\u00f4ng qua vi\u1ec7c h\u1ecdc v\u00e0 ch\u01a1i c\u1edd vua, n\u00e3o b\u1ed9 c\u1ee7a b\u00e9 s\u1ebd t\u01b0\u01a1ng t\u00e1c v\u1edbi m\u00f4i tr\u01b0\u1eddng xung quanh v\u00e0 nh\u1ea1y c\u1ea3m h\u01a1n trong vi\u1ec7c k\u00edch ho\u1ea1t c\u00e1c k\u0129 n\u0103ng c\u1ea7n thi\u1ebft, h\u1ed7 tr\u1ee3 t\u00edch c\u1ef1c cho vi\u1ec7c ph\u00e1t tri\u1ec3n v\u00e0 h\u1ecdc t\u1eadp sau n\u00e0y.<\/p>\n<p>V\u1edbi thi\u1ebft k\u1ebf n\u1ed9i dung th\u00f4ng minh, cu\u1ed1n \u0111\u1ea7u ti\u00ean d\u00e0nh cho c\u00e1c b\u00e9 3 tu\u1ed5i b\u1eaft \u0111\u1ea7u l\u00e0m quen v\u1edbi m\u00f4n c\u1edd vua, cu\u1ed1n th\u1ee9 hai ph\u00e1t tri\u1ec3n s\u00e2u h\u01a1n c\u00e1c k\u0129 n\u0103ng b\u00e9 \u0111\u00e3 c\u00f3 v\u00e0 cu\u1ed1n th\u1ee9 3 nh\u01b0 m\u1ed9t cu\u1ed1n c\u1ea9m nang d\u00e0nh cho m\u1ecdi ng\u01b0\u1eddi t\u00ecm hi\u1ec3u s\u00e2u h\u01a1n v\u1ec1 m\u00f4n c\u1edd vua tr\u00ean n\u1ec1n ki\u1ebfn th\u1ee9c c\u01a1 b\u1ea3n s\u1eb5n c\u00f3.<\/p>\n","protected":false},"featured_media":23865,"template":"","meta":{"_acf_changed":false},"product_brand":[],"product_cat":[20],"product_tag":[],"class_list":{"0":"post-23866","1":"product","2":"type-product","3":"status-publish","4":"has-post-thumbnail","6":"product_cat-be-vua-hoc-vua-choi","8":"first","9":"outofstock","10":"taxable","11":"shipping-taxable","12":"purchasable","13":"product-type-simple"},"supplier_id":null,"supplier_sku":"","barcode":null,"atum_controlled":true,"out_stock_date":"2023-05-31 20:53:36","out_stock_threshold":null,"inheritable":false,"inbound_stock":0,"stock_on_hold":0,"sold_today":0,"sales_last_days":0,"reserved_stock":0,"customer_returns":0,"warehouse_damage":0,"lost_in_post":0,"other_logs":0,"out_stock_days":973,"lost_sales":0,"has_location":false,"update_date":"2026-01-28T23:11:16","atum_locations":[],"atum_stock_status":"outofstock","restock_status":false,"low_stock_amount":"","sales_update_date":"2026-01-28T23:11:16","calc_backorders":null,"acf":{"publisher":{"ID":16394,"post_author":"1","post_date":"2021-12-26 17:28:32","post_date_gmt":"2021-12-26 15:28:32","post_content":"","post_title":"Pingbooks","post_excerpt":"","post_status":"publish","comment_status":"closed","ping_status":"closed","post_password":"","post_name":"pingbooks","to_ping":"","pinged":"","post_modified":"2021-12-26 17:28:32","post_modified_gmt":"2021-12-26 15:28:32","post_content_filtered":"","post_parent":0,"guid":"https:\/\/sachviet.eu\/nha-phat-hanh\/pingbooks\/","menu_order":0,"post_type":"publisher","post_mime_type":"","comment_count":"0","filter":"raw"}},"_links":{"self":[{"href":"https:\/\/sachviet.eu\/en\/wp-json\/wp\/v2\/product\/23866","targetHints":{"allow":["GET"]}}],"collection":[{"href":"https:\/\/sachviet.eu\/en\/wp-json\/wp\/v2\/product"}],"about":[{"href":"https:\/\/sachviet.eu\/en\/wp-json\/wp\/v2\/types\/product"}],"wp:featuredmedia":[{"embeddable":true,"href":"https:\/\/sachviet.eu\/en\/wp-json\/wp\/v2\/media\/23865"}],"wp:attachment":[{"href":"https:\/\/sachviet.eu\/en\/wp-json\/wp\/v2\/media?parent=23866"}],"wp:term":[{"taxonomy":"product_brand","embeddable":true,"href":"https:\/\/sachviet.eu\/en\/wp-json\/wp\/v2\/product_brand?post=23866"},{"taxonomy":"product_cat","embeddable":true,"href":"https:\/\/sachviet.eu\/en\/wp-json\/wp\/v2\/product_cat?post=23866"},{"taxonomy":"product_tag","embeddable":true,"href":"https:\/\/sachviet.eu\/en\/wp-json\/wp\/v2\/product_tag?post=23866"}],"curies":[{"name":"wp","href":"https:\/\/api.w.org\/{rel}","templated":true}]}}