{"id":23864,"date":"2023-05-31T12:00:06","date_gmt":"2023-05-31T09:00:06","guid":{"rendered":"https:\/\/sachviet.eu\/shop\/bai-hoc-dieu-ky-tu-chiec-xe-rac-kho-lon\/"},"modified":"2023-05-31T16:37:56","modified_gmt":"2023-05-31T13:37:56","slug":"bai-hoc-dieu-ky-tu-chiec-xe-rac-kho-lon","status":"publish","type":"product","link":"https:\/\/sachviet.eu\/en\/shop\/bai-hoc-dieu-ky-tu-chiec-xe-rac-kho-lon\/","title":{"rendered":"B\u00e0i H\u1ecdc Di\u1ec7u K\u1ef3 T\u1eeb Chi\u1ebfc Xe R\u00e1c (Kh\u1ed5 L\u1edbn)"},"content":{"rendered":"<p>Cam k\u1ebft n\u00f3i kh\u00f4ng v\u1edbi &#8220;xe r\u00e1c&#8221; khi\u1ebfn cho h\u1ea1nh ph\u00fac v\u00e0 ph\u00e9p l\u1ecbch s\u1ef1 tr\u1edf th\u00e0nh hi\u1ec7n th\u1ef1c. \u0110i\u1ec1u n\u00e0y h\u1ed7 tr\u1ee3 \u0111i\u1ec1u kia trong m\u1ed9t v\u00f2ng tr\u00f2n kh\u00e9p k\u00edn.<br \/>\n\u201cC\u00f3 nh\u1eefng ng\u01b0\u1eddi gi\u1ed1ng nh\u01b0 \u201cchi\u1ebfc xe r\u00e1c\u201d v\u1eady: h\u1ecd ch\u1ee9a trong m\u00ecnh \u0111\u1ea7y \u201cr\u00e1c r\u01b0\u1edfi\u201d &#8211; s\u1ef1 th\u1ea5t v\u1ecdng, t\u1ee9c gi\u1eadn v\u00e0 ch\u00e1n n\u1ea3n. V\u00e0 t\u1ea5t nhi\u00ean, h\u1ecd ph\u1ea3i t\u00ecm ch\u1ed7 \u0111\u1ec3 tr\u00fat b\u1ecf m\u1edb r\u00e1c r\u01b0\u1edfi \u0111\u00f3. N\u1ebfu th\u1ea5y h\u1ecd tr\u00fat l\u00ean b\u1ea1n th\u00ec b\u1ea1n \u0111\u1eebng \u0111\u00f3n nh\u1eadn. H\u00e3y m\u1ec9m c\u01b0\u1eddi, v\u1eaby ch\u00e0o, ch\u00fac h\u1ecd vui, r\u1ed3i ti\u1ebfp t\u1ee5c c\u00f4ng vi\u1ec7c c\u1ee7a m\u00ecnh. C\u1ee9 tin t\u00f4i \u0111i, r\u1ed3i b\u1ea1n s\u1ebd th\u1ea5y h\u1ea1nh ph\u00fac h\u01a1n.\u201d<\/p>\n<p>C\u00e2u n\u00f3i tr\u00ean c\u1ee7a m\u1ed9t ng\u01b0\u1eddi l\u00e1i taxi \u0111\u00e3 khi\u1ebfn David J.Pollay n\u1ea3y sinh \u00fd t\u01b0\u1edfng \u0111\u1ec3 vi\u1ebft n\u00ean \u201cB\u00e0i h\u1ecdc di\u1ec7u k\u1ef3 t\u1eeb chi\u1ebfc xe r\u00e1c\u201d. Th\u00f4ng qua cu\u1ed1n s\u00e1ch n\u00e0y, b\u1ea1n s\u1ebd h\u1ecdc \u0111\u01b0\u1ee3c c\u00e1ch v\u00f4 hi\u1ec7u h\u00f3a \u201cnh\u1eefng chi\u1ebfc xe r\u00e1c\u201d, kh\u00f4ng b\u1ecb nh\u1eefng nguy\u00ean nh\u00e2n v\u1ee5n v\u1eb7t c\u1ea3n tr\u1edf con \u0111\u01b0\u1eddng ho\u00e0n thi\u1ec7n b\u1ea3n th\u00e2n, b\u1ecf qua nh\u1eefng \u0111i\u1ec1u ti\u00eau c\u1ef1c n\u1eb1m ngo\u00e0i t\u1ea7m ki\u1ec3m so\u00e1t v\u00e0 tr\u00e2n tr\u1ecdng nh\u1eefng g\u00ec t\u1ed1t \u0111\u1eb9p \u0111ang hi\u1ec7n h\u1eefu tr\u01b0\u1edbc m\u1eaft.<\/p>\n<p>L\u00f4i cu\u1ed1n, s\u00e1ng t\u1ea1o, nh\u1eb9 \u1edf n\u1ed9i dung v\u00e0 h\u00fat \u1edf b\u00eca truy\u1ec7n. B\u00e0i h\u1ecdc di\u1ec7u k\u1ef3 t\u1eeb chi\u1ebfc xe r\u00e1c qu\u1ea3 th\u1eadt l\u00e0 m\u1ed9t cu\u1ed1n s\u00e1ch g\u1ed1i \u0111\u1ea7u gi\u01b0\u1eddng tuy\u1ec7t v\u1eddi d\u00e0nh cho nh\u1eefng ai \u0111ang mu\u1ed1n t\u00ecm ra cho m\u00ecnh nh\u1eefng gi\u00e1 tr\u1ecb m\u1edbi m\u1ebb trong cu\u1ed9c s\u1ed1ng. Quy\u1ec3n s\u00e1ch h\u1ee9a h\u1eb9n s\u1ebd mang l\u1ea1i nh\u1eefng suy ngh\u0129, nh\u1eefng c\u00e1i nh\u00ecn m\u1edbi t\u00edch c\u1ef1c h\u01a1n, y\u00eau \u0111\u1eddi h\u01a1n \u2013 b\u1eaft \u0111\u1ea7u t\u1eeb nh\u1eefng c\u00e2u chuy\u1ec7n kh\u00f4ng \u0111\u00e2u l\u1ea1 l\u1eabm, nh\u1eefng d\u00f2ng th\u00f4ng \u0111i\u1ec7p ng\u1eafn ng\u1ee7i t\u01b0\u1edfng ch\u1eebng nh\u01b0 \u0111\u01a1n gi\u1ea3n l\u1ea1i mang nh\u1eefng tri\u1ebft l\u00fd h\u1ebft s\u1ee9c to l\u1edbn g\u1eedi \u0111\u1ebfn t\u1ea5t c\u1ea3 m\u1ecdi ng\u01b0\u1eddi.<\/p>\n<p>C\u00f3 th\u1ec3 th\u1ea5y \u0111\u01b0\u1ee3c m\u1ed9t \u0111i\u1ec1u xuy\u00ean su\u1ed1t di\u1ec5n ra \u1edf n\u1ed9i dung l\u00e0 s\u1ef1 \u0111\u1ec1 c\u1eadp \u0111\u1ebfn m\u1ed9t b\u1ed1i c\u1ea3nh ch\u1eb3ng \u0111\u00e2u xa l\u1ea1 \u2013 Nh\u1eefng \u0111i\u1ec1u lu\u00f4n chi\u1ebfm m\u1ed9t ph\u1ea7n l\u1edbn trong cu\u1ed9c \u0111\u1eddi m\u1ed7i ng\u01b0\u1eddi ch\u00fang ta \u2013 \u0110\u00f3 l\u00e0 nh\u1eefng c\u1ea3m x\u00fac c\u01a1 h\u1ed3 ai c\u0169ng \u0111\u00e3 t\u1eebng g\u1eb7p ph\u1ea3i, nh\u1eefng th\u1ea5t v\u1ecdng, nh\u1eefng ch\u00e1n n\u1ea3n, nh\u1eefng n\u1ed7i bu\u1ed3n v\u00f4 c\u1edb, c\u00f9ng nh\u1eefng k\u00fd \u1ee9c v\u00f4 ngh\u0129a nh\u01b0ng l\u1ea1i k\u00e9o d\u00e0i dai d\u1eb3ng trong h\u00e0nh tr\u00ecnh \u0111i \u0111\u01b0\u1eddng c\u1ee7a m\u1ed9t chi\u1ebfc xe r\u00e1c \u2013 M\u1ed9t c\u00e2u chuy\u1ec7n v\u1edbi s\u1ef1 l\u1eb7p \u0111i l\u1eb7p l\u1ea1i c\u00f3 ch\u1ee7 \u0111\u00edch, m\u1ed9t c\u00e1i xe kh\u00f4ng ng\u1eebng n\u00e9m r\u00e1c r\u01b0\u1edfi v\u00e0 r\u1ed3i quay l\u1ea1i nh\u1eb7t ch\u00fang l\u00ean \u2013 m\u1ed9t h\u00ecnh \u1ea3nh \u0111\u1ee7 \u0111\u1ec3 ta mang m\u00e1ng h\u00ecnh dung ra c\u00e1i g\u00ec \u0111\u00f3. \u0110i\u1ec1u n\u00e0y c\u00f3 th\u1ec3 \u0111\u01b0\u1ee3c ta hi\u1ec3u theo m\u1ed9t c\u00e1ch c\u00f3 ng\u1ee5 \u00fd: M\u1ecdi c\u1ea3m x\u00fac ti\u00eau c\u1ef1c s\u1ebd kh\u00f4ng \u0111\u01b0a b\u1ea1n \u0111\u1ebfn h\u01b0\u1edbng \u0111i c\u1ee7a vi\u1ec7c gi\u1ea3i quy\u1ebft v\u1ea5n \u0111\u1ec1, ch\u00fang \u0111\u01b0a b\u1ea1n \u0111\u1ebfn m\u1ed9t b\u00e3i r\u00e1c \u2013 n\u01a1i ch\u00fang ta ho\u00e0n to\u00e0n c\u00f3 th\u1ec3 c\u00e1 r\u1eb1ng m\u00ecnh kh\u00f4ng h\u1ec1 th\u00edch m\u1ed9t ch\u00fat n\u00e0o.<\/p>\n<p>Nh\u01b0ng c\u00f3 l\u1ebd \u0111\u00f3 l\u00e0 m\u1ed9t c\u00e1ch h\u00ecnh dung kh\u00e1 hay \u0111\u1ec3 t\u1ef1 thuy\u1ebft ph\u1ee5c m\u00ecnh \u0111\u1eebng m\u00e3i r\u01a1i v\u00e0o c\u00e1i v\u00f2ng lu\u1ea9n qu\u1eabn \u0111\u1ea5y. V\u00e0 \u0111\u1eebng v\u1ed9i v\u00e0ng kh\u00e9p cu\u1ed1n chuy\u1ec7n l\u1ea1i khi b\u1ea1n \u0111\u00e3 \u0111\u1ecdc t\u1edbi \u0111\u00e2y, b\u1edfi v\u1ea5n \u0111\u1ec1 m\u00e0 t\u00e1c ph\u1ea9m khai th\u00e1c v\u1eabn ch\u01b0a d\u1eebng l\u1ea1i \u1edf \u0111\u00f3. C\u00e2u chuy\u1ec7n d\u00e0nh cho t\u1ea5t c\u1ea3 m\u1ecdi ng\u01b0\u1eddi m\u1edbi th\u1eadt s\u1ef1 b\u1eaft \u0111\u1ea7u k\u1ec3 t\u1eeb ch\u01b0\u01a1ng 3 c\u1ee7a quy\u1ec3n s\u00e1ch, v\u1edbi d\u00f2ng cam k\u1ebft \u0111\u00e3 \u0111\u01b0\u1ee3c \u0111\u1eb7c bi\u1ec7t in \u0111\u1eadm: \u2018\u0110\u1eebng bi\u1ebfn m\u00ecnh th\u00e0nh chi\u1ebfc xe r\u00e1c\u2019 \u2013 Ph\u1ea3i n\u00f3i, \u0111\u00e2y th\u1eadt s\u1ef1 l\u00e0 m\u1ed9t th\u00f4ng \u0111i\u1ec7p h\u1ebft s\u1ee9c th\u00fa v\u1ecb v\u1ec1 m\u1ed9t th\u00e1i \u0111\u1ed9 s\u1ed1ng t\u1ed1t g\u1eedi \u0111\u1ebfn t\u1ea5t c\u1ea3 m\u1ecdi ng\u01b0\u1eddi. Nh\u01b0 m\u1ed9t l\u1eddi khuy\u00ean v\u1edbi d\u1ee5ng \u00fd th\u1ef1c t\u1ebf r\u1eb1ng: \u0111\u1eebng bi\u1ebfn cu\u1ed9c \u0111\u1eddi v\u1ed1n d\u0129 \u2018nh\u1eb9 nh\u00e0ng v\u00e0 s\u1ea1ch s\u1ebd\u2019 b\u1ecb nh\u1ea5n ch\u00ecm trong n\u1ed7i lo \u00e2u, s\u1ef1 t\u1ee9c gi\u1eadn v\u00e0 nh\u1eefng c\u1ea3m x\u00fac ti\u00eau c\u1ef1c, b\u1edfi ch\u00fang ta kh\u00f4ng bi\u1ebft khi n\u00e0o n\u00f3 s\u1ebd tr\u1edf n\u00ean h\u1ed7n \u0111\u1ed9n v\u00e0 \u0111\u1ea7y \u1eafp, h\u00e3y h\u1ecdc c\u00e1ch qu\u00ean b\u1eb5ng n\u00f3 \u0111i ngay khi c\u00f3 th\u1ec3, \u0111\u1eebng \u0111\u1ec3 chi\u1ebfc xe \u0111\u00f3 ch\u1ee9a \u0111\u1ea7y r\u00e1c r\u01b0\u1edfi \u0111\u1ee7 \u0111\u1ec3 ch\u00f4n s\u1ed1ng b\u1ea1n, v\u00e0 n\u1ebfu l\u00e0m \u0111\u01b0\u1ee3c nh\u01b0 th\u1ebf th\u00ec ch\u1eafc ch\u1eafn cu\u1ed9c \u0111\u1eddi c\u1ee7a t\u1ea5t c\u1ea3 m\u1ecdi ng\u01b0\u1eddi s\u1ebd tr\u1edf n\u00ean s\u00e1ng l\u1ea1ng v\u00e0 vui t\u01b0\u01a1i h\u01a1n h\u1eb3n.<\/p>\n<p>V\u1edbi n\u1ed9i dung ch\u1ec9 g\u1ed3m c\u00f3 b\u1ea3y ch\u01b0\u01a1ng ng\u1eafn, c\u1ee9 m\u1ed7i ch\u01b0\u01a1ng l\u00e0 m\u1ed9t c\u00e2u chuy\u1ec7n nh\u1ecf, n\u1ed9i dung t\u1eadp trung kh\u00f4ng nhi\u1ec1u v\u00e0 \u0111i s\u00e2u v\u00e0o c\u00e1c tri\u1ebft l\u00fd s\u00e2u xa nh\u01b0ng l\u1ea1i \u0111\u1ee7 \u0111\u1ec3 b\u1ea1n h\u1ecdc \u0111\u01b0\u1ee3c c\u00e1ch \u2018v\u1eadn h\u00e0nh c\u1ea3 th\u1ebf gi\u1edbi\u2019, t\u1ea5t c\u1ea3 \u0111\u01b0\u1ee3c vi\u1ebft ra nh\u01b0 nh\u1eefng m\u1eabu chuy\u1ec7n v\u01b0\u01a1ng v\u00e3i n\u01a1i cu\u1ed9c s\u1ed1ng h\u00e0ng ng\u00e0y, v\u1edbi v\u00f4 v\u00e0ng nh\u1eefng tri\u1ebft l\u00fd s\u1ed1ng vui nh\u01b0ng \u0111\u00fang, d\u00ed d\u1ecfm nh\u01b0ng kh\u00f4ng \u0111\u01a1n \u0111i\u1ec7u. N\u1ed9i dung c\u0169ng kh\u00f4ng c\u1ea7u k\u00ec ki\u1ec3u c\u00e1ch, m\u00e0 \u0111\u01b0\u1ee3c vi\u1ebft ra d\u01b0\u1edbi c\u00e1i nh\u00ecn ng\u1eafn g\u1ecdn v\u00e0 g\u1ea7n g\u0169i \u0111\u1ebfn l\u1ea1.<\/p>\n<p>T\u1ea5t c\u1ea3 \u0111\u1ec1u \u0111\u01b0\u1ee3c t\u00e1c gi\u1ea3 ho\u00e0n to\u00e0n \u2018G\u00f3i g\u1ecdn\u2019 trong 7 ch\u01b0\u01a1ng chuy\u1ec7n ng\u1eafn ng\u1ee7i, t\u1ea5t nhi\u00ean ch\u00ednh v\u00ec th\u1ebf, v\u1ec1 n\u1ed9i dung, B\u00e0i h\u1ecdc k\u1ef3 di\u1ec7u t\u1eeb nh\u1eefng chi\u1ebfc xe r\u00e1c kh\u00f4ng th\u1ec3 s\u00e1nh \u0111\u01b0\u1ee3c v\u1edbi h\u00ecnh th\u1ee9c \u0111\u1ed3 s\u1ed9 c\u1ee7a m\u1ed9t s\u1ed1 t\u00e1c ph\u1ea9m l\u1edbn nh\u01b0: Qu\u1eb3ng g\u00e1nh lo \u0111i m\u00e0 vui s\u1ed1ng, \u0110\u1eafc Nh\u00e2n T\u00e2m, Tr\u00ean \u0111\u01b0\u1eddng b\u0103ng\u2026 nh\u01b0ng th\u1eadt s\u1ef1 \u0111\u00e2y l\u00e0 m\u1ed9t l\u1ef1a ch\u1ecdn th\u00edch h\u1ee3p cho nh\u1eefng ai \u0111ang mu\u1ed1n t\u00ecm th\u1eddi gian r\u1ea3nh r\u1ed7i t\u1eeb nh\u1eefng c\u00e2u chuy\u1ec7n g\u1ed1i \u0111\u1ea7u gi\u01b0\u1eddng kh\u00f4ng nh\u00e0m ch\u00e1n, kh\u00f4ng s\u00e1o r\u1ed7ng, v\u1edbi nh\u1eefng suy ngh\u0129 l\u1ea1, \u00fd t\u01b0\u1edfng l\u1ea1, nh\u01b0ng l\u1ea1i c\u00f3 t\u01b0 duy s\u00e2u s\u1eafc, \u0111\u1ec3 c\u00f3 d\u1ecbp \u0111\u01b0\u1ee3c ph\u00e1 l\u00ean c\u01b0\u1eddi v\u1edbi nh\u1eefng m\u1eabu chuy\u1ec7n v\u1eeba ng\u1ed9 ngh\u0129nh, v\u1eeba \u0111\u00e1ng y\u00eau, v\u1eeba kh\u00f4ng k\u00e9m ph\u1ea7n tr\u1ebb trung, s\u00e2u s\u1eafc nh\u01b0 th\u1ebf n\u00e0y.<\/p>\n<p>V\u00e0 hi v\u1ecdng sau khi \u0111\u1ecdc xong quy\u1ec3n s\u00e1ch \u201cB\u00e0i h\u1ecdc k\u1ef3 di\u1ec7u t\u1eeb chi\u1ebfc xe r\u00e1c\u201d n\u00e0y, ch\u00fang ta s\u1ebd h\u1ecdc \u0111\u01b0\u1ee3c nh\u1eefng \u0111i\u1ec1u m\u1edbi m\u1ebb v\u00e0 b\u1ed5 \u00edch \u0111\u1ec3 v\u1eadn d\u1ee5ng v\u00e0 khai th\u00e1c ch\u00fang trong cu\u1ed9c s\u1ed1ng h\u00e0ng ng\u00e0y.<\/p>\n","protected":false},"excerpt":{"rendered":"<p>Cam k\u1ebft n\u00f3i kh\u00f4ng v\u1edbi &#8220;xe r\u00e1c&#8221; khi\u1ebfn cho h\u1ea1nh ph\u00fac v\u00e0 ph\u00e9p l\u1ecbch s\u1ef1 tr\u1edf th\u00e0nh hi\u1ec7n th\u1ef1c. \u0110i\u1ec1u n\u00e0y h\u1ed7 tr\u1ee3 \u0111i\u1ec1u kia trong m\u1ed9t v\u00f2ng tr\u00f2n kh\u00e9p k\u00edn.<br \/>\n\u201cC\u00f3 nh\u1eefng ng\u01b0\u1eddi gi\u1ed1ng nh\u01b0 \u201cchi\u1ebfc xe r\u00e1c\u201d v\u1eady: h\u1ecd ch\u1ee9a trong m\u00ecnh \u0111\u1ea7y \u201cr\u00e1c r\u01b0\u1edfi\u201d &#8211; s\u1ef1 th\u1ea5t v\u1ecdng, t\u1ee9c gi\u1eadn v\u00e0 ch\u00e1n n\u1ea3n. V\u00e0 t\u1ea5t nhi\u00ean, h\u1ecd ph\u1ea3i t\u00ecm ch\u1ed7 \u0111\u1ec3 tr\u00fat b\u1ecf m\u1edb r\u00e1c r\u01b0\u1edfi \u0111\u00f3. N\u1ebfu th\u1ea5y h\u1ecd tr\u00fat l\u00ean b\u1ea1n th\u00ec b\u1ea1n \u0111\u1eebng \u0111\u00f3n nh\u1eadn. H\u00e3y m\u1ec9m c\u01b0\u1eddi, v\u1eaby ch\u00e0o, ch\u00fac h\u1ecd vui, r\u1ed3i ti\u1ebfp t\u1ee5c c\u00f4ng vi\u1ec7c c\u1ee7a m\u00ecnh. C\u1ee9 tin t\u00f4i \u0111i, r\u1ed3i b\u1ea1n s\u1ebd th\u1ea5y h\u1ea1nh ph\u00fac h\u01a1n.\u201d<\/p>\n","protected":false},"featured_media":23863,"template":"","meta":{"_acf_changed":false},"product_brand":[],"product_cat":[79],"product_tag":[],"class_list":{"0":"post-23864","1":"product","2":"type-product","3":"status-publish","4":"has-post-thumbnail","6":"product_cat-uncategorized","8":"first","9":"outofstock","10":"taxable","11":"shipping-taxable","12":"purchasable","13":"product-type-simple"},"supplier_id":null,"supplier_sku":"","barcode":null,"atum_controlled":true,"out_stock_date":"2023-05-31 09:00:06","out_stock_threshold":null,"inheritable":false,"inbound_stock":0,"stock_on_hold":0,"sold_today":0,"sales_last_days":0,"reserved_stock":0,"customer_returns":0,"warehouse_damage":0,"lost_in_post":0,"other_logs":0,"out_stock_days":973,"lost_sales":0,"has_location":false,"update_date":"2026-01-28T23:11:16","atum_locations":[],"atum_stock_status":"outofstock","restock_status":false,"low_stock_amount":"","sales_update_date":"2026-01-28T23:11:16","calc_backorders":null,"acf":{"publisher":{"ID":6196,"post_author":"1","post_date":"2021-03-15 01:26:01","post_date_gmt":"2021-03-14 23:26:01","post_content":"","post_title":"FIRST NEWS","post_excerpt":"","post_status":"publish","comment_status":"closed","ping_status":"closed","post_password":"","post_name":"first-news","to_ping":"","pinged":"","post_modified":"2021-03-15 01:26:01","post_modified_gmt":"2021-03-14 23:26:01","post_content_filtered":"","post_parent":0,"guid":"https:\/\/sachviet.eu\/blog\/nha-phat-hanh\/first-news\/","menu_order":0,"post_type":"publisher","post_mime_type":"","comment_count":"0","filter":"raw"}},"_links":{"self":[{"href":"https:\/\/sachviet.eu\/en\/wp-json\/wp\/v2\/product\/23864","targetHints":{"allow":["GET"]}}],"collection":[{"href":"https:\/\/sachviet.eu\/en\/wp-json\/wp\/v2\/product"}],"about":[{"href":"https:\/\/sachviet.eu\/en\/wp-json\/wp\/v2\/types\/product"}],"wp:featuredmedia":[{"embeddable":true,"href":"https:\/\/sachviet.eu\/en\/wp-json\/wp\/v2\/media\/23863"}],"wp:attachment":[{"href":"https:\/\/sachviet.eu\/en\/wp-json\/wp\/v2\/media?parent=23864"}],"wp:term":[{"taxonomy":"product_brand","embeddable":true,"href":"https:\/\/sachviet.eu\/en\/wp-json\/wp\/v2\/product_brand?post=23864"},{"taxonomy":"product_cat","embeddable":true,"href":"https:\/\/sachviet.eu\/en\/wp-json\/wp\/v2\/product_cat?post=23864"},{"taxonomy":"product_tag","embeddable":true,"href":"https:\/\/sachviet.eu\/en\/wp-json\/wp\/v2\/product_tag?post=23864"}],"curies":[{"name":"wp","href":"https:\/\/api.w.org\/{rel}","templated":true}]}}