{"id":23862,"date":"2023-05-31T12:00:00","date_gmt":"2023-05-31T09:00:00","guid":{"rendered":"https:\/\/sachviet.eu\/shop\/binh-yen-trong-bao-to\/"},"modified":"2023-05-31T16:37:56","modified_gmt":"2023-05-31T13:37:56","slug":"binh-yen-trong-bao-to","status":"publish","type":"product","link":"https:\/\/sachviet.eu\/en\/shop\/binh-yen-trong-bao-to\/","title":{"rendered":"B\u00ecnh Y\u00ean Trong B\u00e3o T\u1ed1"},"content":{"rendered":"<p>Cu\u1ed1n s\u00e1ch n\u00e0y l\u00e0 t\u1ed5ng h\u1ee3p 33 c\u00e2u chuy\u1ec7n v\u1ec1 33 con ng\u01b0\u1eddi kh\u00e1c nhau \u0111\u1ebfn t\u1eeb m\u1ecdi mi\u1ec1n \u0111\u1ea5t n\u01b0\u1edbc c\u0169ng nh\u01b0 kh\u1eafp n\u01a1i tr\u00ean th\u1ebf gi\u1edbi. M\u1ed7i c\u00e2u chuy\u1ec7n l\u00e0 m\u1ed9t cu\u1ed9c \u0111\u1eddi, \u1edf \u0111\u00f3 c\u00f3 nh\u1eefng kho\u1ea3ng tr\u1eddi b\u00e3o gi\u00f4ng nh\u01b0ng c\u0169ng c\u00f3 nh\u1eefng l\u00fac b\u00ecnh y\u00ean l\u1ea1 th\u01b0\u1eddng. H\u1ecd \u0111\u00e3 s\u1ed1ng trong b\u00e3o t\u1ed1 v\u00e0 c\u0169ng \u0111\u00e3 k\u1ecbp chuy\u1ec3n m\u00ecnh \u0111\u1ec3 tr\u1edf v\u1ec1 v\u1edbi s\u1ef1 b\u00ecnh y\u00ean ch\u00e2n th\u1eadt b\u00ean trong, cho d\u00f9 \u0111\u00f3 v\u1eabn c\u00f2n l\u00e0 m\u1ed9t h\u00e0nh tr\u00ecnh d\u00e0i nh\u01b0ng c\u1ee9 \u0111i r\u1ed3i s\u1ebd t\u1edb<br \/>\nNh\u1eefng con ng\u01b0\u1eddi \u0111\u00f3 b\u1eb1ng t\u1ea5t c\u1ea3 ngh\u1ecb l\u1ef1c phi th\u01b0\u1eddng c\u1ee7a m\u00ecnh \u0111\u00e3 v\u01b0\u1ee3t l\u00ean s\u1ed1 ph\u1eadn, v\u01b0\u1ee3t tho\u00e1t kh\u1ecfi ngh\u1ecbch c\u1ea3nh \u0111\u1ec3 t\u00ecm v\u1ec1 v\u1edbi ch\u00ednh m\u00ecnh, t\u00ecm v\u1ec1 v\u1edbi con \u0111\u01b0\u1eddng h\u1ea1nh ph\u00fac ch\u00e2n ch\u00ednh.<br \/>\n33 c\u00e2u chuy\u1ec7n &#8211; 33 con ng\u01b0\u1eddi &#8211; 33 b\u00e0i h\u1ecdc &#8211; s\u1ebd ti\u1ebfp th\u00eam s\u1ee9c m\u1ea1nh cho m\u1ed7i ch\u00fang ta v\u01b0\u1ee3t qua nh\u1eefng kh\u00f3 kh\u0103n b\u1ea5t t\u1eadn c\u1ee7a cu\u1ed9c s\u1ed1ng \u0111\u1ec3 l\u00e0m ch\u1ee7 cu\u1ed9c \u0111\u1eddi c\u1ee7a ch\u00ednh m\u00ecnh.<br \/>\n&#8220;H\u00e3y lu\u00f4n m\u1ec9m c\u01b0\u1eddi khi ng\u00e0y m\u1edbi b\u1eaft \u0111\u1ea7u v\u00ec k\u1ec3 c\u1ea3 ng\u00e0y \u0111en t\u1ed1i nh\u1ea5t c\u0169ng s\u1ebd qua khi b\u00ecnh minh l\u00f3 r\u1ea1ng, cu\u1ed9c s\u1ed1ng gi\u1ed1ng nh\u01b0 m\u1ed9t chi\u1ebfc g\u01b0\u01a1ng ph\u1ea3n chi\u1ebfu s\u1ebd mang \u0111\u1ebfn cho ta k\u1ebft qu\u1ea3 t\u1ed1t \u0111\u1eb9p khi v\u00e0 ch\u1ec9 khi ta ch\u1ecbu m\u1ec9m c\u01b0\u1eddi v\u1edbi n\u00f3.&#8221; &#8211; Tu\u1ec7 An<\/p>\n","protected":false},"excerpt":{"rendered":"<p>Cu\u1ed1n s\u00e1ch n\u00e0y l\u00e0 t\u1ed5ng h\u1ee3p 33 c\u00e2u chuy\u1ec7n v\u1ec1 33 con ng\u01b0\u1eddi kh\u00e1c nhau \u0111\u1ebfn t\u1eeb m\u1ecdi mi\u1ec1n \u0111\u1ea5t n\u01b0\u1edbc c\u0169ng nh\u01b0 kh\u1eafp n\u01a1i tr\u00ean th\u1ebf gi\u1edbi. M\u1ed7i c\u00e2u chuy\u1ec7n l\u00e0 m\u1ed9t cu\u1ed9c \u0111\u1eddi, \u1edf \u0111\u00f3 c\u00f3 nh\u1eefng kho\u1ea3ng tr\u1eddi b\u00e3o gi\u00f4ng nh\u01b0ng c\u0169ng c\u00f3 nh\u1eefng l\u00fac b\u00ecnh y\u00ean l\u1ea1 th\u01b0\u1eddng. H\u1ecd \u0111\u00e3 s\u1ed1ng trong b\u00e3o t\u1ed1 v\u00e0 c\u0169ng \u0111\u00e3 k\u1ecbp chuy\u1ec3n m\u00ecnh \u0111\u1ec3 tr\u1edf v\u1ec1 v\u1edbi s\u1ef1 b\u00ecnh y\u00ean ch\u00e2n th\u1eadt b\u00ean trong, cho d\u00f9 \u0111\u00f3 v\u1eabn c\u00f2n l\u00e0 m\u1ed9t h\u00e0nh tr\u00ecnh d\u00e0i nh\u01b0ng c\u1ee9 \u0111i r\u1ed3i s\u1ebd t\u1edb<br \/>\nNh\u1eefng con ng\u01b0\u1eddi \u0111\u00f3 b\u1eb1ng t\u1ea5t c\u1ea3 ngh\u1ecb l\u1ef1c phi th\u01b0\u1eddng c\u1ee7a m\u00ecnh \u0111\u00e3 v\u01b0\u1ee3t l\u00ean s\u1ed1 ph\u1eadn, v\u01b0\u1ee3t tho\u00e1t kh\u1ecfi ngh\u1ecbch c\u1ea3nh \u0111\u1ec3 t\u00ecm v\u1ec1 v\u1edbi ch\u00ednh m\u00ecnh, t\u00ecm v\u1ec1 v\u1edbi con \u0111\u01b0\u1eddng h\u1ea1nh ph\u00fac ch\u00e2n ch\u00ednh.<br \/>\n33 c\u00e2u chuy\u1ec7n &#8211; 33 con ng\u01b0\u1eddi &#8211; 33 b\u00e0i h\u1ecdc &#8211; s\u1ebd ti\u1ebfp th\u00eam s\u1ee9c m\u1ea1nh cho m\u1ed7i ch\u00fang ta v\u01b0\u1ee3t qua nh\u1eefng kh\u00f3 kh\u0103n b\u1ea5t t\u1eadn c\u1ee7a cu\u1ed9c s\u1ed1ng \u0111\u1ec3 l\u00e0m ch\u1ee7 cu\u1ed9c \u0111\u1eddi c\u1ee7a ch\u00ednh m\u00ecnh.<br \/>\n&#8220;H\u00e3y lu\u00f4n m\u1ec9m c\u01b0\u1eddi khi ng\u00e0y m\u1edbi b\u1eaft \u0111\u1ea7u v\u00ec k\u1ec3 c\u1ea3 ng\u00e0y \u0111en t\u1ed1i nh\u1ea5t c\u0169ng s\u1ebd qua khi b\u00ecnh minh l\u00f3 r\u1ea1ng, cu\u1ed9c s\u1ed1ng gi\u1ed1ng nh\u01b0 m\u1ed9t chi\u1ebfc g\u01b0\u01a1ng ph\u1ea3n chi\u1ebfu s\u1ebd mang \u0111\u1ebfn cho ta k\u1ebft qu\u1ea3 t\u1ed1t \u0111\u1eb9p khi v\u00e0 ch\u1ec9 khi ta ch\u1ecbu m\u1ec9m c\u01b0\u1eddi v\u1edbi n\u00f3.&#8221; &#8211; Tu\u1ec7 An<\/p>\n","protected":false},"featured_media":23861,"template":"","meta":{"_acf_changed":false},"product_brand":[],"product_cat":[79],"product_tag":[],"class_list":{"0":"post-23862","1":"product","2":"type-product","3":"status-publish","4":"has-post-thumbnail","6":"product_cat-uncategorized","8":"first","9":"outofstock","10":"taxable","11":"shipping-taxable","12":"purchasable","13":"product-type-simple"},"supplier_id":null,"supplier_sku":"","barcode":null,"atum_controlled":true,"out_stock_date":"2023-05-31 09:00:00","out_stock_threshold":null,"inheritable":false,"inbound_stock":0,"stock_on_hold":0,"sold_today":0,"sales_last_days":0,"reserved_stock":0,"customer_returns":0,"warehouse_damage":0,"lost_in_post":0,"other_logs":0,"out_stock_days":973,"lost_sales":0,"has_location":false,"update_date":"2026-01-28T23:11:16","atum_locations":[],"atum_stock_status":"outofstock","restock_status":false,"low_stock_amount":"","sales_update_date":"2026-01-28T23:11:16","calc_backorders":null,"acf":{"publisher":{"ID":17430,"post_author":"1","post_date":"2022-03-11 23:49:53","post_date_gmt":"2022-03-11 21:49:53","post_content":"","post_title":"H\u1ed3ng \u0110\u1ee9c","post_excerpt":"","post_status":"publish","comment_status":"closed","ping_status":"closed","post_password":"","post_name":"hong-duc","to_ping":"","pinged":"","post_modified":"2022-03-11 23:49:53","post_modified_gmt":"2022-03-11 21:49:53","post_content_filtered":"","post_parent":0,"guid":"https:\/\/sachviet.eu\/nha-phat-hanh\/hong-duc\/","menu_order":0,"post_type":"publisher","post_mime_type":"","comment_count":"0","filter":"raw"}},"_links":{"self":[{"href":"https:\/\/sachviet.eu\/en\/wp-json\/wp\/v2\/product\/23862","targetHints":{"allow":["GET"]}}],"collection":[{"href":"https:\/\/sachviet.eu\/en\/wp-json\/wp\/v2\/product"}],"about":[{"href":"https:\/\/sachviet.eu\/en\/wp-json\/wp\/v2\/types\/product"}],"wp:featuredmedia":[{"embeddable":true,"href":"https:\/\/sachviet.eu\/en\/wp-json\/wp\/v2\/media\/23861"}],"wp:attachment":[{"href":"https:\/\/sachviet.eu\/en\/wp-json\/wp\/v2\/media?parent=23862"}],"wp:term":[{"taxonomy":"product_brand","embeddable":true,"href":"https:\/\/sachviet.eu\/en\/wp-json\/wp\/v2\/product_brand?post=23862"},{"taxonomy":"product_cat","embeddable":true,"href":"https:\/\/sachviet.eu\/en\/wp-json\/wp\/v2\/product_cat?post=23862"},{"taxonomy":"product_tag","embeddable":true,"href":"https:\/\/sachviet.eu\/en\/wp-json\/wp\/v2\/product_tag?post=23862"}],"curies":[{"name":"wp","href":"https:\/\/api.w.org\/{rel}","templated":true}]}}