{"id":23860,"date":"2023-05-31T11:59:55","date_gmt":"2023-05-31T08:59:55","guid":{"rendered":"https:\/\/sachviet.eu\/shop\/nguoi-gay-anh-huong-dam-cho-di-cau-chuyen-nho-ve-mot-y-tuong-co-suc-thuyet-phuc-lon-nhat\/"},"modified":"2023-05-31T16:37:56","modified_gmt":"2023-05-31T13:37:56","slug":"nguoi-gay-anh-huong-dam-cho-di-cau-chuyen-nho-ve-mot-y-tuong-co-suc-thuyet-phuc-lon-nhat","status":"publish","type":"product","link":"https:\/\/sachviet.eu\/en\/shop\/nguoi-gay-anh-huong-dam-cho-di-cau-chuyen-nho-ve-mot-y-tuong-co-suc-thuyet-phuc-lon-nhat\/","title":{"rendered":"Ng\u01b0\u1eddi G\u00e2y \u1ea2nh H\u01b0\u1edfng D\u00e1m Cho \u0110i &#8211; C\u00e2u Chuy\u1ec7n Nh\u1ecf V\u1ec1 M\u1ed9t \u00dd T\u01b0\u1edfng C\u00f3 S\u1ee9c Thuy\u1ebft Ph\u1ee5c L\u1edbn Nh\u1ea5t"},"content":{"rendered":"<p>Gillian Waters v\u00e0 Jackson Hill l\u00e0 nh\u1eefng doanh nh\u00e2n tr\u1ebb tu\u1ed5i nhi\u1ec1u tham v\u1ecdng. C\u1ea3 hai \u0111\u1ec1u mong chi\u1ebfm ph\u1ea7n h\u01a1n trong m\u1ed9t cu\u1ed9c \u0111\u00e0m ph\u00e1n c\u00f3 th\u1ec3 khi\u1ebfn ngh\u1ec1 nghi\u1ec7p c\u1ee7a h\u1ecd \u201c\u0103n c\u1ea3\u201d ho\u1eb7c \u201cv\u1ec1 kh\u00f4ng\u201d. Gillian l\u00e0 m\u1ed9t ng\u01b0\u1eddi thu mua cho m\u1ed9t chu\u1ed7i c\u1eeda h\u00e0ng kh\u1eafp n\u01b0\u1edbc M\u1ef9 b\u00e1n \u0111\u1ed3 th\u00fa c\u01b0ng. Jackson l\u00e0 ng\u01b0\u1eddi s\u00e1ng l\u1eadp m\u1ed9t x\u01b0\u1edfng s\u1ea3n xu\u1ea5t nh\u1ecf chuy\u00ean v\u1ec1 th\u1ef1c ph\u1ea9m thu\u1ea7n t\u1ef1 nhi\u00ean cho th\u00fa c\u01b0ng. B\u00ean n\u00e0y c\u00f3 th\u1ee9 m\u00e0 b\u00ean kia c\u1ea7n, nh\u01b0ng vi\u1ec7c ch\u1ed1t th\u01b0\u01a1ng v\u1ee5 l\u1ea1i kh\u00f3 kh\u0103n h\u01a1n nhi\u1ec1u so v\u1edbi d\u1ef1 \u0111o\u00e1n c\u1ee7a c\u1ea3 hai b\u00ean.<br \/>\nGillian c\u1ed1 g\u1eafng g\u00e2y \u1ea5n t\u01b0\u1ee3ng v\u1edbi ng\u01b0\u1eddi qu\u1ea3n l\u00fd kh\u00f3 t\u00ednh c\u1ee7a m\u00ecnh \u0111\u1ec3 \u0111\u01b0\u1ee3c th\u0103ng ch\u1ee9c. C\u00f4 bi\u1ebft c\u00f4ng ty c\u1ee7a Jackson c\u00f3 th\u1ec3 cung c\u1ea5p cho chu\u1ed7i c\u1eeda h\u00e0ng c\u1ee7a c\u00f4 m\u1ed9t d\u00f2ng s\u1ea3n ph\u1ea9m ch\u1ea5t l\u01b0\u1ee3ng cao, \u0111\u1ed9c nh\u1ea5t v\u00f4 nh\u1ecb &#8211; n\u1ebfu c\u00f4 c\u00f3 th\u1ec3 thuy\u1ebft ph\u1ee5c Jackson ch\u1ecbu b\u00e1n \u0111\u1ed9c quy\u1ec1n. Trong khi \u0111\u00f3, Jackson \u0111ang t\u01a1i t\u1ea3 v\u00ec \u00e1p l\u1ef1c ph\u1ea3i gi\u1eef cho c\u00f4ng ty m\u00ecnh ho\u1ea1t \u0111\u1ed9ng v\u00e0 tho\u00e1t n\u1ee3. V\u1edbi anh, chu\u1ed7i c\u1eeda h\u00e0ng c\u1ee7a Gillian s\u1ebd gi\u00fap anh m\u1edf r\u1ed9ng s\u1ea3n xu\u1ea5t &#8211; m\u1ed9t s\u1ef1 m\u1edf r\u1ed9ng c\u1ea7n thi\u1ebft \u0111\u1ebfn m\u1ee9c li\u1ec1u l\u0129nh &#8211; n\u1ebfu anh c\u00f3 th\u1ec3 \u0111\u00e0m ph\u00e1n c\u00e1c \u0111i\u1ec1u kho\u1ea3n \u0111\u1ec3 b\u1ea3o v\u1ec7 s\u1ef1 to\u00e0n v\u1eb9n c\u1ee7a c\u00f4ng ty m\u00ecnh.<br \/>\nC\u00e1c cu\u1ed9c \u0111\u00e0m ph\u00e1n gi\u1eefa h\u1ecd \u0111\u1ea7y \u0111\u1ed1i ngh\u1ecbch v\u00e0 g\u00e2y b\u1ef1c b\u1ed9i, cho \u0111\u1ebfn khi m\u1ed7i b\u00ean g\u1eb7p m\u1ed9t nh\u00e0 c\u1ed1 v\u1ea5n, h\u01b0\u1edbng d\u1eabn h\u1ecd t\u1edbi m\u1ed9t con \u0111\u01b0\u1eddng c\u1ef1c k\u1ef3 kh\u00e1c &#8211; v\u00e0 ng\u1ea1c nhi\u00ean thay &#8211; l\u1ea1i v\u00f4 c\u00f9ng hi\u1ec7u qu\u1ea3.<br \/>\nCu\u1ed1i c\u00f9ng, Jackson v\u00e0 Gillian \u0111\u1ec1u h\u1ecdc \u0111\u01b0\u1ee3c r\u1eb1ng h\u1ecd c\u00f3 th\u1ec3 \u0111\u1ea1t \u0111\u01b0\u1ee3c m\u1ee5c ti\u00eau c\u1ee7a m\u00ecnh b\u1eb1ng c\u00e1ch t\u00ecm ra \u0111i\u1ec3m dung h\u00f2a v\u00e0 g\u1eb7p g\u1ee1 chung, n\u01a1i m\u00e0 tho\u1ea1t ti\u00ean h\u1ecd ch\u1ec9 nh\u00ecn th\u1ea5y to\u00e0n m\u00e2u thu\u1eabn kh\u00f4ng sao h\u00f3a gi\u1ea3i. <\/p>\n","protected":false},"excerpt":{"rendered":"<p>Gillian Waters v\u00e0 Jackson Hill l\u00e0 nh\u1eefng doanh nh\u00e2n tr\u1ebb tu\u1ed5i nhi\u1ec1u tham v\u1ecdng. C\u1ea3 hai \u0111\u1ec1u mong chi\u1ebfm ph\u1ea7n h\u01a1n trong m\u1ed9t cu\u1ed9c \u0111\u00e0m ph\u00e1n c\u00f3 th\u1ec3 khi\u1ebfn ngh\u1ec1 nghi\u1ec7p c\u1ee7a h\u1ecd \u201c\u0103n c\u1ea3\u201d ho\u1eb7c \u201cv\u1ec1 kh\u00f4ng\u201d. Gillian l\u00e0 m\u1ed9t ng\u01b0\u1eddi thu mua cho m\u1ed9t chu\u1ed7i c\u1eeda h\u00e0ng kh\u1eafp n\u01b0\u1edbc M\u1ef9 b\u00e1n \u0111\u1ed3 th\u00fa c\u01b0ng. Jackson l\u00e0 ng\u01b0\u1eddi s\u00e1ng l\u1eadp m\u1ed9t x\u01b0\u1edfng s\u1ea3n xu\u1ea5t nh\u1ecf chuy\u00ean v\u1ec1 th\u1ef1c ph\u1ea9m thu\u1ea7n t\u1ef1 nhi\u00ean cho th\u00fa c\u01b0ng. B\u00ean n\u00e0y c\u00f3 th\u1ee9 m\u00e0 b\u00ean kia c\u1ea7n, nh\u01b0ng vi\u1ec7c ch\u1ed1t th\u01b0\u01a1ng v\u1ee5 l\u1ea1i kh\u00f3 kh\u0103n h\u01a1n nhi\u1ec1u so v\u1edbi d\u1ef1 \u0111o\u00e1n c\u1ee7a c\u1ea3 hai b\u00ean.<br \/>\nGillian c\u1ed1 g\u1eafng g\u00e2y \u1ea5n t\u01b0\u1ee3ng v\u1edbi ng\u01b0\u1eddi qu\u1ea3n l\u00fd kh\u00f3 t\u00ednh c\u1ee7a m\u00ecnh \u0111\u1ec3 \u0111\u01b0\u1ee3c th\u0103ng ch\u1ee9c. C\u00f4 bi\u1ebft c\u00f4ng ty c\u1ee7a Jackson c\u00f3 th\u1ec3 cung c\u1ea5p cho chu\u1ed7i c\u1eeda h\u00e0ng c\u1ee7a c\u00f4 m\u1ed9t d\u00f2ng s\u1ea3n ph\u1ea9m ch\u1ea5t l\u01b0\u1ee3ng cao, \u0111\u1ed9c nh\u1ea5t v\u00f4 nh\u1ecb &#8211; n\u1ebfu c\u00f4 c\u00f3 th\u1ec3 thuy\u1ebft ph\u1ee5c Jackson ch\u1ecbu b\u00e1n \u0111\u1ed9c quy\u1ec1n. Trong khi \u0111\u00f3, Jackson \u0111ang t\u01a1i t\u1ea3 v\u00ec \u00e1p l\u1ef1c ph\u1ea3i gi\u1eef cho c\u00f4ng ty m\u00ecnh ho\u1ea1t \u0111\u1ed9ng v\u00e0 tho\u00e1t n\u1ee3. V\u1edbi anh, chu\u1ed7i c\u1eeda h\u00e0ng c\u1ee7a Gillian s\u1ebd gi\u00fap anh m\u1edf r\u1ed9ng s\u1ea3n xu\u1ea5t &#8211; m\u1ed9t s\u1ef1 m\u1edf r\u1ed9ng c\u1ea7n thi\u1ebft \u0111\u1ebfn m\u1ee9c li\u1ec1u l\u0129nh &#8211; n\u1ebfu anh c\u00f3 th\u1ec3 \u0111\u00e0m ph\u00e1n c\u00e1c \u0111i\u1ec1u kho\u1ea3n \u0111\u1ec3 b\u1ea3o v\u1ec7 s\u1ef1 to\u00e0n v\u1eb9n c\u1ee7a c\u00f4ng ty m\u00ecnh.<br \/>\nC\u00e1c cu\u1ed9c \u0111\u00e0m ph\u00e1n gi\u1eefa h\u1ecd \u0111\u1ea7y \u0111\u1ed1i ngh\u1ecbch v\u00e0 g\u00e2y b\u1ef1c b\u1ed9i, cho \u0111\u1ebfn khi m\u1ed7i b\u00ean g\u1eb7p m\u1ed9t nh\u00e0 c\u1ed1 v\u1ea5n, h\u01b0\u1edbng d\u1eabn h\u1ecd t\u1edbi m\u1ed9t con \u0111\u01b0\u1eddng c\u1ef1c k\u1ef3 kh\u00e1c &#8211; v\u00e0 ng\u1ea1c nhi\u00ean thay &#8211; l\u1ea1i v\u00f4 c\u00f9ng hi\u1ec7u qu\u1ea3.<br \/>\nCu\u1ed1i c\u00f9ng, Jackson v\u00e0 Gillian \u0111\u1ec1u h\u1ecdc \u0111\u01b0\u1ee3c r\u1eb1ng h\u1ecd c\u00f3 th\u1ec3 \u0111\u1ea1t \u0111\u01b0\u1ee3c m\u1ee5c ti\u00eau c\u1ee7a m\u00ecnh b\u1eb1ng c\u00e1ch t\u00ecm ra \u0111i\u1ec3m dung h\u00f2a v\u00e0 g\u1eb7p g\u1ee1 chung, n\u01a1i m\u00e0 tho\u1ea1t ti\u00ean h\u1ecd ch\u1ec9 nh\u00ecn th\u1ea5y to\u00e0n m\u00e2u thu\u1eabn kh\u00f4ng sao h\u00f3a gi\u1ea3i.<\/p>\n","protected":false},"featured_media":23859,"template":"","meta":{"_acf_changed":false},"product_brand":[],"product_cat":[79],"product_tag":[],"class_list":{"0":"post-23860","1":"product","2":"type-product","3":"status-publish","4":"has-post-thumbnail","6":"product_cat-uncategorized","8":"first","9":"outofstock","10":"taxable","11":"shipping-taxable","12":"purchasable","13":"product-type-simple"},"supplier_id":null,"supplier_sku":"","barcode":null,"atum_controlled":true,"out_stock_date":"2023-05-31 08:59:55","out_stock_threshold":null,"inheritable":false,"inbound_stock":0,"stock_on_hold":0,"sold_today":0,"sales_last_days":0,"reserved_stock":0,"customer_returns":0,"warehouse_damage":0,"lost_in_post":0,"other_logs":0,"out_stock_days":973,"lost_sales":0,"has_location":false,"update_date":"2026-01-28T23:11:16","atum_locations":[],"atum_stock_status":"outofstock","restock_status":false,"low_stock_amount":"","sales_update_date":"2026-01-28T23:11:16","calc_backorders":null,"acf":{"publisher":{"ID":1517,"post_author":"1","post_date":"2021-02-17 01:14:41","post_date_gmt":"2021-02-16 23:14:41","post_content":"","post_title":"NXB Tr\u1ebb","post_excerpt":"","post_status":"publish","comment_status":"closed","ping_status":"closed","post_password":"","post_name":"nxb-tre","to_ping":"","pinged":"","post_modified":"2021-02-17 01:14:41","post_modified_gmt":"2021-02-16 23:14:41","post_content_filtered":"","post_parent":0,"guid":"https:\/\/sachviet.eu\/nha-phat-hanh\/nxb-tre\/","menu_order":0,"post_type":"publisher","post_mime_type":"","comment_count":"0","filter":"raw"}},"_links":{"self":[{"href":"https:\/\/sachviet.eu\/en\/wp-json\/wp\/v2\/product\/23860","targetHints":{"allow":["GET"]}}],"collection":[{"href":"https:\/\/sachviet.eu\/en\/wp-json\/wp\/v2\/product"}],"about":[{"href":"https:\/\/sachviet.eu\/en\/wp-json\/wp\/v2\/types\/product"}],"wp:featuredmedia":[{"embeddable":true,"href":"https:\/\/sachviet.eu\/en\/wp-json\/wp\/v2\/media\/23859"}],"wp:attachment":[{"href":"https:\/\/sachviet.eu\/en\/wp-json\/wp\/v2\/media?parent=23860"}],"wp:term":[{"taxonomy":"product_brand","embeddable":true,"href":"https:\/\/sachviet.eu\/en\/wp-json\/wp\/v2\/product_brand?post=23860"},{"taxonomy":"product_cat","embeddable":true,"href":"https:\/\/sachviet.eu\/en\/wp-json\/wp\/v2\/product_cat?post=23860"},{"taxonomy":"product_tag","embeddable":true,"href":"https:\/\/sachviet.eu\/en\/wp-json\/wp\/v2\/product_tag?post=23860"}],"curies":[{"name":"wp","href":"https:\/\/api.w.org\/{rel}","templated":true}]}}