{"id":23858,"date":"2023-05-31T11:59:50","date_gmt":"2023-05-31T08:59:50","guid":{"rendered":"https:\/\/sachviet.eu\/shop\/chien-thang-con-quy-trong-ban-bi-quyet-tu-do-va-thanh-cong\/"},"modified":"2023-05-31T16:37:56","modified_gmt":"2023-05-31T13:37:56","slug":"chien-thang-con-quy-trong-ban-bi-quyet-tu-do-va-thanh-cong","status":"publish","type":"product","link":"https:\/\/sachviet.eu\/en\/shop\/chien-thang-con-quy-trong-ban-bi-quyet-tu-do-va-thanh-cong\/","title":{"rendered":"Chi\u1ebfn Th\u1eafng Con Qu\u1ef7 Trong B\u1ea1n &#8211; B\u00ed Quy\u1ebft T\u1ef1 Do V\u00e0 Th\u00e0nh C\u00f4ng"},"content":{"rendered":"<p>Cu\u1ed1n s\u00e1ch l\u00e0 cu\u1ed9c tr\u00f2 chuy\u1ec7n c\u1ee7a Napoleon Hill v\u00e0 Con Qu\u1ef7. Sau bao nhi\u00eau n\u0103m mi\u1ec7t m\u00e0i nghi\u00ean c\u1ee9u cu\u1ed1i c\u00f9ng \u00f4ng c\u0169ng ph\u00e1t hi\u1ec7n ra Con Qu\u1ef7, b\u1eaft n\u00f3 ph\u1ea3i th\u00fa t\u1ed9i v\u00e0 ti\u1ebft l\u1ed9 nh\u1eefng s\u1ef1 th\u1eadt kinh ho\u00e0ng v\u1ec1 n\u01a1i n\u00f3 s\u1ed1ng, c\u00e1ch n\u00f3 ki\u1ec3m so\u00e1t t\u00e2m tr\u00ed con ng\u01b0\u1eddi v\u00e0 c\u00e1ch \u0111\u1ec3 con ng\u01b0\u1eddi chi\u1ebfn th\u1eafng \u0111\u01b0\u1ee3c n\u00f3. Khi \u0111\u1ecdc cu\u1ed1n s\u00e1ch n\u00e0y, c\u00f3 th\u1ec3 b\u1ea1n s\u1ebd t\u1ef1 h\u1ecfi, cu\u1ed9c tr\u00f2 chuy\u1ec7n n\u00e0y c\u00f3 th\u1eadt kh\u00f4ng? Con Qu\u1ef7 l\u00e0 c\u00f3 th\u1eadt hay l\u00e0 m\u1ed9t s\u1ea3n ph\u1ea9m c\u1ee7a tr\u00ed t\u01b0\u1edfng t\u01b0\u1ee3ng c\u1ee7a Napoleon Hill. Nh\u01b0ng quy\u1ec1n l\u1ef1a ch\u1ecdn c\u00e1ch hi\u1ec3u v\u1ea5n \u0111\u1ec1 l\u00e0 c\u1ee7a b\u1ea1n. B\u1edfi l\u1ebd cu\u1ed1i c\u00f9ng, th\u00f4ng qua cu\u1ed9c tr\u00f2 chuy\u1ec7n v\u1edbi Con Qu\u1ef7, Napoleon Hill \u0111\u00e3 cung c\u1ea5p cho ch\u00fang ta ch\u00eca kh\u00f3a \u0111\u1ec3 chi\u1ebfn th\u1eafng Con Qu\u1ef7 trong cu\u1ed9c s\u1ed1ng ri\u00eang c\u1ee7a m\u1ed7i ng\u01b0\u1eddi.<\/p>\n<p>H\u00e3y t\u1eadn h\u01b0\u1edfng cu\u1ed1n s\u00e1ch k\u1ef3 di\u1ec7u n\u00e0y v\u00e0 chia s\u1ebb n\u00f3 v\u1edbi gia \u0111\u00ecnh, b\u1ea1n b\u00e8. S\u1ee9c m\u1ea1nh trong ng\u00f4n t\u1eeb c\u1ee7a Napoleon Hill c\u00f3 th\u1ec3 v\u00e0 s\u1ebd thay \u0111\u1ed5i cu\u1ed9c \u0111\u1eddi b\u1ea1n.<\/p>\n","protected":false},"excerpt":{"rendered":"<p>Cu\u1ed1n s\u00e1ch l\u00e0 cu\u1ed9c tr\u00f2 chuy\u1ec7n c\u1ee7a Napoleon Hill v\u00e0 Con Qu\u1ef7. Sau bao nhi\u00eau n\u0103m mi\u1ec7t m\u00e0i nghi\u00ean c\u1ee9u cu\u1ed1i c\u00f9ng \u00f4ng c\u0169ng ph\u00e1t hi\u1ec7n ra Con Qu\u1ef7, b\u1eaft n\u00f3 ph\u1ea3i th\u00fa t\u1ed9i v\u00e0 ti\u1ebft l\u1ed9 nh\u1eefng s\u1ef1 th\u1eadt kinh ho\u00e0ng v\u1ec1 n\u01a1i n\u00f3 s\u1ed1ng, c\u00e1ch n\u00f3 ki\u1ec3m so\u00e1t t\u00e2m tr\u00ed con ng\u01b0\u1eddi v\u00e0 c\u00e1ch \u0111\u1ec3 con ng\u01b0\u1eddi chi\u1ebfn th\u1eafng \u0111\u01b0\u1ee3c n\u00f3. Khi \u0111\u1ecdc cu\u1ed1n s\u00e1ch n\u00e0y, c\u00f3 th\u1ec3 b\u1ea1n s\u1ebd t\u1ef1 h\u1ecfi, cu\u1ed9c tr\u00f2 chuy\u1ec7n n\u00e0y c\u00f3 th\u1eadt kh\u00f4ng? Con Qu\u1ef7 l\u00e0 c\u00f3 th\u1eadt hay l\u00e0 m\u1ed9t s\u1ea3n ph\u1ea9m c\u1ee7a tr\u00ed t\u01b0\u1edfng t\u01b0\u1ee3ng c\u1ee7a Napoleon Hill. Nh\u01b0ng quy\u1ec1n l\u1ef1a ch\u1ecdn c\u00e1ch hi\u1ec3u v\u1ea5n \u0111\u1ec1 l\u00e0 c\u1ee7a b\u1ea1n. B\u1edfi l\u1ebd cu\u1ed1i c\u00f9ng, th\u00f4ng qua cu\u1ed9c tr\u00f2 chuy\u1ec7n v\u1edbi Con Qu\u1ef7, Napoleon Hill \u0111\u00e3 cung c\u1ea5p cho ch\u00fang ta ch\u00eca kh\u00f3a \u0111\u1ec3 chi\u1ebfn th\u1eafng Con Qu\u1ef7 trong cu\u1ed9c s\u1ed1ng ri\u00eang c\u1ee7a m\u1ed7i ng\u01b0\u1eddi.<\/p>\n<p>H\u00e3y t\u1eadn h\u01b0\u1edfng cu\u1ed1n s\u00e1ch k\u1ef3 di\u1ec7u n\u00e0y v\u00e0 chia s\u1ebb n\u00f3 v\u1edbi gia \u0111\u00ecnh, b\u1ea1n b\u00e8. S\u1ee9c m\u1ea1nh trong ng\u00f4n t\u1eeb c\u1ee7a Napoleon Hill c\u00f3 th\u1ec3 v\u00e0 s\u1ebd thay \u0111\u1ed5i cu\u1ed9c \u0111\u1eddi b\u1ea1n.<\/p>\n","protected":false},"featured_media":23857,"template":"","meta":{"_acf_changed":false},"product_brand":[],"product_cat":[79],"product_tag":[],"class_list":{"0":"post-23858","1":"product","2":"type-product","3":"status-publish","4":"has-post-thumbnail","6":"product_cat-uncategorized","8":"first","9":"outofstock","10":"taxable","11":"shipping-taxable","12":"purchasable","13":"product-type-simple"},"supplier_id":null,"supplier_sku":"","barcode":null,"atum_controlled":true,"out_stock_date":"2023-05-31 08:59:50","out_stock_threshold":null,"inheritable":false,"inbound_stock":0,"stock_on_hold":0,"sold_today":0,"sales_last_days":0,"reserved_stock":0,"customer_returns":0,"warehouse_damage":0,"lost_in_post":0,"other_logs":0,"out_stock_days":973,"lost_sales":0,"has_location":false,"update_date":"2026-01-28T23:11:16","atum_locations":[],"atum_stock_status":"outofstock","restock_status":false,"low_stock_amount":"","sales_update_date":"2026-01-28T23:11:16","calc_backorders":null,"acf":{"publisher":{"ID":1474,"post_author":"1","post_date":"2021-02-17 01:12:51","post_date_gmt":"2021-02-16 23:12:51","post_content":"","post_title":"Th\u00e1i H\u00e0","post_excerpt":"","post_status":"publish","comment_status":"closed","ping_status":"closed","post_password":"","post_name":"thai-ha","to_ping":"","pinged":"","post_modified":"2021-02-17 01:12:51","post_modified_gmt":"2021-02-16 23:12:51","post_content_filtered":"","post_parent":0,"guid":"https:\/\/sachviet.eu\/nha-phat-hanh\/thai-ha\/","menu_order":0,"post_type":"publisher","post_mime_type":"","comment_count":"0","filter":"raw"}},"_links":{"self":[{"href":"https:\/\/sachviet.eu\/en\/wp-json\/wp\/v2\/product\/23858","targetHints":{"allow":["GET"]}}],"collection":[{"href":"https:\/\/sachviet.eu\/en\/wp-json\/wp\/v2\/product"}],"about":[{"href":"https:\/\/sachviet.eu\/en\/wp-json\/wp\/v2\/types\/product"}],"wp:featuredmedia":[{"embeddable":true,"href":"https:\/\/sachviet.eu\/en\/wp-json\/wp\/v2\/media\/23857"}],"wp:attachment":[{"href":"https:\/\/sachviet.eu\/en\/wp-json\/wp\/v2\/media?parent=23858"}],"wp:term":[{"taxonomy":"product_brand","embeddable":true,"href":"https:\/\/sachviet.eu\/en\/wp-json\/wp\/v2\/product_brand?post=23858"},{"taxonomy":"product_cat","embeddable":true,"href":"https:\/\/sachviet.eu\/en\/wp-json\/wp\/v2\/product_cat?post=23858"},{"taxonomy":"product_tag","embeddable":true,"href":"https:\/\/sachviet.eu\/en\/wp-json\/wp\/v2\/product_tag?post=23858"}],"curies":[{"name":"wp","href":"https:\/\/api.w.org\/{rel}","templated":true}]}}