{"id":23850,"date":"2023-05-31T11:59:29","date_gmt":"2023-05-31T08:59:29","guid":{"rendered":"https:\/\/sachviet.eu\/shop\/noi-sao-cho-tre-chiu-hoc-o-nha-va-o-truong\/"},"modified":"2023-05-31T19:51:04","modified_gmt":"2023-05-31T16:51:04","slug":"noi-sao-cho-tre-chiu-hoc-o-nha-va-o-truong","status":"publish","type":"product","link":"https:\/\/sachviet.eu\/en\/shop\/noi-sao-cho-tre-chiu-hoc-o-nha-va-o-truong\/","title":{"rendered":"N\u00f3i Sao Cho Tr\u1ebb Ch\u1ecbu H\u1ecdc \u1ede Nh\u00e0 V\u00e0 \u1ede Tr\u01b0\u1eddng"},"content":{"rendered":"<p>B\u1ecdn tr\u1ebb con b\u00e2y gi\u1edd\u2026<\/p>\n<p>&#8211; B\u1ea3o l\u00e0m b\u00e0i t\u1eadp \u2013 kh\u1ea5t l\u1ea7n r\u1ed3i kh\u00f4ng ch\u1ecbu l\u00e0m<\/p>\n<p>&#8211; B\u1ea3o kh\u00f4ng \u0111\u01b0\u1ee3c th\u1ee9c khuya \u2013 ch\u01a1i game \u0111\u1ebfn 1h \u0111\u00eam<\/p>\n<p>&#8211; B\u1ea3o kh\u00f4ng \u0111\u01b0\u1ee3c n\u00f3i chuy\u1ec7n trong l\u1edbp \u2013 c\u00e0ng \u1ed3n \u00e0o h\u01a1n<\/p>\n<p>&#8211; B\u1ea3o kh\u00f4ng \u0111\u01b0\u1ee3c c\u1ea3i cha m\u1eb9, th\u1ea7y c\u00f4 \u2013 tr\u1ea3 treo ngay l\u1eadp t\u1ee9c\u2026<\/p>\n<p>\u0110\u00f3 ch\u1ec9 l\u00e0 s\u1ed1 \u00edt trong r\u1ea5t nhi\u1ec1u h\u00e0nh \u0111\u1ed9ng \u01b0\u01a1ng b\u01b0\u1edbng m\u00e0 tr\u1ebb c\u1ed1 t\u00ecnh l\u00e0m \u0111\u1ec3 ch\u1ed1ng l\u1ea1i \u00fd mu\u1ed1n c\u1ee7a ph\u1ee5 huynh v\u00e0 gi\u00e1o vi\u00ean. Th\u1ebf nh\u01b0ng, t\u1ea5t c\u1ea3 nh\u1eefng h\u00e0nh \u0111\u1ed9ng \u1ea5y \u0111\u1ec1u c\u00f3 nguy\u00ean do. V\u00e0 vi\u1ec7c c\u1ee7a ng\u01b0\u1eddi l\u1edbn l\u00e0 t\u00ecm hi\u1ec3u, l\u1eafng nghe nh\u1eefng g\u00ec tr\u1ebb mu\u1ed1n n\u00f3i.<\/p>\n<p>Kh\u00e1c v\u1edbi nh\u1eefng quy\u1ec3n s\u00e1ch c\u00f9ng \u0111\u1ec1 t\u00e0i. N\u00f3i Sao Cho Tr\u1ebb Ch\u1ecbu H\u1ecdc \u1ede Nh\u00e0 V\u00e0 \u1ede Tr\u01b0\u1eddng c\u00f3 l\u1ed1i k\u1ec3 chuy\u1ec7n \u0111\u1ed9c \u0111\u00e1o v\u1edbi tranh minh h\u1ecda sinh \u0111\u1ed9ng \u0111\u00e3 ch\u1ec9 ra nh\u1eefng sai l\u1ea7m l\u1edbn c\u1ee7a ng\u01b0\u1eddi l\u1edbn:<\/p>\n<p>B\u1eaft tr\u1ebb nghe theo m\u00ecnh<\/p>\n<p>&#8211; Kh\u00f4ng c\u1ea7n l\u1eafng nghe ch\u00fang<\/p>\n<p>&#8211; N\u1ed5i gi\u1eadn v\u00e0 tr\u1eebng ph\u1ea1t ngay\u2026<\/p>\n<p>&#8211; V\u00e0 sau c\u00f9ng l\u00e0 c\u00e1ch gi\u1ea3i quy\u1ebft nh\u1eefng sai l\u1ea7m \u0111\u00f3<\/p>\n<p>Cha m\u1eb9 v\u00e0 th\u1ea7y c\u00f4 n\u00f3i v\u1edbi tr\u1ebb nh\u01b0 th\u1ebf n\u00e0o, tr\u1ebb s\u1ebd c\u1ea3m nh\u1eadn v\u1ec1 b\u1ea3n th\u00e2n nh\u01b0 th\u1ebf \u1ea5y. L\u1eddi n\u00f3i c\u1ee7a h\u1ecd \u1ea3nh h\u01b0\u1edfng \u0111\u1ebfn l\u00f2ng t\u1ef1 tr\u1ecdng v\u00e0 c\u00e1ch tr\u1ebb t\u1ef1 \u0111\u00e1nh gi\u00e1 b\u1ea3n th\u00e2n. Hay n\u00f3i r\u1ed9ng ra, c\u00e1ch n\u00f3i c\u1ee7a cha m\u1eb9 v\u00e0 th\u1ea7y c\u00f4 gi\u1eef vai tr\u00f2 quy\u1ebft \u0111\u1ecbnh \u0111\u1ed1i v\u1edbi s\u1ed1 ph\u1eadn c\u1ee7a tr\u1ebb.<\/p>\n","protected":false},"excerpt":{"rendered":"<p>B\u1ecdn tr\u1ebb con b\u00e2y gi\u1edd\u2026<\/p>\n<p>&#8211; B\u1ea3o l\u00e0m b\u00e0i t\u1eadp \u2013 kh\u1ea5t l\u1ea7n r\u1ed3i kh\u00f4ng ch\u1ecbu l\u00e0m<\/p>\n<p>&#8211; B\u1ea3o kh\u00f4ng \u0111\u01b0\u1ee3c th\u1ee9c khuya \u2013 ch\u01a1i game \u0111\u1ebfn 1h \u0111\u00eam<\/p>\n<p>&#8211; B\u1ea3o kh\u00f4ng \u0111\u01b0\u1ee3c n\u00f3i chuy\u1ec7n trong l\u1edbp \u2013 c\u00e0ng \u1ed3n \u00e0o h\u01a1n<\/p>\n<p>&#8211; B\u1ea3o kh\u00f4ng \u0111\u01b0\u1ee3c c\u1ea3i cha m\u1eb9, th\u1ea7y c\u00f4 \u2013 tr\u1ea3 treo ngay l\u1eadp t\u1ee9c\u2026<\/p>\n<p>\u0110\u00f3 ch\u1ec9 l\u00e0 s\u1ed1 \u00edt trong r\u1ea5t nhi\u1ec1u h\u00e0nh \u0111\u1ed9ng \u01b0\u01a1ng b\u01b0\u1edbng m\u00e0 tr\u1ebb c\u1ed1 t\u00ecnh l\u00e0m \u0111\u1ec3 ch\u1ed1ng l\u1ea1i \u00fd mu\u1ed1n c\u1ee7a ph\u1ee5 huynh v\u00e0 gi\u00e1o vi\u00ean. Th\u1ebf nh\u01b0ng, t\u1ea5t c\u1ea3 nh\u1eefng h\u00e0nh \u0111\u1ed9ng \u1ea5y \u0111\u1ec1u c\u00f3 nguy\u00ean do. V\u00e0 vi\u1ec7c c\u1ee7a ng\u01b0\u1eddi l\u1edbn l\u00e0 t\u00ecm hi\u1ec3u, l\u1eafng nghe nh\u1eefng g\u00ec tr\u1ebb mu\u1ed1n n\u00f3i.<\/p>\n<p>Kh\u00e1c v\u1edbi nh\u1eefng quy\u1ec3n s\u00e1ch c\u00f9ng \u0111\u1ec1 t\u00e0i. N\u00f3i Sao Cho Tr\u1ebb Ch\u1ecbu H\u1ecdc \u1ede Nh\u00e0 V\u00e0 \u1ede Tr\u01b0\u1eddng c\u00f3 l\u1ed1i k\u1ec3 chuy\u1ec7n \u0111\u1ed9c \u0111\u00e1o v\u1edbi tranh minh h\u1ecda sinh \u0111\u1ed9ng \u0111\u00e3 ch\u1ec9 ra nh\u1eefng sai l\u1ea7m l\u1edbn c\u1ee7a ng\u01b0\u1eddi l\u1edbn:<\/p>\n<p>B\u1eaft tr\u1ebb nghe theo m\u00ecnh<\/p>\n<p>&#8211; Kh\u00f4ng c\u1ea7n l\u1eafng nghe ch\u00fang<\/p>\n<p>&#8211; N\u1ed5i gi\u1eadn v\u00e0 tr\u1eebng ph\u1ea1t ngay\u2026<\/p>\n<p>&#8211; V\u00e0 sau c\u00f9ng l\u00e0 c\u00e1ch gi\u1ea3i quy\u1ebft nh\u1eefng sai l\u1ea7m \u0111\u00f3<\/p>\n<p>Cha m\u1eb9 v\u00e0 th\u1ea7y c\u00f4 n\u00f3i v\u1edbi tr\u1ebb nh\u01b0 th\u1ebf n\u00e0o, tr\u1ebb s\u1ebd c\u1ea3m nh\u1eadn v\u1ec1 b\u1ea3n th\u00e2n nh\u01b0 th\u1ebf \u1ea5y. L\u1eddi n\u00f3i c\u1ee7a h\u1ecd \u1ea3nh h\u01b0\u1edfng \u0111\u1ebfn l\u00f2ng t\u1ef1 tr\u1ecdng v\u00e0 c\u00e1ch tr\u1ebb t\u1ef1 \u0111\u00e1nh gi\u00e1 b\u1ea3n th\u00e2n. Hay n\u00f3i r\u1ed9ng ra, c\u00e1ch n\u00f3i c\u1ee7a cha m\u1eb9 v\u00e0 th\u1ea7y c\u00f4 gi\u1eef vai tr\u00f2 quy\u1ebft \u0111\u1ecbnh \u0111\u1ed1i v\u1edbi s\u1ed1 ph\u1eadn c\u1ee7a tr\u1ebb.<\/p>\n","protected":false},"featured_media":23849,"template":"","meta":{"_acf_changed":false},"product_brand":[],"product_cat":[19],"product_tag":[],"class_list":{"0":"post-23850","1":"product","2":"type-product","3":"status-publish","4":"has-post-thumbnail","6":"product_cat-nuoi-day-con","8":"first","9":"outofstock","10":"taxable","11":"shipping-taxable","12":"purchasable","13":"product-type-simple"},"supplier_id":null,"supplier_sku":"","barcode":null,"atum_controlled":true,"out_stock_date":"2023-05-31 16:51:04","out_stock_threshold":null,"inheritable":false,"inbound_stock":0,"stock_on_hold":0,"sold_today":0,"sales_last_days":0,"reserved_stock":0,"customer_returns":0,"warehouse_damage":0,"lost_in_post":0,"other_logs":0,"out_stock_days":973,"lost_sales":0,"has_location":false,"update_date":"2026-01-28T23:11:15","atum_locations":[],"atum_stock_status":"outofstock","restock_status":false,"low_stock_amount":"","sales_update_date":"2026-01-28T23:11:15","calc_backorders":null,"acf":{"publisher":{"ID":5800,"post_author":"1","post_date":"2021-03-14 02:27:19","post_date_gmt":"2021-03-14 00:27:19","post_content":"","post_title":"Ph\u01b0\u01a1ng Nam Book","post_excerpt":"","post_status":"publish","comment_status":"closed","ping_status":"closed","post_password":"","post_name":"phuong-nam-book","to_ping":"","pinged":"","post_modified":"2021-03-14 02:27:19","post_modified_gmt":"2021-03-14 00:27:19","post_content_filtered":"","post_parent":0,"guid":"https:\/\/sachviet.eu\/blog\/nha-phat-hanh\/phuong-nam-book\/","menu_order":0,"post_type":"publisher","post_mime_type":"","comment_count":"0","filter":"raw"}},"_links":{"self":[{"href":"https:\/\/sachviet.eu\/en\/wp-json\/wp\/v2\/product\/23850","targetHints":{"allow":["GET"]}}],"collection":[{"href":"https:\/\/sachviet.eu\/en\/wp-json\/wp\/v2\/product"}],"about":[{"href":"https:\/\/sachviet.eu\/en\/wp-json\/wp\/v2\/types\/product"}],"wp:featuredmedia":[{"embeddable":true,"href":"https:\/\/sachviet.eu\/en\/wp-json\/wp\/v2\/media\/23849"}],"wp:attachment":[{"href":"https:\/\/sachviet.eu\/en\/wp-json\/wp\/v2\/media?parent=23850"}],"wp:term":[{"taxonomy":"product_brand","embeddable":true,"href":"https:\/\/sachviet.eu\/en\/wp-json\/wp\/v2\/product_brand?post=23850"},{"taxonomy":"product_cat","embeddable":true,"href":"https:\/\/sachviet.eu\/en\/wp-json\/wp\/v2\/product_cat?post=23850"},{"taxonomy":"product_tag","embeddable":true,"href":"https:\/\/sachviet.eu\/en\/wp-json\/wp\/v2\/product_tag?post=23850"}],"curies":[{"name":"wp","href":"https:\/\/api.w.org\/{rel}","templated":true}]}}