{"id":23848,"date":"2023-05-31T11:59:24","date_gmt":"2023-05-31T08:59:24","guid":{"rendered":"https:\/\/sachviet.eu\/shop\/7-chien-luoc-thinh-vuong-va-hanh-phuc\/"},"modified":"2023-10-22T22:07:15","modified_gmt":"2023-10-22T19:07:15","slug":"7-chien-luoc-thinh-vuong-va-hanh-phuc","status":"publish","type":"product","link":"https:\/\/sachviet.eu\/en\/shop\/7-chien-luoc-thinh-vuong-va-hanh-phuc\/","title":{"rendered":"7 Chi\u1ebfn L\u01b0\u1ee3c Th\u1ecbnh V\u01b0\u1ee3ng V\u00e0 H\u1ea1nh Ph\u00fac"},"content":{"rendered":"<p>N\u0103m 25 tu\u1ed5i, Jim Rohn t\u1ed5ng k\u1ebft l\u1ea1i ch\u1eb7ng \u0111\u01b0\u1eddng \u0111\u00e3 qua v\u00e0 ho\u1ea3ng h\u1ed1t nh\u1eadn ra r\u1eb1ng cu\u1ed9c s\u1ed1ng c\u1ee7a \u00f4ng kh\u00e1c xa v\u1edbi nh\u1eefng m\u1ee5c ti\u00eau m\u00e0 \u00f4ng t\u1ef1 \u0111\u1eb7t ra cho m\u00ecnh. Gi\u1eefa l\u00fac tuy\u1ec7t v\u1ecdng \u0111\u00f3, \u00f4ng g\u1eb7p Earl Shoaff, v\u00e0 h\u1ecdc \u0111\u01b0\u1ee3c t\u1eeb ng\u01b0\u1eddi th\u1ea7y tinh th\u1ea7n n\u00e0y nh\u1eefng b\u00e0i h\u1ecdc cu\u1ed9c s\u1ed1ng v\u00f4 c\u00f9ng qu\u00fd b\u00e1u. Jim Rohn \u0111\u00e3 \u00e1p d\u1ee5ng nh\u1eefng b\u00e0i h\u1ecdc n\u00e0y v\u00e0o th\u1ef1c t\u1ebf v\u00e0 g\u1eb7t h\u00e1i \u0111\u01b0\u1ee3c nhi\u1ec1u th\u00e0nh c\u00f4ng trong cu\u1ed9c s\u1ed1ng, m\u1ed9t cu\u1ed9c s\u1ed1ng gi\u00e0u c\u00f3 v\u00e0 h\u1ea1nh ph\u00fac. Qua cu\u1ed1n s\u00e1ch n\u00e0y, Jim Rohn mu\u1ed1n truy\u1ec1n th\u00f4ng v\u1edbi ng\u01b0\u1eddi \u0111\u1ecdc m\u1ed9t c\u00e1ch \u0111\u01a1n gi\u1ea3n v\u00e0 tr\u1ef1c ti\u1ebfp v\u1ec1 nh\u1eefng \u00fd t\u01b0\u1edfng s\u1ebd t\u1ea1o n\u00ean s\u1ef1 kh\u00e1c bi\u1ec7t trong c\u00e1ch th\u1ee9c thay \u0111\u1ed5i cu\u1ed9c s\u1ed1ng c\u1ee7a m\u1ed7i ng\u01b0\u1eddi.<\/p>\n<p>B\u1ea1n kh\u00f4ng c\u1ea7n ph\u1ea3i l\u1ef1a ch\u1ecdn gi\u1eefa th\u1ecbnh v\u01b0\u1ee3ng v\u00e0 h\u1ea1nh ph\u00fac \u2013 c\u1ea3 hai \u0111\u1ec1u xu\u1ea5t ph\u00e1t t\u1eeb m\u1ed9t d\u00f2ng ch\u1ea3y v\u00f4 c\u00f9ng phong ph\u00fa. V\u1edbi cu\u1ed1n s\u00e1ch n\u00e0y, b\u1ea1n s\u1ebd kh\u00e1m ph\u00e1 ra b\u1ea3y chi\u1ebfn l\u01b0\u1ee3c \u0111\u1eb7c bi\u1ec7t m\u00e0 b\u1ea1n c\u1ea7n \u0111\u1ec3 th\u00e0nh c\u00f4ng:<\/p>\n<p>&#8211; Kh\u00e1m ph\u00e1 s\u1ee9c m\u1ea1nh c\u1ee7a nh\u1eefng m\u1ee5c ti\u00eau.<\/p>\n<p>&#8211; H\u1ecdc h\u1ecfi ki\u1ebfn th\u1ee9c.<\/p>\n<p>&#8211; Kh\u00e1m ph\u00e1 \u0111i\u1ec1u k\u1ef3 di\u1ec7u c\u1ee7a s\u1ef1 ph\u00e1t tri\u1ec3n c\u00e1 nh\u00e2n.<\/p>\n<p>&#8211; Ki\u1ec3m so\u00e1t t\u00e0i ch\u00ednh c\u1ee7a ch\u00ednh b\u1ea1n.<\/p>\n<p>&#8211; L\u00e0m ch\u1ee7 th\u1eddi gian.<\/p>\n<p>&#8211; \u1ede gi\u1eefa nh\u1eefng ng\u01b0\u1eddi chi\u1ebfn th\u1eafng.<\/p>\n<p>&#8211; H\u1ecdc ngh\u1ec7 thu\u1eadt s\u1ed1ng t\u1ed1t.<\/p>\n<p>Nh\u1eefng tri\u1ebft l\u00fd c\u1ee7a Jim Rohn \u0111\u00e3 gi\u00fap h\u00e0ng tri\u1ec7u ng\u01b0\u1eddi thay \u0111\u1ed5i cu\u1ed9c s\u1ed1ng c\u1ee7a h\u1ecd theo chi\u1ec1u h\u01b0\u1edbng t\u1ed1t \u0111\u1eb9p h\u01a1n. H\u00e3y xem n\u00f3 c\u00f3 th\u1ec3 l\u00e0m g\u00ec cho b\u1ea1n. \u201cKhi \u0111\u1ecdc cu\u1ed1n s\u00e1ch n\u00e0y, b\u1ea1n h\u00e3y t\u01b0\u1edfng t\u01b0\u1ee3ng m\u00ecnh \u0111ang mua h\u00e0ng. B\u1ea1n ch\u1ec9 n\u00ean mua v\u00e0 s\u1eed d\u1ee5ng nh\u1eefng \u00fd t\u01b0\u1edfng n\u00e0o c\u00f3 th\u1ec3 \u00e1p d\u1ee5ng ngay cho m\u00ecnh. B\u1ea1n ch\u1eafc ch\u1eafc kh\u00f4ng c\u1ea7n ph\u1ea3i tin m\u1ecdi th\u1ee9 m\u00e0 ng\u01b0\u1eddi kh\u00e1c n\u00f3i nh\u01b0ng c\u0169ng ph\u1ea3i th\u1eadt s\u1ef1 d\u00e0nh cho m\u00ecnh m\u1ed9t c\u01a1 h\u1ed9i. H\u00e3y \u0111\u1ecdc nh\u1eefng trang ti\u1ebfp theo v\u1edbi t\u00e2m tr\u00ed r\u1ed9ng m\u1edf. N\u1ebfu c\u00f3 \u0111i\u1ec1u g\u00ec ph\u00f9 h\u1ee3p th\u00ec b\u1ea1n h\u00e3y th\u1eed nghi\u1ec7m, n\u1ebfu \u0111i\u1ec1u g\u00ec kh\u00f4ng ph\u00f9 h\u1ee3p th\u00ec h\u00e3y lo\u1ea1i b\u1ecf. H\u00e3y nh\u1edb r\u1eb1ng d\u00f9 l\u00e0 h\u1ecdc vi\u00ean c\u1ee7a b\u1ea5t k\u1ef3 m\u00f4n h\u1ecdc n\u00e0o th\u00ec b\u1ea1n c\u0169ng kh\u00f4ng ch\u1ec9 \u0111\u01a1n thu\u1ea7n l\u00e0 ng\u01b0\u1eddi \u0111i theo.<\/p>\n","protected":false},"excerpt":{"rendered":"<p>N\u0103m 25 tu\u1ed5i, Jim Rohn t\u1ed5ng k\u1ebft l\u1ea1i ch\u1eb7ng \u0111\u01b0\u1eddng \u0111\u00e3 qua v\u00e0 ho\u1ea3ng h\u1ed1t nh\u1eadn ra r\u1eb1ng cu\u1ed9c s\u1ed1ng c\u1ee7a \u00f4ng kh\u00e1c xa v\u1edbi nh\u1eefng m\u1ee5c ti\u00eau m\u00e0 \u00f4ng t\u1ef1 \u0111\u1eb7t ra cho m\u00ecnh. Gi\u1eefa l\u00fac tuy\u1ec7t v\u1ecdng \u0111\u00f3, \u00f4ng g\u1eb7p Earl Shoaff, v\u00e0 h\u1ecdc \u0111\u01b0\u1ee3c t\u1eeb ng\u01b0\u1eddi th\u1ea7y tinh th\u1ea7n n\u00e0y nh\u1eefng b\u00e0i h\u1ecdc cu\u1ed9c s\u1ed1ng v\u00f4 c\u00f9ng qu\u00fd b\u00e1u. Jim Rohn \u0111\u00e3 \u00e1p d\u1ee5ng nh\u1eefng b\u00e0i h\u1ecdc n\u00e0y v\u00e0o th\u1ef1c t\u1ebf v\u00e0 g\u1eb7t h\u00e1i \u0111\u01b0\u1ee3c nhi\u1ec1u th\u00e0nh c\u00f4ng trong cu\u1ed9c s\u1ed1ng, m\u1ed9t cu\u1ed9c s\u1ed1ng gi\u00e0u c\u00f3 v\u00e0 h\u1ea1nh ph\u00fac. Qua cu\u1ed1n s\u00e1ch n\u00e0y, Jim Rohn mu\u1ed1n truy\u1ec1n th\u00f4ng v\u1edbi ng\u01b0\u1eddi \u0111\u1ecdc m\u1ed9t c\u00e1ch \u0111\u01a1n gi\u1ea3n v\u00e0 tr\u1ef1c ti\u1ebfp v\u1ec1 nh\u1eefng \u00fd t\u01b0\u1edfng s\u1ebd t\u1ea1o n\u00ean s\u1ef1 kh\u00e1c bi\u1ec7t trong c\u00e1ch th\u1ee9c thay \u0111\u1ed5i cu\u1ed9c s\u1ed1ng c\u1ee7a m\u1ed7i ng\u01b0\u1eddi.<\/p>\n<p>B\u1ea1n kh\u00f4ng c\u1ea7n ph\u1ea3i l\u1ef1a ch\u1ecdn gi\u1eefa th\u1ecbnh v\u01b0\u1ee3ng v\u00e0 h\u1ea1nh ph\u00fac \u2013 c\u1ea3 hai \u0111\u1ec1u xu\u1ea5t ph\u00e1t t\u1eeb m\u1ed9t d\u00f2ng ch\u1ea3y v\u00f4 c\u00f9ng phong ph\u00fa. V\u1edbi cu\u1ed1n s\u00e1ch n\u00e0y, b\u1ea1n s\u1ebd kh\u00e1m ph\u00e1 ra b\u1ea3y chi\u1ebfn l\u01b0\u1ee3c \u0111\u1eb7c bi\u1ec7t m\u00e0 b\u1ea1n c\u1ea7n \u0111\u1ec3 th\u00e0nh c\u00f4ng:<\/p>\n<p>&#8211; Kh\u00e1m ph\u00e1 s\u1ee9c m\u1ea1nh c\u1ee7a nh\u1eefng m\u1ee5c ti\u00eau.<\/p>\n<p>&#8211; H\u1ecdc h\u1ecfi ki\u1ebfn th\u1ee9c.<\/p>\n<p>&#8211; Kh\u00e1m ph\u00e1 \u0111i\u1ec1u k\u1ef3 di\u1ec7u c\u1ee7a s\u1ef1 ph\u00e1t tri\u1ec3n c\u00e1 nh\u00e2n.<\/p>\n<p>&#8211; Ki\u1ec3m so\u00e1t t\u00e0i ch\u00ednh c\u1ee7a ch\u00ednh b\u1ea1n.<\/p>\n<p>&#8211; L\u00e0m ch\u1ee7 th\u1eddi gian.<\/p>\n<p>&#8211; \u1ede gi\u1eefa nh\u1eefng ng\u01b0\u1eddi chi\u1ebfn th\u1eafng.<\/p>\n<p>&#8211; H\u1ecdc ngh\u1ec7 thu\u1eadt s\u1ed1ng t\u1ed1t.<\/p>\n<p>Nh\u1eefng tri\u1ebft l\u00fd c\u1ee7a Jim Rohn \u0111\u00e3 gi\u00fap h\u00e0ng tri\u1ec7u ng\u01b0\u1eddi thay \u0111\u1ed5i cu\u1ed9c s\u1ed1ng c\u1ee7a h\u1ecd theo chi\u1ec1u h\u01b0\u1edbng t\u1ed1t \u0111\u1eb9p h\u01a1n. H\u00e3y xem n\u00f3 c\u00f3 th\u1ec3 l\u00e0m g\u00ec cho b\u1ea1n. \u201cKhi \u0111\u1ecdc cu\u1ed1n s\u00e1ch n\u00e0y, b\u1ea1n h\u00e3y t\u01b0\u1edfng t\u01b0\u1ee3ng m\u00ecnh \u0111ang mua h\u00e0ng. B\u1ea1n ch\u1ec9 n\u00ean mua v\u00e0 s\u1eed d\u1ee5ng nh\u1eefng \u00fd t\u01b0\u1edfng n\u00e0o c\u00f3 th\u1ec3 \u00e1p d\u1ee5ng ngay cho m\u00ecnh. B\u1ea1n ch\u1eafc ch\u1eafc kh\u00f4ng c\u1ea7n ph\u1ea3i tin m\u1ecdi th\u1ee9 m\u00e0 ng\u01b0\u1eddi kh\u00e1c n\u00f3i nh\u01b0ng c\u0169ng ph\u1ea3i th\u1eadt s\u1ef1 d\u00e0nh cho m\u00ecnh m\u1ed9t c\u01a1 h\u1ed9i. H\u00e3y \u0111\u1ecdc nh\u1eefng trang ti\u1ebfp theo v\u1edbi t\u00e2m tr\u00ed r\u1ed9ng m\u1edf. N\u1ebfu c\u00f3 \u0111i\u1ec1u g\u00ec ph\u00f9 h\u1ee3p th\u00ec b\u1ea1n h\u00e3y th\u1eed nghi\u1ec7m, n\u1ebfu \u0111i\u1ec1u g\u00ec kh\u00f4ng ph\u00f9 h\u1ee3p th\u00ec h\u00e3y lo\u1ea1i b\u1ecf. H\u00e3y nh\u1edb r\u1eb1ng d\u00f9 l\u00e0 h\u1ecdc vi\u00ean c\u1ee7a b\u1ea5t k\u1ef3 m\u00f4n h\u1ecdc n\u00e0o th\u00ec b\u1ea1n c\u0169ng kh\u00f4ng ch\u1ec9 \u0111\u01a1n thu\u1ea7n l\u00e0 ng\u01b0\u1eddi \u0111i theo.<\/p>\n","protected":false},"featured_media":23847,"template":"","meta":{"_acf_changed":false},"product_brand":[],"product_cat":[15,46],"product_tag":[],"class_list":{"0":"post-23848","1":"product","2":"type-product","3":"status-publish","4":"has-post-thumbnail","6":"product_cat-sach-danh-cho-nguoi-lon","7":"product_cat-ky-nang-song","9":"first","10":"outofstock","11":"taxable","12":"shipping-taxable","13":"purchasable","14":"product-type-simple"},"supplier_id":null,"supplier_sku":"","barcode":null,"atum_controlled":true,"out_stock_date":"2023-10-22 19:07:15","out_stock_threshold":null,"inheritable":false,"inbound_stock":0,"stock_on_hold":0,"sold_today":0,"sales_last_days":0,"reserved_stock":0,"customer_returns":0,"warehouse_damage":0,"lost_in_post":0,"other_logs":0,"out_stock_days":829,"lost_sales":0,"has_location":false,"update_date":"2026-01-28T23:11:15","atum_locations":[],"atum_stock_status":"outofstock","restock_status":false,"low_stock_amount":"","sales_update_date":"2026-01-28T23:11:15","calc_backorders":null,"acf":{"publisher":{"ID":1474,"post_author":"1","post_date":"2021-02-17 01:12:51","post_date_gmt":"2021-02-16 23:12:51","post_content":"","post_title":"Th\u00e1i H\u00e0","post_excerpt":"","post_status":"publish","comment_status":"closed","ping_status":"closed","post_password":"","post_name":"thai-ha","to_ping":"","pinged":"","post_modified":"2021-02-17 01:12:51","post_modified_gmt":"2021-02-16 23:12:51","post_content_filtered":"","post_parent":0,"guid":"https:\/\/sachviet.eu\/nha-phat-hanh\/thai-ha\/","menu_order":0,"post_type":"publisher","post_mime_type":"","comment_count":"0","filter":"raw"}},"_links":{"self":[{"href":"https:\/\/sachviet.eu\/en\/wp-json\/wp\/v2\/product\/23848","targetHints":{"allow":["GET"]}}],"collection":[{"href":"https:\/\/sachviet.eu\/en\/wp-json\/wp\/v2\/product"}],"about":[{"href":"https:\/\/sachviet.eu\/en\/wp-json\/wp\/v2\/types\/product"}],"wp:featuredmedia":[{"embeddable":true,"href":"https:\/\/sachviet.eu\/en\/wp-json\/wp\/v2\/media\/23847"}],"wp:attachment":[{"href":"https:\/\/sachviet.eu\/en\/wp-json\/wp\/v2\/media?parent=23848"}],"wp:term":[{"taxonomy":"product_brand","embeddable":true,"href":"https:\/\/sachviet.eu\/en\/wp-json\/wp\/v2\/product_brand?post=23848"},{"taxonomy":"product_cat","embeddable":true,"href":"https:\/\/sachviet.eu\/en\/wp-json\/wp\/v2\/product_cat?post=23848"},{"taxonomy":"product_tag","embeddable":true,"href":"https:\/\/sachviet.eu\/en\/wp-json\/wp\/v2\/product_tag?post=23848"}],"curies":[{"name":"wp","href":"https:\/\/api.w.org\/{rel}","templated":true}]}}