{"id":23846,"date":"2023-05-31T11:59:18","date_gmt":"2023-05-31T08:59:18","guid":{"rendered":"https:\/\/sachviet.eu\/shop\/dong-song-huyen-bi-full-tron-bo-28-tap-truyen-hiem-nxb-tre-ban-moi-nhat\/"},"modified":"2023-05-31T16:37:56","modified_gmt":"2023-05-31T13:37:56","slug":"dong-song-huyen-bi-full-tron-bo-28-tap-truyen-hiem-nxb-tre-ban-moi-nhat","status":"publish","type":"product","link":"https:\/\/sachviet.eu\/en\/shop\/dong-song-huyen-bi-full-tron-bo-28-tap-truyen-hiem-nxb-tre-ban-moi-nhat\/","title":{"rendered":"D\u00f2ng s\u00f4ng huy\u1ec1n b\u00ed &#8211; Full tr\u1ecdn b\u1ed9 28 t\u1eadp &#8211; Truy\u1ec7n hi\u1ebfm NXB tr\u1ebb b\u1ea3n m\u1edbi nh\u1ea5t"},"content":{"rendered":"<p>Ch\u1ea3 c\u00f3 g\u00ec \u0111\u1ec3 m\u00e0 b\u00e0n c\u00e3i, t\u00e1c ph\u1ea9m n\u1ed5i ti\u1ebfng v\u00e0 c\u0169ng l\u00e0 tuy\u1ec7t ph\u1ea9m \u0111\u1ec3 \u0111\u1eddi c\u1ee7a Chie Shinohara.<br \/>\nV\u1edbi c\u1ed1t truy\u1ec7n h\u1ea5p d\u1eabn, chuy\u1ec3n ti\u1ebfp li\u00ean t\u1ee5c khi\u1ebfn truy\u1ec7n kh\u00f4ng b\u1ecb nh\u00e0m nh\u01b0 NHAC ch\u1ec9 h\u1ebft Carol b\u1eaft n\u01a1i n\u00e0y l\u1ea1c n\u01a1i n\u1ecd th\u00ec DSHB c\u00f3 \u0111\u1ea7y \u0111\u1ee7 c\u00e1c y\u1ebfu t\u1ed1 m\u00ecnh th\u00edch: Ch\u00ednh tr\u1ecb, H\u1eadu cung b\u00ed s\u1eed, c\u00e1c \u00e2m m\u01b0u tranh \u0111o\u1ea1t v\u01b0\u01a1ng quy\u1ec1n, tuy\u1ec3n h\u1eadu cung,&#8230;.c\u00f9ng v\u1edbi vi\u1ec7c k\u1ebft \u0111\u00fang l\u00fac v\u00e0 h\u1ee3p l\u00ed khi\u1ebfn m\u00ecnh tin kh\u00f4ng c\u00f2n b\u1ed9 Shoujo xuy\u00ean kh\u00f4ng n\u00e0o h\u1ea5p d\u1eabn h\u01a1n DSHB<br \/>\n1 t\u00e1c ph\u1ea9m \u0111\u00e1ng \u0111\u1ecdc v\u00e0 n\u00ean \u0111\u1ecdc cho nh\u1eefng ai m\u00ea shoujo 1 t\u1eb9o&#8230;Ti\u1ebfc l\u00e0 Tr\u1ebb \u0111\u1ecbnh mua BQ r\u1ed3i m\u00e0 l\u1ea1i th\u00f4i v\u00ec t\u1eadp 18 c\u00f3 20 trang sex kh\u00f4ng x\u1eed l\u00ed n\u1ed5i \ud83d\ude22<\/p>\n","protected":false},"excerpt":{"rendered":"<p>Truy\u1ec7n Tranh D\u00f2ng S\u00f4ng Huy\u1ec1n B\u00ed 28 T\u1eadp <\/p>\n<p>Yuuri Suzuki &#8211; m\u1ed9t n\u1eef sinh trung h\u1ecdc b\u00ecnh th\u01b0\u1eddng, s\u1ed1ng h\u1ea1nh ph\u00fac v\u1edbi gia \u0111\u00ecnh \u1edf Nh\u1eadt B\u1ea3n hi\u1ec7n \u0111\u1ea1i. Gia \u0111\u00ecnh c\u00f4 g\u1ed3m b\u1ed1, m\u1eb9 v\u00e0 ba ch\u1ecb em g\u00e1i, c\u00f4 l\u00e0 con th\u1ee9 2. M\u1ed9t ng\u00e0y n\u1ecd, Yuuri ch\u1ee3t ph\u00e1t hi\u1ec7n c\u00f3 \u0111i\u1ec1u g\u00ec \u0111\u00f3 kh\u00f4ng b\u00ecnh th\u01b0\u1eddng khi c\u00f4 l\u00e0m nh\u1eefng vi\u1ec7c c\u00f3 li\u00ean quan t\u1edbi n\u01b0\u1edbc. R\u1ed3i Yuuri \u0111\u1ed9t ng\u1ed9t b\u1ecb \u0111\u01b0a v\u1ec1 Anatolia c\u1ed5 \u0111\u1ea1i b\u1edfi Nakia &#8211; m\u1ed9t v\u1ecb v\u01b0\u01a1ng phi quy\u1ec1n n\u0103ng v\u00e0 \u0111\u1ed9c \u00e1c \u2013 b\u00e0 mu\u1ed1n d\u00f9ng m\u00e1u c\u00f4 \u0111\u1ec3 nguy\u1ec1n r\u1ee7a c\u00e1c ho\u00e0ng t\u1eed kh\u00e1c, th\u1ef1c hi\u1ec7n m\u1ee5c \u0111\u00edch \u0111\u01b0a con trai b\u00e0 l\u00e0 ho\u00e0ng t\u1eed \u00fat l\u00ean n\u1eafm v\u01b0\u01a1ng quy\u1ec1n. May thay, tr\u01b0\u1edbc khi b\u1ecb l\u00ednh c\u1ee7a v\u01b0\u01a1ng phi b\u1eaft \u0111\u01b0\u1ee3c, c\u00f4 \u0111\u00e3 g\u1eb7p tam ho\u00e0ng t\u1eed Kail v\u00e0 \u0111\u01b0\u1ee3c anh c\u1ee9u tho\u00e1t. Kail h\u1ee9a s\u1ebd t\u00ecm c\u00e1ch \u0111\u01b0a c\u00f4 v\u1ec1 th\u1ebf gi\u1edbi c\u1ee7a m\u00ecnh ngay khi c\u00f3 c\u01a1 h\u1ed9i. T\u1ee9c gi\u1eadn v\u00ec vu\u1ed9t m\u1ea5t con m\u1ed3i, Nakia ng\u1ea5m ng\u1ea7m l\u00ean k\u1ebf ho\u1ea1ch tri\u1ec7t h\u1ea1 c\u1ea3 hai. Trong kho\u1ea3ng th\u1eddi gian b\u00ean nhau, Kail v\u00e0 Yuuri \u0111\u00e3 nh\u1eadn ra h\u1ecd kh\u00f4ng th\u1ec3 t\u00e1ch r\u1eddi&#8230;<\/p>\n","protected":false},"featured_media":23844,"template":"","meta":{"_acf_changed":false},"product_brand":[],"product_cat":[79],"product_tag":[],"class_list":{"0":"post-23846","1":"product","2":"type-product","3":"status-publish","4":"has-post-thumbnail","6":"product_cat-uncategorized","8":"first","9":"outofstock","10":"taxable","11":"shipping-taxable","12":"purchasable","13":"product-type-simple"},"supplier_id":null,"supplier_sku":"","barcode":null,"atum_controlled":true,"out_stock_date":"2023-05-31 08:59:18","out_stock_threshold":null,"inheritable":false,"inbound_stock":0,"stock_on_hold":0,"sold_today":0,"sales_last_days":0,"reserved_stock":0,"customer_returns":0,"warehouse_damage":0,"lost_in_post":0,"other_logs":0,"out_stock_days":973,"lost_sales":0,"has_location":false,"update_date":"2026-01-28T23:11:15","atum_locations":[],"atum_stock_status":"outofstock","restock_status":false,"low_stock_amount":"","sales_update_date":"2026-01-28T23:11:15","calc_backorders":null,"acf":{"publisher":{"ID":1517,"post_author":"1","post_date":"2021-02-17 01:14:41","post_date_gmt":"2021-02-16 23:14:41","post_content":"","post_title":"NXB Tr\u1ebb","post_excerpt":"","post_status":"publish","comment_status":"closed","ping_status":"closed","post_password":"","post_name":"nxb-tre","to_ping":"","pinged":"","post_modified":"2021-02-17 01:14:41","post_modified_gmt":"2021-02-16 23:14:41","post_content_filtered":"","post_parent":0,"guid":"https:\/\/sachviet.eu\/nha-phat-hanh\/nxb-tre\/","menu_order":0,"post_type":"publisher","post_mime_type":"","comment_count":"0","filter":"raw"}},"_links":{"self":[{"href":"https:\/\/sachviet.eu\/en\/wp-json\/wp\/v2\/product\/23846","targetHints":{"allow":["GET"]}}],"collection":[{"href":"https:\/\/sachviet.eu\/en\/wp-json\/wp\/v2\/product"}],"about":[{"href":"https:\/\/sachviet.eu\/en\/wp-json\/wp\/v2\/types\/product"}],"wp:featuredmedia":[{"embeddable":true,"href":"https:\/\/sachviet.eu\/en\/wp-json\/wp\/v2\/media\/23844"}],"wp:attachment":[{"href":"https:\/\/sachviet.eu\/en\/wp-json\/wp\/v2\/media?parent=23846"}],"wp:term":[{"taxonomy":"product_brand","embeddable":true,"href":"https:\/\/sachviet.eu\/en\/wp-json\/wp\/v2\/product_brand?post=23846"},{"taxonomy":"product_cat","embeddable":true,"href":"https:\/\/sachviet.eu\/en\/wp-json\/wp\/v2\/product_cat?post=23846"},{"taxonomy":"product_tag","embeddable":true,"href":"https:\/\/sachviet.eu\/en\/wp-json\/wp\/v2\/product_tag?post=23846"}],"curies":[{"name":"wp","href":"https:\/\/api.w.org\/{rel}","templated":true}]}}