{"id":2374,"date":"2021-02-25T19:32:32","date_gmt":"2021-02-25T17:32:32","guid":{"rendered":"https:\/\/sachviet.eu\/shop\/olivia-va-nhung-nang-cong-chua-thien-than\/"},"modified":"2023-09-23T05:24:17","modified_gmt":"2023-09-23T02:24:17","slug":"olivia-va-nhung-nang-cong-chua-thien-than","status":"publish","type":"product","link":"https:\/\/sachviet.eu\/en\/shop\/olivia-va-nhung-nang-cong-chua-thien-than\/","title":{"rendered":"Olivia V\u00e0 Nh\u1eefng N\u00e0ng C\u00f4ng Ch\u00faa Thi\u00ean Th\u1ea7n"},"content":{"rendered":"<p>Olivia v\u1eabn tr\u00e0n \u0111\u1ea7y n\u0103ng l\u01b0\u1ee3ng nh\u01b0 m\u1ecdi khi, v\u00e0 l\u1ea7n n\u00e0y c\u00f4 b\u00e9 d\u00f9ng h\u1ebft s\u1ed1 n\u0103ng l\u01b0\u1ee3ng \u0111\u00f3 v\u00e0o vi\u1ec7c b\u1ee9t ph\u00e1 kh\u1ecfi nh\u1eefng khu\u00f4n m\u1eabu c\u1ee7a nh\u1eefng chi\u1ebfc \u0111\u1ea7m h\u1ed3ng b\u1ed3ng x\u00f2e v\u00e0 \u0111\u1ec3 cho tr\u00ed t\u01b0\u1edfng t\u01b0\u1ee3ng tha h\u1ed3 bay l\u01b0\u1ee3n. V\u00e0o bu\u1ed5i ti\u1ec7c sinh nh\u1eadt c\u1ee7a b\u1ea1n Pippa, Olivia di\u1ec7n b\u1ed9 \u0111\u1ed3 y nh\u01b0 m\u1ed9t qu\u00fd b\u00e0 Paris \u0111\u1ea7y th\u1eddi th\u01b0\u1ee3ng. C\u00f2n v\u00e0o l\u1ec5 Halloween, c\u00f4 b\u00e9 h\u00f3a trang ngay th\u00e0nh m\u1ed9t ch\u00fa l\u1ee3n r\u1eebng \u0111\u1ec3 h\u00f9 c\u00e1c b\u1ea1n s\u1ee3 khi\u1ebfp v\u00eda, \u201cm\u1ed9t l\u1ef1a ch\u1ecdn c\u1ef1c k\u1ef3 hi\u1ec7u qu\u1ea3 lu\u00f4n\u201d.<br \/>\nC\u1ea3 b\u1ed1 m\u1eb9 v\u00e0 con \u0111\u1ec1u s\u1ebd c\u00f3 nh\u1eefng c\u00e1ch \u0111\u1ecdc Olivia th\u1eadt kh\u00e1c nhau, khi nh\u1eefng chi ti\u1ebft nh\u1ecf th\u00fa v\u1ecb trong cu\u1ed1n s\u00e1ch s\u1ebd l\u00e0m b\u1ed1 m\u1eb9 ph\u1ea3i b\u1eadt c\u01b0\u1eddi, c\u00f2n c\u00e1c con s\u1ebd \u0111\u01b0\u1ee3c bi\u1ebft th\u00eam nhi\u1ec1u ki\u1ebfn th\u1ee9c m\u1edbi m\u1ebb. V\u00e0 d\u00f9 c\u00e1c b\u00e9 mu\u1ed1n tr\u1edf th\u00e0nh ai \u0111i n\u1eefa, \u0111i\u1ec1u quan tr\u1ecdng nh\u1ea5t l\u00e0 con h\u00e3y c\u1ee9 l\u00e0 ch\u00ednh m\u00ecnh nh\u00e9!<br \/>\nT\u00e1c gi\u1ea3 v\u00e0 minh h\u1ecda: Ian Falconer<br \/>\nBi\u00ean d\u1ecbch: Qu\u1ef3nh L\u00ea<\/p>\n  <div class=\"banner-grid-wrapper\">\n  <div id=\"banner-grid-1600338252\" class=\"banner-grid row row-grid row-small\" data-packery-options=\"\">\n                      \n<div class=\"col grid-col large-7 grid-col-1\" ><div class=\"col-inner\">\n\t<div class=\"img has-hover x md-x lg-x y md-y lg-y\" id=\"image_353870900\">\n\t\t\t\t\t\t\t\t<div class=\"img-inner dark\" >\n\t\t\t<img loading=\"lazy\" decoding=\"async\" width=\"800\" height=\"1005\" src=\"https:\/\/sachviet.eu\/wp-content\/uploads\/2021\/02\/bia_olivia_cong_chua-1.jpg\" class=\"attachment-large size-large\" alt=\"\" srcset=\"https:\/\/sachviet.eu\/wp-content\/uploads\/2021\/02\/bia_olivia_cong_chua-1.jpg 800w, https:\/\/sachviet.eu\/wp-content\/uploads\/2021\/02\/bia_olivia_cong_chua-1-239x300.jpg 239w, https:\/\/sachviet.eu\/wp-content\/uploads\/2021\/02\/bia_olivia_cong_chua-1-768x965.jpg 768w, https:\/\/sachviet.eu\/wp-content\/uploads\/2021\/02\/bia_olivia_cong_chua-1-600x754.jpg 600w\" sizes=\"auto, (max-width: 800px) 100vw, 800px\" \/>\t\t\t\t\t\t\n\t\t\t\t\t<\/div>\n\t\t\t\t\t\t\t\t\n<style>\n#image_353870900 {\n  width: 100%;\n}\n<\/style>\n\t<\/div>\n\t\n<\/div><\/div>\n<div class=\"col grid-col large-5 grid-col-1-2\" ><div class=\"col-inner\">\n\t<div class=\"img has-hover x md-x lg-x y md-y lg-y\" id=\"image_834397276\">\n\t\t\t\t\t\t\t\t<div class=\"img-inner dark\" >\n\t\t\t<img loading=\"lazy\" decoding=\"async\" width=\"800\" height=\"600\" src=\"https:\/\/sachviet.eu\/wp-content\/uploads\/2021\/02\/a077fe47_7f5b_44f7_956e_d8a9aca90d17-1.jpg\" class=\"attachment-large size-large\" alt=\"\" srcset=\"https:\/\/sachviet.eu\/wp-content\/uploads\/2021\/02\/a077fe47_7f5b_44f7_956e_d8a9aca90d17-1.jpg 800w, https:\/\/sachviet.eu\/wp-content\/uploads\/2021\/02\/a077fe47_7f5b_44f7_956e_d8a9aca90d17-1-300x225.jpg 300w, https:\/\/sachviet.eu\/wp-content\/uploads\/2021\/02\/a077fe47_7f5b_44f7_956e_d8a9aca90d17-1-768x576.jpg 768w, https:\/\/sachviet.eu\/wp-content\/uploads\/2021\/02\/a077fe47_7f5b_44f7_956e_d8a9aca90d17-1-600x450.jpg 600w\" sizes=\"auto, (max-width: 800px) 100vw, 800px\" \/>\t\t\t\t\t\t\n\t\t\t\t\t<\/div>\n\t\t\t\t\t\t\t\t\n<style>\n#image_834397276 {\n  width: 100%;\n}\n<\/style>\n\t<\/div>\n\t\n<\/div><\/div>\n<div class=\"col grid-col large-5 grid-col-1-2\" ><div class=\"col-inner\">\n\t<div class=\"img has-hover x md-x lg-x y md-y lg-y\" id=\"image_1230555127\">\n\t\t\t\t\t\t\t\t<div class=\"img-inner dark\" >\n\t\t\t<img loading=\"lazy\" decoding=\"async\" width=\"800\" height=\"552\" src=\"https:\/\/sachviet.eu\/wp-content\/uploads\/2021\/02\/c1cc68b2_62a3_46ce_82c9_0da32fd59df4.jpg\" class=\"attachment-large size-large\" alt=\"\" srcset=\"https:\/\/sachviet.eu\/wp-content\/uploads\/2021\/02\/c1cc68b2_62a3_46ce_82c9_0da32fd59df4.jpg 800w, https:\/\/sachviet.eu\/wp-content\/uploads\/2021\/02\/c1cc68b2_62a3_46ce_82c9_0da32fd59df4-300x207.jpg 300w, https:\/\/sachviet.eu\/wp-content\/uploads\/2021\/02\/c1cc68b2_62a3_46ce_82c9_0da32fd59df4-768x530.jpg 768w, https:\/\/sachviet.eu\/wp-content\/uploads\/2021\/02\/c1cc68b2_62a3_46ce_82c9_0da32fd59df4-600x414.jpg 600w\" sizes=\"auto, (max-width: 800px) 100vw, 800px\" \/>\t\t\t\t\t\t\n\t\t\t\t\t<\/div>\n\t\t\t\t\t\t\t\t\n<style>\n#image_1230555127 {\n  width: 100%;\n}\n<\/style>\n\t<\/div>\n\t\n<\/div><\/div>\n            <\/div>\n    <style>\n    #banner-grid-1600338252 .grid-col-1{height: 600px}\n    #banner-grid-1600338252 .grid-col-1-2{height: 300px}\n    #banner-grid-1600338252 .grid-col-1-3{height:200px}\n    #banner-grid-1600338252 .grid-col-2-3{height: 400px}\n    #banner-grid-1600338252 .grid-col-1-4{height: 150px}\n    #banner-grid-1600338252 .grid-col-3-4{height: 450px}\n\n\n    \n    \n\n  <\/style>\n    <\/div>\n  \n","protected":false},"excerpt":{"rendered":"<p>Olivia v\u1eabn tr\u00e0n \u0111\u1ea7y n\u0103ng l\u01b0\u1ee3ng nh\u01b0 m\u1ecdi khi, v\u00e0 l\u1ea7n n\u00e0y c\u00f4 b\u00e9 d\u00f9ng h\u1ebft s\u1ed1 n\u0103ng l\u01b0\u1ee3ng \u0111\u00f3 v\u00e0o vi\u1ec7c b\u1ee9t ph\u00e1 kh\u1ecfi nh\u1eefng khu\u00f4n m\u1eabu c\u1ee7a nh\u1eefng chi\u1ebfc \u0111\u1ea7m h\u1ed3ng b\u1ed3ng x\u00f2e v\u00e0 \u0111\u1ec3 cho tr\u00ed t\u01b0\u1edfng t\u01b0\u1ee3ng tha h\u1ed3 bay l\u01b0\u1ee3n. V\u00e0o bu\u1ed5i ti\u1ec7c sinh nh\u1eadt c\u1ee7a b\u1ea1n Pippa, Olivia di\u1ec7n b\u1ed9 \u0111\u1ed3 y nh\u01b0 m\u1ed9t qu\u00fd b\u00e0 Paris \u0111\u1ea7y th\u1eddi th\u01b0\u1ee3ng. C\u00f2n v\u00e0o l\u1ec5 Halloween, c\u00f4 b\u00e9 h\u00f3a trang ngay th\u00e0nh m\u1ed9t ch\u00fa l\u1ee3n r\u1eebng \u0111\u1ec3 h\u00f9 c\u00e1c b\u1ea1n s\u1ee3 khi\u1ebfp v\u00eda, \u201cm\u1ed9t l\u1ef1a ch\u1ecdn c\u1ef1c k\u1ef3 hi\u1ec7u qu\u1ea3 lu\u00f4n\u201d.<br \/>\nC\u1ea3 b\u1ed1 m\u1eb9 v\u00e0 con \u0111\u1ec1u s\u1ebd c\u00f3 nh\u1eefng c\u00e1ch \u0111\u1ecdc Olivia th\u1eadt kh\u00e1c nhau, khi nh\u1eefng chi ti\u1ebft nh\u1ecf th\u00fa v\u1ecb trong cu\u1ed1n s\u00e1ch s\u1ebd l\u00e0m b\u1ed1 m\u1eb9 ph\u1ea3i b\u1eadt c\u01b0\u1eddi, c\u00f2n c\u00e1c con s\u1ebd \u0111\u01b0\u1ee3c bi\u1ebft th\u00eam nhi\u1ec1u ki\u1ebfn th\u1ee9c m\u1edbi m\u1ebb. V\u00e0 d\u00f9 c\u00e1c b\u00e9 mu\u1ed1n tr\u1edf th\u00e0nh ai \u0111i n\u1eefa, \u0111i\u1ec1u quan tr\u1ecdng nh\u1ea5t l\u00e0 con h\u00e3y c\u1ee9 l\u00e0 ch\u00ednh m\u00ecnh nh\u00e9!<\/p>\n","protected":false},"featured_media":2371,"template":"","meta":{"_acf_changed":false},"product_brand":[],"product_cat":[25,17],"product_tag":[],"class_list":{"0":"post-2374","1":"product","2":"type-product","3":"status-publish","4":"has-post-thumbnail","6":"product_cat-nhi-dong-6-tuoi-12-tuoi","7":"product_cat-sach-danh-cho-cac-be","9":"first","10":"instock","11":"taxable","12":"shipping-taxable","13":"purchasable","14":"product-type-simple"},"supplier_id":null,"supplier_sku":"","barcode":null,"atum_controlled":true,"out_stock_date":null,"out_stock_threshold":null,"inheritable":false,"inbound_stock":0,"stock_on_hold":0,"sold_today":0,"sales_last_days":0,"reserved_stock":0,"customer_returns":0,"warehouse_damage":0,"lost_in_post":0,"other_logs":0,"out_stock_days":0,"lost_sales":0,"has_location":false,"update_date":"2026-01-28T23:10:31","atum_locations":[],"atum_stock_status":"instock","restock_status":false,"low_stock_amount":"","sales_update_date":"2026-01-28T23:10:31","calc_backorders":null,"acf":{"publisher":{"ID":1458,"post_author":"1","post_date":"2021-02-17 01:12:22","post_date_gmt":"2021-02-16 23:12:22","post_content":"<!-- wp:flatsome\/uxbuilder -->\n<h1 style=\"text-align: center\"><strong>Crabit Kidbooks<\/strong><\/h1>\n[row]\n\n[col span=\"8\" span__sm=\"12\"]\n\n<p>Crabit Kidbooks l\u00e0 nh\u00e0 ph\u00e1t h\u00e0nh s\u00e1ch thi\u1ebfu nhi thu\u1ed9c C\u00f4ng ty CPTM &amp; XNK Ng\u1ecdc \u00c1nh \u2013 \u0111\u01a1n v\u1ecb h\u01a1n 20 n\u0103m kinh nghi\u1ec7m trong ng\u00e0nh in \u1ea5n v\u00e0 l\u00e0 \u0111\u1ed1i t\u00e1c uy t\u00edn cung c\u1ea5p h\u1ecdc li\u1ec7u, s\u00e1ch v\u1edf h\u1ecdc sinh cho h\u01a1n 5000 kh\u00e1ch h\u00e0ng kh\u1eafp 28 t\u1ec9nh th\u00e0nh ph\u00eda B\u1eafc Vi\u1ec7t Nam H\u1ec7 th\u1ed1ng s\u1ea3n ph\u1ea9m Crabit Kidbooks<\/p>\n<p>Theo s\u1ef1 t\u00ecm hi\u1ec3u c\u1ee7a <strong>SACHVIET.EU<\/strong><strong>\u00a0<\/strong>tuy Crabit Kidbooks l\u00e0 m\u1ed9t nh\u00e0 ph\u00e1t h\u00e0nh tr\u1ebb t\u1ea1i Vi\u1ec7t Nam nh\u01b0ng l\u1ea1i mang \u0111\u1ebfn s\u1ef1 ch\u1ec9n chu qua t\u1eebng trang s\u00e1ch, t\u1eeb ch\u1ea5t li\u1ec7u gi\u1ea5y cao c\u1ea5p, b\u00eca c\u1ee9ng gi\u1eef g\u00ecn s\u00e1ch \u0111\u01b0\u1ee3c b\u1ec1n l\u00e2u \u0111\u1ebfn l\u1eddi v\u0103n c\u00e2u ch\u1eef \u0111\u01b0\u1ee3c ch\u1ecdn l\u1ecdc ch\u1ec9nh s\u1eeda sao cho ti\u1ebfp c\u1eadn th\u00e2n thi\u1ec7n nh\u1ea5t v\u1edbi tr\u1ebb em. <strong>SACHVIET.EU<\/strong> th\u1ef1c s\u1ef1 \u1ea5n t\u01b0\u1ee3ng b\u1edfi t\u1ea7m nh\u00ecn v\u00e0 s\u1ef1 c\u1ed1 g\u1eafng ho\u00e0n thi\u1ec7n nh\u1eefng t\u00e1c ph\u1ea9m c\u00f3 gi\u00e1 tr\u1ecb tuy\u1ec7t v\u1eddi m\u00e0 Crabit Kidbooks mang l\u1ea1i. \u0110\u00e2y c\u0169ng l\u00e0 nh\u00e0 ph\u00e1t h\u00e0nh duy nh\u1ea5t t\u1edbi th\u1eddi \u0111i\u1ec3m n\u00e0y m\u00e0 <strong>SACHVIET.EU<\/strong> quy\u1ebft t\u00e2m h\u1ee3p t\u00e1c mang h\u1ebft t\u1ea5t c\u1ea3 c\u00e1c \u0111\u1ea7u s\u00e1ch m\u00e0 Crabit Kidbooks c\u00f3 \u0111\u1ec3 \u0111em \u0111\u1ebfn Ch\u00e2u \u00c2u ph\u1ee5c v\u1ee5 m\u1ecdi ng\u01b0\u1eddi. \u0110\u00e2y th\u1ef1c s\u1ef1 l\u00e0 m\u1ed9t s\u1ef1 li\u1ec1u l\u0129nh c\u1ee7a <strong>SACHVIET.EU<\/strong>, tuy nhi\u00ean ch\u00fang m\u00ecnh tin t\u01b0\u1edfng v\u00e0 t\u1ef1 tin r\u1eb1ng t\u1eebng cu\u1ed1n s\u00e1ch m\u00e0 ch\u00fang m\u00ecnh gi\u1edbi thi\u1ec7u x\u1ee9ng \u0111\u00e1ng v\u1edbi nh\u1eefng g\u00ec ch\u00fang m\u00ecnh theo \u0111u\u1ed5i.<\/p>\n\n[\/col]\n[col span=\"4\" span__sm=\"12\"]\n\n[ux_image id=\"1701\" image_size=\"medium\"]\n\n\n[\/col]\n\n[\/row]\n\n<!-- \/wp:flatsome\/uxbuilder -->","post_title":"Crabit Kidbooks","post_excerpt":"","post_status":"publish","comment_status":"closed","ping_status":"closed","post_password":"","post_name":"crabit-kidbooks","to_ping":"","pinged":"","post_modified":"2022-12-19 23:12:10","post_modified_gmt":"2022-12-19 21:12:10","post_content_filtered":"","post_parent":0,"guid":"https:\/\/sachviet.eu\/nha-phat-hanh\/crabitkidbooks\/","menu_order":0,"post_type":"publisher","post_mime_type":"","comment_count":"0","filter":"raw"}},"_links":{"self":[{"href":"https:\/\/sachviet.eu\/en\/wp-json\/wp\/v2\/product\/2374","targetHints":{"allow":["GET"]}}],"collection":[{"href":"https:\/\/sachviet.eu\/en\/wp-json\/wp\/v2\/product"}],"about":[{"href":"https:\/\/sachviet.eu\/en\/wp-json\/wp\/v2\/types\/product"}],"wp:featuredmedia":[{"embeddable":true,"href":"https:\/\/sachviet.eu\/en\/wp-json\/wp\/v2\/media\/2371"}],"wp:attachment":[{"href":"https:\/\/sachviet.eu\/en\/wp-json\/wp\/v2\/media?parent=2374"}],"wp:term":[{"taxonomy":"product_brand","embeddable":true,"href":"https:\/\/sachviet.eu\/en\/wp-json\/wp\/v2\/product_brand?post=2374"},{"taxonomy":"product_cat","embeddable":true,"href":"https:\/\/sachviet.eu\/en\/wp-json\/wp\/v2\/product_cat?post=2374"},{"taxonomy":"product_tag","embeddable":true,"href":"https:\/\/sachviet.eu\/en\/wp-json\/wp\/v2\/product_tag?post=2374"}],"curies":[{"name":"wp","href":"https:\/\/api.w.org\/{rel}","templated":true}]}}