{"id":23582,"date":"2023-04-16T12:37:42","date_gmt":"2023-04-16T09:37:42","guid":{"rendered":"https:\/\/sachviet.eu\/shop\/nhung-cau-chuyen-ve-nguoi-ca-boxset\/"},"modified":"2023-05-26T12:09:58","modified_gmt":"2023-05-26T09:09:58","slug":"nhung-cau-chuyen-ve-nguoi-ca-boxset","status":"publish","type":"product","link":"https:\/\/sachviet.eu\/en\/shop\/nhung-cau-chuyen-ve-nguoi-ca-boxset\/","title":{"rendered":"NH\u1eeeNG C\u00c2U CHUY\u1ec6N V\u1ec0 NG\u01af\u1edcI C\u00c1 (BOXSET)"},"content":{"rendered":"<p>Ng\u01b0\u1eddi c\u00e1, bi\u1ec3u t\u01b0\u1ee3ng c\u1ee7a tr\u01b0\u1eddng sinh b\u1ea5t t\u1eed. Ni\u1ec1m hy v\u1ecdng v\u00e0 s\u1ef1 tuy\u1ec7t v\u1ecdng c\u1ee7a Yuta, ch\u00e0ng trai nh\u1edd \u0103n th\u1ecbt ng\u01b0\u1eddi c\u00e1 m\u00e0 tr\u1edf n\u00ean kh\u00f4ng gi\u00e0, kh\u00f4ng ch\u1ebft, s\u1ed1ng \u0111\u1ebfn nay \u0111\u00e3 \u0111\u01b0\u1ee3c 500 n\u0103m. Tr\u00ean c\u00e1i n\u1ec1n c\u1ee7a d\u1ee5c v\u1ecdng \u0111en t\u1ed1i v\u00e0 s\u1ef1 b\u1ea5t t\u1eed \u0111\u00f3, t\u1eadp \u0111\u1ea7u ti\u00ean c\u1ee7a b\u1ed9 truy\u1ec7n g\u1ed3m nh\u1eefng c\u00e2u chuy\u1ec7n truy\u1ec1n k\u1ef3 l\u00e3ng m\u1ea1n n\u00e0y \u0111\u00e3 v\u1ebd n\u00ean s\u1ef1 qu\u00fd gi\u00e1 c\u1ee7a sinh m\u1ec7nh m\u00e0 ch\u00fang ta \u0111\u01b0\u1ee3c ban cho.<\/p>\n","protected":false},"excerpt":{"rendered":"<p>Ng\u01b0\u1eddi c\u00e1, bi\u1ec3u t\u01b0\u1ee3ng c\u1ee7a tr\u01b0\u1eddng sinh b\u1ea5t t\u1eed. Ni\u1ec1m hy v\u1ecdng v\u00e0 s\u1ef1 tuy\u1ec7t v\u1ecdng c\u1ee7a Yuta, ch\u00e0ng trai nh\u1edd \u0103n th\u1ecbt ng\u01b0\u1eddi c\u00e1 m\u00e0 tr\u1edf n\u00ean kh\u00f4ng gi\u00e0, kh\u00f4ng ch\u1ebft, s\u1ed1ng \u0111\u1ebfn nay \u0111\u00e3 \u0111\u01b0\u1ee3c 500 n\u0103m. Tr\u00ean c\u00e1i n\u1ec1n c\u1ee7a d\u1ee5c v\u1ecdng \u0111en t\u1ed1i v\u00e0 s\u1ef1 b\u1ea5t t\u1eed \u0111\u00f3, t\u1eadp \u0111\u1ea7u ti\u00ean c\u1ee7a b\u1ed9 truy\u1ec7n g\u1ed3m nh\u1eefng c\u00e2u chuy\u1ec7n truy\u1ec1n k\u1ef3 l\u00e3ng m\u1ea1n n\u00e0y \u0111\u00e3 v\u1ebd n\u00ean s\u1ef1 qu\u00fd gi\u00e1 c\u1ee7a sinh m\u1ec7nh m\u00e0 ch\u00fang ta \u0111\u01b0\u1ee3c ban cho.<\/p>\n","protected":false},"featured_media":23581,"template":"","meta":{"_acf_changed":false},"product_brand":[],"product_cat":[29],"product_tag":[83],"class_list":{"0":"post-23582","1":"product","2":"type-product","3":"status-publish","4":"has-post-thumbnail","6":"product_cat-manga-comics","7":"product_tag-sach-moi-xuat-ban","9":"first","10":"outofstock","11":"taxable","12":"shipping-taxable","13":"purchasable","14":"product-type-simple"},"supplier_id":null,"supplier_sku":"","barcode":null,"atum_controlled":true,"out_stock_date":"2023-05-26 09:09:58","out_stock_threshold":null,"inheritable":false,"inbound_stock":0,"stock_on_hold":0,"sold_today":0,"sales_last_days":0,"reserved_stock":0,"customer_returns":0,"warehouse_damage":0,"lost_in_post":0,"other_logs":0,"out_stock_days":978,"lost_sales":0,"has_location":true,"update_date":"2026-01-28T23:11:15","atum_locations":[{"id":32,"name":"Helsinki","slug":"helsinki"}],"atum_stock_status":"outofstock","restock_status":false,"low_stock_amount":"","sales_update_date":"2026-01-28T23:11:15","calc_backorders":null,"acf":{"publisher":{"ID":1517,"post_author":"1","post_date":"2021-02-17 01:14:41","post_date_gmt":"2021-02-16 23:14:41","post_content":"","post_title":"NXB Tr\u1ebb","post_excerpt":"","post_status":"publish","comment_status":"closed","ping_status":"closed","post_password":"","post_name":"nxb-tre","to_ping":"","pinged":"","post_modified":"2021-02-17 01:14:41","post_modified_gmt":"2021-02-16 23:14:41","post_content_filtered":"","post_parent":0,"guid":"https:\/\/sachviet.eu\/nha-phat-hanh\/nxb-tre\/","menu_order":0,"post_type":"publisher","post_mime_type":"","comment_count":"0","filter":"raw"}},"_links":{"self":[{"href":"https:\/\/sachviet.eu\/en\/wp-json\/wp\/v2\/product\/23582","targetHints":{"allow":["GET"]}}],"collection":[{"href":"https:\/\/sachviet.eu\/en\/wp-json\/wp\/v2\/product"}],"about":[{"href":"https:\/\/sachviet.eu\/en\/wp-json\/wp\/v2\/types\/product"}],"wp:featuredmedia":[{"embeddable":true,"href":"https:\/\/sachviet.eu\/en\/wp-json\/wp\/v2\/media\/23581"}],"wp:attachment":[{"href":"https:\/\/sachviet.eu\/en\/wp-json\/wp\/v2\/media?parent=23582"}],"wp:term":[{"taxonomy":"product_brand","embeddable":true,"href":"https:\/\/sachviet.eu\/en\/wp-json\/wp\/v2\/product_brand?post=23582"},{"taxonomy":"product_cat","embeddable":true,"href":"https:\/\/sachviet.eu\/en\/wp-json\/wp\/v2\/product_cat?post=23582"},{"taxonomy":"product_tag","embeddable":true,"href":"https:\/\/sachviet.eu\/en\/wp-json\/wp\/v2\/product_tag?post=23582"}],"curies":[{"name":"wp","href":"https:\/\/api.w.org\/{rel}","templated":true}]}}