{"id":2352,"date":"2021-02-25T19:31:57","date_gmt":"2021-02-25T17:31:57","guid":{"rendered":"https:\/\/sachviet.eu\/shop\/be-bong-oi-bo-o-ben-con\/"},"modified":"2021-05-28T01:03:28","modified_gmt":"2021-05-27T22:03:28","slug":"be-bong-oi-bo-o-ben-con","status":"publish","type":"product","link":"https:\/\/sachviet.eu\/en\/shop\/be-bong-oi-bo-o-ben-con\/","title":{"rendered":"B\u00e9 B\u1ecfng \u01a0i, B\u1ed1 \u1ede B\u00ean Con!"},"content":{"rendered":"<p>M\u1ed9t c\u00e2u chuy\u1ec7n ng\u1ecdt ng\u00e0o v\u1ec1 b\u1ed1 v\u00e0 con g\u00e1i \u0111\u01b0\u1ee3c t\u1ea1o n\u00ean t\u1eeb nh\u1eefng b\u1ee9c tranh n\u1ed5i ti\u1ebfng c\u1ee7a ngh\u1ec7 s\u0129 ch\u00e2u \u00c2u Soosh. Ng\u01b0\u1eddi \u0111\u00e3 thu h\u00fat \u0111\u01b0\u1ee3c h\u01a1n 2 tri\u1ec7u l\u01b0\u1ee3t xem ch\u1ec9 trong m\u1ed9t tu\u1ea7n ra m\u1eaft nh\u1eefng b\u1ee9c v\u1ebd v\u1ec1 ng\u01b0\u1eddi cha kh\u1ed5ng l\u1ed3 v\u00e0 c\u00f4 con g\u00e1i t\u00ed hon n\u00e0y.\u00a0Nh\u1eefng \u0111i\u1ec1u \u0111\u01a1n gi\u1ea3n di\u1ec5n ra gi\u1eefa cha v\u00e0 con g\u00e1i trong cu\u1ed1n s\u00e1ch b\u1ed7ng d\u01b0ng tr\u1edf n\u00ean b\u1eebng s\u00e1ng khi ch\u00fang \u0111\u01b0\u1ee3c di\u1ec5n t\u1ea3 qua tranh v\u1ebd.\u00a0B\u1ed1 lu\u00f4n c\u00f3 c\u00e1ch \u0111\u1ec3 l\u00e0m con g\u00e1i nho\u1ebbn mi\u1ec7ng c\u01b0\u1eddi\u00a0B\u1ed1 ch\u1eb3ng n\u1ec1 h\u00e0 khi c\u00f9ng con l\u00e0m nh\u1eefng tr\u00f2 tr\u00f4ng th\u1eadt ng\u1ed1 nh\u01b0 nh\u1ea3y d\u00e2y c\u00f9ng nhau, hay s\u1eb5n s\u00e0ng x\u00f2e b\u00e0n tay to \u0111\u00f9ng \u0111\u1ec3 con ch\u0103m ch\u00fa s\u01a1n m\u00f3ng tay cho b\u1ed1.B\u1ed1 l\u00e0 si\u00eau nh\u00e2n b\u1ea3o v\u1ec7 con kh\u1ecfi qu\u00e1i v\u1eadt g\u1ea7m gi\u01b0\u1eddng, nh\u01b0ng con c\u0169ng l\u00e0 ng\u01b0\u1eddi lu\u00f4n l\u00e0m b\u1ed1 ph\u1ea5n ch\u1ea5n l\u00ean theo c\u00e1ch ri\u00eang c\u1ee7a m\u00ecnh.V\u00e0 nh\u1eefng c\u00e2u chuy\u1ec7n b\u1ed1 v\u00e0 con g\u00e1i c\u1ee9 ng\u1ecdt ng\u00e0o, n\u1ed1i ti\u1ebfp nhau ch\u1ea1m \u0111\u1ebfn t\u1eadn s\u00e2u tr\u00e1i tim ng\u01b0\u1eddi \u0111\u1ecdc d\u00f9 l\u00e0 ng\u01b0\u1eddi l\u1edbn hay tr\u1ebb nh\u1ecf.\u00a0Tuy\u1ec7t nh\u1ea5t s\u1ebd l\u00e0 khi hai b\u1ed1 con c\u00f9ng \u0111\u1ecdc v\u1edbi nhau, con s\u1ebd c\u1ea3m nh\u1eadn th\u1eadt r\u00f5 r\u00e0ng l\u00e0 m\u00ecnh c\u0169ng \u0111ang c\u00f3 m\u1ed9t \u00f4ng b\u1ed1 tuy\u1ec7t v\u1eddi h\u1ec7t nh\u01b0 trong trang s\u00e1ch n\u00e0y.\u00a0Ch\u1ec9 c\u1ea7n b\u1ed1 \u1edf b\u00ean, ch\u1eb3ng c\u00f3 \u0111i\u1ec1u g\u00ec l\u00e0 b\u1ed1 con ta kh\u00f4ng l\u00e0m \u0111\u01b0\u1ee3c c\u1ea3.  <div class=\"banner-grid-wrapper\">\n  <div id=\"banner-grid-1319092613\" class=\"banner-grid row row-grid row-small\" data-packery-options=\"\">\n            <style>\n    #banner-grid-1319092613 .grid-col-1{height: 600px}\n    #banner-grid-1319092613 .grid-col-1-2{height: 300px}\n    #banner-grid-1319092613 .grid-col-1-3{height:200px}\n    #banner-grid-1319092613 .grid-col-2-3{height: 400px}\n    #banner-grid-1319092613 .grid-col-1-4{height: 150px}\n    #banner-grid-1319092613 .grid-col-3-4{height: 450px}\n\n\n        \/* Tablet *\/\n    @media (max-width: 850px){\n      #banner-grid-1319092613 .grid-col-1{height: 400px}\n      #banner-grid-1319092613 .grid-col-1-2{height: 200px}\n      #banner-grid-1319092613 .grid-col-1-3{height:133.33333333333px}\n      #banner-grid-1319092613 .grid-col-2-3{height: 266.66666666667px}\n      #banner-grid-1319092613 .grid-col-1-4{height: 100px}\n      #banner-grid-1319092613 .grid-col-3-4{height: 300px}\n    }\n    \n        \/* Mobile *\/\n    @media (max-width: 550px){\n      #banner-grid-1319092613 .grid-col-1{height: 400px}\n      #banner-grid-1319092613 .grid-col-1-2{height: 200px}\n      #banner-grid-1319092613 .grid-col-1-3{height:133.33333333333px}\n      #banner-grid-1319092613 .grid-col-2-3{height: 266.66666666667px}\n      #banner-grid-1319092613 .grid-col-1-4{height: 100px}\n      #banner-grid-1319092613 .grid-col-3-4{height: 300px}\n    }\n    \n\n  <\/style>\n    <\/div>\n    <style>\n    #banner-grid-1319092613 .grid-col-1{height: 600px}\n    #banner-grid-1319092613 .grid-col-1-2{height: 300px}\n    #banner-grid-1319092613 .grid-col-1-3{height:200px}\n    #banner-grid-1319092613 .grid-col-2-3{height: 400px}\n    #banner-grid-1319092613 .grid-col-1-4{height: 150px}\n    #banner-grid-1319092613 .grid-col-3-4{height: 450px}\n\n\n    \n    \n\n  <\/style>\n    <\/div>\n  \n","protected":false},"excerpt":{"rendered":"<p>M\u1ed9t c\u00e2u chuy\u1ec7n ng\u1ecdt ng\u00e0o v\u1ec1 b\u1ed1 v\u00e0 con g\u00e1i \u0111\u01b0\u1ee3c t\u1ea1o n\u00ean t\u1eeb nh\u1eefng b\u1ee9c tranh n\u1ed5i ti\u1ebfng c\u1ee7a ngh\u1ec7 s\u0129 ch\u00e2u \u00c2u Soosh. Ng\u01b0\u1eddi \u0111\u00e3 thu h\u00fat \u0111\u01b0\u1ee3c h\u01a1n 2 tri\u1ec7u l\u01b0\u1ee3t xem ch\u1ec9 trong m\u1ed9t tu\u1ea7n ra m\u1eaft nh\u1eefng b\u1ee9c v\u1ebd v\u1ec1 ng\u01b0\u1eddi cha kh\u1ed5ng l\u1ed3 v\u00e0 c\u00f4 con g\u00e1i t\u00ed hon n\u00e0y.\u00a0Nh\u1eefng \u0111i\u1ec1u \u0111\u01a1n gi\u1ea3n di\u1ec5n ra gi\u1eefa cha v\u00e0 con g\u00e1i trong cu\u1ed1n s\u00e1ch b\u1ed7ng d\u01b0ng tr\u1edf n\u00ean b\u1eebng s\u00e1ng khi ch\u00fang \u0111\u01b0\u1ee3c di\u1ec5n t\u1ea3 qua tranh v\u1ebd. S\u1ebd l\u00e0 nh\u1eefng ph\u00fat gi\u00e2y tuy\u1ec7t v\u1eddi nh\u1ea5t v\u1edbi m\u1ed7i c\u00f4 g\u00e1i nh\u1ecf khi c\u00f9ng b\u1ed1 \u0111\u1ecdc t\u1eebng trang trong cu\u1ed1n s\u00e1ch ng\u1ecdt ng\u00e0o n\u00e0y.<\/p>\n","protected":false},"featured_media":2343,"template":"","meta":{"_acf_changed":false},"product_brand":[],"product_cat":[24,25,17],"product_tag":[],"class_list":{"0":"post-2352","1":"product","2":"type-product","3":"status-publish","4":"has-post-thumbnail","6":"product_cat-nha-tre-mau-giao-0-tuoi-6-tuoi","7":"product_cat-nhi-dong-6-tuoi-12-tuoi","8":"product_cat-sach-danh-cho-cac-be","10":"first","11":"outofstock","12":"taxable","13":"shipping-taxable","14":"purchasable","15":"product-type-simple"},"supplier_id":null,"supplier_sku":"","barcode":null,"atum_controlled":true,"out_stock_date":"2021-05-27 22:03:28","out_stock_threshold":null,"inheritable":false,"inbound_stock":0,"stock_on_hold":0,"sold_today":0,"sales_last_days":0,"reserved_stock":0,"customer_returns":0,"warehouse_damage":0,"lost_in_post":0,"other_logs":0,"out_stock_days":1707,"lost_sales":0,"has_location":false,"update_date":"2026-01-28T23:10:31","atum_locations":[],"atum_stock_status":"outofstock","restock_status":false,"low_stock_amount":"","sales_update_date":"2026-01-28T23:10:31","calc_backorders":null,"acf":{"publisher":{"ID":1458,"post_author":"1","post_date":"2021-02-17 01:12:22","post_date_gmt":"2021-02-16 23:12:22","post_content":"<!-- wp:flatsome\/uxbuilder -->\n<h1 style=\"text-align: center\"><strong>Crabit Kidbooks<\/strong><\/h1>\n[row]\n\n[col span=\"8\" span__sm=\"12\"]\n\n<p>Crabit Kidbooks l\u00e0 nh\u00e0 ph\u00e1t h\u00e0nh s\u00e1ch thi\u1ebfu nhi thu\u1ed9c C\u00f4ng ty CPTM &amp; XNK Ng\u1ecdc \u00c1nh \u2013 \u0111\u01a1n v\u1ecb h\u01a1n 20 n\u0103m kinh nghi\u1ec7m trong ng\u00e0nh in \u1ea5n v\u00e0 l\u00e0 \u0111\u1ed1i t\u00e1c uy t\u00edn cung c\u1ea5p h\u1ecdc li\u1ec7u, s\u00e1ch v\u1edf h\u1ecdc sinh cho h\u01a1n 5000 kh\u00e1ch h\u00e0ng kh\u1eafp 28 t\u1ec9nh th\u00e0nh ph\u00eda B\u1eafc Vi\u1ec7t Nam H\u1ec7 th\u1ed1ng s\u1ea3n ph\u1ea9m Crabit Kidbooks<\/p>\n<p>Theo s\u1ef1 t\u00ecm hi\u1ec3u c\u1ee7a <strong>SACHVIET.EU<\/strong><strong>\u00a0<\/strong>tuy Crabit Kidbooks l\u00e0 m\u1ed9t nh\u00e0 ph\u00e1t h\u00e0nh tr\u1ebb t\u1ea1i Vi\u1ec7t Nam nh\u01b0ng l\u1ea1i mang \u0111\u1ebfn s\u1ef1 ch\u1ec9n chu qua t\u1eebng trang s\u00e1ch, t\u1eeb ch\u1ea5t li\u1ec7u gi\u1ea5y cao c\u1ea5p, b\u00eca c\u1ee9ng gi\u1eef g\u00ecn s\u00e1ch \u0111\u01b0\u1ee3c b\u1ec1n l\u00e2u \u0111\u1ebfn l\u1eddi v\u0103n c\u00e2u ch\u1eef \u0111\u01b0\u1ee3c ch\u1ecdn l\u1ecdc ch\u1ec9nh s\u1eeda sao cho ti\u1ebfp c\u1eadn th\u00e2n thi\u1ec7n nh\u1ea5t v\u1edbi tr\u1ebb em. <strong>SACHVIET.EU<\/strong> th\u1ef1c s\u1ef1 \u1ea5n t\u01b0\u1ee3ng b\u1edfi t\u1ea7m nh\u00ecn v\u00e0 s\u1ef1 c\u1ed1 g\u1eafng ho\u00e0n thi\u1ec7n nh\u1eefng t\u00e1c ph\u1ea9m c\u00f3 gi\u00e1 tr\u1ecb tuy\u1ec7t v\u1eddi m\u00e0 Crabit Kidbooks mang l\u1ea1i. \u0110\u00e2y c\u0169ng l\u00e0 nh\u00e0 ph\u00e1t h\u00e0nh duy nh\u1ea5t t\u1edbi th\u1eddi \u0111i\u1ec3m n\u00e0y m\u00e0 <strong>SACHVIET.EU<\/strong> quy\u1ebft t\u00e2m h\u1ee3p t\u00e1c mang h\u1ebft t\u1ea5t c\u1ea3 c\u00e1c \u0111\u1ea7u s\u00e1ch m\u00e0 Crabit Kidbooks c\u00f3 \u0111\u1ec3 \u0111em \u0111\u1ebfn Ch\u00e2u \u00c2u ph\u1ee5c v\u1ee5 m\u1ecdi ng\u01b0\u1eddi. \u0110\u00e2y th\u1ef1c s\u1ef1 l\u00e0 m\u1ed9t s\u1ef1 li\u1ec1u l\u0129nh c\u1ee7a <strong>SACHVIET.EU<\/strong>, tuy nhi\u00ean ch\u00fang m\u00ecnh tin t\u01b0\u1edfng v\u00e0 t\u1ef1 tin r\u1eb1ng t\u1eebng cu\u1ed1n s\u00e1ch m\u00e0 ch\u00fang m\u00ecnh gi\u1edbi thi\u1ec7u x\u1ee9ng \u0111\u00e1ng v\u1edbi nh\u1eefng g\u00ec ch\u00fang m\u00ecnh theo \u0111u\u1ed5i.<\/p>\n\n[\/col]\n[col span=\"4\" span__sm=\"12\"]\n\n[ux_image id=\"1701\" image_size=\"medium\"]\n\n\n[\/col]\n\n[\/row]\n\n<!-- \/wp:flatsome\/uxbuilder -->","post_title":"Crabit Kidbooks","post_excerpt":"","post_status":"publish","comment_status":"closed","ping_status":"closed","post_password":"","post_name":"crabit-kidbooks","to_ping":"","pinged":"","post_modified":"2022-12-19 23:12:10","post_modified_gmt":"2022-12-19 21:12:10","post_content_filtered":"","post_parent":0,"guid":"https:\/\/sachviet.eu\/nha-phat-hanh\/crabitkidbooks\/","menu_order":0,"post_type":"publisher","post_mime_type":"","comment_count":"0","filter":"raw"}},"_links":{"self":[{"href":"https:\/\/sachviet.eu\/en\/wp-json\/wp\/v2\/product\/2352","targetHints":{"allow":["GET"]}}],"collection":[{"href":"https:\/\/sachviet.eu\/en\/wp-json\/wp\/v2\/product"}],"about":[{"href":"https:\/\/sachviet.eu\/en\/wp-json\/wp\/v2\/types\/product"}],"wp:featuredmedia":[{"embeddable":true,"href":"https:\/\/sachviet.eu\/en\/wp-json\/wp\/v2\/media\/2343"}],"wp:attachment":[{"href":"https:\/\/sachviet.eu\/en\/wp-json\/wp\/v2\/media?parent=2352"}],"wp:term":[{"taxonomy":"product_brand","embeddable":true,"href":"https:\/\/sachviet.eu\/en\/wp-json\/wp\/v2\/product_brand?post=2352"},{"taxonomy":"product_cat","embeddable":true,"href":"https:\/\/sachviet.eu\/en\/wp-json\/wp\/v2\/product_cat?post=2352"},{"taxonomy":"product_tag","embeddable":true,"href":"https:\/\/sachviet.eu\/en\/wp-json\/wp\/v2\/product_tag?post=2352"}],"curies":[{"name":"wp","href":"https:\/\/api.w.org\/{rel}","templated":true}]}}