{"id":23464,"date":"2023-04-04T22:51:08","date_gmt":"2023-04-04T19:51:08","guid":{"rendered":"https:\/\/sachviet.eu\/shop\/combo-do-em-phan-biet-10-quyen\/"},"modified":"2024-03-11T07:36:00","modified_gmt":"2024-03-11T05:36:00","slug":"combo-do-em-phan-biet-10-quyen","status":"publish","type":"product","link":"https:\/\/sachviet.eu\/en\/shop\/combo-do-em-phan-biet-10-quyen\/","title":{"rendered":"COMBO \u0110\u1ed0 EM PH\u00c2N BI\u1ec6T ! (10 QUY\u1ec2N)"},"content":{"rendered":"<p>Trong v\u01b0\u01a1ng qu\u1ed1c \u0111\u1ed9ng v\u1eadt, c\u00f3 r\u1ea5t nhi\u1ec1u lo\u00e0i mang m\u1ed9t s\u1ed1 \u0111\u1eb7c \u0111i\u1ec3m chung v\u00e0 \u0111\u00f4i khi d\u1eabn \u0111\u1ebfn nh\u1ea7m l\u1eabn.<br \/>\nKh\u1ec9 \u0111\u1ed9t v\u00e0 Tinh tinh kh\u00e1c nhau \u1edf \u0111\u00e2u?<br \/>\nS\u01b0 t\u1eed bi\u1ec3n v\u00e0 H\u1ea3i c\u1ea9u tr\u00f4ng t\u01b0\u1edfng gi\u1ed1ng nhau, song th\u1ef1c t\u1ebf r\u1ea5t kh\u00e1c bi\u1ec7t!<br \/>\nHay d\u00f9 c\u00f9ng l\u00e0 b\u00e1o, nh\u01b0ng gi\u1eefa B\u00e1o s\u0103n v\u00e0 B\u00e1o hoa l\u1ea1i ch\u1eb3ng c\u00f3 nhi\u1ec1u \u0111i\u1ec3m t\u01b0\u01a1ng \u0111\u1ed3ng.<br \/>\nLi\u1ec7u c\u00f2n c\u1eb7p \u0111\u1ed9ng v\u1eadt n\u00e0o khi\u1ebfn ch\u00fang ta ph\u1ea3i b\u1ed1i r\u1ed1i kh\u00f4ng? H\u00e3y c\u00f9ng kh\u00e1m ph\u00e1 trong b\u1ed9 s\u00e1ch \u0110\u1ed1 Em Ph\u00e2n Bi\u1ec7t!<br \/>\n\u0110\u1ed1 Em Ph\u00e2n Bi\u1ec7t! so s\u00e1nh 10 c\u1eb7p \u0111\u1ed9ng v\u1eadt th\u01b0\u1eddng xuy\u00ean b\u1ecb nh\u1ea7m l\u1eabn trong th\u1ebf gi\u1edbi t\u1ef1 nhi\u00ean. Th\u00f4ng qua h\u00ecnh minh h\u1ecda \u0111\u1ea7y m\u00e0u s\u1eafc, \u0111\u00e1ng y\u00eau v\u00e0 n\u1ed9i dung ki\u1ebfn th\u1ee9c \u0111\u01a1n gi\u1ea3n, b\u1ed9 s\u00e1ch s\u1ebd ch\u1ec9 r\u00f5 nh\u1eefng \u0111i\u1ec3m kh\u00e1c nhau v\u1ec1 \u0111\u1eb7c tr\u01b0ng ngo\u1ea1i h\u00ecnh hay t\u1eadp t\u00ednh sinh ho\u1ea1t c\u1ee7a t\u1eebng c\u1eb7p \u0111\u1ed9ng v\u1eadt. Gi\u1edd th\u00ec, m\u1eddi c\u00e1c em m\u1edf s\u00e1ch ra v\u00e0 b\u1eaft \u0111\u1ea7u h\u00e0nh tr\u00ecnh kh\u00e1m ph\u00e1 th\u00fa v\u1ecb nh\u00e9!!<br \/>\n&#8212;&#8212;-<br \/>\nM\u1eddi c\u00e1c em \u0111\u00f3n \u0111\u1ecdc tr\u1ecdn b\u1ed9 \u0110\u1ed1 Em Ph\u00e2n Bi\u1ec7t!<br \/>\n&#8211; \u0110\u1ed1 em ph\u00e2n bi\u1ec7t! &#8211; Kh\u1ec9 \u0111\u1ed9t v\u00e0 Tinh tinh<br \/>\n&#8211; \u0110\u1ed1 em ph\u00e2n bi\u1ec7t! &#8211; G\u1ea5u tr\u00fac \u0111\u1ecf v\u00e0 G\u1ea5u m\u00e8o<br \/>\n&#8211; \u0110\u1ed1 em ph\u00e2n bi\u1ec7t! &#8211; S\u01b0 t\u1eed bi\u1ec3n v\u00e0 H\u1ea3i c\u1ea9u<br \/>\n&#8211; \u0110\u1ed1 em ph\u00e2n bi\u1ec7t! &#8211; B\u01b0\u1edbm v\u00e0 B\u01b0\u1edbm \u0111\u00eam<br \/>\n&#8211; \u0110\u1ed1 em ph\u00e2n bi\u1ec7t! &#8211; Tu\u1ea7n l\u1ed9c v\u00e0 H\u01b0\u01a1u P\u00e8re David<br \/>\n&#8211; \u0110\u1ed1 em ph\u00e2n bi\u1ec7t! &#8211; Cua b\u01a1i v\u00e0 Cua l\u00f4ng<br \/>\n&#8211; \u0110\u1ed1 em ph\u00e2n bi\u1ec7t! &#8211; B\u00e1o s\u0103n v\u00e0 B\u00e1o hoa<br \/>\n&#8211; \u0110\u1ed1 em ph\u00e2n bi\u1ec7t! &#8211; Chu\u1ed3n chu\u1ed3n v\u00e0 Chu\u1ed3n chu\u1ed3n kim<br \/>\n&#8211; \u0110\u1ed1 em ph\u00e2n bi\u1ec7t! &#8211; T\u00ea t\u00ea v\u00e0 Tatu<br \/>\n&#8211; \u0110\u1ed1 em ph\u00e2n bi\u1ec7t! \u2013 B\u1ea1ch tu\u1ed9c v\u00e0 M\u1ef1c<\/p>\n","protected":false},"excerpt":{"rendered":"<p>Trong v\u01b0\u01a1ng qu\u1ed1c \u0111\u1ed9ng v\u1eadt, c\u00f3 r\u1ea5t nhi\u1ec1u lo\u00e0i mang m\u1ed9t s\u1ed1 \u0111\u1eb7c \u0111i\u1ec3m chung v\u00e0 \u0111\u00f4i khi d\u1eabn \u0111\u1ebfn nh\u1ea7m l\u1eabn.<br \/>\nKh\u1ec9 \u0111\u1ed9t v\u00e0 Tinh tinh kh\u00e1c nhau \u1edf \u0111\u00e2u?<br \/>\nS\u01b0 t\u1eed bi\u1ec3n v\u00e0 H\u1ea3i c\u1ea9u tr\u00f4ng t\u01b0\u1edfng gi\u1ed1ng nhau, song th\u1ef1c t\u1ebf r\u1ea5t kh\u00e1c bi\u1ec7t!<br \/>\nHay d\u00f9 c\u00f9ng l\u00e0 b\u00e1o, nh\u01b0ng gi\u1eefa B\u00e1o s\u0103n v\u00e0 B\u00e1o hoa l\u1ea1i ch\u1eb3ng c\u00f3 nhi\u1ec1u \u0111i\u1ec3m t\u01b0\u01a1ng \u0111\u1ed3ng.<br \/>\nLi\u1ec7u c\u00f2n c\u1eb7p \u0111\u1ed9ng v\u1eadt n\u00e0o khi\u1ebfn ch\u00fang ta ph\u1ea3i b\u1ed1i r\u1ed1i kh\u00f4ng? H\u00e3y c\u00f9ng kh\u00e1m ph\u00e1 trong b\u1ed9 s\u00e1ch \u0110\u1ed1 Em Ph\u00e2n Bi\u1ec7t!<br \/>\n\u0110\u1ed1 Em Ph\u00e2n Bi\u1ec7t! so s\u00e1nh 10 c\u1eb7p \u0111\u1ed9ng v\u1eadt th\u01b0\u1eddng xuy\u00ean b\u1ecb nh\u1ea7m l\u1eabn trong th\u1ebf gi\u1edbi t\u1ef1 nhi\u00ean. Th\u00f4ng qua h\u00ecnh minh h\u1ecda \u0111\u1ea7y m\u00e0u s\u1eafc, \u0111\u00e1ng y\u00eau v\u00e0 n\u1ed9i dung ki\u1ebfn th\u1ee9c \u0111\u01a1n gi\u1ea3n, b\u1ed9 s\u00e1ch s\u1ebd ch\u1ec9 r\u00f5 nh\u1eefng \u0111i\u1ec3m kh\u00e1c nhau v\u1ec1 \u0111\u1eb7c tr\u01b0ng ngo\u1ea1i h\u00ecnh hay t\u1eadp t\u00ednh sinh ho\u1ea1t c\u1ee7a t\u1eebng c\u1eb7p \u0111\u1ed9ng v\u1eadt. Gi\u1edd th\u00ec, m\u1eddi c\u00e1c em m\u1edf s\u00e1ch ra v\u00e0 b\u1eaft \u0111\u1ea7u h\u00e0nh tr\u00ecnh kh\u00e1m ph\u00e1 th\u00fa v\u1ecb nh\u00e9!!<\/p>\n","protected":false},"featured_media":23463,"template":"","meta":{"_acf_changed":false},"product_brand":[],"product_cat":[25,17,26],"product_tag":[83],"class_list":{"0":"post-23464","1":"product","2":"type-product","3":"status-publish","4":"has-post-thumbnail","6":"product_cat-nhi-dong-6-tuoi-12-tuoi","7":"product_cat-sach-danh-cho-cac-be","8":"product_cat-thieu-nien-11-tuoi-18-tuoi","9":"product_tag-sach-moi-xuat-ban","11":"first","12":"outofstock","13":"taxable","14":"shipping-taxable","15":"purchasable","16":"product-type-simple"},"supplier_id":null,"supplier_sku":"","barcode":null,"atum_controlled":true,"out_stock_date":"2023-11-27 19:06:02","out_stock_threshold":null,"inheritable":false,"inbound_stock":0,"stock_on_hold":0,"sold_today":0,"sales_last_days":0,"reserved_stock":0,"customer_returns":0,"warehouse_damage":0,"lost_in_post":0,"other_logs":0,"out_stock_days":793,"lost_sales":0,"has_location":false,"update_date":"2026-01-28T23:11:15","atum_locations":[],"atum_stock_status":"outofstock","restock_status":false,"low_stock_amount":"","sales_update_date":"2026-01-28T23:11:15","calc_backorders":null,"acf":{"publisher":{"ID":1454,"post_author":"1","post_date":"2021-02-17 01:11:34","post_date_gmt":"2021-02-16 23:11:34","post_content":"<!-- wp:flatsome\/uxbuilder -->\n<h1 style=\"text-align: center;\"><strong>Kim \u0110\u1ed3ng<\/strong><\/h1>\n[row]\n\n[col span=\"3\" span__sm=\"12\"]\n\n[ux_image id=\"1534\" image_size=\"medium\"]\n\n\n[\/col]\n[col span=\"9\" span__sm=\"12\"]\n\n<p>Nh\u00e0 xu\u1ea5t b\u1ea3n Kim \u0110\u1ed3ng tr\u1ef1c thu\u1ed9c Trung \u01b0\u01a1ng \u0110o\u00e0n TNCS H\u1ed3 Ch\u00ed Minh l\u00e0 Nh\u00e0 xu\u1ea5t b\u1ea3n t\u1ed5ng h\u1ee3p c\u00f3 ch\u1ee9c n\u0103ng xu\u1ea5t b\u1ea3n s\u00e1ch v\u00e0 v\u0103n h\u00f3a ph\u1ea9m ph\u1ee5c v\u1ee5 thi\u1ebfu nhi v\u00e0 c\u00e1c b\u1eadc ph\u1ee5 huynh trong c\u1ea3 n\u01b0\u1edbc, qu\u1ea3ng b\u00e1 v\u00e0 gi\u1edbi thi\u1ec7u v\u0103n h\u00f3a Vi\u1ec7t Nam ra th\u1ebf gi\u1edbi.<br \/>Nh\u00e0 xu\u1ea5t b\u1ea3n c\u00f3 nhi\u1ec7m v\u1ee5 t\u1ed5 ch\u1ee9c b\u1ea3n th\u1ea3o, bi\u00ean so\u1ea1n, bi\u00ean d\u1ecbch, xu\u1ea5t b\u1ea3n v\u00e0 ph\u00e1t h\u00e0nh c\u00e1c xu\u1ea5t b\u1ea3n ph\u1ea9m c\u00f3 n\u1ed9i dung: gi\u00e1o d\u1ee5c truy\u1ec1n th\u1ed1ng d\u00e2n t\u1ed9c, gi\u00e1o d\u1ee5c v\u1ec1 tri th\u1ee9c, ki\u1ebfn th\u1ee9c\u2026 tr\u00ean c\u00e1c l\u0129nh v\u1ef1c v\u0103n h\u1ecdc, ngh\u1ec7 thu\u1eadt, khoa h\u1ecdc k\u1ef9 thu\u1eadt nh\u1eb1m cung c\u1ea5p cho c\u00e1c em thi\u1ebfu nhi c\u0169ng nh\u01b0 c\u00e1c b\u1eadc ph\u1ee5 huynh c\u00e1c ki\u1ebfn th\u1ee9c c\u1ea7n thi\u1ebft trong cu\u1ed9c s\u1ed1ng, nh\u1eefng tinh hoa c\u1ee7a tri th\u1ee9c nh\u00e2n lo\u1ea1i nh\u1eb1m g\u00f3p ph\u1ea7n gi\u00e1o d\u1ee5c v\u00e0 h\u00ecnh th\u00e0nh nh\u00e2n c\u00e1ch th\u1ebf h\u1ec7 tr\u1ebb.<br \/>\u0110\u1ed1i t\u01b0\u1ee3ng ph\u1ee5c v\u1ee5 c\u1ee7a Nh\u00e0 xu\u1ea5t b\u1ea3n l\u00e0 c\u00e1c em t\u1eeb tu\u1ed5i nh\u00e0 tr\u1ebb m\u1eabu gi\u00e1o (1 \u0111\u1ebfn 5 tu\u1ed5i), nhi \u0111\u1ed3ng (6 \u0111\u1ebfn 9 tu\u1ed5i), thi\u1ebfu ni\u00ean (10 \u0111\u1ebfn 15 tu\u1ed5i) \u0111\u1ebfn c\u00e1c em tu\u1ed5i m\u1edbi l\u1edbn (16 \u0111\u1ebfn 18 tu\u1ed5i) v\u00e0 c\u00e1c b\u1eadc ph\u1ee5 huynh.<\/p>\n\n[\/col]\n\n[\/row]\n\n<!-- \/wp:flatsome\/uxbuilder -->","post_title":"Kim \u0110\u1ed3ng","post_excerpt":"","post_status":"publish","comment_status":"closed","ping_status":"closed","post_password":"","post_name":"kim-dong","to_ping":"","pinged":"","post_modified":"2021-02-17 01:31:56","post_modified_gmt":"2021-02-16 23:31:56","post_content_filtered":"","post_parent":0,"guid":"https:\/\/sachviet.eu\/nha-phat-hanh\/kim-dong\/","menu_order":0,"post_type":"publisher","post_mime_type":"","comment_count":"0","filter":"raw"}},"_links":{"self":[{"href":"https:\/\/sachviet.eu\/en\/wp-json\/wp\/v2\/product\/23464","targetHints":{"allow":["GET"]}}],"collection":[{"href":"https:\/\/sachviet.eu\/en\/wp-json\/wp\/v2\/product"}],"about":[{"href":"https:\/\/sachviet.eu\/en\/wp-json\/wp\/v2\/types\/product"}],"wp:featuredmedia":[{"embeddable":true,"href":"https:\/\/sachviet.eu\/en\/wp-json\/wp\/v2\/media\/23463"}],"wp:attachment":[{"href":"https:\/\/sachviet.eu\/en\/wp-json\/wp\/v2\/media?parent=23464"}],"wp:term":[{"taxonomy":"product_brand","embeddable":true,"href":"https:\/\/sachviet.eu\/en\/wp-json\/wp\/v2\/product_brand?post=23464"},{"taxonomy":"product_cat","embeddable":true,"href":"https:\/\/sachviet.eu\/en\/wp-json\/wp\/v2\/product_cat?post=23464"},{"taxonomy":"product_tag","embeddable":true,"href":"https:\/\/sachviet.eu\/en\/wp-json\/wp\/v2\/product_tag?post=23464"}],"curies":[{"name":"wp","href":"https:\/\/api.w.org\/{rel}","templated":true}]}}