{"id":23462,"date":"2023-04-04T22:51:03","date_gmt":"2023-04-04T19:51:03","guid":{"rendered":"https:\/\/sachviet.eu\/shop\/tiem-banh-dong-vat\/"},"modified":"2025-09-13T10:06:39","modified_gmt":"2025-09-13T07:06:39","slug":"tiem-banh-dong-vat","status":"publish","type":"product","link":"https:\/\/sachviet.eu\/en\/shop\/tiem-banh-dong-vat\/","title":{"rendered":"TI\u1ec6M B\u00c1NH \u0110\u1ed8NG V\u1eacT"},"content":{"rendered":"<p>M\u1ed7i trang Ehon \u0111\u1ec1u xu\u1ea5t hi\u1ec7n c\u00e1c d\u1ee5ng c\u1ee5 l\u00e0m b\u00e1nh nh\u01b0 ca \u0111ong, c\u00e2y \u0111\u00e1nh tr\u1ee9ng, ch\u1ed5i ph\u1ebft b\u00e1nh,&#8230; B\u1ed1 m\u1eb9 c\u00f3 th\u1ec3 h\u01b0\u1edbng d\u1eabn c\u00e1c b\u1ea1n nh\u1ecf t\u00ecm ki\u1ebfm, quan s\u00e1t th\u1eadt t\u1ec9 m\u1ec9 v\u00e0 xem c\u1ea3m x\u00fac c\u1ee7a c\u00e1c b\u1ea1n d\u1ee5ng c\u1ee5. M\u1ed7i c\u00f4ng \u0111o\u1ea1n l\u00e0 m\u1ed9t th\u00e1i \u0111\u1ed9, b\u00e9 c\u00f3 th\u1ec3 b\u1eaft ch\u01b0\u1edbc c\u00e1ch bi\u1ec3u l\u1ed9 c\u1ea3m x\u00fac nh\u01b0 c\u00e1c b\u1ea1n d\u1ee5ng c\u1ee5. <\/p>\n","protected":false},"excerpt":{"rendered":"<p>M\u1ed7i trang Ehon \u0111\u1ec1u xu\u1ea5t hi\u1ec7n c\u00e1c d\u1ee5ng c\u1ee5 l\u00e0m b\u00e1nh nh\u01b0 ca \u0111ong, c\u00e2y \u0111\u00e1nh tr\u1ee9ng, ch\u1ed5i ph\u1ebft b\u00e1nh,&#8230; B\u1ed1 m\u1eb9 c\u00f3 th\u1ec3 h\u01b0\u1edbng d\u1eabn c\u00e1c b\u1ea1n nh\u1ecf t\u00ecm ki\u1ebfm, quan s\u00e1t th\u1eadt t\u1ec9 m\u1ec9 v\u00e0 xem c\u1ea3m x\u00fac c\u1ee7a c\u00e1c b\u1ea1n d\u1ee5ng c\u1ee5. M\u1ed7i c\u00f4ng \u0111o\u1ea1n l\u00e0 m\u1ed9t th\u00e1i \u0111\u1ed9, b\u00e9 c\u00f3 th\u1ec3 b\u1eaft ch\u01b0\u1edbc c\u00e1ch bi\u1ec3u l\u1ed9 c\u1ea3m x\u00fac nh\u01b0 c\u00e1c b\u1ea1n d\u1ee5ng c\u1ee5.<\/p>\n","protected":false},"featured_media":23461,"template":"","meta":{"_acf_changed":false},"product_brand":[],"product_cat":[24,25,17],"product_tag":[83],"class_list":{"0":"post-23462","1":"product","2":"type-product","3":"status-publish","4":"has-post-thumbnail","6":"product_cat-nha-tre-mau-giao-0-tuoi-6-tuoi","7":"product_cat-nhi-dong-6-tuoi-12-tuoi","8":"product_cat-sach-danh-cho-cac-be","9":"product_tag-sach-moi-xuat-ban","11":"first","12":"instock","13":"taxable","14":"shipping-taxable","15":"purchasable","16":"product-type-simple"},"supplier_id":null,"supplier_sku":"","barcode":null,"atum_controlled":true,"out_stock_date":null,"out_stock_threshold":null,"inheritable":false,"inbound_stock":0,"stock_on_hold":0,"sold_today":0,"sales_last_days":0,"reserved_stock":0,"customer_returns":0,"warehouse_damage":0,"lost_in_post":0,"other_logs":0,"out_stock_days":0,"lost_sales":0,"has_location":false,"update_date":"2026-01-28T23:11:30","atum_locations":[],"atum_stock_status":"instock","restock_status":false,"low_stock_amount":"","sales_update_date":"2026-01-28T23:11:30","calc_backorders":null,"acf":{"publisher":{"ID":9154,"post_author":"2","post_date":"2021-05-21 19:37:16","post_date_gmt":"2021-05-21 16:37:16","post_content":"<!-- wp:html \/-->\n\n<!-- wp:image {\"id\":9157,\"sizeSlug\":\"large\",\"linkDestination\":\"media\"} -->\n<figure class=\"wp-block-image size-large\"><a href=\"https:\/\/sachviet.eu\/wp-content\/uploads\/2021\/05\/123004127_112271897340455_8566439221456752927_n-1.jpg\"><img src=\"https:\/\/sachviet.eu\/wp-content\/uploads\/2021\/05\/123004127_112271897340455_8566439221456752927_n-1-1024x666.jpg\" alt=\"\" class=\"wp-image-9157\" \/><\/a><\/figure>\n<!-- \/wp:image -->\n\n<!-- wp:heading {\"level\":3} -->\n<h3>M\u1ee4C TI\u00caU<\/h3>\n<!-- \/wp:heading -->\n\n<!-- wp:paragraph -->\n<p>D\u1ef1 \u00e1n M\u1ecdt s\u00e1ch Mogu \u0111ang ph\u00e1t tri\u1ec3n k\u1ebf ho\u1ea1ch h\u1ee3p t\u00e1c c\u00f9ng c\u00e1c tr\u01b0\u1eddng n\u1ea7m non, c\u00e1c \u0111\u01a1n v\u1ecb l\u00e0m v\u1ec1 s\u00e1ch, c\u00e1c \u0111\u01a1n v\u1ecb c\u00f3 c\u00f9ng m\u1ee5c ti\u00eau ph\u00e1t tri\u1ec3n v\u0103n h\u00f3a \u0111\u1ecdc v\u1ec1 vi\u1ec7c \u0111\u1ecdc truy\u1ec7n Ehoncho tr\u1ebb v\u00e0 nh\u1eadn \u0111\u01b0\u1ee3c r\u1ea5t nhi\u1ec1u s\u1ef1 quan t\u00e2m c\u1ee7a c\u00e1c v\u1ecb ph\u1ee5 huynh c\u0169ng nh\u01b0 c\u00e1c b\u00e9.<\/p>\n<!-- \/wp:paragraph -->\n\n<!-- wp:heading {\"level\":3} -->\n<h3>S\u1ee8 M\u1ec6NH<\/h3>\n<!-- \/wp:heading -->\n\n<!-- wp:paragraph -->\n<p>M\u1ecdt s\u00e1ch Mogu l\u00e0 d\u1ef1 \u00e1n \u0111\u1ecdc tranh truy\u1ec7n Ehon mi\u1ec5n ph\u00ed cho tr\u1ebb nh\u1ecf c\u1ee7a c\u00f4ng ty More Production Vi\u1ec7t Nam t\u1eeb n\u0103m 2014. V\u1edbi mong mu\u1ed1n c\u00e1c b\u1ea1n nh\u1ecf \u0111\u01b0\u1ee3c ti\u1ebfp x\u00fac t\u1edbi s\u00e1ch truy\u1ec7n t\u1eeb khi c\u00f2n nh\u1ecf v\u00e0 ph\u00e1t tri\u1ec3n t\u00ecnh y\u00eau v\u1edbi s\u00e1ch khi l\u1edbn l\u00ean.<\/p>\n<!-- \/wp:paragraph -->\n\n<!-- wp:heading {\"level\":3} -->\n<h3><\/h3>\n<!-- \/wp:heading -->","post_title":"Mogu","post_excerpt":"","post_status":"publish","comment_status":"closed","ping_status":"closed","post_password":"","post_name":"mogu","to_ping":"","pinged":"","post_modified":"2021-05-21 19:37:19","post_modified_gmt":"2021-05-21 16:37:19","post_content_filtered":"","post_parent":0,"guid":"https:\/\/sachviet.eu\/?post_type=publisher&#038;p=9154","menu_order":0,"post_type":"publisher","post_mime_type":"","comment_count":"0","filter":"raw"}},"_links":{"self":[{"href":"https:\/\/sachviet.eu\/en\/wp-json\/wp\/v2\/product\/23462","targetHints":{"allow":["GET"]}}],"collection":[{"href":"https:\/\/sachviet.eu\/en\/wp-json\/wp\/v2\/product"}],"about":[{"href":"https:\/\/sachviet.eu\/en\/wp-json\/wp\/v2\/types\/product"}],"wp:featuredmedia":[{"embeddable":true,"href":"https:\/\/sachviet.eu\/en\/wp-json\/wp\/v2\/media\/23461"}],"wp:attachment":[{"href":"https:\/\/sachviet.eu\/en\/wp-json\/wp\/v2\/media?parent=23462"}],"wp:term":[{"taxonomy":"product_brand","embeddable":true,"href":"https:\/\/sachviet.eu\/en\/wp-json\/wp\/v2\/product_brand?post=23462"},{"taxonomy":"product_cat","embeddable":true,"href":"https:\/\/sachviet.eu\/en\/wp-json\/wp\/v2\/product_cat?post=23462"},{"taxonomy":"product_tag","embeddable":true,"href":"https:\/\/sachviet.eu\/en\/wp-json\/wp\/v2\/product_tag?post=23462"}],"curies":[{"name":"wp","href":"https:\/\/api.w.org\/{rel}","templated":true}]}}