{"id":23460,"date":"2023-04-04T22:50:55","date_gmt":"2023-04-04T19:50:55","guid":{"rendered":"https:\/\/sachviet.eu\/shop\/muon-kieu-nho-the-ki\/"},"modified":"2025-09-12T19:24:28","modified_gmt":"2025-09-12T16:24:28","slug":"muon-kieu-nho-the-ki","status":"publish","type":"product","link":"https:\/\/sachviet.eu\/en\/shop\/muon-kieu-nho-the-ki\/","title":{"rendered":"MU\u00d4N KI\u1ec2U NH\u1ecc TH\u1ebe K\u1ec8"},"content":{"rendered":"<p>Ho\u1ea1 s\u0129 truy\u1ec7n tranh Marvel &#8211; Scott Koblish \u0111\u00e3 minh ho\u1ea1 \u201cc\u00e1i k\u1ebft\u201d c\u1ee7a m\u00ecnh b\u1eb1ng c\u00e1c m\u1ea9u tranh truy\u1ec7n b\u1ed1n khung \u0111en tr\u1eafng \u0111\u1ea7y h\u00e0i h\u01b0\u1edbc nh\u01b0ng c\u0169ng kh\u00f4ng k\u00e9m ph\u1ea7n \u0111\u1ed9c \u0111\u00e1o, nh\u01b0: b\u1ecb sao ch\u1ed5i r\u01a1i tr\u00fang, \u0111\u00e0n kh\u1ec9 \u0111\u1ea7u ch\u00f3 t\u1ea5n c\u00f4ng, ng\u01b0\u1eddi ngo\u00e0i h\u00e0nh tinh b\u1eaft c\u00f3c, hay tr\u1edf th\u00e0nh m\u1ee5c ti\u00eau t\u1ea5n c\u00f4ng c\u1ee7a g\u1ea5u b\u00f4ng s\u00e1t th\u1ee7\u2026 Tuy\u1ec3n t\u1eadp tranh truy\u1ec7n n\u00e0y cho th\u1ea5y, n\u1ebfu ng\u00e0y t\u1eadn th\u1ebf th\u1ef1c s\u1ef1 \u0111ang \u0111\u1ebfn g\u1ea7n, th\u00ec \u00edt nh\u1ea5t ta c\u0169ng c\u00f3 th\u1ec3 \u201cch\u1ebft v\u00ec c\u01b0\u1eddi\u201d.<\/p>\n<p>SCOTT KOBLISH l\u00e0 ho\u1ea1 s\u0129 \u0111\u01b0\u1ee3c \u0111\u1ec1 c\u1eed Gi\u1ea3i th\u01b0\u1edfng Eisner, \u0111\u1ed3ng gi\u1eef K\u1ec9 l\u1ee5c Guinness. Anh \u0111\u00e3 th\u1ef1c hi\u1ec7n tr\u00ean 500 cu\u1ed1n truy\u1ec7n tranh, trong \u0111\u00f3 c\u00f3 c\u00e1c t\u1ef1a nh\u01b0 Deadpool, Spider-Man, Captain America, v\u00e0 Thor. Trong nhi\u1ec1u n\u0103m qua, Koblish v\u1ebd nh\u1eefng c\u00e1ch \u201cti\u00eau \u0111\u1eddi\u201d c\u1ee7a b\u1ea3n th\u00e2n nh\u01b0 m\u1ed9t tr\u00f2 ti\u00eau khi\u1ec3n. Anh hi\u1ec7n \u0111ang s\u1ed1ng t\u1ea1i Los Angeles.<\/p>\n","protected":false},"excerpt":{"rendered":"<p>Ho\u1ea1 s\u0129 truy\u1ec7n tranh Marvel &#8211; Scott Koblish \u0111\u00e3 minh ho\u1ea1 \u201cc\u00e1i k\u1ebft\u201d c\u1ee7a m\u00ecnh b\u1eb1ng c\u00e1c m\u1ea9u tranh truy\u1ec7n b\u1ed1n khung \u0111en tr\u1eafng \u0111\u1ea7y h\u00e0i h\u01b0\u1edbc nh\u01b0ng c\u0169ng kh\u00f4ng k\u00e9m ph\u1ea7n \u0111\u1ed9c \u0111\u00e1o, nh\u01b0: b\u1ecb sao ch\u1ed5i r\u01a1i tr\u00fang, \u0111\u00e0n kh\u1ec9 \u0111\u1ea7u ch\u00f3 t\u1ea5n c\u00f4ng, ng\u01b0\u1eddi ngo\u00e0i h\u00e0nh tinh b\u1eaft c\u00f3c, hay tr\u1edf th\u00e0nh m\u1ee5c ti\u00eau t\u1ea5n c\u00f4ng c\u1ee7a g\u1ea5u b\u00f4ng s\u00e1t th\u1ee7\u2026 Tuy\u1ec3n t\u1eadp tranh truy\u1ec7n n\u00e0y cho th\u1ea5y, n\u1ebfu ng\u00e0y t\u1eadn th\u1ebf th\u1ef1c s\u1ef1 \u0111ang \u0111\u1ebfn g\u1ea7n, th\u00ec \u00edt nh\u1ea5t ta c\u0169ng c\u00f3 th\u1ec3 \u201cch\u1ebft v\u00ec c\u01b0\u1eddi\u201d.<\/p>\n<p>SCOTT KOBLISH l\u00e0 ho\u1ea1 s\u0129 \u0111\u01b0\u1ee3c \u0111\u1ec1 c\u1eed Gi\u1ea3i th\u01b0\u1edfng Eisner, \u0111\u1ed3ng gi\u1eef K\u1ec9 l\u1ee5c Guinness. Anh \u0111\u00e3 th\u1ef1c hi\u1ec7n tr\u00ean 500 cu\u1ed1n truy\u1ec7n tranh, trong \u0111\u00f3 c\u00f3 c\u00e1c t\u1ef1a nh\u01b0 Deadpool, Spider-Man, Captain America, v\u00e0 Thor. Trong nhi\u1ec1u n\u0103m qua, Koblish v\u1ebd nh\u1eefng c\u00e1ch \u201cti\u00eau \u0111\u1eddi\u201d c\u1ee7a b\u1ea3n th\u00e2n nh\u01b0 m\u1ed9t tr\u00f2 ti\u00eau khi\u1ec3n. Anh hi\u1ec7n \u0111ang s\u1ed1ng t\u1ea1i Los Angeles.<\/p>\n","protected":false},"featured_media":23459,"template":"","meta":{"_acf_changed":false},"product_brand":[],"product_cat":[18,15,47],"product_tag":[83],"class_list":{"0":"post-23460","1":"product","2":"type-product","3":"status-publish","4":"has-post-thumbnail","6":"product_cat-kinh-te","7":"product_cat-sach-danh-cho-nguoi-lon","8":"product_cat-truyen-ngan-tan-van","9":"product_tag-sach-moi-xuat-ban","11":"first","12":"instock","13":"taxable","14":"shipping-taxable","15":"purchasable","16":"product-type-simple"},"supplier_id":null,"supplier_sku":"","barcode":null,"atum_controlled":true,"out_stock_date":null,"out_stock_threshold":null,"inheritable":false,"inbound_stock":0,"stock_on_hold":0,"sold_today":0,"sales_last_days":0,"reserved_stock":0,"customer_returns":0,"warehouse_damage":0,"lost_in_post":0,"other_logs":0,"out_stock_days":0,"lost_sales":0,"has_location":false,"update_date":"2026-01-28T23:11:30","atum_locations":[],"atum_stock_status":"instock","restock_status":false,"low_stock_amount":"","sales_update_date":"2026-01-28T23:11:30","calc_backorders":null,"acf":{"publisher":{"ID":1454,"post_author":"1","post_date":"2021-02-17 01:11:34","post_date_gmt":"2021-02-16 23:11:34","post_content":"<!-- wp:flatsome\/uxbuilder -->\n<h1 style=\"text-align: center;\"><strong>Kim \u0110\u1ed3ng<\/strong><\/h1>\n[row]\n\n[col span=\"3\" span__sm=\"12\"]\n\n[ux_image id=\"1534\" image_size=\"medium\"]\n\n\n[\/col]\n[col span=\"9\" span__sm=\"12\"]\n\n<p>Nh\u00e0 xu\u1ea5t b\u1ea3n Kim \u0110\u1ed3ng tr\u1ef1c thu\u1ed9c Trung \u01b0\u01a1ng \u0110o\u00e0n TNCS H\u1ed3 Ch\u00ed Minh l\u00e0 Nh\u00e0 xu\u1ea5t b\u1ea3n t\u1ed5ng h\u1ee3p c\u00f3 ch\u1ee9c n\u0103ng xu\u1ea5t b\u1ea3n s\u00e1ch v\u00e0 v\u0103n h\u00f3a ph\u1ea9m ph\u1ee5c v\u1ee5 thi\u1ebfu nhi v\u00e0 c\u00e1c b\u1eadc ph\u1ee5 huynh trong c\u1ea3 n\u01b0\u1edbc, qu\u1ea3ng b\u00e1 v\u00e0 gi\u1edbi thi\u1ec7u v\u0103n h\u00f3a Vi\u1ec7t Nam ra th\u1ebf gi\u1edbi.<br \/>Nh\u00e0 xu\u1ea5t b\u1ea3n c\u00f3 nhi\u1ec7m v\u1ee5 t\u1ed5 ch\u1ee9c b\u1ea3n th\u1ea3o, bi\u00ean so\u1ea1n, bi\u00ean d\u1ecbch, xu\u1ea5t b\u1ea3n v\u00e0 ph\u00e1t h\u00e0nh c\u00e1c xu\u1ea5t b\u1ea3n ph\u1ea9m c\u00f3 n\u1ed9i dung: gi\u00e1o d\u1ee5c truy\u1ec1n th\u1ed1ng d\u00e2n t\u1ed9c, gi\u00e1o d\u1ee5c v\u1ec1 tri th\u1ee9c, ki\u1ebfn th\u1ee9c\u2026 tr\u00ean c\u00e1c l\u0129nh v\u1ef1c v\u0103n h\u1ecdc, ngh\u1ec7 thu\u1eadt, khoa h\u1ecdc k\u1ef9 thu\u1eadt nh\u1eb1m cung c\u1ea5p cho c\u00e1c em thi\u1ebfu nhi c\u0169ng nh\u01b0 c\u00e1c b\u1eadc ph\u1ee5 huynh c\u00e1c ki\u1ebfn th\u1ee9c c\u1ea7n thi\u1ebft trong cu\u1ed9c s\u1ed1ng, nh\u1eefng tinh hoa c\u1ee7a tri th\u1ee9c nh\u00e2n lo\u1ea1i nh\u1eb1m g\u00f3p ph\u1ea7n gi\u00e1o d\u1ee5c v\u00e0 h\u00ecnh th\u00e0nh nh\u00e2n c\u00e1ch th\u1ebf h\u1ec7 tr\u1ebb.<br \/>\u0110\u1ed1i t\u01b0\u1ee3ng ph\u1ee5c v\u1ee5 c\u1ee7a Nh\u00e0 xu\u1ea5t b\u1ea3n l\u00e0 c\u00e1c em t\u1eeb tu\u1ed5i nh\u00e0 tr\u1ebb m\u1eabu gi\u00e1o (1 \u0111\u1ebfn 5 tu\u1ed5i), nhi \u0111\u1ed3ng (6 \u0111\u1ebfn 9 tu\u1ed5i), thi\u1ebfu ni\u00ean (10 \u0111\u1ebfn 15 tu\u1ed5i) \u0111\u1ebfn c\u00e1c em tu\u1ed5i m\u1edbi l\u1edbn (16 \u0111\u1ebfn 18 tu\u1ed5i) v\u00e0 c\u00e1c b\u1eadc ph\u1ee5 huynh.<\/p>\n\n[\/col]\n\n[\/row]\n\n<!-- \/wp:flatsome\/uxbuilder -->","post_title":"Kim \u0110\u1ed3ng","post_excerpt":"","post_status":"publish","comment_status":"closed","ping_status":"closed","post_password":"","post_name":"kim-dong","to_ping":"","pinged":"","post_modified":"2021-02-17 01:31:56","post_modified_gmt":"2021-02-16 23:31:56","post_content_filtered":"","post_parent":0,"guid":"https:\/\/sachviet.eu\/nha-phat-hanh\/kim-dong\/","menu_order":0,"post_type":"publisher","post_mime_type":"","comment_count":"0","filter":"raw"}},"_links":{"self":[{"href":"https:\/\/sachviet.eu\/en\/wp-json\/wp\/v2\/product\/23460","targetHints":{"allow":["GET"]}}],"collection":[{"href":"https:\/\/sachviet.eu\/en\/wp-json\/wp\/v2\/product"}],"about":[{"href":"https:\/\/sachviet.eu\/en\/wp-json\/wp\/v2\/types\/product"}],"wp:featuredmedia":[{"embeddable":true,"href":"https:\/\/sachviet.eu\/en\/wp-json\/wp\/v2\/media\/23459"}],"wp:attachment":[{"href":"https:\/\/sachviet.eu\/en\/wp-json\/wp\/v2\/media?parent=23460"}],"wp:term":[{"taxonomy":"product_brand","embeddable":true,"href":"https:\/\/sachviet.eu\/en\/wp-json\/wp\/v2\/product_brand?post=23460"},{"taxonomy":"product_cat","embeddable":true,"href":"https:\/\/sachviet.eu\/en\/wp-json\/wp\/v2\/product_cat?post=23460"},{"taxonomy":"product_tag","embeddable":true,"href":"https:\/\/sachviet.eu\/en\/wp-json\/wp\/v2\/product_tag?post=23460"}],"curies":[{"name":"wp","href":"https:\/\/api.w.org\/{rel}","templated":true}]}}