{"id":23457,"date":"2023-04-04T22:50:45","date_gmt":"2023-04-04T19:50:45","guid":{"rendered":"https:\/\/sachviet.eu\/shop\/truyen-ke-ben-khung-cui-nhung-cau-chuyen-duoc-dan-det-tu-nhieu-chon-xa-xoi\/"},"modified":"2025-09-12T19:28:18","modified_gmt":"2025-09-12T16:28:18","slug":"truyen-ke-ben-khung-cui-nhung-cau-chuyen-duoc-dan-det-tu-nhieu-chon-xa-xoi","status":"publish","type":"product","link":"https:\/\/sachviet.eu\/en\/shop\/truyen-ke-ben-khung-cui-nhung-cau-chuyen-duoc-dan-det-tu-nhieu-chon-xa-xoi\/","title":{"rendered":"Truy\u1ec7n K\u1ec3 B\u00ean Khung C\u1eedi: Nh\u1eefng C\u00e2u Chuy\u1ec7n \u0110\u01b0\u1ee3c \u0110an D\u1ec7t T\u1eeb Nhi\u1ec1u Ch\u1ed1n Xa X\u00f4i"},"content":{"rendered":"<p>Khi ch\u00e0ng ho\u00e0ng t\u1eed Acmenia tr\u1edf th\u00e0nh t\u00f9 nh\u00e2n, cu\u1ed9c s\u1ed1ng c\u1ee7a ch\u00e0ng d\u1ef1a  v\u00e0o  t\u00e0i  n\u0103ng  d\u1ec7t  th\u1ea3m  nh\u01b0ng li\u1ec7u ch\u00e0ng c\u00f3 th\u1ec3 d\u00f9ng t\u00e0i n\u0103ng \u0111\u00f3 \u0111\u1ec3 tho\u00e1t th\u00e2n? Tr\u00ean h\u00f2n \u0111\u1ea3o Maui, h\u1ed3n ma trong c\u00f4 g\u00e1i tr\u1ebb kh\u00f4ng th\u1ec3 ng\u1ee7 y\u00ean cho t\u1edbi khi chi\u1ebfc \u00e1o cho\u00e0ng m\u00e0u \u0111\u1ecf b\u1eb1ng l\u00f4ng tuy\u1ec7t \u0111\u1eb9p c\u00f4 may tr\u01b0\u1edbc khi ch\u1ebft \u0111\u01b0\u1ee3c ho\u00e0n th\u00e0nh. V\u00e0 Khaim  Yankl,  ng\u01b0\u1eddi  d\u00f9ng  nh\u1eefng \u0111\u1ed3ng ti\u1ec1n t\u00edch g\u00f3p c\u1ea3 \u0111\u1eddi \u0111\u1ec3 kh\u00e2u n\u00ean t\u1ea5m \u00e1o cho\u00e0ng c\u0169 k\u0129 s\u1eddn ch\u1ec9, l\u1ea1i c\u1ef1c k\u00ec b\u00e0ng ho\u00e0ng khi m\u1ed9t ng\u00e0y n\u1ecd c\u00f3 m\u1ed9t ng\u01b0\u1eddi \u0103n xin \u0111\u1ebfn g\u00f5 c\u1eeda\u2026 <\/p>\n<p>T\u1eeb nh\u1eefng mi\u1ebfng v\u1ea3i v\u1ee5n c\u1ee7a m\u1ed9t k\u1ebb  ngh\u00e8o  kh\u00f3  \u0111\u1ebfn  t\u1ea5m  \u00e1o  cho\u00e0ng l\u1ed9ng  l\u1eaby  c\u1ee7a  m\u1ed9t  \u00f4ng  vua;  t\u1eeb  v\u1ea3i s\u1ee3i  th\u00f4ng  th\u01b0\u1eddng  cho  \u0111\u1ebfn  lo\u1ea1i  v\u1ea3i ph\u00e9p  thu\u1eadt  c\u1ee7a  con  r\u1eafn  b\u1ea3y  \u0111\u1ea7u, nh\u1eefng  m\u1ea3ng  m\u00e0u  phong  ph\u00fa  c\u1ee7a cu\u1ed9c s\u1ed1ng \u0111\u01b0\u1ee3c t\u00e1i hi\u1ec7n l\u1ea1i th\u1eadt k\u00ec di\u1ec7u qua t\u1eebng c\u00e2u chuy\u1ec7n. \u1ede \u0111\u00e2y, ng\u00f4n t\u1eeb c\u00f9ng v\u1edbi minh h\u1ecda \u0111\u00e3 d\u1ec7t n\u00ean nh\u1eefng c\u00e2u chuy\u1ec7n c\u1ed5 t\u00edch nh\u01b0 t\u1ea5m  v\u1ea3i  l\u1ea5p  l\u00e1nh  say  m\u00ea  cu\u1ed1n  h\u00fat m\u1ecdi l\u1ee9a tu\u1ed5i.<\/p>\n<p>Tanya Robin Batt l\u00e0 m\u1ed9t trong s\u1ed1  \u00edt  nh\u1eefng  ng\u01b0\u1eddi  vi\u1ebft  truy\u1ec7n  c\u1ed5 t\u00edch  chuy\u00ean  nghi\u1ec7p  tr\u00ean  th\u1ebf  gi\u1edbi. <\/p>\n<p>V\u1edbi  vai  tr\u00f2  l\u00e0  nh\u00e0  gi\u00e1o  d\u1ee5c  ngh\u1ec7 thu\u1eadt t\u1ef1 do, b\u00e0 c\u00f2n s\u1eed d\u1ee5ng b\u1ed9 s\u01b0u t\u1eadp trang ph\u1ee5c kh\u1ed5ng l\u1ed3 c\u00f9ng ni\u1ec1m \u0111am  m\u00ea  v\u1ec1  trang  ph\u1ee5c  c\u1ee7a  m\u00ecnh \u0111\u1ec3  gi\u1ea3ng  d\u1ea1y  v\u00e0  mang  l\u1ea1i  ngu\u1ed3n gi\u1ea3i  tr\u00ed  cho  m\u1ecdi  ng\u01b0\u1eddi.  B\u00e0  s\u1ed1ng t\u1ea1i  v\u00f9ng  Auckland,  New  Zealand nh\u01b0ng d\u00e0nh h\u1ea7u h\u1ebft th\u1eddi gian \u0111i du l\u1ecbch \u0111\u00e2y \u0111\u00f3 v\u00e0 k\u1ec3 chuy\u1ec7n.<\/p>\n<p>Rachel Griffin, h\u1ecda s\u0129, s\u1ed1ng c\u00f9ng ch\u1ed3ng  v\u00e0  con  g\u00e1i  Betzy  \u1edf  Bristol. Xu\u1ea5t hi\u1ec7n trong r\u1ea5t nhi\u1ec1u c\u00e1c bu\u1ed5i tri\u1ec3n l\u00e3m, t\u00e1c ph\u1ea9m ngh\u1ec7 thu\u1eadt \u0111\u1eb7c bi\u1ec7t  c\u1ee7a  Rachel  Griffin  t\u1eadn  d\u1ee5ng s\u1ef1  k\u1ebft  h\u1ee3p  gi\u1eefa  c\u00e1c  t\u00e1c  ph\u1ea9m  l\u00e0m b\u1eb1ng tay t\u1eeb gi\u1ea5y b\u00e1o, ch\u1ec9 m\u00e0u, c\u00e1c lo\u1ea1i h\u1ea1t, tem, b\u1ea3n \u0111\u1ed3 v\u00e0 \u0111\u1ed3 g\u1ed1m s\u1ee9. B\u00e0  c\u0169ng  thi\u1ebft  k\u1ebf  c\u00e1c  t\u1ea5m  thi\u1ec7p v\u00e0 l\u1ecbch.<\/p>\n","protected":false},"excerpt":{"rendered":"<p>Khi ch\u00e0ng ho\u00e0ng t\u1eed Acmenia tr\u1edf th\u00e0nh t\u00f9 nh\u00e2n, cu\u1ed9c s\u1ed1ng c\u1ee7a ch\u00e0ng d\u1ef1a  v\u00e0o  t\u00e0i  n\u0103ng  d\u1ec7t  th\u1ea3m  nh\u01b0ng li\u1ec7u ch\u00e0ng c\u00f3 th\u1ec3 d\u00f9ng t\u00e0i n\u0103ng \u0111\u00f3 \u0111\u1ec3 tho\u00e1t th\u00e2n? Tr\u00ean h\u00f2n \u0111\u1ea3o Maui, h\u1ed3n ma trong c\u00f4 g\u00e1i tr\u1ebb kh\u00f4ng th\u1ec3 ng\u1ee7 y\u00ean cho t\u1edbi khi chi\u1ebfc \u00e1o cho\u00e0ng m\u00e0u \u0111\u1ecf b\u1eb1ng l\u00f4ng tuy\u1ec7t \u0111\u1eb9p c\u00f4 may tr\u01b0\u1edbc khi ch\u1ebft \u0111\u01b0\u1ee3c ho\u00e0n th\u00e0nh. V\u00e0 Khaim  Yankl,  ng\u01b0\u1eddi  d\u00f9ng  nh\u1eefng \u0111\u1ed3ng ti\u1ec1n t\u00edch g\u00f3p c\u1ea3 \u0111\u1eddi \u0111\u1ec3 kh\u00e2u n\u00ean t\u1ea5m \u00e1o cho\u00e0ng c\u0169 k\u0129 s\u1eddn ch\u1ec9, l\u1ea1i c\u1ef1c k\u00ec b\u00e0ng ho\u00e0ng khi m\u1ed9t ng\u00e0y n\u1ecd c\u00f3 m\u1ed9t ng\u01b0\u1eddi \u0103n xin \u0111\u1ebfn g\u00f5 c\u1eeda\u2026 <\/p>\n<p>T\u1eeb nh\u1eefng mi\u1ebfng v\u1ea3i v\u1ee5n c\u1ee7a m\u1ed9t k\u1ebb  ngh\u00e8o  kh\u00f3  \u0111\u1ebfn  t\u1ea5m  \u00e1o  cho\u00e0ng l\u1ed9ng  l\u1eaby  c\u1ee7a  m\u1ed9t  \u00f4ng  vua;  t\u1eeb  v\u1ea3i s\u1ee3i  th\u00f4ng  th\u01b0\u1eddng  cho  \u0111\u1ebfn  lo\u1ea1i  v\u1ea3i ph\u00e9p  thu\u1eadt  c\u1ee7a  con  r\u1eafn  b\u1ea3y  \u0111\u1ea7u, nh\u1eefng  m\u1ea3ng  m\u00e0u  phong  ph\u00fa  c\u1ee7a cu\u1ed9c s\u1ed1ng \u0111\u01b0\u1ee3c t\u00e1i hi\u1ec7n l\u1ea1i th\u1eadt k\u00ec di\u1ec7u qua t\u1eebng c\u00e2u chuy\u1ec7n. \u1ede \u0111\u00e2y, ng\u00f4n t\u1eeb c\u00f9ng v\u1edbi minh h\u1ecda \u0111\u00e3 d\u1ec7t n\u00ean nh\u1eefng c\u00e2u chuy\u1ec7n c\u1ed5 t\u00edch nh\u01b0 t\u1ea5m  v\u1ea3i  l\u1ea5p  l\u00e1nh  say  m\u00ea  cu\u1ed1n  h\u00fat m\u1ecdi l\u1ee9a tu\u1ed5i.<\/p>\n<p>Tanya Robin Batt l\u00e0 m\u1ed9t trong s\u1ed1  \u00edt  nh\u1eefng  ng\u01b0\u1eddi  vi\u1ebft  truy\u1ec7n  c\u1ed5 t\u00edch  chuy\u00ean  nghi\u1ec7p  tr\u00ean  th\u1ebf  gi\u1edbi. <\/p>\n<p>V\u1edbi  vai  tr\u00f2  l\u00e0  nh\u00e0  gi\u00e1o  d\u1ee5c  ngh\u1ec7 thu\u1eadt t\u1ef1 do, b\u00e0 c\u00f2n s\u1eed d\u1ee5ng b\u1ed9 s\u01b0u t\u1eadp trang ph\u1ee5c kh\u1ed5ng l\u1ed3 c\u00f9ng ni\u1ec1m \u0111am  m\u00ea  v\u1ec1  trang  ph\u1ee5c  c\u1ee7a  m\u00ecnh \u0111\u1ec3  gi\u1ea3ng  d\u1ea1y  v\u00e0  mang  l\u1ea1i  ngu\u1ed3n gi\u1ea3i  tr\u00ed  cho  m\u1ecdi  ng\u01b0\u1eddi.  B\u00e0  s\u1ed1ng t\u1ea1i  v\u00f9ng  Auckland,  New  Zealand nh\u01b0ng d\u00e0nh h\u1ea7u h\u1ebft th\u1eddi gian \u0111i du l\u1ecbch \u0111\u00e2y \u0111\u00f3 v\u00e0 k\u1ec3 chuy\u1ec7n.<\/p>\n<p>Rachel Griffin, h\u1ecda s\u0129, s\u1ed1ng c\u00f9ng ch\u1ed3ng  v\u00e0  con  g\u00e1i  Betzy  \u1edf  Bristol. Xu\u1ea5t hi\u1ec7n trong r\u1ea5t nhi\u1ec1u c\u00e1c bu\u1ed5i tri\u1ec3n l\u00e3m, t\u00e1c ph\u1ea9m ngh\u1ec7 thu\u1eadt \u0111\u1eb7c bi\u1ec7t  c\u1ee7a  Rachel  Griffin  t\u1eadn  d\u1ee5ng s\u1ef1  k\u1ebft  h\u1ee3p  gi\u1eefa  c\u00e1c  t\u00e1c  ph\u1ea9m  l\u00e0m b\u1eb1ng tay t\u1eeb gi\u1ea5y b\u00e1o, ch\u1ec9 m\u00e0u, c\u00e1c lo\u1ea1i h\u1ea1t, tem, b\u1ea3n \u0111\u1ed3 v\u00e0 \u0111\u1ed3 g\u1ed1m s\u1ee9. B\u00e0  c\u0169ng  thi\u1ebft  k\u1ebf  c\u00e1c  t\u1ea5m  thi\u1ec7p v\u00e0 l\u1ecbch.<\/p>\n","protected":false},"featured_media":23456,"template":"","meta":{"_acf_changed":false},"product_brand":[],"product_cat":[25,17,26],"product_tag":[83],"class_list":{"0":"post-23457","1":"product","2":"type-product","3":"status-publish","4":"has-post-thumbnail","6":"product_cat-nhi-dong-6-tuoi-12-tuoi","7":"product_cat-sach-danh-cho-cac-be","8":"product_cat-thieu-nien-11-tuoi-18-tuoi","9":"product_tag-sach-moi-xuat-ban","11":"first","12":"instock","13":"taxable","14":"shipping-taxable","15":"purchasable","16":"product-type-simple"},"supplier_id":null,"supplier_sku":"","barcode":null,"atum_controlled":true,"out_stock_date":null,"out_stock_threshold":null,"inheritable":false,"inbound_stock":0,"stock_on_hold":0,"sold_today":0,"sales_last_days":0,"reserved_stock":0,"customer_returns":0,"warehouse_damage":0,"lost_in_post":0,"other_logs":0,"out_stock_days":0,"lost_sales":0,"has_location":false,"update_date":"2026-01-28T23:11:30","atum_locations":[],"atum_stock_status":"instock","restock_status":false,"low_stock_amount":"","sales_update_date":"2026-01-28T23:11:30","calc_backorders":null,"acf":{"publisher":{"ID":1454,"post_author":"1","post_date":"2021-02-17 01:11:34","post_date_gmt":"2021-02-16 23:11:34","post_content":"<!-- wp:flatsome\/uxbuilder -->\n<h1 style=\"text-align: center;\"><strong>Kim \u0110\u1ed3ng<\/strong><\/h1>\n[row]\n\n[col span=\"3\" span__sm=\"12\"]\n\n[ux_image id=\"1534\" image_size=\"medium\"]\n\n\n[\/col]\n[col span=\"9\" span__sm=\"12\"]\n\n<p>Nh\u00e0 xu\u1ea5t b\u1ea3n Kim \u0110\u1ed3ng tr\u1ef1c thu\u1ed9c Trung \u01b0\u01a1ng \u0110o\u00e0n TNCS H\u1ed3 Ch\u00ed Minh l\u00e0 Nh\u00e0 xu\u1ea5t b\u1ea3n t\u1ed5ng h\u1ee3p c\u00f3 ch\u1ee9c n\u0103ng xu\u1ea5t b\u1ea3n s\u00e1ch v\u00e0 v\u0103n h\u00f3a ph\u1ea9m ph\u1ee5c v\u1ee5 thi\u1ebfu nhi v\u00e0 c\u00e1c b\u1eadc ph\u1ee5 huynh trong c\u1ea3 n\u01b0\u1edbc, qu\u1ea3ng b\u00e1 v\u00e0 gi\u1edbi thi\u1ec7u v\u0103n h\u00f3a Vi\u1ec7t Nam ra th\u1ebf gi\u1edbi.<br \/>Nh\u00e0 xu\u1ea5t b\u1ea3n c\u00f3 nhi\u1ec7m v\u1ee5 t\u1ed5 ch\u1ee9c b\u1ea3n th\u1ea3o, bi\u00ean so\u1ea1n, bi\u00ean d\u1ecbch, xu\u1ea5t b\u1ea3n v\u00e0 ph\u00e1t h\u00e0nh c\u00e1c xu\u1ea5t b\u1ea3n ph\u1ea9m c\u00f3 n\u1ed9i dung: gi\u00e1o d\u1ee5c truy\u1ec1n th\u1ed1ng d\u00e2n t\u1ed9c, gi\u00e1o d\u1ee5c v\u1ec1 tri th\u1ee9c, ki\u1ebfn th\u1ee9c\u2026 tr\u00ean c\u00e1c l\u0129nh v\u1ef1c v\u0103n h\u1ecdc, ngh\u1ec7 thu\u1eadt, khoa h\u1ecdc k\u1ef9 thu\u1eadt nh\u1eb1m cung c\u1ea5p cho c\u00e1c em thi\u1ebfu nhi c\u0169ng nh\u01b0 c\u00e1c b\u1eadc ph\u1ee5 huynh c\u00e1c ki\u1ebfn th\u1ee9c c\u1ea7n thi\u1ebft trong cu\u1ed9c s\u1ed1ng, nh\u1eefng tinh hoa c\u1ee7a tri th\u1ee9c nh\u00e2n lo\u1ea1i nh\u1eb1m g\u00f3p ph\u1ea7n gi\u00e1o d\u1ee5c v\u00e0 h\u00ecnh th\u00e0nh nh\u00e2n c\u00e1ch th\u1ebf h\u1ec7 tr\u1ebb.<br \/>\u0110\u1ed1i t\u01b0\u1ee3ng ph\u1ee5c v\u1ee5 c\u1ee7a Nh\u00e0 xu\u1ea5t b\u1ea3n l\u00e0 c\u00e1c em t\u1eeb tu\u1ed5i nh\u00e0 tr\u1ebb m\u1eabu gi\u00e1o (1 \u0111\u1ebfn 5 tu\u1ed5i), nhi \u0111\u1ed3ng (6 \u0111\u1ebfn 9 tu\u1ed5i), thi\u1ebfu ni\u00ean (10 \u0111\u1ebfn 15 tu\u1ed5i) \u0111\u1ebfn c\u00e1c em tu\u1ed5i m\u1edbi l\u1edbn (16 \u0111\u1ebfn 18 tu\u1ed5i) v\u00e0 c\u00e1c b\u1eadc ph\u1ee5 huynh.<\/p>\n\n[\/col]\n\n[\/row]\n\n<!-- \/wp:flatsome\/uxbuilder -->","post_title":"Kim \u0110\u1ed3ng","post_excerpt":"","post_status":"publish","comment_status":"closed","ping_status":"closed","post_password":"","post_name":"kim-dong","to_ping":"","pinged":"","post_modified":"2021-02-17 01:31:56","post_modified_gmt":"2021-02-16 23:31:56","post_content_filtered":"","post_parent":0,"guid":"https:\/\/sachviet.eu\/nha-phat-hanh\/kim-dong\/","menu_order":0,"post_type":"publisher","post_mime_type":"","comment_count":"0","filter":"raw"}},"_links":{"self":[{"href":"https:\/\/sachviet.eu\/en\/wp-json\/wp\/v2\/product\/23457","targetHints":{"allow":["GET"]}}],"collection":[{"href":"https:\/\/sachviet.eu\/en\/wp-json\/wp\/v2\/product"}],"about":[{"href":"https:\/\/sachviet.eu\/en\/wp-json\/wp\/v2\/types\/product"}],"wp:featuredmedia":[{"embeddable":true,"href":"https:\/\/sachviet.eu\/en\/wp-json\/wp\/v2\/media\/23456"}],"wp:attachment":[{"href":"https:\/\/sachviet.eu\/en\/wp-json\/wp\/v2\/media?parent=23457"}],"wp:term":[{"taxonomy":"product_brand","embeddable":true,"href":"https:\/\/sachviet.eu\/en\/wp-json\/wp\/v2\/product_brand?post=23457"},{"taxonomy":"product_cat","embeddable":true,"href":"https:\/\/sachviet.eu\/en\/wp-json\/wp\/v2\/product_cat?post=23457"},{"taxonomy":"product_tag","embeddable":true,"href":"https:\/\/sachviet.eu\/en\/wp-json\/wp\/v2\/product_tag?post=23457"}],"curies":[{"name":"wp","href":"https:\/\/api.w.org\/{rel}","templated":true}]}}