{"id":23455,"date":"2023-04-04T22:50:40","date_gmt":"2023-04-04T19:50:40","guid":{"rendered":"https:\/\/sachviet.eu\/shop\/rong-mo-trai-tim-bo-2-cuon-cao-van-o-day-tren-cay-ky-uc-chuot-nho-bay-qua-tuong-do\/"},"modified":"2024-09-08T01:47:42","modified_gmt":"2024-09-07T22:47:42","slug":"rong-mo-trai-tim-bo-2-cuon-cao-van-o-day-tren-cay-ky-uc-chuot-nho-bay-qua-tuong-do","status":"publish","type":"product","link":"https:\/\/sachviet.eu\/en\/shop\/rong-mo-trai-tim-bo-2-cuon-cao-van-o-day-tren-cay-ky-uc-chuot-nho-bay-qua-tuong-do\/","title":{"rendered":"R\u1ed9ng M\u1edf Tr\u00e1i Tim (B\u1ed9 2 cu\u1ed1n): C\u00e1o v\u1eabn \u1edf \u0111\u00e2y, tr\u00ean c\u00e2y k\u00fd \u1ee9c + Chu\u1ed9t nh\u1ecf bay qua t\u01b0\u1eddng \u0111\u1ecf"},"content":{"rendered":"<p>R\u1ed9ng m\u1edf tr\u00e1i tim \u2013 b\u1ed9 s\u00e1ch gi\u00fap c\u00e1c b\u1ea1n nh\u1ecf bi\u1ebft v\u01b0\u1ee3t qua n\u1ed7i s\u1ee3 h\u00e3i c\u1ee7a ch\u00ednh b\u1ea3n th\u00e2n m\u00ecnh, v\u00e0 bi\u1ebft c\u00e1ch trao g\u1eedi t\u00ecnh y\u00eau th\u01b0\u01a1ng cho b\u1ea1n b\u00e8, ng\u01b0\u1eddi th\u00e2n\u2026 trong cu\u1ed9c s\u1ed1ng nh\u1edd nh\u1eefng c\u00e2u chuy\u1ec7n nh\u1eb9 nh\u00e0ng m\u00e0 \u0111\u1ea7y s\u00e2u l\u1eafng.<\/p>\n<p>B\u1ed9 s\u00e1ch g\u1ed3m 2 cu\u1ed1n, ph\u00f9 h\u1ee3p v\u1edbi tr\u1ebb t\u1eeb 3 tu\u1ed5i tr\u1edf l\u00ean. V\u1edbi c\u00e2u chuy\u1ec7n c\u1ea3m \u0111\u1ed9ng k\u1ec3 v\u1ec1 ch\u00fa c\u00e1o t\u1ed1t b\u1ee5ng \u0111\u00e3 s\u1ed1ng th\u1eadt h\u1ea1nh ph\u00fac b\u00ean b\u1ea1n b\u00e8, tr\u1ebb s\u1ebd hi\u1ec3u \u0111\u01b0\u1ee3c r\u1eb1ng n\u1ebfu ta y\u00eau th\u01b0\u01a1ng v\u00e0 th\u01b0\u1eddng nh\u1edb v\u1ec1 ai \u0111\u00f3 th\u00ec h\u1ecd s\u1ebd v\u1eabn lu\u00f4n \u1edf l\u1ea1i b\u00ean ta d\u00f9 cho h\u1ecd c\u00f3 \u0111i xa m\u00e3i m\u00e3i. C\u00f2n v\u1edbi c\u00e2u chuy\u1ec7n l\u00fd th\u00fa, b\u1ed5 \u00edch v\u1ec1 ch\u00fa chu\u1ed9t nh\u1ecf th\u00edch kh\u00e1m ph\u00e1, c\u00e1c b\u1ea1n nh\u1ecf s\u1ebd bi\u1ebft c\u00e1ch m\u1edf tr\u00e1i tim, m\u1edf t\u00e2m tr\u00ed v\u01b0\u1ee3t qua n\u1ed7i s\u1ee3 h\u00e3i c\u1ee7a b\u1ea3n th\u00e2n \u0111\u1ec3 kh\u00e1m ph\u00e1 th\u1ebf gi\u1edbi bao la.<\/p>\n","protected":false},"excerpt":{"rendered":"<p>R\u1ed9ng m\u1edf tr\u00e1i tim \u2013 b\u1ed9 s\u00e1ch gi\u00fap c\u00e1c b\u1ea1n nh\u1ecf bi\u1ebft v\u01b0\u1ee3t qua n\u1ed7i s\u1ee3 h\u00e3i c\u1ee7a ch\u00ednh b\u1ea3n th\u00e2n m\u00ecnh, v\u00e0 bi\u1ebft c\u00e1ch trao g\u1eedi t\u00ecnh y\u00eau th\u01b0\u01a1ng cho b\u1ea1n b\u00e8, ng\u01b0\u1eddi th\u00e2n\u2026 trong cu\u1ed9c s\u1ed1ng nh\u1edd nh\u1eefng c\u00e2u chuy\u1ec7n nh\u1eb9 nh\u00e0ng m\u00e0 \u0111\u1ea7y s\u00e2u l\u1eafng.<\/p>\n<p>B\u1ed9 s\u00e1ch g\u1ed3m 2 cu\u1ed1n, ph\u00f9 h\u1ee3p v\u1edbi tr\u1ebb t\u1eeb 3 tu\u1ed5i tr\u1edf l\u00ean. V\u1edbi c\u00e2u chuy\u1ec7n c\u1ea3m \u0111\u1ed9ng k\u1ec3 v\u1ec1 ch\u00fa c\u00e1o t\u1ed1t b\u1ee5ng \u0111\u00e3 s\u1ed1ng th\u1eadt h\u1ea1nh ph\u00fac b\u00ean b\u1ea1n b\u00e8, tr\u1ebb s\u1ebd hi\u1ec3u \u0111\u01b0\u1ee3c r\u1eb1ng n\u1ebfu ta y\u00eau th\u01b0\u01a1ng v\u00e0 th\u01b0\u1eddng nh\u1edb v\u1ec1 ai \u0111\u00f3 th\u00ec h\u1ecd s\u1ebd v\u1eabn lu\u00f4n \u1edf l\u1ea1i b\u00ean ta d\u00f9 cho h\u1ecd c\u00f3 \u0111i xa m\u00e3i m\u00e3i. C\u00f2n v\u1edbi c\u00e2u chuy\u1ec7n l\u00fd th\u00fa, b\u1ed5 \u00edch v\u1ec1 ch\u00fa chu\u1ed9t nh\u1ecf th\u00edch kh\u00e1m ph\u00e1, c\u00e1c b\u1ea1n nh\u1ecf s\u1ebd bi\u1ebft c\u00e1ch m\u1edf tr\u00e1i tim, m\u1edf t\u00e2m tr\u00ed v\u01b0\u1ee3t qua n\u1ed7i s\u1ee3 h\u00e3i c\u1ee7a b\u1ea3n th\u00e2n \u0111\u1ec3 kh\u00e1m ph\u00e1 th\u1ebf gi\u1edbi bao la.<\/p>\n","protected":false},"featured_media":23468,"template":"","meta":{"_acf_changed":false},"product_brand":[],"product_cat":[24,25,17],"product_tag":[83],"class_list":{"0":"post-23455","1":"product","2":"type-product","3":"status-publish","4":"has-post-thumbnail","6":"product_cat-nha-tre-mau-giao-0-tuoi-6-tuoi","7":"product_cat-nhi-dong-6-tuoi-12-tuoi","8":"product_cat-sach-danh-cho-cac-be","9":"product_tag-sach-moi-xuat-ban","11":"first","12":"outofstock","13":"taxable","14":"shipping-taxable","15":"purchasable","16":"product-type-simple"},"supplier_id":null,"supplier_sku":"","barcode":null,"atum_controlled":true,"out_stock_date":"2024-09-07 22:47:42","out_stock_threshold":null,"inheritable":false,"inbound_stock":0,"stock_on_hold":0,"sold_today":0,"sales_last_days":0,"reserved_stock":0,"customer_returns":0,"warehouse_damage":0,"lost_in_post":0,"other_logs":0,"out_stock_days":508,"lost_sales":0,"has_location":false,"update_date":"2026-01-28T23:11:25","atum_locations":[],"atum_stock_status":"outofstock","restock_status":false,"low_stock_amount":"","sales_update_date":"2026-01-28T23:11:25","calc_backorders":null,"acf":{"publisher":{"ID":23454,"post_author":"1","post_date":"2023-04-04 22:50:39","post_date_gmt":"2023-04-04 19:50:39","post_content":"","post_title":"Gi\u00e1o D\u1ee5c Vi\u1ec7t Nam","post_excerpt":"","post_status":"publish","comment_status":"closed","ping_status":"closed","post_password":"","post_name":"giao-duc-viet-nam","to_ping":"","pinged":"","post_modified":"2023-04-04 22:50:39","post_modified_gmt":"2023-04-04 19:50:39","post_content_filtered":"","post_parent":0,"guid":"https:\/\/sachviet.eu\/nha-phat-hanh\/giao-duc-viet-nam\/","menu_order":0,"post_type":"publisher","post_mime_type":"","comment_count":"0","filter":"raw"}},"_links":{"self":[{"href":"https:\/\/sachviet.eu\/en\/wp-json\/wp\/v2\/product\/23455","targetHints":{"allow":["GET"]}}],"collection":[{"href":"https:\/\/sachviet.eu\/en\/wp-json\/wp\/v2\/product"}],"about":[{"href":"https:\/\/sachviet.eu\/en\/wp-json\/wp\/v2\/types\/product"}],"wp:featuredmedia":[{"embeddable":true,"href":"https:\/\/sachviet.eu\/en\/wp-json\/wp\/v2\/media\/23468"}],"wp:attachment":[{"href":"https:\/\/sachviet.eu\/en\/wp-json\/wp\/v2\/media?parent=23455"}],"wp:term":[{"taxonomy":"product_brand","embeddable":true,"href":"https:\/\/sachviet.eu\/en\/wp-json\/wp\/v2\/product_brand?post=23455"},{"taxonomy":"product_cat","embeddable":true,"href":"https:\/\/sachviet.eu\/en\/wp-json\/wp\/v2\/product_cat?post=23455"},{"taxonomy":"product_tag","embeddable":true,"href":"https:\/\/sachviet.eu\/en\/wp-json\/wp\/v2\/product_tag?post=23455"}],"curies":[{"name":"wp","href":"https:\/\/api.w.org\/{rel}","templated":true}]}}