{"id":23451,"date":"2023-04-04T22:50:30","date_gmt":"2023-04-04T19:50:30","guid":{"rendered":"https:\/\/sachviet.eu\/shop\/la-minh-chi-la-ban-la-viec-cua-minh-la-choi\/"},"modified":"2024-10-21T11:12:43","modified_gmt":"2024-10-21T08:12:43","slug":"la-minh-chi-la-ban-la-viec-cua-minh-la-choi","status":"publish","type":"product","link":"https:\/\/sachviet.eu\/en\/shop\/la-minh-chi-la-ban-la-viec-cua-minh-la-choi\/","title":{"rendered":"L\u00e1 &#8211; M\u00ecnh ch\u1ec9 l\u00e0 b\u1ea1n L\u00e1, vi\u1ec7c c\u1ee7a m\u00ecnh l\u00e0 ch\u01a1i"},"content":{"rendered":"<p>M\u1eb9 \u0111\u1ec3 d\u00e0nh cho con<\/p>\n<p>M\u1ed9t khu v\u01b0\u1eddn \u0111\u1ea7y n\u1eafng<\/p>\n<p>L\u0169 m\u00e8o con l\u00f4ng tr\u1eafng<\/p>\n<p>V\u00e0 n\u1ee5 c\u01b0\u1eddi c\u1ee7a ba!<\/p>\n<p>(Khu v\u01b0\u1eddn c\u1ee7a m\u1eb9)<\/p>\n<p>Ch\u00e0o b\u1ea1n \u0111\u1ebfn v\u1edbi th\u1ebf gi\u1edbi c\u1ee7a b\u00e9 &#8220;L\u00c1&#8221;. L\u00c1 l\u00e0 1 em b\u00e9 3 tu\u1ed5i, \u0103n ngon, ng\u1ee7 ngoan, ch\u01a1i ngoan c\u00f9ng c\u00e1c b\u1ea1n. L\u00c1 \u0111ang \u1edf ng\u01b0\u1ee1ng c\u1eeda t\u00f2 m\u00f2 v\u00e0 kh\u00e1m ph\u00e1 th\u1ebf gi\u1edbi t\u1ef1 nhi\u00ean xung quanh, t\u1eeb c\u00e2y rau, chi\u1ebfc l\u00e1, \u0111\u1ebfn th\u1ebf gi\u1edbi \u0111\u1ed9ng v\u1eadt sinh \u0111\u1ed9ng.<\/p>\n<p>\u1ede \u0111\u00f3, c\u00e1c con c\u00f3 v\u00f4 v\u00e0n th\u1eafc m\u1eafc, \u0111\u00f4i khi khi\u1ebfn c\u00e1c b\u1eadc cha m\u1eb9 ph\u1ea3i \u0111au \u0111\u1ea7u!<\/p>\n<p>T\u1ea1i sao b\u1ee5ng ba l\u1ea1i to th\u1ebf? T\u1ea1i sao \u00f4ng tr\u0103ng bi\u1ebft ch\u1ea1y? T\u1ea1i sao l\u1ea1i c\u00f3 \u00f4ng m\u1eb7t tr\u1eddi? V\u00e0 t\u1ea1i sao bi\u1ebft ph\u00e2n bi\u1ec7t d\u00e9p tr\u00e1i, d\u00e9p ph\u1ea3i h\u1ea3 m\u1eb9?<\/p>\n<p>\u00c0! V\u1eady th\u00ec b\u1ea1n \u0111\u1ecdc &#8220;L\u00c1&#8221; \u0111i n\u00e0o. H\u01a1n 30 b\u00e0i th\u01a1 nh\u1ecf c\u1ee7a t\u00e1c gi\u1ea3 Mai \u0110\u1eadu H\u0169 c\u00f9ng n\u00e9t v\u1ebd xinh x\u1eafn c\u1ee7a c\u00f4 Hu\u00e8n, s\u1ebd l\u00e0 nh\u1eefng l\u00ed gi\u1ea3i thi\u1ec7t \u0111\u00e1ng y\u00eau, sinh \u0111\u1ed9ng theo c\u00e1ch nh\u00ecn trong s\u00e1ng c\u1ee7a tr\u1ebb th\u01a1.<\/p>\n<p>H\u00e3y s\u1eb5n s\u00e0ng b\u01b0\u1edbc v\u00e0o khu v\u01b0\u1eddn c\u1ee7a m\u1eb9, \u0111\u1ec3 c\u00f9ng nh\u1eb7t &#8220;L\u00c1&#8221;. Ch\u1eafc ch\u1eafn \u0111\u00e2y s\u1ebd l\u00e0 m\u00f3n qu\u00e0 \u00fd ngh\u0129a nh\u00e2n d\u1ecbp Gi\u00e1ng sinh v\u00e0 N\u0103m m\u1edbi an l\u00e0nh cho t\u1ea5t c\u1ea3 c\u00e1c gia \u0111\u00ecnh.<\/p>\n","protected":false},"excerpt":{"rendered":"<p>M\u1eb9 \u0111\u1ec3 d\u00e0nh cho con<\/p>\n<p>M\u1ed9t khu v\u01b0\u1eddn \u0111\u1ea7y n\u1eafng<\/p>\n<p>L\u0169 m\u00e8o con l\u00f4ng tr\u1eafng<\/p>\n<p>V\u00e0 n\u1ee5 c\u01b0\u1eddi c\u1ee7a ba!<\/p>\n<p>(Khu v\u01b0\u1eddn c\u1ee7a m\u1eb9)<\/p>\n<p>Ch\u00e0o b\u1ea1n \u0111\u1ebfn v\u1edbi th\u1ebf gi\u1edbi c\u1ee7a b\u00e9 &#8220;L\u00c1&#8221;. L\u00c1 l\u00e0 1 em b\u00e9 3 tu\u1ed5i, \u0103n ngon, ng\u1ee7 ngoan, ch\u01a1i ngoan c\u00f9ng c\u00e1c b\u1ea1n. L\u00c1 \u0111ang \u1edf ng\u01b0\u1ee1ng c\u1eeda t\u00f2 m\u00f2 v\u00e0 kh\u00e1m ph\u00e1 th\u1ebf gi\u1edbi t\u1ef1 nhi\u00ean xung quanh, t\u1eeb c\u00e2y rau, chi\u1ebfc l\u00e1, \u0111\u1ebfn th\u1ebf gi\u1edbi \u0111\u1ed9ng v\u1eadt sinh \u0111\u1ed9ng.<\/p>\n<p>\u1ede \u0111\u00f3, c\u00e1c con c\u00f3 v\u00f4 v\u00e0n th\u1eafc m\u1eafc, \u0111\u00f4i khi khi\u1ebfn c\u00e1c b\u1eadc cha m\u1eb9 ph\u1ea3i \u0111au \u0111\u1ea7u!<\/p>\n<p>T\u1ea1i sao b\u1ee5ng ba l\u1ea1i to th\u1ebf? T\u1ea1i sao \u00f4ng tr\u0103ng bi\u1ebft ch\u1ea1y? T\u1ea1i sao l\u1ea1i c\u00f3 \u00f4ng m\u1eb7t tr\u1eddi? V\u00e0 t\u1ea1i sao bi\u1ebft ph\u00e2n bi\u1ec7t d\u00e9p tr\u00e1i, d\u00e9p ph\u1ea3i h\u1ea3 m\u1eb9?<\/p>\n<p>\u00c0! V\u1eady th\u00ec b\u1ea1n \u0111\u1ecdc &#8220;L\u00c1&#8221; \u0111i n\u00e0o. H\u01a1n 30 b\u00e0i th\u01a1 nh\u1ecf c\u1ee7a t\u00e1c gi\u1ea3 Mai \u0110\u1eadu H\u0169 c\u00f9ng n\u00e9t v\u1ebd xinh x\u1eafn c\u1ee7a c\u00f4 Hu\u00e8n, s\u1ebd l\u00e0 nh\u1eefng l\u00ed gi\u1ea3i thi\u1ec7t \u0111\u00e1ng y\u00eau, sinh \u0111\u1ed9ng theo c\u00e1ch nh\u00ecn trong s\u00e1ng c\u1ee7a tr\u1ebb th\u01a1.<\/p>\n<p>H\u00e3y s\u1eb5n s\u00e0ng b\u01b0\u1edbc v\u00e0o khu v\u01b0\u1eddn c\u1ee7a m\u1eb9, \u0111\u1ec3 c\u00f9ng nh\u1eb7t &#8220;L\u00c1&#8221;. Ch\u1eafc ch\u1eafn \u0111\u00e2y s\u1ebd l\u00e0 m\u00f3n qu\u00e0 \u00fd ngh\u0129a nh\u00e2n d\u1ecbp Gi\u00e1ng sinh v\u00e0 N\u0103m m\u1edbi an l\u00e0nh cho t\u1ea5t c\u1ea3 c\u00e1c gia \u0111\u00ecnh.<\/p>\n","protected":false},"featured_media":23450,"template":"","meta":{"_acf_changed":false},"product_brand":[],"product_cat":[24,25,17],"product_tag":[83],"class_list":{"0":"post-23451","1":"product","2":"type-product","3":"status-publish","4":"has-post-thumbnail","6":"product_cat-nha-tre-mau-giao-0-tuoi-6-tuoi","7":"product_cat-nhi-dong-6-tuoi-12-tuoi","8":"product_cat-sach-danh-cho-cac-be","9":"product_tag-sach-moi-xuat-ban","11":"first","12":"outofstock","13":"taxable","14":"shipping-taxable","15":"purchasable","16":"product-type-simple"},"supplier_id":null,"supplier_sku":"","barcode":null,"atum_controlled":true,"out_stock_date":"2024-10-21 08:12:43","out_stock_threshold":null,"inheritable":false,"inbound_stock":0,"stock_on_hold":0,"sold_today":0,"sales_last_days":0,"reserved_stock":0,"customer_returns":0,"warehouse_damage":0,"lost_in_post":0,"other_logs":0,"out_stock_days":464,"lost_sales":0,"has_location":false,"update_date":"2026-01-28T23:11:26","atum_locations":[],"atum_stock_status":"outofstock","restock_status":false,"low_stock_amount":"","sales_update_date":"2026-01-28T23:11:26","calc_backorders":null,"acf":{"publisher":{"ID":15186,"post_author":"1","post_date":"2021-08-04 14:56:51","post_date_gmt":"2021-08-04 11:56:51","post_content":"","post_title":"DU B\u00daT","post_excerpt":"","post_status":"publish","comment_status":"closed","ping_status":"closed","post_password":"","post_name":"du-but","to_ping":"","pinged":"","post_modified":"2021-08-04 14:56:51","post_modified_gmt":"2021-08-04 11:56:51","post_content_filtered":"","post_parent":0,"guid":"https:\/\/sachviet.eu\/nha-phat-hanh\/du-but\/","menu_order":0,"post_type":"publisher","post_mime_type":"","comment_count":"0","filter":"raw"}},"_links":{"self":[{"href":"https:\/\/sachviet.eu\/en\/wp-json\/wp\/v2\/product\/23451","targetHints":{"allow":["GET"]}}],"collection":[{"href":"https:\/\/sachviet.eu\/en\/wp-json\/wp\/v2\/product"}],"about":[{"href":"https:\/\/sachviet.eu\/en\/wp-json\/wp\/v2\/types\/product"}],"wp:featuredmedia":[{"embeddable":true,"href":"https:\/\/sachviet.eu\/en\/wp-json\/wp\/v2\/media\/23450"}],"wp:attachment":[{"href":"https:\/\/sachviet.eu\/en\/wp-json\/wp\/v2\/media?parent=23451"}],"wp:term":[{"taxonomy":"product_brand","embeddable":true,"href":"https:\/\/sachviet.eu\/en\/wp-json\/wp\/v2\/product_brand?post=23451"},{"taxonomy":"product_cat","embeddable":true,"href":"https:\/\/sachviet.eu\/en\/wp-json\/wp\/v2\/product_cat?post=23451"},{"taxonomy":"product_tag","embeddable":true,"href":"https:\/\/sachviet.eu\/en\/wp-json\/wp\/v2\/product_tag?post=23451"}],"curies":[{"name":"wp","href":"https:\/\/api.w.org\/{rel}","templated":true}]}}