{"id":23449,"date":"2023-04-04T22:50:25","date_gmt":"2023-04-04T19:50:25","guid":{"rendered":"https:\/\/sachviet.eu\/shop\/lua-chon\/"},"modified":"2023-09-01T22:43:36","modified_gmt":"2023-09-01T19:43:36","slug":"lua-chon","status":"publish","type":"product","link":"https:\/\/sachviet.eu\/en\/shop\/lua-chon\/","title":{"rendered":"L\u1ef1a Ch\u1ecdn"},"content":{"rendered":"<p>L\u1ef0A CH\u1eccN (CHOICE) &#8211; A short graphic novel by Ho\u00e0ng Giang<\/p>\n<p>\u0110\u1eebng chu\u1ea9n b\u1ecb g\u00ec khi b\u01b0\u1edbc v\u00e0o th\u1ebf gi\u1edbi c\u1ee7a L\u1ef0A CH\u1eccN, v\u00e0 \u0111\u1ec3 cho tr\u00e1i tim b\u1ea1n quy\u1ebft \u0111\u1ecbnh&#8230;<\/p>\n<p>L\u1ef0A CH\u1eccN v\u1ed1n l\u00e0 \u0111\u1ec1 t\u00e0i t\u1ed1t nghi\u1ec7p l\u1edbp th\u1ea1c s\u0129 (MA) chuy\u00ean ng\u00e0nh \u201cIllustrations and Book Arts\u201d c\u1ee7a t\u00e1c gi\u1ea3 &#8211; h\u1ecda s\u0129 Ho\u00e0ng Giang t\u1ea1i \u0110\u1ea1i h\u1ecdc Anglia Ruskin \u1edf Cambridge v\u00e0o n\u0103m 2017 v\u1edbi t\u00ean Choice. \u0110\u00e2y c\u0169ng l\u00e0 t\u00e1c ph\u1ea9m graphic novel \u0111\u1ea7u ti\u00ean thu\u1ed9c th\u01b0\u01a1ng hi\u1ec7u Wings Books, m\u1ed9t d\u1ef1 \u00e1n \u0111\u1ea7y t\u00ednh th\u1ec3 nghi\u1ec7m v\u00e0 s\u00e1ng t\u1ea1o \u0111\u01b0\u1ee3c NXB Kim \u0110\u1ed3ng v\u00e0 Wings Books \u1ee7ng h\u1ed9, gi\u1edbi thi\u1ec7u \u0111\u1ebfn b\u1ea1n \u0111\u1ecdc.<\/p>\n<p>L\u1ef0A CH\u1eccN k\u1ec3 v\u1edbi b\u1ea1n m\u1ed9t c\u00e2u chuy\u1ec7n \u0111\u1ea7y t\u00ednh bi\u1ec3u t\u01b0\u1ee3ng, r\u1ea5t \u00edt l\u1eddi v\u00e0 g\u1ea7n nh\u01b0 kh\u00f4ng c\u00f3. Nh\u01b0ng nh\u1eefng khung tranh chuy\u1ec3n \u0111\u1ed9ng tinh t\u1ebf \u0111\u1ebfn m\u1ee9c b\u1ea1n c\u00f3 c\u1ea3m gi\u00e1c nh\u01b0 m\u00ecnh \u0111ang xem m\u1ed9t b\u1ed9 phim quay ch\u1eadm v\u1ec1 s\u1ed1 ph\u1eadn c\u1ee7a m\u1ed9t t\u00e2m h\u1ed3n th\u01a1 tr\u1ebb, m\u1ed9t \u0111\u00f3a hoa b\u00e9 b\u1ecfng, mong manh tr\u01b0\u1edbc nh\u1eefng n\u1ed7i khi\u1ebfp s\u1ee3, hi\u1ec3m nguy kh\u00f4ng ng\u1edd v\u00e0 c\u1ea3 nh\u1eefng n\u1ed7i \u0111au qu\u00e1 l\u1edbn&#8230;<\/p>\n<p>M\u1ed9t t\u00e1c ph\u1ea9m \u0111\u1ec1 c\u1eadp \u0111\u1ebfn v\u1ea5n \u0111\u1ec1 t\u00e2m l\u00ed &#8211; x\u00e3 h\u1ed9i c\u00f3 t\u00ednh gai g\u00f3c, nh\u01b0ng L\u1ef0A CH\u1eccN v\u1eabn s\u1ebd cu\u1ed1n h\u00fat b\u1ea1n \u0111i h\u1ebft h\u00e0nh tr\u00ecnh, \u0111\u1ee7 s\u1ee9c khi\u1ebfn tr\u00e1i tim b\u1ea1n \u0111\u1eadp vang l\u00ean nh\u1eefng nh\u1ecbp \u0111\u1eadp s\u00e2u th\u1eb3m, tin t\u01b0\u1edfng xen l\u1eabn h\u1ed3 nghi, x\u00f3t xa nh\u01b0ng kh\u00f4ng tuy\u1ec7t v\u1ecdng, theo c\u00e1i c\u00e1ch m\u00e0 b\u1ea1n s\u1ebd kh\u00f4ng th\u1ec3 n\u00e0o ng\u1edd \u0111\u1ebfn.<\/p>\n","protected":false},"excerpt":{"rendered":"<p>L\u1ef0A CH\u1eccN (CHOICE) &#8211; A short graphic novel by Ho\u00e0ng Giang<\/p>\n<p>\u0110\u1eebng chu\u1ea9n b\u1ecb g\u00ec khi b\u01b0\u1edbc v\u00e0o th\u1ebf gi\u1edbi c\u1ee7a L\u1ef0A CH\u1eccN, v\u00e0 \u0111\u1ec3 cho tr\u00e1i tim b\u1ea1n quy\u1ebft \u0111\u1ecbnh&#8230;<\/p>\n<p>L\u1ef0A CH\u1eccN v\u1ed1n l\u00e0 \u0111\u1ec1 t\u00e0i t\u1ed1t nghi\u1ec7p l\u1edbp th\u1ea1c s\u0129 (MA) chuy\u00ean ng\u00e0nh \u201cIllustrations and Book Arts\u201d c\u1ee7a t\u00e1c gi\u1ea3 &#8211; h\u1ecda s\u0129 Ho\u00e0ng Giang t\u1ea1i \u0110\u1ea1i h\u1ecdc Anglia Ruskin \u1edf Cambridge v\u00e0o n\u0103m 2017 v\u1edbi t\u00ean Choice. \u0110\u00e2y c\u0169ng l\u00e0 t\u00e1c ph\u1ea9m graphic novel \u0111\u1ea7u ti\u00ean thu\u1ed9c th\u01b0\u01a1ng hi\u1ec7u Wings Books, m\u1ed9t d\u1ef1 \u00e1n \u0111\u1ea7y t\u00ednh th\u1ec3 nghi\u1ec7m v\u00e0 s\u00e1ng t\u1ea1o \u0111\u01b0\u1ee3c NXB Kim \u0110\u1ed3ng v\u00e0 Wings Books \u1ee7ng h\u1ed9, gi\u1edbi thi\u1ec7u \u0111\u1ebfn b\u1ea1n \u0111\u1ecdc.<\/p>\n<p>L\u1ef0A CH\u1eccN k\u1ec3 v\u1edbi b\u1ea1n m\u1ed9t c\u00e2u chuy\u1ec7n \u0111\u1ea7y t\u00ednh bi\u1ec3u t\u01b0\u1ee3ng, r\u1ea5t \u00edt l\u1eddi v\u00e0 g\u1ea7n nh\u01b0 kh\u00f4ng c\u00f3. Nh\u01b0ng nh\u1eefng khung tranh chuy\u1ec3n \u0111\u1ed9ng tinh t\u1ebf \u0111\u1ebfn m\u1ee9c b\u1ea1n c\u00f3 c\u1ea3m gi\u00e1c nh\u01b0 m\u00ecnh \u0111ang xem m\u1ed9t b\u1ed9 phim quay ch\u1eadm v\u1ec1 s\u1ed1 ph\u1eadn c\u1ee7a m\u1ed9t t\u00e2m h\u1ed3n th\u01a1 tr\u1ebb, m\u1ed9t \u0111\u00f3a hoa b\u00e9 b\u1ecfng, mong manh tr\u01b0\u1edbc nh\u1eefng n\u1ed7i khi\u1ebfp s\u1ee3, hi\u1ec3m nguy kh\u00f4ng ng\u1edd v\u00e0 c\u1ea3 nh\u1eefng n\u1ed7i \u0111au qu\u00e1 l\u1edbn&#8230;<\/p>\n<p>M\u1ed9t t\u00e1c ph\u1ea9m \u0111\u1ec1 c\u1eadp \u0111\u1ebfn v\u1ea5n \u0111\u1ec1 t\u00e2m l\u00ed &#8211; x\u00e3 h\u1ed9i c\u00f3 t\u00ednh gai g\u00f3c, nh\u01b0ng L\u1ef0A CH\u1eccN v\u1eabn s\u1ebd cu\u1ed1n h\u00fat b\u1ea1n \u0111i h\u1ebft h\u00e0nh tr\u00ecnh, \u0111\u1ee7 s\u1ee9c khi\u1ebfn tr\u00e1i tim b\u1ea1n \u0111\u1eadp vang l\u00ean nh\u1eefng nh\u1ecbp \u0111\u1eadp s\u00e2u th\u1eb3m, tin t\u01b0\u1edfng xen l\u1eabn h\u1ed3 nghi, x\u00f3t xa nh\u01b0ng kh\u00f4ng tuy\u1ec7t v\u1ecdng, theo c\u00e1i c\u00e1ch m\u00e0 b\u1ea1n s\u1ebd kh\u00f4ng th\u1ec3 n\u00e0o ng\u1edd \u0111\u1ebfn.<\/p>\n","protected":false},"featured_media":23448,"template":"","meta":{"_acf_changed":false},"product_brand":[],"product_cat":[25,17,26],"product_tag":[83],"class_list":{"0":"post-23449","1":"product","2":"type-product","3":"status-publish","4":"has-post-thumbnail","6":"product_cat-nhi-dong-6-tuoi-12-tuoi","7":"product_cat-sach-danh-cho-cac-be","8":"product_cat-thieu-nien-11-tuoi-18-tuoi","9":"product_tag-sach-moi-xuat-ban","11":"first","12":"outofstock","13":"taxable","14":"shipping-taxable","15":"purchasable","16":"product-type-simple"},"supplier_id":null,"supplier_sku":"","barcode":null,"atum_controlled":true,"out_stock_date":"2023-09-01 19:43:36","out_stock_threshold":null,"inheritable":false,"inbound_stock":0,"stock_on_hold":0,"sold_today":0,"sales_last_days":0,"reserved_stock":0,"customer_returns":0,"warehouse_damage":0,"lost_in_post":0,"other_logs":0,"out_stock_days":880,"lost_sales":0,"has_location":false,"update_date":"2026-01-28T23:11:15","atum_locations":[],"atum_stock_status":"outofstock","restock_status":false,"low_stock_amount":"","sales_update_date":"2026-01-28T23:11:15","calc_backorders":null,"acf":{"publisher":{"ID":1454,"post_author":"1","post_date":"2021-02-17 01:11:34","post_date_gmt":"2021-02-16 23:11:34","post_content":"<!-- wp:flatsome\/uxbuilder -->\n<h1 style=\"text-align: center;\"><strong>Kim \u0110\u1ed3ng<\/strong><\/h1>\n[row]\n\n[col span=\"3\" span__sm=\"12\"]\n\n[ux_image id=\"1534\" image_size=\"medium\"]\n\n\n[\/col]\n[col span=\"9\" span__sm=\"12\"]\n\n<p>Nh\u00e0 xu\u1ea5t b\u1ea3n Kim \u0110\u1ed3ng tr\u1ef1c thu\u1ed9c Trung \u01b0\u01a1ng \u0110o\u00e0n TNCS H\u1ed3 Ch\u00ed Minh l\u00e0 Nh\u00e0 xu\u1ea5t b\u1ea3n t\u1ed5ng h\u1ee3p c\u00f3 ch\u1ee9c n\u0103ng xu\u1ea5t b\u1ea3n s\u00e1ch v\u00e0 v\u0103n h\u00f3a ph\u1ea9m ph\u1ee5c v\u1ee5 thi\u1ebfu nhi v\u00e0 c\u00e1c b\u1eadc ph\u1ee5 huynh trong c\u1ea3 n\u01b0\u1edbc, qu\u1ea3ng b\u00e1 v\u00e0 gi\u1edbi thi\u1ec7u v\u0103n h\u00f3a Vi\u1ec7t Nam ra th\u1ebf gi\u1edbi.<br \/>Nh\u00e0 xu\u1ea5t b\u1ea3n c\u00f3 nhi\u1ec7m v\u1ee5 t\u1ed5 ch\u1ee9c b\u1ea3n th\u1ea3o, bi\u00ean so\u1ea1n, bi\u00ean d\u1ecbch, xu\u1ea5t b\u1ea3n v\u00e0 ph\u00e1t h\u00e0nh c\u00e1c xu\u1ea5t b\u1ea3n ph\u1ea9m c\u00f3 n\u1ed9i dung: gi\u00e1o d\u1ee5c truy\u1ec1n th\u1ed1ng d\u00e2n t\u1ed9c, gi\u00e1o d\u1ee5c v\u1ec1 tri th\u1ee9c, ki\u1ebfn th\u1ee9c\u2026 tr\u00ean c\u00e1c l\u0129nh v\u1ef1c v\u0103n h\u1ecdc, ngh\u1ec7 thu\u1eadt, khoa h\u1ecdc k\u1ef9 thu\u1eadt nh\u1eb1m cung c\u1ea5p cho c\u00e1c em thi\u1ebfu nhi c\u0169ng nh\u01b0 c\u00e1c b\u1eadc ph\u1ee5 huynh c\u00e1c ki\u1ebfn th\u1ee9c c\u1ea7n thi\u1ebft trong cu\u1ed9c s\u1ed1ng, nh\u1eefng tinh hoa c\u1ee7a tri th\u1ee9c nh\u00e2n lo\u1ea1i nh\u1eb1m g\u00f3p ph\u1ea7n gi\u00e1o d\u1ee5c v\u00e0 h\u00ecnh th\u00e0nh nh\u00e2n c\u00e1ch th\u1ebf h\u1ec7 tr\u1ebb.<br \/>\u0110\u1ed1i t\u01b0\u1ee3ng ph\u1ee5c v\u1ee5 c\u1ee7a Nh\u00e0 xu\u1ea5t b\u1ea3n l\u00e0 c\u00e1c em t\u1eeb tu\u1ed5i nh\u00e0 tr\u1ebb m\u1eabu gi\u00e1o (1 \u0111\u1ebfn 5 tu\u1ed5i), nhi \u0111\u1ed3ng (6 \u0111\u1ebfn 9 tu\u1ed5i), thi\u1ebfu ni\u00ean (10 \u0111\u1ebfn 15 tu\u1ed5i) \u0111\u1ebfn c\u00e1c em tu\u1ed5i m\u1edbi l\u1edbn (16 \u0111\u1ebfn 18 tu\u1ed5i) v\u00e0 c\u00e1c b\u1eadc ph\u1ee5 huynh.<\/p>\n\n[\/col]\n\n[\/row]\n\n<!-- \/wp:flatsome\/uxbuilder -->","post_title":"Kim \u0110\u1ed3ng","post_excerpt":"","post_status":"publish","comment_status":"closed","ping_status":"closed","post_password":"","post_name":"kim-dong","to_ping":"","pinged":"","post_modified":"2021-02-17 01:31:56","post_modified_gmt":"2021-02-16 23:31:56","post_content_filtered":"","post_parent":0,"guid":"https:\/\/sachviet.eu\/nha-phat-hanh\/kim-dong\/","menu_order":0,"post_type":"publisher","post_mime_type":"","comment_count":"0","filter":"raw"}},"_links":{"self":[{"href":"https:\/\/sachviet.eu\/en\/wp-json\/wp\/v2\/product\/23449","targetHints":{"allow":["GET"]}}],"collection":[{"href":"https:\/\/sachviet.eu\/en\/wp-json\/wp\/v2\/product"}],"about":[{"href":"https:\/\/sachviet.eu\/en\/wp-json\/wp\/v2\/types\/product"}],"wp:featuredmedia":[{"embeddable":true,"href":"https:\/\/sachviet.eu\/en\/wp-json\/wp\/v2\/media\/23448"}],"wp:attachment":[{"href":"https:\/\/sachviet.eu\/en\/wp-json\/wp\/v2\/media?parent=23449"}],"wp:term":[{"taxonomy":"product_brand","embeddable":true,"href":"https:\/\/sachviet.eu\/en\/wp-json\/wp\/v2\/product_brand?post=23449"},{"taxonomy":"product_cat","embeddable":true,"href":"https:\/\/sachviet.eu\/en\/wp-json\/wp\/v2\/product_cat?post=23449"},{"taxonomy":"product_tag","embeddable":true,"href":"https:\/\/sachviet.eu\/en\/wp-json\/wp\/v2\/product_tag?post=23449"}],"curies":[{"name":"wp","href":"https:\/\/api.w.org\/{rel}","templated":true}]}}