{"id":23447,"date":"2023-04-04T22:50:21","date_gmt":"2023-04-04T19:50:21","guid":{"rendered":"https:\/\/sachviet.eu\/shop\/nong-noc-da-lon\/"},"modified":"2025-08-12T20:17:08","modified_gmt":"2025-08-12T17:17:08","slug":"nong-noc-da-lon","status":"publish","type":"product","link":"https:\/\/sachviet.eu\/en\/shop\/nong-noc-da-lon\/","title":{"rendered":"N\u00f2ng N\u1ecdc \u0110\u00e3 L\u1edbn"},"content":{"rendered":"<p>N\u00f2ng N\u1ecdc \u0110\u00e3 L\u1edbn k\u1ec3 v\u1ec1 s\u1ef1 ti\u1ebfn h\u00f3a t\u1eeb n\u00f2ng n\u1ecdc th\u00e0nh \u1ebfch, d\u00e0nh cho c\u00e1c b\u00e9 t\u1eeb 4 \u0111\u1ebfn 8 tu\u1ed5i. Ch\u1eb3ng l\u00e0 ng\u00e0y n\u1ecd, n\u00f2ng n\u1ecdc ch\u00e0o \u0111\u1eddi, c\u00f3 c\u00e1i \u0111u\u00f4i d\u00e0i nh\u1ecdn b\u01a1i tung t\u0103ng kh\u1eafp n\u01a1i. B\u01a1i thi n\u00e0y. \u0110i ch\u01a1i n\u00e0y. \u0110i tr\u1ed1n n\u00e0y. Kh\u00e1m ph\u00e1 kh\u1eafp ao n\u01b0\u1edbc n\u00e0y. T\u1ea5t c\u1ea3 m\u1ecdi l\u00fac \u0111\u1ec1u c\u00f3 c\u00e1i \u0111u\u00f4i xinh \u0111\u1eb9p \u0111\u1ed3ng h\u00e0nh. V\u1eady m\u00e0 m\u1ed9t ng\u00e0y kia, b\u00ean s\u01b0\u1eddn n\u00f2ng n\u1ecdc b\u1ed7ng m\u1ecdc ra m\u1ed9t ch\u00e2n, m\u1ed9t h\u00f4m kh\u00e1c m\u1ecdc ra ch\u00e2n n\u1eefa, trong khi \u0111\u00f3 c\u00e1i \u0111u\u00f4i \u0111\u1ea7y t\u1ef1 h\u00e0o c\u1ee9 th\u1ebf teo \u0111i. N\u00f2ng n\u1ecdc bu\u1ed3n b\u00e3 kh\u00f3c l\u00f3c, lo m\u00ecnh kh\u00f4ng c\u00f2n b\u01a1i \u0111\u01b0\u1ee3c n\u1eefa, kh\u00f4ng c\u00f2n ch\u01a1i \u0111\u01b0\u1ee3c n\u1eefa, kh\u00f4ng ai khen \u0111\u1eb9p n\u1eefa. Th\u1ebf nh\u01b0ng, m\u1ed9t s\u1ef1 vi\u1ec7c b\u1ea5t ng\u1edd x\u1ea3y ra, \u0111\u00e3 khi\u1ebfn n\u00f2ng n\u1ecdc hi\u1ec3u c\u00f4ng d\u1ee5ng c\u1ee7a c\u1eb7p ch\u00e2n, v\u00e0 vui v\u1ebb v\u1edbi h\u00ecnh d\u00e1ng m\u1edbi, v\u1edbi t\u00ean g\u1ecdi m\u1edbi. \u1ebech con!<\/p>\n","protected":false},"excerpt":{"rendered":"<p>N\u00f2ng N\u1ecdc \u0110\u00e3 L\u1edbn k\u1ec3 v\u1ec1 s\u1ef1 ti\u1ebfn h\u00f3a t\u1eeb n\u00f2ng n\u1ecdc th\u00e0nh \u1ebfch, d\u00e0nh cho c\u00e1c b\u00e9 t\u1eeb 4 \u0111\u1ebfn 8 tu\u1ed5i. Ch\u1eb3ng l\u00e0 ng\u00e0y n\u1ecd, n\u00f2ng n\u1ecdc ch\u00e0o \u0111\u1eddi, c\u00f3 c\u00e1i \u0111u\u00f4i d\u00e0i nh\u1ecdn b\u01a1i tung t\u0103ng kh\u1eafp n\u01a1i. B\u01a1i thi n\u00e0y. \u0110i ch\u01a1i n\u00e0y. \u0110i tr\u1ed1n n\u00e0y. Kh\u00e1m ph\u00e1 kh\u1eafp ao n\u01b0\u1edbc n\u00e0y. T\u1ea5t c\u1ea3 m\u1ecdi l\u00fac \u0111\u1ec1u c\u00f3 c\u00e1i \u0111u\u00f4i xinh \u0111\u1eb9p \u0111\u1ed3ng h\u00e0nh. V\u1eady m\u00e0 m\u1ed9t ng\u00e0y kia, b\u00ean s\u01b0\u1eddn n\u00f2ng n\u1ecdc b\u1ed7ng m\u1ecdc ra m\u1ed9t ch\u00e2n, m\u1ed9t h\u00f4m kh\u00e1c m\u1ecdc ra ch\u00e2n n\u1eefa, trong khi \u0111\u00f3 c\u00e1i \u0111u\u00f4i \u0111\u1ea7y t\u1ef1 h\u00e0o c\u1ee9 th\u1ebf teo \u0111i. N\u00f2ng n\u1ecdc bu\u1ed3n b\u00e3 kh\u00f3c l\u00f3c, lo m\u00ecnh kh\u00f4ng c\u00f2n b\u01a1i \u0111\u01b0\u1ee3c n\u1eefa, kh\u00f4ng c\u00f2n ch\u01a1i \u0111\u01b0\u1ee3c n\u1eefa, kh\u00f4ng ai khen \u0111\u1eb9p n\u1eefa. Th\u1ebf nh\u01b0ng, m\u1ed9t s\u1ef1 vi\u1ec7c b\u1ea5t ng\u1edd x\u1ea3y ra, \u0111\u00e3 khi\u1ebfn n\u00f2ng n\u1ecdc hi\u1ec3u c\u00f4ng d\u1ee5ng c\u1ee7a c\u1eb7p ch\u00e2n, v\u00e0 vui v\u1ebb v\u1edbi h\u00ecnh d\u00e1ng m\u1edbi, v\u1edbi t\u00ean g\u1ecdi m\u1edbi. \u1ebech con!<\/p>\n","protected":false},"featured_media":23446,"template":"","meta":{"_acf_changed":false},"product_brand":[],"product_cat":[24,25,17],"product_tag":[],"class_list":{"0":"post-23447","1":"product","2":"type-product","3":"status-publish","4":"has-post-thumbnail","6":"product_cat-nha-tre-mau-giao-0-tuoi-6-tuoi","7":"product_cat-nhi-dong-6-tuoi-12-tuoi","8":"product_cat-sach-danh-cho-cac-be","10":"first","11":"instock","12":"taxable","13":"shipping-taxable","14":"purchasable","15":"product-type-simple"},"supplier_id":null,"supplier_sku":"","barcode":null,"atum_controlled":true,"out_stock_date":null,"out_stock_threshold":null,"inheritable":false,"inbound_stock":0,"stock_on_hold":0,"sold_today":0,"sales_last_days":0,"reserved_stock":0,"customer_returns":0,"warehouse_damage":0,"lost_in_post":0,"other_logs":0,"out_stock_days":0,"lost_sales":0,"has_location":false,"update_date":"2026-01-28T23:11:30","atum_locations":[],"atum_stock_status":"instock","restock_status":false,"low_stock_amount":"","sales_update_date":"2026-01-28T23:11:30","calc_backorders":null,"acf":{"publisher":{"ID":8612,"post_author":"1","post_date":"2021-04-28 14:27:30","post_date_gmt":"2021-04-28 11:27:30","post_content":"","post_title":"IPM","post_excerpt":"","post_status":"publish","comment_status":"closed","ping_status":"closed","post_password":"","post_name":"ipm","to_ping":"","pinged":"","post_modified":"2021-04-28 14:27:30","post_modified_gmt":"2021-04-28 11:27:30","post_content_filtered":"","post_parent":0,"guid":"https:\/\/sachviet.eu\/nha-phat-hanh\/ipm\/","menu_order":0,"post_type":"publisher","post_mime_type":"","comment_count":"0","filter":"raw"}},"_links":{"self":[{"href":"https:\/\/sachviet.eu\/en\/wp-json\/wp\/v2\/product\/23447","targetHints":{"allow":["GET"]}}],"collection":[{"href":"https:\/\/sachviet.eu\/en\/wp-json\/wp\/v2\/product"}],"about":[{"href":"https:\/\/sachviet.eu\/en\/wp-json\/wp\/v2\/types\/product"}],"wp:featuredmedia":[{"embeddable":true,"href":"https:\/\/sachviet.eu\/en\/wp-json\/wp\/v2\/media\/23446"}],"wp:attachment":[{"href":"https:\/\/sachviet.eu\/en\/wp-json\/wp\/v2\/media?parent=23447"}],"wp:term":[{"taxonomy":"product_brand","embeddable":true,"href":"https:\/\/sachviet.eu\/en\/wp-json\/wp\/v2\/product_brand?post=23447"},{"taxonomy":"product_cat","embeddable":true,"href":"https:\/\/sachviet.eu\/en\/wp-json\/wp\/v2\/product_cat?post=23447"},{"taxonomy":"product_tag","embeddable":true,"href":"https:\/\/sachviet.eu\/en\/wp-json\/wp\/v2\/product_tag?post=23447"}],"curies":[{"name":"wp","href":"https:\/\/api.w.org\/{rel}","templated":true}]}}