{"id":23445,"date":"2023-04-04T22:50:16","date_gmt":"2023-04-04T19:50:16","guid":{"rendered":"https:\/\/sachviet.eu\/shop\/bo-sach-phien-ban-ke-lai-day-loi-cuon-cua-cac-tac-pham-van-hoc-kinh-dien-tron-bo-8-cuon\/"},"modified":"2023-05-20T18:11:22","modified_gmt":"2023-05-20T15:11:22","slug":"bo-sach-phien-ban-ke-lai-day-loi-cuon-cua-cac-tac-pham-van-hoc-kinh-dien-tron-bo-8-cuon","status":"publish","type":"product","link":"https:\/\/sachviet.eu\/en\/shop\/bo-sach-phien-ban-ke-lai-day-loi-cuon-cua-cac-tac-pham-van-hoc-kinh-dien-tron-bo-8-cuon\/","title":{"rendered":"B\u1ed9 S\u00e1ch Phi\u00ean B\u1ea3n K\u1ec3 L\u1ea1i \u0110\u1ea7y L\u00f4i Cu\u1ed1n C\u1ee7a C\u00e1c T\u00e1c Ph\u1ea9m V\u0103n H\u1ecdc Kinh \u0110i\u1ec3n (Tr\u1ecdn B\u1ed9 8 Cu\u1ed1n)"},"content":{"rendered":"<p>V\u0103n h\u1ecdc l\u00e0 nh\u1eefng h\u1ea1t gi\u1ed1ng nu\u00f4i d\u01b0\u1ee1ng t\u00e2m h\u1ed3n. V\u00e0 tr\u1ebb em l\u00e0 nh\u1eefng m\u1ea7m non t\u01b0\u01a1ng lai c\u1ee7a th\u1ebf gi\u1edbi, c\u00e1c em c\u1ea7n \u0111\u01b0\u1ee3c b\u1ed3i d\u01b0\u1ee1ng v\u1ec1 c\u1ea3 tr\u00ed tu\u1ec7 l\u1eabn t\u00e2m h\u1ed3n. \u0110\u00f3 l\u00e0 m\u1ed9t trong nh\u1eefng l\u00fd do T\u00e2n Vi\u1ec7t Books mang \u0111\u1ebfn cho \u0111\u1ed9c gi\u1ea3 b\u1ed9 s\u00e1ch: \u201cPhi\u00ean b\u1ea3n k\u1ec3 l\u1ea1i \u0111\u1ea7y l\u00f4i cu\u1ed1n c\u1ee7a T\u00e1c ph\u1ea9m V\u0103n h\u1ecdc kinh \u0111i\u1ec3n\u201d.<\/p>\n<p>B\u1ed9 s\u00e1ch g\u1ed3m 8 cu\u1ed1n v\u0103n h\u1ecdc kinh \u0111i\u1ec3n d\u00e0nh cho thi\u1ebfu nhi. \u0110\u00e2y l\u00e0 nh\u1eefng t\u00e1c ph\u1ea9m c\u00f3 s\u1ee9c s\u1ed1ng tr\u01b0\u1eddng t\u1ed3n qua th\u1eddi gian v\u1edbi s\u1ef1 y\u00eau th\u00edch v\u00e0 c\u00f4ng nh\u1eadn c\u1ee7a \u0111\u00f4ng \u0111\u1ea3o \u0111\u1ed9c gi\u1ea3 tr\u00ean kh\u1eafp th\u1ebf gi\u1edbi. <\/p>\n<p>B\u1ed9 s\u00e1ch \u0111\u01b0\u1ee3c k\u1ec3 l\u1ea1i ng\u1eafn g\u1ecdn v\u00e0 \u0111\u1ea7y l\u00f4i cu\u1ed1n, nh\u1eefng c\u00e2u chuy\u1ec7n kinh \u0111i\u1ec3n b\u1ea5t h\u1ee7 v\u1edbi nh\u1eefng h\u00ecnh \u1ea3nh minh h\u1ecda \u0111\u1eb9p m\u1eaft, ph\u00f9 h\u1ee3p v\u1edbi c\u00e1c b\u1ea1n t\u1eeb 5 tu\u1ed5i tr\u1edf l\u00ean. \u0110\u00e2y ch\u1eafc ch\u1eafn s\u1ebd l\u00e0 l\u1ef1a ch\u1ecdn ho\u00e0n h\u1ea3o cho gi\u1edd k\u1ec3 chuy\u1ec7n \u0111\u1ea7y th\u00fa v\u1ecb.<\/p>\n<p>H\u00e3y c\u00f9ng kh\u00e1m ph\u00e1 b\u1ed9 s\u00e1ch tuy\u1ec7t v\u1eddi n\u00e0y nh\u00e9!<\/p>\n","protected":false},"excerpt":{"rendered":"<p>V\u0103n h\u1ecdc l\u00e0 nh\u1eefng h\u1ea1t gi\u1ed1ng nu\u00f4i d\u01b0\u1ee1ng t\u00e2m h\u1ed3n. V\u00e0 tr\u1ebb em l\u00e0 nh\u1eefng m\u1ea7m non t\u01b0\u01a1ng lai c\u1ee7a th\u1ebf gi\u1edbi, c\u00e1c em c\u1ea7n \u0111\u01b0\u1ee3c b\u1ed3i d\u01b0\u1ee1ng v\u1ec1 c\u1ea3 tr\u00ed tu\u1ec7 l\u1eabn t\u00e2m h\u1ed3n. \u0110\u00f3 l\u00e0 m\u1ed9t trong nh\u1eefng l\u00fd do T\u00e2n Vi\u1ec7t Books mang \u0111\u1ebfn cho \u0111\u1ed9c gi\u1ea3 b\u1ed9 s\u00e1ch: \u201cPhi\u00ean b\u1ea3n k\u1ec3 l\u1ea1i \u0111\u1ea7y l\u00f4i cu\u1ed1n c\u1ee7a T\u00e1c ph\u1ea9m V\u0103n h\u1ecdc kinh \u0111i\u1ec3n\u201d.<\/p>\n<p>B\u1ed9 s\u00e1ch g\u1ed3m 8 cu\u1ed1n v\u0103n h\u1ecdc kinh \u0111i\u1ec3n d\u00e0nh cho thi\u1ebfu nhi. \u0110\u00e2y l\u00e0 nh\u1eefng t\u00e1c ph\u1ea9m c\u00f3 s\u1ee9c s\u1ed1ng tr\u01b0\u1eddng t\u1ed3n qua th\u1eddi gian v\u1edbi s\u1ef1 y\u00eau th\u00edch v\u00e0 c\u00f4ng nh\u1eadn c\u1ee7a \u0111\u00f4ng \u0111\u1ea3o \u0111\u1ed9c gi\u1ea3 tr\u00ean kh\u1eafp th\u1ebf gi\u1edbi. <\/p>\n<p>B\u1ed9 s\u00e1ch \u0111\u01b0\u1ee3c k\u1ec3 l\u1ea1i ng\u1eafn g\u1ecdn v\u00e0 \u0111\u1ea7y l\u00f4i cu\u1ed1n, nh\u1eefng c\u00e2u chuy\u1ec7n kinh \u0111i\u1ec3n b\u1ea5t h\u1ee7 v\u1edbi nh\u1eefng h\u00ecnh \u1ea3nh minh h\u1ecda \u0111\u1eb9p m\u1eaft, ph\u00f9 h\u1ee3p v\u1edbi c\u00e1c b\u1ea1n t\u1eeb 5 tu\u1ed5i tr\u1edf l\u00ean. \u0110\u00e2y ch\u1eafc ch\u1eafn s\u1ebd l\u00e0 l\u1ef1a ch\u1ecdn ho\u00e0n h\u1ea3o cho gi\u1edd k\u1ec3 chuy\u1ec7n \u0111\u1ea7y th\u00fa v\u1ecb.<\/p>\n<p>H\u00e3y c\u00f9ng kh\u00e1m ph\u00e1 b\u1ed9 s\u00e1ch tuy\u1ec7t v\u1eddi n\u00e0y nh\u00e9!<\/p>\n","protected":false},"featured_media":23444,"template":"","meta":{"_acf_changed":false},"product_brand":[],"product_cat":[25,17,26],"product_tag":[83],"class_list":{"0":"post-23445","1":"product","2":"type-product","3":"status-publish","4":"has-post-thumbnail","6":"product_cat-nhi-dong-6-tuoi-12-tuoi","7":"product_cat-sach-danh-cho-cac-be","8":"product_cat-thieu-nien-11-tuoi-18-tuoi","9":"product_tag-sach-moi-xuat-ban","11":"first","12":"outofstock","13":"taxable","14":"shipping-taxable","15":"purchasable","16":"product-type-simple"},"supplier_id":null,"supplier_sku":"","barcode":null,"atum_controlled":true,"out_stock_date":"2023-05-20 15:11:22","out_stock_threshold":null,"inheritable":false,"inbound_stock":0,"stock_on_hold":0,"sold_today":0,"sales_last_days":0,"reserved_stock":0,"customer_returns":0,"warehouse_damage":0,"lost_in_post":0,"other_logs":0,"out_stock_days":984,"lost_sales":3934,"has_location":false,"update_date":"2026-01-28T23:11:15","atum_locations":[],"atum_stock_status":"outofstock","restock_status":false,"low_stock_amount":"","sales_update_date":"2026-01-28T23:11:15","calc_backorders":null,"acf":{"publisher":{"ID":3121,"post_author":"1","post_date":"2021-02-27 00:40:03","post_date_gmt":"2021-02-26 22:40:03","post_content":"","post_title":"T\u00e2n Vi\u1ec7t","post_excerpt":"","post_status":"publish","comment_status":"closed","ping_status":"closed","post_password":"","post_name":"tan-viet","to_ping":"","pinged":"","post_modified":"2021-02-27 00:40:03","post_modified_gmt":"2021-02-26 22:40:03","post_content_filtered":"","post_parent":0,"guid":"https:\/\/sachviet.eu\/nha-phat-hanh\/tan-viet\/","menu_order":0,"post_type":"publisher","post_mime_type":"","comment_count":"0","filter":"raw"}},"_links":{"self":[{"href":"https:\/\/sachviet.eu\/en\/wp-json\/wp\/v2\/product\/23445","targetHints":{"allow":["GET"]}}],"collection":[{"href":"https:\/\/sachviet.eu\/en\/wp-json\/wp\/v2\/product"}],"about":[{"href":"https:\/\/sachviet.eu\/en\/wp-json\/wp\/v2\/types\/product"}],"wp:featuredmedia":[{"embeddable":true,"href":"https:\/\/sachviet.eu\/en\/wp-json\/wp\/v2\/media\/23444"}],"wp:attachment":[{"href":"https:\/\/sachviet.eu\/en\/wp-json\/wp\/v2\/media?parent=23445"}],"wp:term":[{"taxonomy":"product_brand","embeddable":true,"href":"https:\/\/sachviet.eu\/en\/wp-json\/wp\/v2\/product_brand?post=23445"},{"taxonomy":"product_cat","embeddable":true,"href":"https:\/\/sachviet.eu\/en\/wp-json\/wp\/v2\/product_cat?post=23445"},{"taxonomy":"product_tag","embeddable":true,"href":"https:\/\/sachviet.eu\/en\/wp-json\/wp\/v2\/product_tag?post=23445"}],"curies":[{"name":"wp","href":"https:\/\/api.w.org\/{rel}","templated":true}]}}