{"id":23443,"date":"2023-04-04T22:50:10","date_gmt":"2023-04-04T19:50:10","guid":{"rendered":"https:\/\/sachviet.eu\/shop\/bull-va-kana\/"},"modified":"2024-08-25T22:41:46","modified_gmt":"2024-08-25T19:41:46","slug":"bull-va-kana","status":"publish","type":"product","link":"https:\/\/sachviet.eu\/en\/shop\/bull-va-kana\/","title":{"rendered":"Bull v\u00e0 Kana"},"content":{"rendered":"<p>Ch\u00fa ch\u00f3 Bull \u0111\u1ebfn nh\u00e0 c\u00f4 b\u1ea1n nh\u1ecf Kana \u1edf, nh\u01b0ng l\u00e0m th\u1ebf n\u00e0o \u0111\u1ec3 l\u00e0m b\u1ea1n \u0111\u01b0\u1ee3c v\u1edbi Kana b\u00e2y gi\u1edd? Bull b\u00e8n ngh\u0129 ra c\u00e1ch \u201cch\u1ea1y t\u1edbi li\u1ebfm m\u1eb7t, \u00e2u y\u1ebfm Kana\u201d, tuy nhi\u00ean, Kana gi\u1eadt m\u00ecnh \u00f2a kh\u00f3c \u201coa..oa..oa\u201d. R\u1ed3i Bull l\u1ea1i ngh\u0129 c\u00e1ch kh\u00e1c \u0111\u1ec3 l\u1ea5y l\u00f2ng c\u00f4 b\u00e9 Kana nh\u01b0: \u201cH\u00e1t cho Kana nghe\u201d, \u201cGi\u1ea3 v\u1edd n\u1eb1m ra s\u00e0n nh\u00e0 gi\u1ed1ng g\u1ea5u b\u00f4ng\u201d\u2026 tuy nhi\u00ean, Kana \u0111\u1ec1u \u00f2a kh\u00f3c v\u00e0 b\u1ecf ch\u1ea1y. Bull bu\u1ed3n l\u1eafm, l\u1eb7ng l\u1ebd chui v\u00e0o chu\u1ed3ng, b\u1ecf \u0103n. Li\u1ec7u r\u1eb1ng Bull v\u00e0 Kana c\u00f3 th\u1ec3 tr\u1edf th\u00e0nh \u0111\u00f4i b\u1ea1n \u0111\u01b0\u1ee3c kh\u00f4ng? M\u1eddi c\u00e1c em nh\u1ecf c\u00f9ng \u0111\u00f3n \u0111\u1ecdc Ehon Nh\u1eadt B\u1ea3n \u201cBull v\u00e0 Kana\u201d<\/p>\n","protected":false},"excerpt":{"rendered":"<p>Ch\u00fa ch\u00f3 Bull \u0111\u1ebfn nh\u00e0 c\u00f4 b\u1ea1n nh\u1ecf Kana \u1edf, nh\u01b0ng l\u00e0m th\u1ebf n\u00e0o \u0111\u1ec3 l\u00e0m b\u1ea1n \u0111\u01b0\u1ee3c v\u1edbi Kana b\u00e2y gi\u1edd? Bull b\u00e8n ngh\u0129 ra c\u00e1ch \u201cch\u1ea1y t\u1edbi li\u1ebfm m\u1eb7t, \u00e2u y\u1ebfm Kana\u201d, tuy nhi\u00ean, Kana gi\u1eadt m\u00ecnh \u00f2a kh\u00f3c \u201coa..oa..oa\u201d. R\u1ed3i Bull l\u1ea1i ngh\u0129 c\u00e1ch kh\u00e1c \u0111\u1ec3 l\u1ea5y l\u00f2ng c\u00f4 b\u00e9 Kana nh\u01b0: \u201cH\u00e1t cho Kana nghe\u201d, \u201cGi\u1ea3 v\u1edd n\u1eb1m ra s\u00e0n nh\u00e0 gi\u1ed1ng g\u1ea5u b\u00f4ng\u201d\u2026 tuy nhi\u00ean, Kana \u0111\u1ec1u \u00f2a kh\u00f3c v\u00e0 b\u1ecf ch\u1ea1y. Bull bu\u1ed3n l\u1eafm, l\u1eb7ng l\u1ebd chui v\u00e0o chu\u1ed3ng, b\u1ecf \u0103n. Li\u1ec7u r\u1eb1ng Bull v\u00e0 Kana c\u00f3 th\u1ec3 tr\u1edf th\u00e0nh \u0111\u00f4i b\u1ea1n \u0111\u01b0\u1ee3c kh\u00f4ng? M\u1eddi c\u00e1c em nh\u1ecf c\u00f9ng \u0111\u00f3n \u0111\u1ecdc Ehon Nh\u1eadt B\u1ea3n \u201cBull v\u00e0 Kana\u201d<\/p>\n","protected":false},"featured_media":23442,"template":"","meta":{"_acf_changed":false},"product_brand":[],"product_cat":[24,25,17],"product_tag":[],"class_list":{"0":"post-23443","1":"product","2":"type-product","3":"status-publish","4":"has-post-thumbnail","6":"product_cat-nha-tre-mau-giao-0-tuoi-6-tuoi","7":"product_cat-nhi-dong-6-tuoi-12-tuoi","8":"product_cat-sach-danh-cho-cac-be","10":"first","11":"instock","12":"taxable","13":"shipping-taxable","14":"purchasable","15":"product-type-simple"},"supplier_id":null,"supplier_sku":"","barcode":null,"atum_controlled":true,"out_stock_date":null,"out_stock_threshold":null,"inheritable":false,"inbound_stock":0,"stock_on_hold":0,"sold_today":0,"sales_last_days":0,"reserved_stock":0,"customer_returns":0,"warehouse_damage":0,"lost_in_post":0,"other_logs":0,"out_stock_days":0,"lost_sales":0,"has_location":false,"update_date":"2026-01-28T23:11:24","atum_locations":[],"atum_stock_status":"instock","restock_status":false,"low_stock_amount":"","sales_update_date":"2026-01-28T23:11:24","calc_backorders":null,"acf":{"publisher":{"ID":22321,"post_author":"1","post_date":"2023-01-21 02:36:04","post_date_gmt":"2023-01-21 00:36:04","post_content":"<!-- wp:html \/-->","post_title":"Ehomebooks","post_excerpt":"","post_status":"publish","comment_status":"closed","ping_status":"closed","post_password":"","post_name":"ehomebooks","to_ping":"","pinged":"","post_modified":"2023-01-21 02:36:07","post_modified_gmt":"2023-01-21 00:36:07","post_content_filtered":"","post_parent":0,"guid":"https:\/\/sachviet.eu\/?post_type=publisher&#038;p=22321","menu_order":0,"post_type":"publisher","post_mime_type":"","comment_count":"0","filter":"raw"}},"_links":{"self":[{"href":"https:\/\/sachviet.eu\/en\/wp-json\/wp\/v2\/product\/23443","targetHints":{"allow":["GET"]}}],"collection":[{"href":"https:\/\/sachviet.eu\/en\/wp-json\/wp\/v2\/product"}],"about":[{"href":"https:\/\/sachviet.eu\/en\/wp-json\/wp\/v2\/types\/product"}],"wp:featuredmedia":[{"embeddable":true,"href":"https:\/\/sachviet.eu\/en\/wp-json\/wp\/v2\/media\/23442"}],"wp:attachment":[{"href":"https:\/\/sachviet.eu\/en\/wp-json\/wp\/v2\/media?parent=23443"}],"wp:term":[{"taxonomy":"product_brand","embeddable":true,"href":"https:\/\/sachviet.eu\/en\/wp-json\/wp\/v2\/product_brand?post=23443"},{"taxonomy":"product_cat","embeddable":true,"href":"https:\/\/sachviet.eu\/en\/wp-json\/wp\/v2\/product_cat?post=23443"},{"taxonomy":"product_tag","embeddable":true,"href":"https:\/\/sachviet.eu\/en\/wp-json\/wp\/v2\/product_tag?post=23443"}],"curies":[{"name":"wp","href":"https:\/\/api.w.org\/{rel}","templated":true}]}}