{"id":23441,"date":"2023-04-04T22:49:42","date_gmt":"2023-04-04T19:49:42","guid":{"rendered":"https:\/\/sachviet.eu\/shop\/tu-sach-vang-cho-con-nhung-cau-chuyen-hay-nhat-ve-the-gioi-phep-thuat-va-than-chu\/"},"modified":"2024-08-25T22:41:47","modified_gmt":"2024-08-25T19:41:47","slug":"tu-sach-vang-cho-con-nhung-cau-chuyen-hay-nhat-ve-the-gioi-phep-thuat-va-than-chu","status":"publish","type":"product","link":"https:\/\/sachviet.eu\/en\/shop\/tu-sach-vang-cho-con-nhung-cau-chuyen-hay-nhat-ve-the-gioi-phep-thuat-va-than-chu\/","title":{"rendered":"T\u1ee7 s\u00e1ch v\u00e0ng cho con &#8211; Nh\u1eefng c\u00e2u chuy\u1ec7n hay nh\u1ea5t v\u1ec1 Th\u1ebf gi\u1edbi Ph\u00e9p thu\u1eadt v\u00e0 Th\u1ea7n ch\u00fa"},"content":{"rendered":"<p>Nh\u1eefng c\u00e2u chuy\u1ec7n c\u1ed5 t\u00edch v\u01b0\u1ee3t th\u1eddi gian v\u1edbi nh\u1eefng h\u00ecnh \u1ea3nh minh h\u1ecda sinh \u0111\u1ed9ng v\u00e0 c\u00e1c nh\u00e2n v\u1eadt \u0111\u00e1ng nh\u1edb s\u1ebd \u0111\u01b0a b\u00e9 b\u01b0\u1edbc v\u00e0o th\u1ebf gi\u1edbi c\u1ed5 t\u00edch \u0111\u1ea7y nhi\u1ec7m m\u00e0u v\u00e0 k\u00ec \u1ea3o. B\u00ean c\u1ea1nh \u0111\u00f3, tu\u1ef3 v\u00e0o lo\u1ea1i s\u1ea3n ph\u1ea9m, h\u00ecnh th\u1ee9c v\u00e0 \u0111\u1ecba ch\u1ec9 giao h\u00e0ng m\u00e0 c\u00f3 th\u1ec3 ph\u00e1t sinh th\u00eam chi ph\u00ed<\/p>\n","protected":false},"excerpt":{"rendered":"<p>Nh\u1eefng c\u00e2u chuy\u1ec7n c\u1ed5 t\u00edch v\u01b0\u1ee3t th\u1eddi gian v\u1edbi nh\u1eefng h\u00ecnh \u1ea3nh minh h\u1ecda sinh \u0111\u1ed9ng v\u00e0 c\u00e1c nh\u00e2n v\u1eadt \u0111\u00e1ng nh\u1edb s\u1ebd \u0111\u01b0a b\u00e9 b\u01b0\u1edbc v\u00e0o th\u1ebf gi\u1edbi c\u1ed5 t\u00edch \u0111\u1ea7y nhi\u1ec7m m\u00e0u v\u00e0 k\u00ec \u1ea3o. B\u00ean c\u1ea1nh \u0111\u00f3, tu\u1ef3 v\u00e0o lo\u1ea1i s\u1ea3n ph\u1ea9m, h\u00ecnh th\u1ee9c v\u00e0 \u0111\u1ecba ch\u1ec9 giao h\u00e0ng m\u00e0 c\u00f3 th\u1ec3 ph\u00e1t sinh th\u00eam chi ph\u00ed<\/p>\n","protected":false},"featured_media":23440,"template":"","meta":{"_acf_changed":false},"product_brand":[],"product_cat":[25,17,26],"product_tag":[83],"class_list":{"0":"post-23441","1":"product","2":"type-product","3":"status-publish","4":"has-post-thumbnail","6":"product_cat-nhi-dong-6-tuoi-12-tuoi","7":"product_cat-sach-danh-cho-cac-be","8":"product_cat-thieu-nien-11-tuoi-18-tuoi","9":"product_tag-sach-moi-xuat-ban","11":"first","12":"instock","13":"taxable","14":"shipping-taxable","15":"purchasable","16":"product-type-simple"},"supplier_id":null,"supplier_sku":"","barcode":null,"atum_controlled":true,"out_stock_date":null,"out_stock_threshold":null,"inheritable":false,"inbound_stock":0,"stock_on_hold":0,"sold_today":0,"sales_last_days":0,"reserved_stock":0,"customer_returns":0,"warehouse_damage":0,"lost_in_post":0,"other_logs":0,"out_stock_days":0,"lost_sales":0,"has_location":false,"update_date":"2026-01-28T23:11:25","atum_locations":[],"atum_stock_status":"instock","restock_status":false,"low_stock_amount":"","sales_update_date":"2026-01-28T23:11:25","calc_backorders":null,"acf":{"publisher":{"ID":5988,"post_author":"1","post_date":"2021-03-14 02:36:31","post_date_gmt":"2021-03-14 00:36:31","post_content":"","post_title":"Ph\u1ee5 N\u1eef","post_excerpt":"","post_status":"publish","comment_status":"closed","ping_status":"closed","post_password":"","post_name":"phu-nu","to_ping":"","pinged":"","post_modified":"2021-03-14 02:36:31","post_modified_gmt":"2021-03-14 00:36:31","post_content_filtered":"","post_parent":0,"guid":"https:\/\/sachviet.eu\/blog\/nha-phat-hanh\/phu-nu\/","menu_order":0,"post_type":"publisher","post_mime_type":"","comment_count":"0","filter":"raw"}},"_links":{"self":[{"href":"https:\/\/sachviet.eu\/en\/wp-json\/wp\/v2\/product\/23441","targetHints":{"allow":["GET"]}}],"collection":[{"href":"https:\/\/sachviet.eu\/en\/wp-json\/wp\/v2\/product"}],"about":[{"href":"https:\/\/sachviet.eu\/en\/wp-json\/wp\/v2\/types\/product"}],"wp:featuredmedia":[{"embeddable":true,"href":"https:\/\/sachviet.eu\/en\/wp-json\/wp\/v2\/media\/23440"}],"wp:attachment":[{"href":"https:\/\/sachviet.eu\/en\/wp-json\/wp\/v2\/media?parent=23441"}],"wp:term":[{"taxonomy":"product_brand","embeddable":true,"href":"https:\/\/sachviet.eu\/en\/wp-json\/wp\/v2\/product_brand?post=23441"},{"taxonomy":"product_cat","embeddable":true,"href":"https:\/\/sachviet.eu\/en\/wp-json\/wp\/v2\/product_cat?post=23441"},{"taxonomy":"product_tag","embeddable":true,"href":"https:\/\/sachviet.eu\/en\/wp-json\/wp\/v2\/product_tag?post=23441"}],"curies":[{"name":"wp","href":"https:\/\/api.w.org\/{rel}","templated":true}]}}