{"id":23435,"date":"2023-04-04T22:49:25","date_gmt":"2023-04-04T19:49:25","guid":{"rendered":"https:\/\/sachviet.eu\/shop\/combo-cau-hoi-lon-the-gioi-to-4-quyen\/"},"modified":"2023-04-05T00:15:50","modified_gmt":"2023-04-04T21:15:50","slug":"combo-cau-hoi-lon-the-gioi-to-4-quyen","status":"publish","type":"product","link":"https:\/\/sachviet.eu\/en\/shop\/combo-cau-hoi-lon-the-gioi-to-4-quyen\/","title":{"rendered":"COMBO C\u00c2U H\u1eceI L\u1edaN TH\u1ebe GI\u1edaI TO (4 QUY\u1ec2N)"},"content":{"rendered":"<p>Kh\u00e1m ph\u00e1 nh\u1eefng c\u00e2u h\u1ecfi l\u1edbn trong cu\u1ed9c s\u1ed1ngv\u00e0 \u0111\u01b0a ra c\u00e2u tr\u1ea3 l\u1eddi c\u1ee7a ri\u00eang b\u1ea1n&#8230;<br \/>\nNi\u1ec1m vui l\u00e0 g\u00ec? S\u1ef1 th\u1eadt l\u00e0 g\u00ec? C\u00f3 t\u1ed3n t\u1ea1i th\u1ebf gi\u1edbi b\u00ean kia kh\u00f4ng? Quy\u1ec3n s\u00e1ch n\u00e0y s\u1ebd xoay quanh ch\u1ee7 \u0111\u1ec1 \u00fd ngh\u0129a c\u1ee7a cu\u1ed9c s\u1ed1ng.<br \/>\nAi \u0111\u1eb7t ra qui t\u1eafc? T\u00f4i c\u00f3 th\u1ec3 n\u00f3i b\u1ea5t c\u1ee9 \u0111i\u1ec1u g\u00ec t\u00f4i mu\u1ed1n? C\u00e1c qui t\u1eafc c\u00f3 l\u00e0m cho m\u1ecdi th\u1ee9 t\u1ed1t h\u01a1n kh\u00f4ng?<br \/>\nC\u1ea3m x\u00fac c\u1ee7a ng\u01b0\u1eddi kh\u00e1c c\u00f3 quan tr\u1ecdng kh\u00f4ng? L\u00e0m \u0111i\u1ec1u sai c\u00f3 bao gi\u1edd \u0111\u00fang?<br \/>\nN\u00f3i d\u1ed1i c\u00f3 bao gi\u1edd t\u1ed1t kh\u00f4ng?<br \/>\nL\u00e0m sao \u0111\u1ec3 bi\u1ebft t\u00f4i l\u00e0 th\u1eadt? \u0110i\u1ec1u g\u00ec khi\u1ebfn t\u00f4i tr\u1edf th\u00e0nh con ng\u01b0\u1eddi? T\u00f4i c\u00f3 c\u1ea7n ng\u00f4n ng\u1eef \u0111\u1ec3 suy ngh\u0129 kh\u00f4ng?<br \/>\nC\u00c2U H\u1eceI L\u1edaN, TH\u1ebe GI\u1edaI TO kh\u00e1m ph\u00e1 nh\u1eefng \u00fd t\u01b0\u1edfng tri\u1ebft h\u1ecdc to l\u1edbn, gi\u00fap tr\u1ebb t\u1ef1 tin v\u00e0o \u00fd t\u01b0\u1edfng c\u1ee7a ch\u00ednh m\u00ecnh, h\u1ecdc c\u00e1ch l\u1eadp lu\u1eadn v\u00e0 suy ngh\u0129 ch\u00edn ch\u1eafn.<br \/>\nCombo \u201cC\u00e2u h\u1ecfi l\u1edbn th\u1ebf gi\u1edbi to\u201d (4 cu\u1ed1n) g\u1ed3m:<br \/>\n\u2022    C\u00e2u H\u1ecfi L\u1edbn Th\u1ebf Gi\u1edbi To: T\u1ea1i Sao Ch\u00fang Ta \u1ede \u0110\u00e2y?<br \/>\n\u2022    C\u00e2u H\u1ecfi L\u1edbn Th\u1ebf Gi\u1edbi To: T\u1ea1i Sao C\u1ea7n C\u00f3 Lu\u1eadt?<br \/>\n\u2022    C\u00e2u H\u1ecfi L\u1edbn Th\u1ebf Gi\u1edbi To: L\u00e0m C\u00e1ch N\u00e0o \u0110\u1ec3 T\u00f4i Ch\u1ecdn \u0110\u00fang?<br \/>\n\u2022    C\u00e2u H\u1ecfi L\u1edbn Th\u1ebf Gi\u1edbi To: \u0110i\u1ec1u G\u00ec Khi\u1ebfn T\u00f4i \u0110\u1eb7c Bi\u1ec7t?<\/p>\n","protected":false},"excerpt":{"rendered":"<p>Kh\u00e1m ph\u00e1 nh\u1eefng c\u00e2u h\u1ecfi l\u1edbn trong cu\u1ed9c s\u1ed1ngv\u00e0 \u0111\u01b0a ra c\u00e2u tr\u1ea3 l\u1eddi c\u1ee7a ri\u00eang b\u1ea1n&#8230;<br \/>\nNi\u1ec1m vui l\u00e0 g\u00ec? S\u1ef1 th\u1eadt l\u00e0 g\u00ec? C\u00f3 t\u1ed3n t\u1ea1i th\u1ebf gi\u1edbi b\u00ean kia kh\u00f4ng? Quy\u1ec3n s\u00e1ch n\u00e0y s\u1ebd xoay quanh ch\u1ee7 \u0111\u1ec1 \u00fd ngh\u0129a c\u1ee7a cu\u1ed9c s\u1ed1ng.<br \/>\nAi \u0111\u1eb7t ra qui t\u1eafc? T\u00f4i c\u00f3 th\u1ec3 n\u00f3i b\u1ea5t c\u1ee9 \u0111i\u1ec1u g\u00ec t\u00f4i mu\u1ed1n? C\u00e1c qui t\u1eafc c\u00f3 l\u00e0m cho m\u1ecdi th\u1ee9 t\u1ed1t h\u01a1n kh\u00f4ng?<br \/>\nC\u1ea3m x\u00fac c\u1ee7a ng\u01b0\u1eddi kh\u00e1c c\u00f3 quan tr\u1ecdng kh\u00f4ng? L\u00e0m \u0111i\u1ec1u sai c\u00f3 bao gi\u1edd \u0111\u00fang?<br \/>\nN\u00f3i d\u1ed1i c\u00f3 bao gi\u1edd t\u1ed1t kh\u00f4ng?<br \/>\nL\u00e0m sao \u0111\u1ec3 bi\u1ebft t\u00f4i l\u00e0 th\u1eadt? \u0110i\u1ec1u g\u00ec khi\u1ebfn t\u00f4i tr\u1edf th\u00e0nh con ng\u01b0\u1eddi? T\u00f4i c\u00f3 c\u1ea7n ng\u00f4n ng\u1eef \u0111\u1ec3 suy ngh\u0129 kh\u00f4ng?<br \/>\nC\u00c2U H\u1eceI L\u1edaN, TH\u1ebe GI\u1edaI TO kh\u00e1m ph\u00e1 nh\u1eefng \u00fd t\u01b0\u1edfng tri\u1ebft h\u1ecdc to l\u1edbn, gi\u00fap tr\u1ebb t\u1ef1 tin v\u00e0o \u00fd t\u01b0\u1edfng c\u1ee7a ch\u00ednh m\u00ecnh, h\u1ecdc c\u00e1ch l\u1eadp lu\u1eadn v\u00e0 suy ngh\u0129 ch\u00edn ch\u1eafn.<br \/>\nCombo \u201cC\u00e2u h\u1ecfi l\u1edbn th\u1ebf gi\u1edbi to\u201d (4 cu\u1ed1n) g\u1ed3m:<br \/>\n\u2022    C\u00e2u H\u1ecfi L\u1edbn Th\u1ebf Gi\u1edbi To: T\u1ea1i Sao Ch\u00fang Ta \u1ede \u0110\u00e2y?<br \/>\n\u2022    C\u00e2u H\u1ecfi L\u1edbn Th\u1ebf Gi\u1edbi To: T\u1ea1i Sao C\u1ea7n C\u00f3 Lu\u1eadt?<br \/>\n\u2022    C\u00e2u H\u1ecfi L\u1edbn Th\u1ebf Gi\u1edbi To: L\u00e0m C\u00e1ch N\u00e0o \u0110\u1ec3 T\u00f4i Ch\u1ecdn \u0110\u00fang?<br \/>\n\u2022    C\u00e2u H\u1ecfi L\u1edbn Th\u1ebf Gi\u1edbi To: \u0110i\u1ec1u G\u00ec Khi\u1ebfn T\u00f4i \u0110\u1eb7c Bi\u1ec7t?<\/p>\n","protected":false},"featured_media":23434,"template":"","meta":{"_acf_changed":false},"product_brand":[],"product_cat":[24,25,17],"product_tag":[83],"class_list":{"0":"post-23435","1":"product","2":"type-product","3":"status-publish","4":"has-post-thumbnail","6":"product_cat-nha-tre-mau-giao-0-tuoi-6-tuoi","7":"product_cat-nhi-dong-6-tuoi-12-tuoi","8":"product_cat-sach-danh-cho-cac-be","9":"product_tag-sach-moi-xuat-ban","11":"first","12":"instock","13":"taxable","14":"shipping-taxable","15":"purchasable","16":"product-type-simple"},"supplier_id":null,"supplier_sku":"","barcode":null,"atum_controlled":true,"out_stock_date":null,"out_stock_threshold":null,"inheritable":false,"inbound_stock":0,"stock_on_hold":0,"sold_today":0,"sales_last_days":0,"reserved_stock":0,"customer_returns":0,"warehouse_damage":0,"lost_in_post":0,"other_logs":0,"out_stock_days":0,"lost_sales":0,"has_location":false,"update_date":"2026-01-28T23:11:15","atum_locations":[],"atum_stock_status":"instock","restock_status":false,"low_stock_amount":"","sales_update_date":"2026-01-28T23:11:15","calc_backorders":null,"acf":{"publisher":{"ID":1454,"post_author":"1","post_date":"2021-02-17 01:11:34","post_date_gmt":"2021-02-16 23:11:34","post_content":"<!-- wp:flatsome\/uxbuilder -->\n<h1 style=\"text-align: center;\"><strong>Kim \u0110\u1ed3ng<\/strong><\/h1>\n[row]\n\n[col span=\"3\" span__sm=\"12\"]\n\n[ux_image id=\"1534\" image_size=\"medium\"]\n\n\n[\/col]\n[col span=\"9\" span__sm=\"12\"]\n\n<p>Nh\u00e0 xu\u1ea5t b\u1ea3n Kim \u0110\u1ed3ng tr\u1ef1c thu\u1ed9c Trung \u01b0\u01a1ng \u0110o\u00e0n TNCS H\u1ed3 Ch\u00ed Minh l\u00e0 Nh\u00e0 xu\u1ea5t b\u1ea3n t\u1ed5ng h\u1ee3p c\u00f3 ch\u1ee9c n\u0103ng xu\u1ea5t b\u1ea3n s\u00e1ch v\u00e0 v\u0103n h\u00f3a ph\u1ea9m ph\u1ee5c v\u1ee5 thi\u1ebfu nhi v\u00e0 c\u00e1c b\u1eadc ph\u1ee5 huynh trong c\u1ea3 n\u01b0\u1edbc, qu\u1ea3ng b\u00e1 v\u00e0 gi\u1edbi thi\u1ec7u v\u0103n h\u00f3a Vi\u1ec7t Nam ra th\u1ebf gi\u1edbi.<br \/>Nh\u00e0 xu\u1ea5t b\u1ea3n c\u00f3 nhi\u1ec7m v\u1ee5 t\u1ed5 ch\u1ee9c b\u1ea3n th\u1ea3o, bi\u00ean so\u1ea1n, bi\u00ean d\u1ecbch, xu\u1ea5t b\u1ea3n v\u00e0 ph\u00e1t h\u00e0nh c\u00e1c xu\u1ea5t b\u1ea3n ph\u1ea9m c\u00f3 n\u1ed9i dung: gi\u00e1o d\u1ee5c truy\u1ec1n th\u1ed1ng d\u00e2n t\u1ed9c, gi\u00e1o d\u1ee5c v\u1ec1 tri th\u1ee9c, ki\u1ebfn th\u1ee9c\u2026 tr\u00ean c\u00e1c l\u0129nh v\u1ef1c v\u0103n h\u1ecdc, ngh\u1ec7 thu\u1eadt, khoa h\u1ecdc k\u1ef9 thu\u1eadt nh\u1eb1m cung c\u1ea5p cho c\u00e1c em thi\u1ebfu nhi c\u0169ng nh\u01b0 c\u00e1c b\u1eadc ph\u1ee5 huynh c\u00e1c ki\u1ebfn th\u1ee9c c\u1ea7n thi\u1ebft trong cu\u1ed9c s\u1ed1ng, nh\u1eefng tinh hoa c\u1ee7a tri th\u1ee9c nh\u00e2n lo\u1ea1i nh\u1eb1m g\u00f3p ph\u1ea7n gi\u00e1o d\u1ee5c v\u00e0 h\u00ecnh th\u00e0nh nh\u00e2n c\u00e1ch th\u1ebf h\u1ec7 tr\u1ebb.<br \/>\u0110\u1ed1i t\u01b0\u1ee3ng ph\u1ee5c v\u1ee5 c\u1ee7a Nh\u00e0 xu\u1ea5t b\u1ea3n l\u00e0 c\u00e1c em t\u1eeb tu\u1ed5i nh\u00e0 tr\u1ebb m\u1eabu gi\u00e1o (1 \u0111\u1ebfn 5 tu\u1ed5i), nhi \u0111\u1ed3ng (6 \u0111\u1ebfn 9 tu\u1ed5i), thi\u1ebfu ni\u00ean (10 \u0111\u1ebfn 15 tu\u1ed5i) \u0111\u1ebfn c\u00e1c em tu\u1ed5i m\u1edbi l\u1edbn (16 \u0111\u1ebfn 18 tu\u1ed5i) v\u00e0 c\u00e1c b\u1eadc ph\u1ee5 huynh.<\/p>\n\n[\/col]\n\n[\/row]\n\n<!-- \/wp:flatsome\/uxbuilder -->","post_title":"Kim \u0110\u1ed3ng","post_excerpt":"","post_status":"publish","comment_status":"closed","ping_status":"closed","post_password":"","post_name":"kim-dong","to_ping":"","pinged":"","post_modified":"2021-02-17 01:31:56","post_modified_gmt":"2021-02-16 23:31:56","post_content_filtered":"","post_parent":0,"guid":"https:\/\/sachviet.eu\/nha-phat-hanh\/kim-dong\/","menu_order":0,"post_type":"publisher","post_mime_type":"","comment_count":"0","filter":"raw"}},"_links":{"self":[{"href":"https:\/\/sachviet.eu\/en\/wp-json\/wp\/v2\/product\/23435","targetHints":{"allow":["GET"]}}],"collection":[{"href":"https:\/\/sachviet.eu\/en\/wp-json\/wp\/v2\/product"}],"about":[{"href":"https:\/\/sachviet.eu\/en\/wp-json\/wp\/v2\/types\/product"}],"wp:featuredmedia":[{"embeddable":true,"href":"https:\/\/sachviet.eu\/en\/wp-json\/wp\/v2\/media\/23434"}],"wp:attachment":[{"href":"https:\/\/sachviet.eu\/en\/wp-json\/wp\/v2\/media?parent=23435"}],"wp:term":[{"taxonomy":"product_brand","embeddable":true,"href":"https:\/\/sachviet.eu\/en\/wp-json\/wp\/v2\/product_brand?post=23435"},{"taxonomy":"product_cat","embeddable":true,"href":"https:\/\/sachviet.eu\/en\/wp-json\/wp\/v2\/product_cat?post=23435"},{"taxonomy":"product_tag","embeddable":true,"href":"https:\/\/sachviet.eu\/en\/wp-json\/wp\/v2\/product_tag?post=23435"}],"curies":[{"name":"wp","href":"https:\/\/api.w.org\/{rel}","templated":true}]}}