{"id":23431,"date":"2023-04-04T22:49:15","date_gmt":"2023-04-04T19:49:15","guid":{"rendered":"https:\/\/sachviet.eu\/shop\/chuyen-phieu-luu-vao-the-gioi-co-tich\/"},"modified":"2024-08-10T16:51:34","modified_gmt":"2024-08-10T13:51:34","slug":"chuyen-phieu-luu-vao-the-gioi-co-tich","status":"publish","type":"product","link":"https:\/\/sachviet.eu\/en\/shop\/chuyen-phieu-luu-vao-the-gioi-co-tich\/","title":{"rendered":"CHUY\u1ebeN PHI\u00caU L\u01afU V\u00c0O TH\u1ebe GI\u1edaI C\u1ed4 T\u00cdCH"},"content":{"rendered":"<p>Sau khi \u0111\u00e3 s\u1ed1ng qu\u00e1 l\u00e2u c\u00f9ng ch\u1ecb g\u00e1i tr\u00ean gi\u00e1 s\u00e1ch, Anna mu\u1ed1n l\u00e0m m\u1ed9t \u0111i\u1ec1u g\u00ec \u0111\u00f3 kh\u00e1c \u0111i. C\u00f4 quy\u1ebft \u0111\u1ecbnh l\u00ean \u0111\u01b0\u1eddng ph\u00e1m ph\u00e1 th\u1ebf gi\u1edbi b\u00ean ngo\u00e0i. V\u00e0 th\u1ebf l\u00e0 chuy\u1ebfn phi\u00eau l\u01b0u \u0111\u1ea7y th\u00fa v\u1ecb v\u00e0 b\u1ea5t ng\u1edd c\u1ee7a c\u00f4 b\u1eaft \u0111\u1ea7u. Trong su\u1ed1t h\u00e0nh tr\u00ecnh, Anna \u0111\u00e3 vi\u1ebft th\u01b0 v\u1ec1 cho ch\u1ecb g\u00e1i m\u00ecnh, k\u1ec3 cho ch\u1ecb nghe v\u1ec1 nh\u1eefng n\u01a1i ch\u1ed1n, nh\u1eefng nh\u00e2n v\u1eadt v\u00f4 c\u00f9ng \u0111\u1eb7c bi\u1ec7t v\u00e0 quen thu\u1ed9c. B\u1ea1n c\u00f3 \u0111o\u00e1n ra \u0111\u1ea5y l\u00e0 nh\u1eefng ai kh\u00f4ng? V\u00e0 cu\u1ed9c h\u00e0nh tr\u00ecnh c\u1ee7a Anna s\u1ebd k\u1ebft th\u00fac th\u1ebf n\u00e0o? M\u1eddi c\u00e1c b\u1ea1n c\u00f9ng \u0111\u1ecdc s\u00e1ch \u0111\u1ec3 t\u00ecm \u0111\u01b0\u1ee3c c\u00e2u tr\u1ea3 l\u1eddi nh\u00e9!<br \/>\nT\u00e1c gi\u1ea3 &#8211; Ho\u1ea1 s\u0129 Tove Krebs Lange \u0111\u00e3 c\u00f3 10 n\u0103m g\u1eafn b\u00f3 v\u1edbi D\u1ef1 \u00e1n H\u1ed7 tr\u1ee3 V\u0103n h\u1ecdc thi\u1ebfu nhi Vi\u1ec7t Nam &#8211; \u0110an M\u1ea1ch (2006 \u2013 2015) v\u1edbi vai tr\u00f2 l\u00e0 th\u00e0nh vi\u00ean ban gi\u00e1m kh\u1ea3o c\u00e1c cu\u1ed9c v\u1eadn \u0111\u1ed9ng s\u00e1ng t\u00e1c, chuy\u00ean gia h\u01b0\u1edbng d\u1eabn k\u0129 n\u0103ng s\u00e1ng t\u00e1c cho c\u00e1c nh\u00e0 v\u0103n, ho\u1ea1 s\u0129 Vi\u1ec7t Nam.<br \/>\nC\u00f4 l\u00e0 h\u1ecda s\u0129 minh h\u1ecda c\u1ee7a h\u01a1n 200 cu\u1ed1n s\u00e1ch tranh t\u1ea1i \u0110an M\u1ea1ch v\u00e0 hi\u1ec7n l\u00e0 Ch\u1ee7 t\u1ecbch H\u1ed9i H\u1ecda s\u0129 minh h\u1ecda \u0110an M\u1ea1ch.<\/p>\n","protected":false},"excerpt":{"rendered":"<p>Sau khi \u0111\u00e3 s\u1ed1ng qu\u00e1 l\u00e2u c\u00f9ng ch\u1ecb g\u00e1i tr\u00ean gi\u00e1 s\u00e1ch, Anna mu\u1ed1n l\u00e0m m\u1ed9t \u0111i\u1ec1u g\u00ec \u0111\u00f3 kh\u00e1c \u0111i. C\u00f4 quy\u1ebft \u0111\u1ecbnh l\u00ean \u0111\u01b0\u1eddng ph\u00e1m ph\u00e1 th\u1ebf gi\u1edbi b\u00ean ngo\u00e0i. V\u00e0 th\u1ebf l\u00e0 chuy\u1ebfn phi\u00eau l\u01b0u \u0111\u1ea7y th\u00fa v\u1ecb v\u00e0 b\u1ea5t ng\u1edd c\u1ee7a c\u00f4 b\u1eaft \u0111\u1ea7u. Trong su\u1ed1t h\u00e0nh tr\u00ecnh, Anna \u0111\u00e3 vi\u1ebft th\u01b0 v\u1ec1 cho ch\u1ecb g\u00e1i m\u00ecnh, k\u1ec3 cho ch\u1ecb nghe v\u1ec1 nh\u1eefng n\u01a1i ch\u1ed1n, nh\u1eefng nh\u00e2n v\u1eadt v\u00f4 c\u00f9ng \u0111\u1eb7c bi\u1ec7t v\u00e0 quen thu\u1ed9c. B\u1ea1n c\u00f3 \u0111o\u00e1n ra \u0111\u1ea5y l\u00e0 nh\u1eefng ai kh\u00f4ng? V\u00e0 cu\u1ed9c h\u00e0nh tr\u00ecnh c\u1ee7a Anna s\u1ebd k\u1ebft th\u00fac th\u1ebf n\u00e0o? M\u1eddi c\u00e1c b\u1ea1n c\u00f9ng \u0111\u1ecdc s\u00e1ch \u0111\u1ec3 t\u00ecm \u0111\u01b0\u1ee3c c\u00e2u tr\u1ea3 l\u1eddi nh\u00e9!<br \/>\nT\u00e1c gi\u1ea3 &#8211; Ho\u1ea1 s\u0129 Tove Krebs Lange \u0111\u00e3 c\u00f3 10 n\u0103m g\u1eafn b\u00f3 v\u1edbi D\u1ef1 \u00e1n H\u1ed7 tr\u1ee3 V\u0103n h\u1ecdc thi\u1ebfu nhi Vi\u1ec7t Nam &#8211; \u0110an M\u1ea1ch (2006 \u2013 2015) v\u1edbi vai tr\u00f2 l\u00e0 th\u00e0nh vi\u00ean ban gi\u00e1m kh\u1ea3o c\u00e1c cu\u1ed9c v\u1eadn \u0111\u1ed9ng s\u00e1ng t\u00e1c, chuy\u00ean gia h\u01b0\u1edbng d\u1eabn k\u0129 n\u0103ng s\u00e1ng t\u00e1c cho c\u00e1c nh\u00e0 v\u0103n, ho\u1ea1 s\u0129 Vi\u1ec7t Nam.<br \/>\nC\u00f4 l\u00e0 h\u1ecda s\u0129 minh h\u1ecda c\u1ee7a h\u01a1n 200 cu\u1ed1n s\u00e1ch tranh t\u1ea1i \u0110an M\u1ea1ch v\u00e0 hi\u1ec7n l\u00e0 Ch\u1ee7 t\u1ecbch H\u1ed9i H\u1ecda s\u0129 minh h\u1ecda \u0110an M\u1ea1ch.<\/p>\n","protected":false},"featured_media":23430,"template":"","meta":{"_acf_changed":false},"product_brand":[],"product_cat":[25,17,26],"product_tag":[83],"class_list":{"0":"post-23431","1":"product","2":"type-product","3":"status-publish","4":"has-post-thumbnail","6":"product_cat-nhi-dong-6-tuoi-12-tuoi","7":"product_cat-sach-danh-cho-cac-be","8":"product_cat-thieu-nien-11-tuoi-18-tuoi","9":"product_tag-sach-moi-xuat-ban","11":"first","12":"outofstock","13":"taxable","14":"shipping-taxable","15":"purchasable","16":"product-type-simple"},"supplier_id":null,"supplier_sku":"","barcode":null,"atum_controlled":true,"out_stock_date":"2024-08-10 13:51:34","out_stock_threshold":null,"inheritable":false,"inbound_stock":0,"stock_on_hold":0,"sold_today":0,"sales_last_days":0,"reserved_stock":0,"customer_returns":0,"warehouse_damage":0,"lost_in_post":0,"other_logs":0,"out_stock_days":536,"lost_sales":0,"has_location":false,"update_date":"2026-01-28T23:11:26","atum_locations":[],"atum_stock_status":"outofstock","restock_status":false,"low_stock_amount":"","sales_update_date":"2026-01-28T23:11:25","calc_backorders":null,"acf":{"publisher":{"ID":1454,"post_author":"1","post_date":"2021-02-17 01:11:34","post_date_gmt":"2021-02-16 23:11:34","post_content":"<!-- wp:flatsome\/uxbuilder -->\n<h1 style=\"text-align: center;\"><strong>Kim \u0110\u1ed3ng<\/strong><\/h1>\n[row]\n\n[col span=\"3\" span__sm=\"12\"]\n\n[ux_image id=\"1534\" image_size=\"medium\"]\n\n\n[\/col]\n[col span=\"9\" span__sm=\"12\"]\n\n<p>Nh\u00e0 xu\u1ea5t b\u1ea3n Kim \u0110\u1ed3ng tr\u1ef1c thu\u1ed9c Trung \u01b0\u01a1ng \u0110o\u00e0n TNCS H\u1ed3 Ch\u00ed Minh l\u00e0 Nh\u00e0 xu\u1ea5t b\u1ea3n t\u1ed5ng h\u1ee3p c\u00f3 ch\u1ee9c n\u0103ng xu\u1ea5t b\u1ea3n s\u00e1ch v\u00e0 v\u0103n h\u00f3a ph\u1ea9m ph\u1ee5c v\u1ee5 thi\u1ebfu nhi v\u00e0 c\u00e1c b\u1eadc ph\u1ee5 huynh trong c\u1ea3 n\u01b0\u1edbc, qu\u1ea3ng b\u00e1 v\u00e0 gi\u1edbi thi\u1ec7u v\u0103n h\u00f3a Vi\u1ec7t Nam ra th\u1ebf gi\u1edbi.<br \/>Nh\u00e0 xu\u1ea5t b\u1ea3n c\u00f3 nhi\u1ec7m v\u1ee5 t\u1ed5 ch\u1ee9c b\u1ea3n th\u1ea3o, bi\u00ean so\u1ea1n, bi\u00ean d\u1ecbch, xu\u1ea5t b\u1ea3n v\u00e0 ph\u00e1t h\u00e0nh c\u00e1c xu\u1ea5t b\u1ea3n ph\u1ea9m c\u00f3 n\u1ed9i dung: gi\u00e1o d\u1ee5c truy\u1ec1n th\u1ed1ng d\u00e2n t\u1ed9c, gi\u00e1o d\u1ee5c v\u1ec1 tri th\u1ee9c, ki\u1ebfn th\u1ee9c\u2026 tr\u00ean c\u00e1c l\u0129nh v\u1ef1c v\u0103n h\u1ecdc, ngh\u1ec7 thu\u1eadt, khoa h\u1ecdc k\u1ef9 thu\u1eadt nh\u1eb1m cung c\u1ea5p cho c\u00e1c em thi\u1ebfu nhi c\u0169ng nh\u01b0 c\u00e1c b\u1eadc ph\u1ee5 huynh c\u00e1c ki\u1ebfn th\u1ee9c c\u1ea7n thi\u1ebft trong cu\u1ed9c s\u1ed1ng, nh\u1eefng tinh hoa c\u1ee7a tri th\u1ee9c nh\u00e2n lo\u1ea1i nh\u1eb1m g\u00f3p ph\u1ea7n gi\u00e1o d\u1ee5c v\u00e0 h\u00ecnh th\u00e0nh nh\u00e2n c\u00e1ch th\u1ebf h\u1ec7 tr\u1ebb.<br \/>\u0110\u1ed1i t\u01b0\u1ee3ng ph\u1ee5c v\u1ee5 c\u1ee7a Nh\u00e0 xu\u1ea5t b\u1ea3n l\u00e0 c\u00e1c em t\u1eeb tu\u1ed5i nh\u00e0 tr\u1ebb m\u1eabu gi\u00e1o (1 \u0111\u1ebfn 5 tu\u1ed5i), nhi \u0111\u1ed3ng (6 \u0111\u1ebfn 9 tu\u1ed5i), thi\u1ebfu ni\u00ean (10 \u0111\u1ebfn 15 tu\u1ed5i) \u0111\u1ebfn c\u00e1c em tu\u1ed5i m\u1edbi l\u1edbn (16 \u0111\u1ebfn 18 tu\u1ed5i) v\u00e0 c\u00e1c b\u1eadc ph\u1ee5 huynh.<\/p>\n\n[\/col]\n\n[\/row]\n\n<!-- \/wp:flatsome\/uxbuilder -->","post_title":"Kim \u0110\u1ed3ng","post_excerpt":"","post_status":"publish","comment_status":"closed","ping_status":"closed","post_password":"","post_name":"kim-dong","to_ping":"","pinged":"","post_modified":"2021-02-17 01:31:56","post_modified_gmt":"2021-02-16 23:31:56","post_content_filtered":"","post_parent":0,"guid":"https:\/\/sachviet.eu\/nha-phat-hanh\/kim-dong\/","menu_order":0,"post_type":"publisher","post_mime_type":"","comment_count":"0","filter":"raw"}},"_links":{"self":[{"href":"https:\/\/sachviet.eu\/en\/wp-json\/wp\/v2\/product\/23431","targetHints":{"allow":["GET"]}}],"collection":[{"href":"https:\/\/sachviet.eu\/en\/wp-json\/wp\/v2\/product"}],"about":[{"href":"https:\/\/sachviet.eu\/en\/wp-json\/wp\/v2\/types\/product"}],"wp:featuredmedia":[{"embeddable":true,"href":"https:\/\/sachviet.eu\/en\/wp-json\/wp\/v2\/media\/23430"}],"wp:attachment":[{"href":"https:\/\/sachviet.eu\/en\/wp-json\/wp\/v2\/media?parent=23431"}],"wp:term":[{"taxonomy":"product_brand","embeddable":true,"href":"https:\/\/sachviet.eu\/en\/wp-json\/wp\/v2\/product_brand?post=23431"},{"taxonomy":"product_cat","embeddable":true,"href":"https:\/\/sachviet.eu\/en\/wp-json\/wp\/v2\/product_cat?post=23431"},{"taxonomy":"product_tag","embeddable":true,"href":"https:\/\/sachviet.eu\/en\/wp-json\/wp\/v2\/product_tag?post=23431"}],"curies":[{"name":"wp","href":"https:\/\/api.w.org\/{rel}","templated":true}]}}