{"id":23429,"date":"2023-04-04T22:49:10","date_gmt":"2023-04-04T19:49:10","guid":{"rendered":"https:\/\/sachviet.eu\/shop\/chu-linh-cuu-hoa-salsa\/"},"modified":"2024-08-19T11:24:54","modified_gmt":"2024-08-19T08:24:54","slug":"chu-linh-cuu-hoa-salsa","status":"publish","type":"product","link":"https:\/\/sachviet.eu\/en\/shop\/chu-linh-cuu-hoa-salsa\/","title":{"rendered":"Ch\u00fa L\u00ednh C\u1ee9u H\u1ecfa Salsa"},"content":{"rendered":"<p>Cu\u1ed1n ehon gi\u00fap b\u00e9 l\u00e0m quen v\u1edbi m\u1ed9t ng\u00e0y l\u00e0m vi\u1ec7c c\u1ee7a m\u1ed9t ng\u01b0\u1eddi l\u00ednh c\u1ee9u h\u1ecfa. C\u00e2u t\u1eeb \u0111\u01a1n gi\u1ea3n v\u00e0 ng\u1eafn g\u1ecdn, h\u00ecnh \u1ea3nh \u0111\u00e1ng y\u00eau, t\u01b0\u01a1i s\u00e1ng thu h\u00fat b\u00e9. K\u1ebft chuy\u1ec7n h\u00e0i h\u01b0\u1edbc v\u1edbi ti\u1ebfng x\u00ec h\u01a1i c\u0169ng l\u00e0 c\u00e1ch \u0111\u01a1n gi\u1ea3n \u0111\u1ec3 b\u1ed1 m\u1eb9 gi\u1ea3i th\u00edch v\u1ec1 hi\u1ec7n t\u01b0\u1ee3ng c\u1ee7a c\u01a1 th\u1ec3 sau khi \u0103n nhi\u1ec1u khoai n\u01b0\u1edbng v\u1edbi b\u00e9.<\/p>\n","protected":false},"excerpt":{"rendered":"<p>Cu\u1ed1n ehon gi\u00fap b\u00e9 l\u00e0m quen v\u1edbi m\u1ed9t ng\u00e0y l\u00e0m vi\u1ec7c c\u1ee7a m\u1ed9t ng\u01b0\u1eddi l\u00ednh c\u1ee9u h\u1ecfa. C\u00e2u t\u1eeb \u0111\u01a1n gi\u1ea3n v\u00e0 ng\u1eafn g\u1ecdn, h\u00ecnh \u1ea3nh \u0111\u00e1ng y\u00eau, t\u01b0\u01a1i s\u00e1ng thu h\u00fat b\u00e9. K\u1ebft chuy\u1ec7n h\u00e0i h\u01b0\u1edbc v\u1edbi ti\u1ebfng x\u00ec h\u01a1i c\u0169ng l\u00e0 c\u00e1ch \u0111\u01a1n gi\u1ea3n \u0111\u1ec3 b\u1ed1 m\u1eb9 gi\u1ea3i th\u00edch v\u1ec1 hi\u1ec7n t\u01b0\u1ee3ng c\u1ee7a c\u01a1 th\u1ec3 sau khi \u0103n nhi\u1ec1u khoai n\u01b0\u1edbng v\u1edbi b\u00e9.<\/p>\n","protected":false},"featured_media":23428,"template":"","meta":{"_acf_changed":false},"product_brand":[],"product_cat":[79,24,25,17],"product_tag":[83],"class_list":{"0":"post-23429","1":"product","2":"type-product","3":"status-publish","4":"has-post-thumbnail","6":"product_cat-uncategorized","7":"product_cat-nha-tre-mau-giao-0-tuoi-6-tuoi","8":"product_cat-nhi-dong-6-tuoi-12-tuoi","9":"product_cat-sach-danh-cho-cac-be","10":"product_tag-sach-moi-xuat-ban","12":"first","13":"outofstock","14":"taxable","15":"shipping-taxable","16":"purchasable","17":"product-type-simple"},"supplier_id":null,"supplier_sku":"","barcode":null,"atum_controlled":true,"out_stock_date":"2024-08-19 08:24:54","out_stock_threshold":null,"inheritable":false,"inbound_stock":0,"stock_on_hold":0,"sold_today":0,"sales_last_days":0,"reserved_stock":0,"customer_returns":0,"warehouse_damage":0,"lost_in_post":0,"other_logs":0,"out_stock_days":527,"lost_sales":0,"has_location":false,"update_date":"2026-01-28T23:11:22","atum_locations":[],"atum_stock_status":"outofstock","restock_status":false,"low_stock_amount":"","sales_update_date":"2026-01-28T23:11:22","calc_backorders":null,"acf":{"publisher":{"ID":9154,"post_author":"2","post_date":"2021-05-21 19:37:16","post_date_gmt":"2021-05-21 16:37:16","post_content":"<!-- wp:html \/-->\n\n<!-- wp:image {\"id\":9157,\"sizeSlug\":\"large\",\"linkDestination\":\"media\"} -->\n<figure class=\"wp-block-image size-large\"><a href=\"https:\/\/sachviet.eu\/wp-content\/uploads\/2021\/05\/123004127_112271897340455_8566439221456752927_n-1.jpg\"><img src=\"https:\/\/sachviet.eu\/wp-content\/uploads\/2021\/05\/123004127_112271897340455_8566439221456752927_n-1-1024x666.jpg\" alt=\"\" class=\"wp-image-9157\" \/><\/a><\/figure>\n<!-- \/wp:image -->\n\n<!-- wp:heading {\"level\":3} -->\n<h3>M\u1ee4C TI\u00caU<\/h3>\n<!-- \/wp:heading -->\n\n<!-- wp:paragraph -->\n<p>D\u1ef1 \u00e1n M\u1ecdt s\u00e1ch Mogu \u0111ang ph\u00e1t tri\u1ec3n k\u1ebf ho\u1ea1ch h\u1ee3p t\u00e1c c\u00f9ng c\u00e1c tr\u01b0\u1eddng n\u1ea7m non, c\u00e1c \u0111\u01a1n v\u1ecb l\u00e0m v\u1ec1 s\u00e1ch, c\u00e1c \u0111\u01a1n v\u1ecb c\u00f3 c\u00f9ng m\u1ee5c ti\u00eau ph\u00e1t tri\u1ec3n v\u0103n h\u00f3a \u0111\u1ecdc v\u1ec1 vi\u1ec7c \u0111\u1ecdc truy\u1ec7n Ehoncho tr\u1ebb v\u00e0 nh\u1eadn \u0111\u01b0\u1ee3c r\u1ea5t nhi\u1ec1u s\u1ef1 quan t\u00e2m c\u1ee7a c\u00e1c v\u1ecb ph\u1ee5 huynh c\u0169ng nh\u01b0 c\u00e1c b\u00e9.<\/p>\n<!-- \/wp:paragraph -->\n\n<!-- wp:heading {\"level\":3} -->\n<h3>S\u1ee8 M\u1ec6NH<\/h3>\n<!-- \/wp:heading -->\n\n<!-- wp:paragraph -->\n<p>M\u1ecdt s\u00e1ch Mogu l\u00e0 d\u1ef1 \u00e1n \u0111\u1ecdc tranh truy\u1ec7n Ehon mi\u1ec5n ph\u00ed cho tr\u1ebb nh\u1ecf c\u1ee7a c\u00f4ng ty More Production Vi\u1ec7t Nam t\u1eeb n\u0103m 2014. V\u1edbi mong mu\u1ed1n c\u00e1c b\u1ea1n nh\u1ecf \u0111\u01b0\u1ee3c ti\u1ebfp x\u00fac t\u1edbi s\u00e1ch truy\u1ec7n t\u1eeb khi c\u00f2n nh\u1ecf v\u00e0 ph\u00e1t tri\u1ec3n t\u00ecnh y\u00eau v\u1edbi s\u00e1ch khi l\u1edbn l\u00ean.<\/p>\n<!-- \/wp:paragraph -->\n\n<!-- wp:heading {\"level\":3} -->\n<h3><\/h3>\n<!-- \/wp:heading -->","post_title":"Mogu","post_excerpt":"","post_status":"publish","comment_status":"closed","ping_status":"closed","post_password":"","post_name":"mogu","to_ping":"","pinged":"","post_modified":"2021-05-21 19:37:19","post_modified_gmt":"2021-05-21 16:37:19","post_content_filtered":"","post_parent":0,"guid":"https:\/\/sachviet.eu\/?post_type=publisher&#038;p=9154","menu_order":0,"post_type":"publisher","post_mime_type":"","comment_count":"0","filter":"raw"}},"_links":{"self":[{"href":"https:\/\/sachviet.eu\/en\/wp-json\/wp\/v2\/product\/23429","targetHints":{"allow":["GET"]}}],"collection":[{"href":"https:\/\/sachviet.eu\/en\/wp-json\/wp\/v2\/product"}],"about":[{"href":"https:\/\/sachviet.eu\/en\/wp-json\/wp\/v2\/types\/product"}],"wp:featuredmedia":[{"embeddable":true,"href":"https:\/\/sachviet.eu\/en\/wp-json\/wp\/v2\/media\/23428"}],"wp:attachment":[{"href":"https:\/\/sachviet.eu\/en\/wp-json\/wp\/v2\/media?parent=23429"}],"wp:term":[{"taxonomy":"product_brand","embeddable":true,"href":"https:\/\/sachviet.eu\/en\/wp-json\/wp\/v2\/product_brand?post=23429"},{"taxonomy":"product_cat","embeddable":true,"href":"https:\/\/sachviet.eu\/en\/wp-json\/wp\/v2\/product_cat?post=23429"},{"taxonomy":"product_tag","embeddable":true,"href":"https:\/\/sachviet.eu\/en\/wp-json\/wp\/v2\/product_tag?post=23429"}],"curies":[{"name":"wp","href":"https:\/\/api.w.org\/{rel}","templated":true}]}}