{"id":23427,"date":"2023-04-04T22:49:02","date_gmt":"2023-04-04T19:49:02","guid":{"rendered":"https:\/\/sachviet.eu\/shop\/con-bao-nhieu-dieu-muon-noi\/"},"modified":"2023-04-05T00:15:50","modified_gmt":"2023-04-04T21:15:50","slug":"con-bao-nhieu-dieu-muon-noi","status":"publish","type":"product","link":"https:\/\/sachviet.eu\/en\/shop\/con-bao-nhieu-dieu-muon-noi\/","title":{"rendered":"C\u00f2n Bao Nhi\u00eau \u0110i\u1ec1u Mu\u1ed1n N\u00f3i"},"content":{"rendered":"<p>Cu\u1ed1n s\u00e1ch s\u1ebd nh\u1eb9 nh\u00e0ng \u0111\u01b0a c\u00e1c b\u1ea1n nh\u1ecf v\u00e0o nh\u1eefng c\u00e2u chuy\u1ec7n v\u1ec1 ng\u01b0\u1eddi b\u1ea1n th\u00e2n c\u1ee7a L\u1eedng kh\u00f4ng may qua \u0111\u1eddi. S\u1ef1 ra \u0111i c\u1ee7a ng\u01b0\u1eddi b\u1ea1n khi\u1ebfn L\u1eedng bu\u1ed3n th\u01b0\u01a1ng v\u00f4 c\u00f9ng v\u00e0 h\u1ed3i t\u01b0\u1edfng nh\u1eefng k\u00fd \u1ee9c tuy\u1ec7t \u0111\u1eb9p v\u1ec1 ng\u01b0\u1eddi b\u1ea1n n\u00e0y. V\u00ec qu\u00e1 nh\u1edb b\u1ea1n v\u00e0 c\u00f2n bao \u0111i\u1ec1u mu\u1ed1n n\u00f3i, L\u1eedng \u0111\u00e3 vi\u1ebft r\u1ea5t nhi\u1ec1u l\u00e1 th\u01b0 \u0111\u1ec3 g\u1eedi \u0111\u1ebfn ng\u01b0\u1eddi b\u1ea1n \u0111\u00e3 khu\u1ea5t c\u1ee7a m\u00ecnh, th\u1eadm ch\u00ed l\u00e0 nh\u1edd Chim Oanh mang th\u01b0 l\u00ean tr\u1eddi v\u00e0 C\u00e1 mang th\u01b0 xu\u1ed1ng n\u01b0\u1edbc. C\u1eadu c\u00f2n \u0111\u00f3ng \u0111inh nh\u1eefng l\u00e1 th\u01b0 l\u00ean th\u00e2n c\u00e2y n\u1eefa. R\u1ea5t nhi\u1ec1u \u0111\u1ed9ng v\u1eadt trong r\u1eebng an \u1ee7i c\u1eadu. Sau khi vi\u1ebft h\u1ebft n\u1ed7i l\u00f2ng m\u00ecnh ra th\u00f4ng qua nh\u1eefng l\u00e1 th\u01b0, L\u1eedng \u0111\u00e3 c\u1ea3m th\u1ea5y m\u00ecnh kh\u00f4ng c\u00f2n c\u00f4 \u0111\u01a1n n\u1eefa.<\/p>\n","protected":false},"excerpt":{"rendered":"<p>Cu\u1ed1n s\u00e1ch s\u1ebd nh\u1eb9 nh\u00e0ng \u0111\u01b0a c\u00e1c b\u1ea1n nh\u1ecf v\u00e0o nh\u1eefng c\u00e2u chuy\u1ec7n v\u1ec1 ng\u01b0\u1eddi b\u1ea1n th\u00e2n c\u1ee7a L\u1eedng kh\u00f4ng may qua \u0111\u1eddi. S\u1ef1 ra \u0111i c\u1ee7a ng\u01b0\u1eddi b\u1ea1n khi\u1ebfn L\u1eedng bu\u1ed3n th\u01b0\u01a1ng v\u00f4 c\u00f9ng v\u00e0 h\u1ed3i t\u01b0\u1edfng nh\u1eefng k\u00fd \u1ee9c tuy\u1ec7t \u0111\u1eb9p v\u1ec1 ng\u01b0\u1eddi b\u1ea1n n\u00e0y. V\u00ec qu\u00e1 nh\u1edb b\u1ea1n v\u00e0 c\u00f2n bao \u0111i\u1ec1u mu\u1ed1n n\u00f3i, L\u1eedng \u0111\u00e3 vi\u1ebft r\u1ea5t nhi\u1ec1u l\u00e1 th\u01b0 \u0111\u1ec3 g\u1eedi \u0111\u1ebfn ng\u01b0\u1eddi b\u1ea1n \u0111\u00e3 khu\u1ea5t c\u1ee7a m\u00ecnh, th\u1eadm ch\u00ed l\u00e0 nh\u1edd Chim Oanh mang th\u01b0 l\u00ean tr\u1eddi v\u00e0 C\u00e1 mang th\u01b0 xu\u1ed1ng n\u01b0\u1edbc. C\u1eadu c\u00f2n \u0111\u00f3ng \u0111inh nh\u1eefng l\u00e1 th\u01b0 l\u00ean th\u00e2n c\u00e2y n\u1eefa. R\u1ea5t nhi\u1ec1u \u0111\u1ed9ng v\u1eadt trong r\u1eebng an \u1ee7i c\u1eadu. Sau khi vi\u1ebft h\u1ebft n\u1ed7i l\u00f2ng m\u00ecnh ra th\u00f4ng qua nh\u1eefng l\u00e1 th\u01b0, L\u1eedng \u0111\u00e3 c\u1ea3m th\u1ea5y m\u00ecnh kh\u00f4ng c\u00f2n c\u00f4 \u0111\u01a1n n\u1eefa.<\/p>\n","protected":false},"featured_media":23426,"template":"","meta":{"_acf_changed":false},"product_brand":[],"product_cat":[25,17,26],"product_tag":[83],"class_list":{"0":"post-23427","1":"product","2":"type-product","3":"status-publish","4":"has-post-thumbnail","6":"product_cat-nhi-dong-6-tuoi-12-tuoi","7":"product_cat-sach-danh-cho-cac-be","8":"product_cat-thieu-nien-11-tuoi-18-tuoi","9":"product_tag-sach-moi-xuat-ban","11":"first","12":"instock","13":"taxable","14":"shipping-taxable","15":"purchasable","16":"product-type-simple"},"supplier_id":null,"supplier_sku":"","barcode":null,"atum_controlled":true,"out_stock_date":null,"out_stock_threshold":null,"inheritable":false,"inbound_stock":0,"stock_on_hold":0,"sold_today":0,"sales_last_days":0,"reserved_stock":0,"customer_returns":0,"warehouse_damage":0,"lost_in_post":0,"other_logs":0,"out_stock_days":0,"lost_sales":0,"has_location":false,"update_date":"2026-01-28T23:11:15","atum_locations":[],"atum_stock_status":"instock","restock_status":false,"low_stock_amount":"","sales_update_date":"2026-01-28T23:11:15","calc_backorders":null,"acf":{"publisher":{"ID":23313,"post_author":"1","post_date":"2023-04-04 22:35:51","post_date_gmt":"2023-04-04 19:35:51","post_content":"","post_title":"H\u1ed9p H\u00e1o H\u1ee9c","post_excerpt":"","post_status":"publish","comment_status":"closed","ping_status":"closed","post_password":"","post_name":"hop-hao-huc","to_ping":"","pinged":"","post_modified":"2023-04-04 22:35:51","post_modified_gmt":"2023-04-04 19:35:51","post_content_filtered":"","post_parent":0,"guid":"https:\/\/sachviet.eu\/nha-phat-hanh\/hop-hao-huc\/","menu_order":0,"post_type":"publisher","post_mime_type":"","comment_count":"0","filter":"raw"}},"_links":{"self":[{"href":"https:\/\/sachviet.eu\/en\/wp-json\/wp\/v2\/product\/23427","targetHints":{"allow":["GET"]}}],"collection":[{"href":"https:\/\/sachviet.eu\/en\/wp-json\/wp\/v2\/product"}],"about":[{"href":"https:\/\/sachviet.eu\/en\/wp-json\/wp\/v2\/types\/product"}],"wp:featuredmedia":[{"embeddable":true,"href":"https:\/\/sachviet.eu\/en\/wp-json\/wp\/v2\/media\/23426"}],"wp:attachment":[{"href":"https:\/\/sachviet.eu\/en\/wp-json\/wp\/v2\/media?parent=23427"}],"wp:term":[{"taxonomy":"product_brand","embeddable":true,"href":"https:\/\/sachviet.eu\/en\/wp-json\/wp\/v2\/product_brand?post=23427"},{"taxonomy":"product_cat","embeddable":true,"href":"https:\/\/sachviet.eu\/en\/wp-json\/wp\/v2\/product_cat?post=23427"},{"taxonomy":"product_tag","embeddable":true,"href":"https:\/\/sachviet.eu\/en\/wp-json\/wp\/v2\/product_tag?post=23427"}],"curies":[{"name":"wp","href":"https:\/\/api.w.org\/{rel}","templated":true}]}}