{"id":23414,"date":"2023-04-04T22:48:19","date_gmt":"2023-04-04T19:48:19","guid":{"rendered":"https:\/\/sachviet.eu\/shop\/bo-sach-boi-cung-em-yeu-co-the-cho-be-0-3-tuoi\/"},"modified":"2024-01-24T18:35:20","modified_gmt":"2024-01-24T16:35:20","slug":"bo-sach-boi-cung-em-yeu-co-the-cho-be-0-3-tuoi","status":"publish","type":"product","link":"https:\/\/sachviet.eu\/en\/shop\/bo-sach-boi-cung-em-yeu-co-the-cho-be-0-3-tuoi\/","title":{"rendered":"B\u1ed9 s\u00e1ch b\u1ed3i c\u1ee9ng EM Y\u00caU C\u01a0 TH\u1ec2 cho b\u00e9 0-3 TU\u1ed4I"},"content":{"rendered":"<p>Combo s\u00e1ch EM Y\u00caU C\u01a0 TH\u1ec2 g\u1ed3m 4 cu\u1ed1n, d\u00e0nh cho b\u00e9 0-3 tu\u1ed5i. Gi\u00e1: 236.000\u0111<br \/>\nM\u1ed7i cu\u1ed1n s\u00e1ch b\u1ed3i c\u1ee9ng d\u00e0y d\u1eb7n, v\u1eeba v\u1eb7n \u0111\u00f4i b\u00e0n tay b\u00e9 x\u00edu, v\u1edbi lo\u1ea1t h\u00ecnh minh ho\u1ea1 si\u00eau d\u1ec5 th\u01b0\u01a1ng, ng\u1ed9 ngh\u0129nh, v\u00e0 c\u1ef1c k\u1ef3 c\u1ea7n g\u0169i v\u1edbi cu\u1ed9c s\u1ed1ng c\u1ee7a con. S\u00e1ch kh\u00f4ng ch\u1ec9 \u0111\u1ec3 \u0111\u1ecdc cho vui, c\u00f2n ch\u00ednh l\u00e0 c\u00f4ng c\u1ee5 \u0111\u1ec3 h\u1ed7 tr\u1ee3 b\u1ed1 m\u1eb9, c\u00f9ng con kh\u00e1m ph\u00e1 \u0111i\u1ec1u \u0111\u1eb7c bi\u1ec7t \u1edf ch\u00ednh m\u00ecnh. 4 cu\u1ed1n s\u00e1ch trong combo s\u00e1ch EM Y\u00caU C\u01a0 TH\u1ec2 \u0111\u01b0\u1ee3c ch\u00ednh tay m\u1eb9 Trang Moon bi\u00ean so\u1ea1n d\u1ef1a tr\u00ean kinh nghi\u1ec7m nu\u00f4i d\u1ea1y 4 b\u1ea1n nh\u1ecf \u0111\u00e1ng y\u00eau \u0111\u00f3. B\u1ed9 s\u00e1ch best-seller \u0111\u01b0\u1ee3c t\u00e1i b\u1ea3n 3 l\u1ea7n cho \u0111\u1ebfn nay.<\/p>\n<p>\u0110\u00e2y l\u00e0 combo s\u00e1ch \u0111\u01b0\u1ee3c H\u1ed9p H\u00e1o H\u1ee9c d\u00e0nh nhi\u1ec1u t\u00e2m huy\u1ebft l\u1ef1a ch\u1ecdn ri\u00eang theo t\u1eebng nh\u00f3m ch\u1ee7 \u0111\u1ec1 v\u00e0 \u0111\u1ed9 tu\u1ed5i t\u1eeb nh\u1eefng cu\u1ed1n s\u00e1ch hay nh\u1ea5t, \u0111\u01b0\u1ee3c y\u00eau th\u00edch nh\u1ea5t c\u1ee7a H\u1ed9p H\u00e1o H\u1ee9c su\u1ed1t h\u01a1n 3 n\u0103m qua, \u0111\u1ea3m b\u1ea3o n\u1ed9i dung th\u00fa v\u1ecb, \u00fd ngh\u0129a, v\u00e0 ph\u00f9 h\u1ee3p v\u1edbi t\u1eebng \u0111\u1ed9 tu\u1ed5i c\u1ee7a b\u00e9. <\/p>\n","protected":false},"excerpt":{"rendered":"<p>Combo s\u00e1ch EM Y\u00caU C\u01a0 TH\u1ec2 g\u1ed3m 4 cu\u1ed1n, d\u00e0nh cho b\u00e9 0-3 tu\u1ed5i. Gi\u00e1: 236.000\u0111<br \/>\nM\u1ed7i cu\u1ed1n s\u00e1ch b\u1ed3i c\u1ee9ng d\u00e0y d\u1eb7n, v\u1eeba v\u1eb7n \u0111\u00f4i b\u00e0n tay b\u00e9 x\u00edu, v\u1edbi lo\u1ea1t h\u00ecnh minh ho\u1ea1 si\u00eau d\u1ec5 th\u01b0\u01a1ng, ng\u1ed9 ngh\u0129nh, v\u00e0 c\u1ef1c k\u1ef3 c\u1ea7n g\u0169i v\u1edbi cu\u1ed9c s\u1ed1ng c\u1ee7a con. S\u00e1ch kh\u00f4ng ch\u1ec9 \u0111\u1ec3 \u0111\u1ecdc cho vui, c\u00f2n ch\u00ednh l\u00e0 c\u00f4ng c\u1ee5 \u0111\u1ec3 h\u1ed7 tr\u1ee3 b\u1ed1 m\u1eb9, c\u00f9ng con kh\u00e1m ph\u00e1 \u0111i\u1ec1u \u0111\u1eb7c bi\u1ec7t \u1edf ch\u00ednh m\u00ecnh. 4 cu\u1ed1n s\u00e1ch trong combo s\u00e1ch EM Y\u00caU C\u01a0 TH\u1ec2 \u0111\u01b0\u1ee3c ch\u00ednh tay m\u1eb9 Trang Moon bi\u00ean so\u1ea1n d\u1ef1a tr\u00ean kinh nghi\u1ec7m nu\u00f4i d\u1ea1y 4 b\u1ea1n nh\u1ecf \u0111\u00e1ng y\u00eau \u0111\u00f3. B\u1ed9 s\u00e1ch best-seller \u0111\u01b0\u1ee3c t\u00e1i b\u1ea3n 3 l\u1ea7n cho \u0111\u1ebfn nay.<\/p>\n<p>\u0110\u00e2y l\u00e0 combo s\u00e1ch \u0111\u01b0\u1ee3c H\u1ed9p H\u00e1o H\u1ee9c d\u00e0nh nhi\u1ec1u t\u00e2m huy\u1ebft l\u1ef1a ch\u1ecdn ri\u00eang theo t\u1eebng nh\u00f3m ch\u1ee7 \u0111\u1ec1 v\u00e0 \u0111\u1ed9 tu\u1ed5i t\u1eeb nh\u1eefng cu\u1ed1n s\u00e1ch hay nh\u1ea5t, \u0111\u01b0\u1ee3c y\u00eau th\u00edch nh\u1ea5t c\u1ee7a H\u1ed9p H\u00e1o H\u1ee9c su\u1ed1t h\u01a1n 3 n\u0103m qua, \u0111\u1ea3m b\u1ea3o n\u1ed9i dung th\u00fa v\u1ecb, \u00fd ngh\u0129a, v\u00e0 ph\u00f9 h\u1ee3p v\u1edbi t\u1eebng \u0111\u1ed9 tu\u1ed5i c\u1ee7a b\u00e9.<\/p>\n","protected":false},"featured_media":23413,"template":"","meta":{"_acf_changed":false},"product_brand":[],"product_cat":[24,25,17],"product_tag":[83],"class_list":{"0":"post-23414","1":"product","2":"type-product","3":"status-publish","4":"has-post-thumbnail","6":"product_cat-nha-tre-mau-giao-0-tuoi-6-tuoi","7":"product_cat-nhi-dong-6-tuoi-12-tuoi","8":"product_cat-sach-danh-cho-cac-be","9":"product_tag-sach-moi-xuat-ban","11":"first","12":"outofstock","13":"taxable","14":"shipping-taxable","15":"purchasable","16":"product-type-simple"},"supplier_id":null,"supplier_sku":"","barcode":null,"atum_controlled":true,"out_stock_date":"2024-01-24 16:35:20","out_stock_threshold":null,"inheritable":false,"inbound_stock":0,"stock_on_hold":0,"sold_today":0,"sales_last_days":0,"reserved_stock":0,"customer_returns":0,"warehouse_damage":0,"lost_in_post":0,"other_logs":0,"out_stock_days":735,"lost_sales":0,"has_location":false,"update_date":"2026-01-28T23:11:15","atum_locations":[],"atum_stock_status":"outofstock","restock_status":false,"low_stock_amount":"","sales_update_date":"2026-01-28T23:11:15","calc_backorders":null,"acf":{"publisher":{"ID":23313,"post_author":"1","post_date":"2023-04-04 22:35:51","post_date_gmt":"2023-04-04 19:35:51","post_content":"","post_title":"H\u1ed9p H\u00e1o H\u1ee9c","post_excerpt":"","post_status":"publish","comment_status":"closed","ping_status":"closed","post_password":"","post_name":"hop-hao-huc","to_ping":"","pinged":"","post_modified":"2023-04-04 22:35:51","post_modified_gmt":"2023-04-04 19:35:51","post_content_filtered":"","post_parent":0,"guid":"https:\/\/sachviet.eu\/nha-phat-hanh\/hop-hao-huc\/","menu_order":0,"post_type":"publisher","post_mime_type":"","comment_count":"0","filter":"raw"}},"_links":{"self":[{"href":"https:\/\/sachviet.eu\/en\/wp-json\/wp\/v2\/product\/23414","targetHints":{"allow":["GET"]}}],"collection":[{"href":"https:\/\/sachviet.eu\/en\/wp-json\/wp\/v2\/product"}],"about":[{"href":"https:\/\/sachviet.eu\/en\/wp-json\/wp\/v2\/types\/product"}],"wp:featuredmedia":[{"embeddable":true,"href":"https:\/\/sachviet.eu\/en\/wp-json\/wp\/v2\/media\/23413"}],"wp:attachment":[{"href":"https:\/\/sachviet.eu\/en\/wp-json\/wp\/v2\/media?parent=23414"}],"wp:term":[{"taxonomy":"product_brand","embeddable":true,"href":"https:\/\/sachviet.eu\/en\/wp-json\/wp\/v2\/product_brand?post=23414"},{"taxonomy":"product_cat","embeddable":true,"href":"https:\/\/sachviet.eu\/en\/wp-json\/wp\/v2\/product_cat?post=23414"},{"taxonomy":"product_tag","embeddable":true,"href":"https:\/\/sachviet.eu\/en\/wp-json\/wp\/v2\/product_tag?post=23414"}],"curies":[{"name":"wp","href":"https:\/\/api.w.org\/{rel}","templated":true}]}}