{"id":23410,"date":"2023-04-04T22:48:02","date_gmt":"2023-04-04T19:48:02","guid":{"rendered":"https:\/\/sachviet.eu\/shop\/chuan-bi-cho-be-toi-truong-chu-so-kem-but-viet-xoa\/"},"modified":"2023-04-05T00:15:49","modified_gmt":"2023-04-04T21:15:49","slug":"chuan-bi-cho-be-toi-truong-chu-so-kem-but-viet-xoa","status":"publish","type":"product","link":"https:\/\/sachviet.eu\/en\/shop\/chuan-bi-cho-be-toi-truong-chu-so-kem-but-viet-xoa\/","title":{"rendered":"CHU\u1ea8N B\u1eca CHO B\u00c9 T\u1edaI TR\u01af\u1edcNG \u2013 CH\u1eee S\u1ed0 (K\u00c8M B\u00daT VI\u1ebeT\/X\u00d3A)"},"content":{"rendered":"<p>B\u1ed9 s\u00e1ch \u201cChu\u1ea9n b\u1ecb cho b\u00e9 t\u1edbi tr\u01b0\u1eddng\u201d g\u1ed3m 2 t\u1eadp \u201cCh\u1eef s\u1ed1\u201d v\u00e0 \u201cCh\u1eef c\u00e1i\u201d \u0111\u01b0\u1ee3c thi\u1ebft k\u1ebf h\u00ecnh chi\u1ebfc t\u00fai x\u00e1ch d\u1ec5 th\u01b0\u01a1ng, tr\u00ean ch\u1ea5t li\u1ec7u gi\u1ea5y b\u00eca c\u1ee9ng c\u00e1n b\u00f3ng \u0111\u1ec3 b\u00e9 c\u00f3 th\u1ec3 vi\u1ebft (x\u00f3a) d\u1ec5 d\u00e0ng.<\/p>\n<p>\u0110\u1ec3 gi\u00fap tr\u1ebb (4-5 tu\u1ed5i) c\u00f3 h\u1ee9ng th\u00fa v\u1edbi vi\u1ec7c b\u1eaft \u0111\u1ea7u l\u00e0m quen v\u1edbi ch\u1eef c\u00e1i v\u00e0 ch\u1eef s\u1ed1, b\u1ed1 m\u1eb9 h\u00e3y c\u00f9ng con th\u1ef1c hi\u1ec7n nh\u1eefng y\u00eau c\u1ea7u nh\u1ecf trong m\u1ed7i trang s\u00e1ch, \u0111\u1ec3 tr\u1ebb v\u1eeba ch\u01a1i v\u1eeba h\u1ecdc. Ch\u1eafc ch\u1eafn ph\u01b0\u01a1ng ph\u00e1p n\u00e0y s\u1ebd gi\u00fap c\u00e1c con ti\u1ebfp thu ki\u1ebfn th\u1ee9c m\u1ed9t c\u00e1ch nh\u1eb9 nh\u00e0ng, tho\u1ea3i m\u00e1i v\u00e0 y\u00eau th\u00edch \u0111\u01b0\u1ee3c \u0111\u1ebfn tr\u01b0\u1eddng m\u1ed7i ng\u00e0y.<\/p>\n","protected":false},"excerpt":{"rendered":"<p>B\u1ed9 s\u00e1ch \u201cChu\u1ea9n b\u1ecb cho b\u00e9 t\u1edbi tr\u01b0\u1eddng\u201d g\u1ed3m 2 t\u1eadp \u201cCh\u1eef s\u1ed1\u201d v\u00e0 \u201cCh\u1eef c\u00e1i\u201d \u0111\u01b0\u1ee3c thi\u1ebft k\u1ebf h\u00ecnh chi\u1ebfc t\u00fai x\u00e1ch d\u1ec5 th\u01b0\u01a1ng, tr\u00ean ch\u1ea5t li\u1ec7u gi\u1ea5y b\u00eca c\u1ee9ng c\u00e1n b\u00f3ng \u0111\u1ec3 b\u00e9 c\u00f3 th\u1ec3 vi\u1ebft (x\u00f3a) d\u1ec5 d\u00e0ng.<\/p>\n<p>\u0110\u1ec3 gi\u00fap tr\u1ebb (4-5 tu\u1ed5i) c\u00f3 h\u1ee9ng th\u00fa v\u1edbi vi\u1ec7c b\u1eaft \u0111\u1ea7u l\u00e0m quen v\u1edbi ch\u1eef c\u00e1i v\u00e0 ch\u1eef s\u1ed1, b\u1ed1 m\u1eb9 h\u00e3y c\u00f9ng con th\u1ef1c hi\u1ec7n nh\u1eefng y\u00eau c\u1ea7u nh\u1ecf trong m\u1ed7i trang s\u00e1ch, \u0111\u1ec3 tr\u1ebb v\u1eeba ch\u01a1i v\u1eeba h\u1ecdc. Ch\u1eafc ch\u1eafn ph\u01b0\u01a1ng ph\u00e1p n\u00e0y s\u1ebd gi\u00fap c\u00e1c con ti\u1ebfp thu ki\u1ebfn th\u1ee9c m\u1ed9t c\u00e1ch nh\u1eb9 nh\u00e0ng, tho\u1ea3i m\u00e1i v\u00e0 y\u00eau th\u00edch \u0111\u01b0\u1ee3c \u0111\u1ebfn tr\u01b0\u1eddng m\u1ed7i ng\u00e0y.<\/p>\n","protected":false},"featured_media":23409,"template":"","meta":{"_acf_changed":false},"product_brand":[],"product_cat":[20,25,17,26],"product_tag":[83],"class_list":{"0":"post-23410","1":"product","2":"type-product","3":"status-publish","4":"has-post-thumbnail","6":"product_cat-be-vua-hoc-vua-choi","7":"product_cat-nhi-dong-6-tuoi-12-tuoi","8":"product_cat-sach-danh-cho-cac-be","9":"product_cat-thieu-nien-11-tuoi-18-tuoi","10":"product_tag-sach-moi-xuat-ban","12":"first","13":"instock","14":"taxable","15":"shipping-taxable","16":"purchasable","17":"product-type-simple"},"supplier_id":null,"supplier_sku":"","barcode":null,"atum_controlled":true,"out_stock_date":null,"out_stock_threshold":null,"inheritable":false,"inbound_stock":0,"stock_on_hold":0,"sold_today":0,"sales_last_days":0,"reserved_stock":0,"customer_returns":0,"warehouse_damage":0,"lost_in_post":0,"other_logs":0,"out_stock_days":0,"lost_sales":0,"has_location":false,"update_date":"2026-01-28T23:11:15","atum_locations":[],"atum_stock_status":"instock","restock_status":false,"low_stock_amount":"","sales_update_date":"2026-01-28T23:11:15","calc_backorders":null,"acf":{"publisher":{"ID":5988,"post_author":"1","post_date":"2021-03-14 02:36:31","post_date_gmt":"2021-03-14 00:36:31","post_content":"","post_title":"Ph\u1ee5 N\u1eef","post_excerpt":"","post_status":"publish","comment_status":"closed","ping_status":"closed","post_password":"","post_name":"phu-nu","to_ping":"","pinged":"","post_modified":"2021-03-14 02:36:31","post_modified_gmt":"2021-03-14 00:36:31","post_content_filtered":"","post_parent":0,"guid":"https:\/\/sachviet.eu\/blog\/nha-phat-hanh\/phu-nu\/","menu_order":0,"post_type":"publisher","post_mime_type":"","comment_count":"0","filter":"raw"}},"_links":{"self":[{"href":"https:\/\/sachviet.eu\/en\/wp-json\/wp\/v2\/product\/23410","targetHints":{"allow":["GET"]}}],"collection":[{"href":"https:\/\/sachviet.eu\/en\/wp-json\/wp\/v2\/product"}],"about":[{"href":"https:\/\/sachviet.eu\/en\/wp-json\/wp\/v2\/types\/product"}],"wp:featuredmedia":[{"embeddable":true,"href":"https:\/\/sachviet.eu\/en\/wp-json\/wp\/v2\/media\/23409"}],"wp:attachment":[{"href":"https:\/\/sachviet.eu\/en\/wp-json\/wp\/v2\/media?parent=23410"}],"wp:term":[{"taxonomy":"product_brand","embeddable":true,"href":"https:\/\/sachviet.eu\/en\/wp-json\/wp\/v2\/product_brand?post=23410"},{"taxonomy":"product_cat","embeddable":true,"href":"https:\/\/sachviet.eu\/en\/wp-json\/wp\/v2\/product_cat?post=23410"},{"taxonomy":"product_tag","embeddable":true,"href":"https:\/\/sachviet.eu\/en\/wp-json\/wp\/v2\/product_tag?post=23410"}],"curies":[{"name":"wp","href":"https:\/\/api.w.org\/{rel}","templated":true}]}}