{"id":23408,"date":"2023-04-04T22:47:57","date_gmt":"2023-04-04T19:47:57","guid":{"rendered":"https:\/\/sachviet.eu\/shop\/bo-sach-boi-cung-quanh-be-co-gi-0-3-tuoi\/"},"modified":"2024-02-04T11:38:32","modified_gmt":"2024-02-04T09:38:32","slug":"bo-sach-boi-cung-quanh-be-co-gi-0-3-tuoi","status":"publish","type":"product","link":"https:\/\/sachviet.eu\/en\/shop\/bo-sach-boi-cung-quanh-be-co-gi-0-3-tuoi\/","title":{"rendered":"B\u1ed9 s\u00e1ch b\u1ed3i c\u1ee9ng QUANH B\u00c9 C\u00d3 G\u00cc? 0-3 tu\u1ed5i"},"content":{"rendered":"<p>Combo s\u00e1ch QUANH B\u00c9 C\u00d3 G\u00cc? g\u1ed3m 4 cu\u1ed1n, d\u00e0nh cho b\u00e9 0-3 tu\u1ed5i.<\/p>\n<p>B\u1ed9 s\u00e1ch c\u00f9ng con kh\u00e1m ph\u00e1 c\u00e1c ch\u1ee7 \u0111\u1ec1 kh\u00e1c nhau nh\u01b0 ph\u01b0\u01a1ng ti\u1ec7n giao th\u00f4ng, hoa qu\u1ea3, rau c\u1ee7, \u0111\u1ed9ng v\u1eadt th\u00f4ng qua nh\u1eefng v\u1ea7n th\u01a1 d\u1ec5 th\u01b0\u01a1ng, \u0111\u1ea7y g\u1ee3i t\u1ea3. B\u00ean c\u1ea1nh \u0111\u00f3, s\u00e1ch c\u00f2n c\u00f3 c\u00e1c h\u00ecnh minh h\u1ecda s\u1ed1ng \u0111\u1ed9ng, ng\u1ed9 ngh\u0129nh \u0111\u1ec3 con d\u1ec5 d\u00e0ng li\u00ean t\u01b0\u1edfng. Combo g\u1ed3m nh\u1eefng cu\u1ed1n s\u00e1ch ra m\u1eaft t\u1eeb n\u0103m 2020, \u0111\u1ebfn nay \u0111\u00e3 b\u00e1n \u0111\u01b0\u1ee3c h\u01a1n 1000 b\u1ea3n v\u00e0 ti\u1ebfp t\u1ee5c \u0111\u01b0\u1ee3c c\u00e1c \u0111\u1ed9c gi\u1ea3 nh\u00ed y\u00eau m\u1ebfn.<\/p>\n<p>\u0110\u00e2y l\u00e0 combo s\u00e1ch \u0111\u01b0\u1ee3c H\u1ed9p H\u00e1o H\u1ee9c d\u00e0nh nhi\u1ec1u t\u00e2m huy\u1ebft l\u1ef1a ch\u1ecdn ri\u00eang theo t\u1eebng nh\u00f3m ch\u1ee7 \u0111\u1ec1 v\u00e0 \u0111\u1ed9 tu\u1ed5i t\u1eeb nh\u1eefng cu\u1ed1n s\u00e1ch hay nh\u1ea5t, \u0111\u01b0\u1ee3c y\u00eau th\u00edch nh\u1ea5t c\u1ee7a H\u1ed9p H\u00e1o H\u1ee9c su\u1ed1t h\u01a1n 3 n\u0103m qua, \u0111\u1ea3m b\u1ea3o n\u1ed9i dung th\u00fa v\u1ecb, \u00fd ngh\u0129a, v\u00e0 ph\u00f9 h\u1ee3p v\u1edbi t\u1eebng \u0111\u1ed9 tu\u1ed5i c\u1ee7a b\u00e9. <\/p>\n","protected":false},"excerpt":{"rendered":"<p>Combo s\u00e1ch QUANH B\u00c9 C\u00d3 G\u00cc? g\u1ed3m 4 cu\u1ed1n, d\u00e0nh cho b\u00e9 0-3 tu\u1ed5i. <\/p>\n<p>B\u1ed9 s\u00e1ch c\u00f9ng con kh\u00e1m ph\u00e1 c\u00e1c ch\u1ee7 \u0111\u1ec1 kh\u00e1c nhau nh\u01b0 ph\u01b0\u01a1ng ti\u1ec7n giao th\u00f4ng, hoa qu\u1ea3, rau c\u1ee7, \u0111\u1ed9ng v\u1eadt th\u00f4ng qua nh\u1eefng v\u1ea7n th\u01a1 d\u1ec5 th\u01b0\u01a1ng, \u0111\u1ea7y g\u1ee3i t\u1ea3. B\u00ean c\u1ea1nh \u0111\u00f3, s\u00e1ch c\u00f2n c\u00f3 c\u00e1c h\u00ecnh minh h\u1ecda s\u1ed1ng \u0111\u1ed9ng, ng\u1ed9 ngh\u0129nh \u0111\u1ec3 con d\u1ec5 d\u00e0ng li\u00ean t\u01b0\u1edfng. Combo g\u1ed3m nh\u1eefng cu\u1ed1n s\u00e1ch ra m\u1eaft t\u1eeb n\u0103m 2020, \u0111\u1ebfn nay \u0111\u00e3 b\u00e1n \u0111\u01b0\u1ee3c h\u01a1n 1000 b\u1ea3n v\u00e0 ti\u1ebfp t\u1ee5c \u0111\u01b0\u1ee3c c\u00e1c \u0111\u1ed9c gi\u1ea3 nh\u00ed y\u00eau m\u1ebfn.<\/p>\n<p>\u0110\u00e2y l\u00e0 combo s\u00e1ch \u0111\u01b0\u1ee3c H\u1ed9p H\u00e1o H\u1ee9c d\u00e0nh nhi\u1ec1u t\u00e2m huy\u1ebft l\u1ef1a ch\u1ecdn ri\u00eang theo t\u1eebng nh\u00f3m ch\u1ee7 \u0111\u1ec1 v\u00e0 \u0111\u1ed9 tu\u1ed5i t\u1eeb nh\u1eefng cu\u1ed1n s\u00e1ch hay nh\u1ea5t, \u0111\u01b0\u1ee3c y\u00eau th\u00edch nh\u1ea5t c\u1ee7a H\u1ed9p H\u00e1o H\u1ee9c su\u1ed1t h\u01a1n 3 n\u0103m qua, \u0111\u1ea3m b\u1ea3o n\u1ed9i dung th\u00fa v\u1ecb, \u00fd ngh\u0129a, v\u00e0 ph\u00f9 h\u1ee3p v\u1edbi t\u1eebng \u0111\u1ed9 tu\u1ed5i c\u1ee7a b\u00e9.<\/p>\n","protected":false},"featured_media":23407,"template":"","meta":{"_acf_changed":false},"product_brand":[],"product_cat":[24,17],"product_tag":[83],"class_list":{"0":"post-23408","1":"product","2":"type-product","3":"status-publish","4":"has-post-thumbnail","6":"product_cat-nha-tre-mau-giao-0-tuoi-6-tuoi","7":"product_cat-sach-danh-cho-cac-be","8":"product_tag-sach-moi-xuat-ban","10":"first","11":"outofstock","12":"taxable","13":"shipping-taxable","14":"purchasable","15":"product-type-simple"},"supplier_id":null,"supplier_sku":"","barcode":null,"atum_controlled":true,"out_stock_date":"2024-02-04 09:38:32","out_stock_threshold":null,"inheritable":false,"inbound_stock":0,"stock_on_hold":0,"sold_today":0,"sales_last_days":0,"reserved_stock":0,"customer_returns":0,"warehouse_damage":0,"lost_in_post":0,"other_logs":0,"out_stock_days":724,"lost_sales":1860,"has_location":false,"update_date":"2026-01-28T23:11:15","atum_locations":[],"atum_stock_status":"outofstock","restock_status":false,"low_stock_amount":"","sales_update_date":"2026-01-28T23:11:15","calc_backorders":null,"acf":{"publisher":{"ID":23313,"post_author":"1","post_date":"2023-04-04 22:35:51","post_date_gmt":"2023-04-04 19:35:51","post_content":"","post_title":"H\u1ed9p H\u00e1o H\u1ee9c","post_excerpt":"","post_status":"publish","comment_status":"closed","ping_status":"closed","post_password":"","post_name":"hop-hao-huc","to_ping":"","pinged":"","post_modified":"2023-04-04 22:35:51","post_modified_gmt":"2023-04-04 19:35:51","post_content_filtered":"","post_parent":0,"guid":"https:\/\/sachviet.eu\/nha-phat-hanh\/hop-hao-huc\/","menu_order":0,"post_type":"publisher","post_mime_type":"","comment_count":"0","filter":"raw"}},"_links":{"self":[{"href":"https:\/\/sachviet.eu\/en\/wp-json\/wp\/v2\/product\/23408","targetHints":{"allow":["GET"]}}],"collection":[{"href":"https:\/\/sachviet.eu\/en\/wp-json\/wp\/v2\/product"}],"about":[{"href":"https:\/\/sachviet.eu\/en\/wp-json\/wp\/v2\/types\/product"}],"wp:featuredmedia":[{"embeddable":true,"href":"https:\/\/sachviet.eu\/en\/wp-json\/wp\/v2\/media\/23407"}],"wp:attachment":[{"href":"https:\/\/sachviet.eu\/en\/wp-json\/wp\/v2\/media?parent=23408"}],"wp:term":[{"taxonomy":"product_brand","embeddable":true,"href":"https:\/\/sachviet.eu\/en\/wp-json\/wp\/v2\/product_brand?post=23408"},{"taxonomy":"product_cat","embeddable":true,"href":"https:\/\/sachviet.eu\/en\/wp-json\/wp\/v2\/product_cat?post=23408"},{"taxonomy":"product_tag","embeddable":true,"href":"https:\/\/sachviet.eu\/en\/wp-json\/wp\/v2\/product_tag?post=23408"}],"curies":[{"name":"wp","href":"https:\/\/api.w.org\/{rel}","templated":true}]}}