{"id":23406,"date":"2023-04-04T22:47:46","date_gmt":"2023-04-04T19:47:46","guid":{"rendered":"https:\/\/sachviet.eu\/shop\/combo-cung-be-ren-tu-duy-6-quyen\/"},"modified":"2024-12-29T10:24:59","modified_gmt":"2024-12-29T08:24:59","slug":"combo-cung-be-ren-tu-duy-6-quyen","status":"publish","type":"product","link":"https:\/\/sachviet.eu\/en\/shop\/combo-cung-be-ren-tu-duy-6-quyen\/","title":{"rendered":"COMBO C\u00d9NG B\u00c9 R\u00c8N T\u01af DUY (6 QUY\u1ec2N)"},"content":{"rendered":"<p>Ngay t\u1eeb giai \u0111o\u1ea1n 2 tu\u1ed5i tr\u1edf l\u00ean, tr\u1ebb \u0111\u00e3 b\u1eaft \u0111\u1ea7u c\u00f3 kh\u1ea3 n\u0103ng ghi nh\u1edb v\u00e0 t\u01b0\u1edfng t\u01b0\u1ee3ng. B\u1edfi v\u1eady n\u00ean giai \u0111o\u1ea1n v\u00e0ng \u0111\u1ec3 ba m\u1eb9 r\u00e8n luy\u1ec7n t\u01b0 duy s\u1edbm cho tr\u1ebb l\u00e0 t\u1eeb 3-6 tu\u1ed5i. Th\u00f4ng qua c\u00e1c tr\u00f2 \u0111\u1ed1 vui nh\u01b0 v\u01b0\u1ee3t m\u00ea cung, n\u1ed1i s\u1ed1 \u0111\u1ebfm, gi\u1ea3i m\u1eadt m\u00e3, t\u00ecm \u0111i\u1ec3m kh\u00e1c bi\u1ec7t\u2026 c\u00f9ng nh\u1eefng h\u00ecnh minh h\u1ecda t\u01b0\u01a1i vui, g\u1ea7n g\u0169i c\u1ee7a c\u00e1c ch\u1ee7 \u0111\u1ec1 quen thu\u1ed9c g\u1ed3m \u0110\u1ed9ng v\u1eadt, C\u00e2y tr\u00e1i, Gia \u0111\u00ecnh, Th\u1ec3 thao, Trang ph\u1ee5c v\u00e0 Xe c\u1ed9, b\u1ed9 s\u00e1ch s\u1ebd gi\u00fap \u0111\u1ed9c gi\u1ea3 nh\u1ecf r\u00e8n luy\u1ec7n kh\u1ea3 n\u0103ng quan s\u00e1t v\u00e0 ph\u00e2n t\u00edch. C\u00e1c tr\u00f2 ch\u01a1i v\u1eeba mang \u0111\u1ebfn cho tr\u1ebb nh\u1eefng gi\u00e2y ph\u00fat vui v\u1ebb, v\u1eeba kh\u01a1i g\u1ee3i h\u1ee9ng th\u00fa. B\u1ed1 m\u1eb9 c\u00f3 th\u1ec3 quan s\u00e1t v\u00e0 khuy\u1ebfn kh\u00edch con ch\u01a1i, c\u0169ng nh\u01b0 \u0111\u1eb7t th\u00eam nhi\u1ec1u c\u00e2u h\u1ecfi v\u1ec1 c\u00e1c ch\u1ee7 \u0111\u1ec1 trong s\u00e1ch \u0111\u1ec3 tr\u1ebb m\u1edf r\u1ed9ng th\u00eam hi\u1ec3u bi\u1ebft v\u1ec1 th\u1ebf gi\u1edbi xung quanh m\u00ecnh. Mong r\u1eb1ng cu\u1ed1n s\u00e1ch nh\u1ecf n\u00e0y s\u1ebd mang l\u1ea1i kho\u1ea3ng th\u1eddi gian vui v\u1ebb, \u00fd ngh\u0129a v\u1edbi c\u1ea3 gia \u0111\u00ecnh.<br \/>\n&#8212;&#8212;&#8212;<br \/>\nM\u1eddi c\u00e1c b\u1ea1n t\u00ecm \u0111\u1ecdc tr\u1ecdn b\u1ed9 s\u00e1ch C\u00f9ng b\u00e9 r\u00e8n t\u01b0 duy:<br \/>\n\u2022    C\u00f9ng b\u00e9 r\u00e8n t\u01b0 duy &#8211; Ch\u1ee7 \u0111\u1ec1: \u0110\u1ed9ng v\u1eadt<br \/>\n\u2022    C\u00f9ng b\u00e9 r\u00e8n t\u01b0 duy &#8211; Ch\u1ee7 \u0111\u1ec1: C\u00e2y tr\u00e1i<br \/>\n\u2022    C\u00f9ng b\u00e9 r\u00e8n t\u01b0 duy &#8211; Ch\u1ee7 \u0111\u1ec1: Gia \u0111\u00ecnh<br \/>\n\u2022    C\u00f9ng b\u00e9 r\u00e8n t\u01b0 duy &#8211; Ch\u1ee7 \u0111\u1ec1: Th\u1ec3 thao<br \/>\n\u2022    C\u00f9ng b\u00e9 r\u00e8n t\u01b0 duy &#8211; Ch\u1ee7 \u0111\u1ec1: Trang ph\u1ee5c<br \/>\n\u2022    C\u00f9ng b\u00e9 r\u00e8n t\u01b0 duy &#8211; Ch\u1ee7 \u0111\u1ec1: Xe c\u1ed9<\/p>\n","protected":false},"excerpt":{"rendered":"<p>Ngay t\u1eeb giai \u0111o\u1ea1n 2 tu\u1ed5i tr\u1edf l\u00ean, tr\u1ebb \u0111\u00e3 b\u1eaft \u0111\u1ea7u c\u00f3 kh\u1ea3 n\u0103ng ghi nh\u1edb v\u00e0 t\u01b0\u1edfng t\u01b0\u1ee3ng. B\u1edfi v\u1eady n\u00ean giai \u0111o\u1ea1n v\u00e0ng \u0111\u1ec3 ba m\u1eb9 r\u00e8n luy\u1ec7n t\u01b0 duy s\u1edbm cho tr\u1ebb l\u00e0 t\u1eeb 3-6 tu\u1ed5i. Th\u00f4ng qua c\u00e1c tr\u00f2 \u0111\u1ed1 vui nh\u01b0 v\u01b0\u1ee3t m\u00ea cung, n\u1ed1i s\u1ed1 \u0111\u1ebfm, gi\u1ea3i m\u1eadt m\u00e3, t\u00ecm \u0111i\u1ec3m kh\u00e1c bi\u1ec7t\u2026 c\u00f9ng nh\u1eefng h\u00ecnh minh h\u1ecda t\u01b0\u01a1i vui, g\u1ea7n g\u0169i c\u1ee7a c\u00e1c ch\u1ee7 \u0111\u1ec1 quen thu\u1ed9c g\u1ed3m \u0110\u1ed9ng v\u1eadt, C\u00e2y tr\u00e1i, Gia \u0111\u00ecnh, Th\u1ec3 thao, Trang ph\u1ee5c v\u00e0 Xe c\u1ed9, b\u1ed9 s\u00e1ch s\u1ebd gi\u00fap \u0111\u1ed9c gi\u1ea3 nh\u1ecf r\u00e8n luy\u1ec7n kh\u1ea3 n\u0103ng quan s\u00e1t v\u00e0 ph\u00e2n t\u00edch. C\u00e1c tr\u00f2 ch\u01a1i v\u1eeba mang \u0111\u1ebfn cho tr\u1ebb nh\u1eefng gi\u00e2y ph\u00fat vui v\u1ebb, v\u1eeba kh\u01a1i g\u1ee3i h\u1ee9ng th\u00fa. B\u1ed1 m\u1eb9 c\u00f3 th\u1ec3 quan s\u00e1t v\u00e0 khuy\u1ebfn kh\u00edch con ch\u01a1i, c\u0169ng nh\u01b0 \u0111\u1eb7t th\u00eam nhi\u1ec1u c\u00e2u h\u1ecfi v\u1ec1 c\u00e1c ch\u1ee7 \u0111\u1ec1 trong s\u00e1ch \u0111\u1ec3 tr\u1ebb m\u1edf r\u1ed9ng th\u00eam hi\u1ec3u bi\u1ebft v\u1ec1 th\u1ebf gi\u1edbi xung quanh m\u00ecnh. Mong r\u1eb1ng cu\u1ed1n s\u00e1ch nh\u1ecf n\u00e0y s\u1ebd mang l\u1ea1i kho\u1ea3ng th\u1eddi gian vui v\u1ebb, \u00fd ngh\u0129a v\u1edbi c\u1ea3 gia \u0111\u00ecnh.<br \/>\n&#8212;&#8212;&#8212;<br \/>\nM\u1eddi c\u00e1c b\u1ea1n t\u00ecm \u0111\u1ecdc tr\u1ecdn b\u1ed9 s\u00e1ch C\u00f9ng b\u00e9 r\u00e8n t\u01b0 duy:<br \/>\n\u2022    C\u00f9ng b\u00e9 r\u00e8n t\u01b0 duy &#8211; Ch\u1ee7 \u0111\u1ec1: \u0110\u1ed9ng v\u1eadt<br \/>\n\u2022    C\u00f9ng b\u00e9 r\u00e8n t\u01b0 duy &#8211; Ch\u1ee7 \u0111\u1ec1: C\u00e2y tr\u00e1i<br \/>\n\u2022    C\u00f9ng b\u00e9 r\u00e8n t\u01b0 duy &#8211; Ch\u1ee7 \u0111\u1ec1: Gia \u0111\u00ecnh<br \/>\n\u2022    C\u00f9ng b\u00e9 r\u00e8n t\u01b0 duy &#8211; Ch\u1ee7 \u0111\u1ec1: Th\u1ec3 thao<br \/>\n\u2022    C\u00f9ng b\u00e9 r\u00e8n t\u01b0 duy &#8211; Ch\u1ee7 \u0111\u1ec1: Trang ph\u1ee5c<br \/>\n\u2022    C\u00f9ng b\u00e9 r\u00e8n t\u01b0 duy &#8211; Ch\u1ee7 \u0111\u1ec1: Xe c\u1ed9<\/p>\n","protected":false},"featured_media":23405,"template":"","meta":{"_acf_changed":false},"product_brand":[],"product_cat":[25,17,26],"product_tag":[83],"class_list":{"0":"post-23406","1":"product","2":"type-product","3":"status-publish","4":"has-post-thumbnail","6":"product_cat-nhi-dong-6-tuoi-12-tuoi","7":"product_cat-sach-danh-cho-cac-be","8":"product_cat-thieu-nien-11-tuoi-18-tuoi","9":"product_tag-sach-moi-xuat-ban","11":"first","12":"outofstock","13":"taxable","14":"shipping-taxable","15":"purchasable","16":"product-type-simple"},"supplier_id":null,"supplier_sku":"","barcode":null,"atum_controlled":true,"out_stock_date":"2024-12-29 08:24:59","out_stock_threshold":null,"inheritable":false,"inbound_stock":0,"stock_on_hold":0,"sold_today":0,"sales_last_days":0,"reserved_stock":0,"customer_returns":0,"warehouse_damage":0,"lost_in_post":0,"other_logs":0,"out_stock_days":395,"lost_sales":0,"has_location":false,"update_date":"2026-01-28T23:11:27","atum_locations":[],"atum_stock_status":"outofstock","restock_status":false,"low_stock_amount":"","sales_update_date":"2026-01-28T23:11:27","calc_backorders":null,"acf":{"publisher":{"ID":1454,"post_author":"1","post_date":"2021-02-17 01:11:34","post_date_gmt":"2021-02-16 23:11:34","post_content":"<!-- wp:flatsome\/uxbuilder -->\n<h1 style=\"text-align: center;\"><strong>Kim \u0110\u1ed3ng<\/strong><\/h1>\n[row]\n\n[col span=\"3\" span__sm=\"12\"]\n\n[ux_image id=\"1534\" image_size=\"medium\"]\n\n\n[\/col]\n[col span=\"9\" span__sm=\"12\"]\n\n<p>Nh\u00e0 xu\u1ea5t b\u1ea3n Kim \u0110\u1ed3ng tr\u1ef1c thu\u1ed9c Trung \u01b0\u01a1ng \u0110o\u00e0n TNCS H\u1ed3 Ch\u00ed Minh l\u00e0 Nh\u00e0 xu\u1ea5t b\u1ea3n t\u1ed5ng h\u1ee3p c\u00f3 ch\u1ee9c n\u0103ng xu\u1ea5t b\u1ea3n s\u00e1ch v\u00e0 v\u0103n h\u00f3a ph\u1ea9m ph\u1ee5c v\u1ee5 thi\u1ebfu nhi v\u00e0 c\u00e1c b\u1eadc ph\u1ee5 huynh trong c\u1ea3 n\u01b0\u1edbc, qu\u1ea3ng b\u00e1 v\u00e0 gi\u1edbi thi\u1ec7u v\u0103n h\u00f3a Vi\u1ec7t Nam ra th\u1ebf gi\u1edbi.<br \/>Nh\u00e0 xu\u1ea5t b\u1ea3n c\u00f3 nhi\u1ec7m v\u1ee5 t\u1ed5 ch\u1ee9c b\u1ea3n th\u1ea3o, bi\u00ean so\u1ea1n, bi\u00ean d\u1ecbch, xu\u1ea5t b\u1ea3n v\u00e0 ph\u00e1t h\u00e0nh c\u00e1c xu\u1ea5t b\u1ea3n ph\u1ea9m c\u00f3 n\u1ed9i dung: gi\u00e1o d\u1ee5c truy\u1ec1n th\u1ed1ng d\u00e2n t\u1ed9c, gi\u00e1o d\u1ee5c v\u1ec1 tri th\u1ee9c, ki\u1ebfn th\u1ee9c\u2026 tr\u00ean c\u00e1c l\u0129nh v\u1ef1c v\u0103n h\u1ecdc, ngh\u1ec7 thu\u1eadt, khoa h\u1ecdc k\u1ef9 thu\u1eadt nh\u1eb1m cung c\u1ea5p cho c\u00e1c em thi\u1ebfu nhi c\u0169ng nh\u01b0 c\u00e1c b\u1eadc ph\u1ee5 huynh c\u00e1c ki\u1ebfn th\u1ee9c c\u1ea7n thi\u1ebft trong cu\u1ed9c s\u1ed1ng, nh\u1eefng tinh hoa c\u1ee7a tri th\u1ee9c nh\u00e2n lo\u1ea1i nh\u1eb1m g\u00f3p ph\u1ea7n gi\u00e1o d\u1ee5c v\u00e0 h\u00ecnh th\u00e0nh nh\u00e2n c\u00e1ch th\u1ebf h\u1ec7 tr\u1ebb.<br \/>\u0110\u1ed1i t\u01b0\u1ee3ng ph\u1ee5c v\u1ee5 c\u1ee7a Nh\u00e0 xu\u1ea5t b\u1ea3n l\u00e0 c\u00e1c em t\u1eeb tu\u1ed5i nh\u00e0 tr\u1ebb m\u1eabu gi\u00e1o (1 \u0111\u1ebfn 5 tu\u1ed5i), nhi \u0111\u1ed3ng (6 \u0111\u1ebfn 9 tu\u1ed5i), thi\u1ebfu ni\u00ean (10 \u0111\u1ebfn 15 tu\u1ed5i) \u0111\u1ebfn c\u00e1c em tu\u1ed5i m\u1edbi l\u1edbn (16 \u0111\u1ebfn 18 tu\u1ed5i) v\u00e0 c\u00e1c b\u1eadc ph\u1ee5 huynh.<\/p>\n\n[\/col]\n\n[\/row]\n\n<!-- \/wp:flatsome\/uxbuilder -->","post_title":"Kim \u0110\u1ed3ng","post_excerpt":"","post_status":"publish","comment_status":"closed","ping_status":"closed","post_password":"","post_name":"kim-dong","to_ping":"","pinged":"","post_modified":"2021-02-17 01:31:56","post_modified_gmt":"2021-02-16 23:31:56","post_content_filtered":"","post_parent":0,"guid":"https:\/\/sachviet.eu\/nha-phat-hanh\/kim-dong\/","menu_order":0,"post_type":"publisher","post_mime_type":"","comment_count":"0","filter":"raw"}},"_links":{"self":[{"href":"https:\/\/sachviet.eu\/en\/wp-json\/wp\/v2\/product\/23406","targetHints":{"allow":["GET"]}}],"collection":[{"href":"https:\/\/sachviet.eu\/en\/wp-json\/wp\/v2\/product"}],"about":[{"href":"https:\/\/sachviet.eu\/en\/wp-json\/wp\/v2\/types\/product"}],"wp:featuredmedia":[{"embeddable":true,"href":"https:\/\/sachviet.eu\/en\/wp-json\/wp\/v2\/media\/23405"}],"wp:attachment":[{"href":"https:\/\/sachviet.eu\/en\/wp-json\/wp\/v2\/media?parent=23406"}],"wp:term":[{"taxonomy":"product_brand","embeddable":true,"href":"https:\/\/sachviet.eu\/en\/wp-json\/wp\/v2\/product_brand?post=23406"},{"taxonomy":"product_cat","embeddable":true,"href":"https:\/\/sachviet.eu\/en\/wp-json\/wp\/v2\/product_cat?post=23406"},{"taxonomy":"product_tag","embeddable":true,"href":"https:\/\/sachviet.eu\/en\/wp-json\/wp\/v2\/product_tag?post=23406"}],"curies":[{"name":"wp","href":"https:\/\/api.w.org\/{rel}","templated":true}]}}